{"id":2175,"date":"2025-09-20T02:20:06","date_gmt":"2025-09-20T02:20:06","guid":{"rendered":"https:\/\/www.yishengpack.com\/?post_type=product&#038;p=2175"},"modified":"2025-10-29T08:00:43","modified_gmt":"2025-10-29T08:00:43","slug":"wholesale-folding-packaging-boxes","status":"publish","type":"product","link":"https:\/\/www.yishengpack.com\/fr\/produit\/wholesale-folding-packaging-boxes\/","title":{"rendered":"Bo\u00eetes d'emballage pliantes en gros, bo\u00eetes en papier de qualit\u00e9 alimentaire en vrac"},"content":{"rendered":"<div class=\"wp-block-columns is-layout-flex wp-container-core-columns-is-layout-9d6595d7 wp-block-columns-is-layout-flex\">\n<div class=\"wp-block-column is-layout-flow wp-block-column-is-layout-flow\">\n<h3 class=\"wp-block-heading\">Caract\u00e9ristiques des bo\u00eetes d'emballage pliables en gros<\/h3>\n\n\n\n<p><strong>Conception du couvercle facile \u00e0 ouvrir :<\/strong> Ces bo\u00eetes d'emballage pliantes vendues en gros sont dot\u00e9es d'un couvercle facile \u00e0 ouvrir. Elles permettent d'acc\u00e9der rapidement et facilement aux friandises telles que les biscuits, les tartelettes aux \u0153ufs et les petits g\u00e2teaux, am\u00e9liorant ainsi l'exp\u00e9rience de d\u00e9ballage.<\/p>\n\n\n\n<p><strong>Mat\u00e9riaux sans danger pour les aliments :<\/strong> Fabriqu\u00e9es \u00e0 partir de mat\u00e9riaux adapt\u00e9s au contact alimentaire, les bo\u00eetes d'emballage pliables vendues en gros prot\u00e8gent et pr\u00e9servent la propret\u00e9 des produits tels que les biscuits, les tartelettes aux \u0153ufs et les petits g\u00e2teaux qui y sont emball\u00e9s.<\/p>\n\n\n\n<p><strong>Rangement empilable : <\/strong>La bo\u00eete d'emballage alimentaire en gros est con\u00e7ue pour \u00eatre empilable. Elle permet de gagner de la place et permet aux boulangeries ou aux magasins de stocker facilement des biscuits, des tartelettes aux \u0153ufs et des petits g\u00e2teaux.<\/p>\n\n\n\n<p><strong>Attrait du design minimaliste :<\/strong> Avec son design minimaliste, la bo\u00eete d'emballage alimentaire en gros se pr\u00e9sente comme simple et soign\u00e9e. Elle est esth\u00e9tique et permet de mettre en valeur de d\u00e9licieuses friandises telles que des biscuits, des tartelettes aux \u0153ufs et des mini-g\u00e2teaux.<\/p>\n\n\n\n<p><strong>Enti\u00e8rement personnalisable pour les aliments :<\/strong> La bo\u00eete d'emballage alimentaire personnalis\u00e9e peut \u00eatre enti\u00e8rement personnalis\u00e9e. Vous avez la libert\u00e9 de modifier la taille, la couleur, d'imprimer des logos ou des motifs, et de choisir les finitions de surface afin de r\u00e9pondre aux besoins sp\u00e9cifiques des boulangeries et des marques alimentaires.<\/p>\n<\/div>\n\n\n\n<div class=\"wp-block-column is-layout-flow wp-block-column-is-layout-flow\">\n<figure class=\"wp-block-image size-full\"><img decoding=\"async\" width=\"2048\" height=\"1940\" src=\"https:\/\/www.yishengpack.com\/wp-content\/uploads\/2025\/09\/Wholesale-Folding-Packaging-Boxes-Custom-Eco-friendly-Food-Grade-Paper-Box-for-Snacks-2.webp\" alt=\"bo\u00eetes-d&#039;emballage-pliables-en-vrac-bo\u00eete-en-papier-de-qualit\u00e9-alimentaire-vrac-2\" class=\"wp-image-2177\" srcset=\"https:\/\/www.yishengpack.com\/wp-content\/uploads\/2025\/09\/Wholesale-Folding-Packaging-Boxes-Custom-Eco-friendly-Food-Grade-Paper-Box-for-Snacks-2.webp 2048w, https:\/\/www.yishengpack.com\/wp-content\/uploads\/2025\/09\/Wholesale-Folding-Packaging-Boxes-Custom-Eco-friendly-Food-Grade-Paper-Box-for-Snacks-2-300x284.webp 300w, https:\/\/www.yishengpack.com\/wp-content\/uploads\/2025\/09\/Wholesale-Folding-Packaging-Boxes-Custom-Eco-friendly-Food-Grade-Paper-Box-for-Snacks-2-768x728.webp 768w, https:\/\/www.yishengpack.com\/wp-content\/uploads\/2025\/09\/Wholesale-Folding-Packaging-Boxes-Custom-Eco-friendly-Food-Grade-Paper-Box-for-Snacks-2-13x12.webp 13w, https:\/\/www.yishengpack.com\/wp-content\/uploads\/2025\/09\/Wholesale-Folding-Packaging-Boxes-Custom-Eco-friendly-Food-Grade-Paper-Box-for-Snacks-2-1200x1137.webp 1200w, https:\/\/www.yishengpack.com\/wp-content\/uploads\/2025\/09\/Wholesale-Folding-Packaging-Boxes-Custom-Eco-friendly-Food-Grade-Paper-Box-for-Snacks-2-600x568.webp 600w\" sizes=\"(max-width: 2048px) 100vw, 2048px\" \/><\/figure>\n<\/div>\n<\/div>\n\n\n\n<p><\/p>","protected":false},"excerpt":{"rendered":"<p>Bienvenue pour acheter nos bo\u00eetes d'emballage pliantes en gros dans diff\u00e9rentes couleurs. D\u00e9couvrez ces bo\u00eetes d'emballage alimentaire au design pratique ; elles allient fonctionnalit\u00e9 et esth\u00e9tique. De la taille et des couleurs au logo et \u00e0 la disposition int\u00e9rieure, elles sont enti\u00e8rement personnalisables pour correspondre \u00e0 votre marque. Laissez-nous vous aider \u00e0 mettre en valeur vos produits alimentaires de mani\u00e8re \u00e9l\u00e9gante et efficace.<\/p>\n<h2>Points forts des bo\u00eetes d'emballage pliantes en gros<\/h2>\n<ul>\n<li>Personnalisation<\/li>\n<li>Une fabrication durable<\/li>\n<li>Mat\u00e9riaux recycl\u00e9s<\/li>\n<li>Impression exquise<\/li>\n<li>Options de couleurs multiples<\/li>\n<li>Papier ivoire de qualit\u00e9 alimentaire<\/li>\n<li>Stockage pratique des aliments<\/li>\n<\/ul>\n<p>&nbsp;<\/p>\n<p>&nbsp;<\/p>","protected":false},"featured_media":2176,"comment_status":"closed","ping_status":"closed","template":"","meta":{"_acf_changed":false},"box-type":[55,48],"product_brand":[],"product_cat":[46,30,32,33,44],"product_tag":[],"class_list":{"0":"post-2175","1":"product","2":"type-product","3":"status-publish","4":"has-post-thumbnail","6":"box-type-custom-foldable-boxes","7":"box-type-custom-tuck-top-boxes","8":"product_cat-wholesale-paper-boxes","9":"product_cat-cake-containers-wholesale","10":"product_cat-bakery-packaging-wholesale","11":"product_cat-food-packaging-boxes-wholesale","12":"product_cat-custom-snack-box","14":"first","15":"instock","16":"shipping-taxable","17":"product-type-simple"},"acf":[],"_links":{"self":[{"href":"https:\/\/www.yishengpack.com\/fr\/wp-json\/wp\/v2\/product\/2175","targetHints":{"allow":["GET"]}}],"collection":[{"href":"https:\/\/www.yishengpack.com\/fr\/wp-json\/wp\/v2\/product"}],"about":[{"href":"https:\/\/www.yishengpack.com\/fr\/wp-json\/wp\/v2\/types\/product"}],"replies":[{"embeddable":true,"href":"https:\/\/www.yishengpack.com\/fr\/wp-json\/wp\/v2\/comments?post=2175"}],"wp:featuredmedia":[{"embeddable":true,"href":"https:\/\/www.yishengpack.com\/fr\/wp-json\/wp\/v2\/media\/2176"}],"wp:attachment":[{"href":"https:\/\/www.yishengpack.com\/fr\/wp-json\/wp\/v2\/media?parent=2175"}],"wp:term":[{"taxonomy":"box-type","embeddable":true,"href":"https:\/\/www.yishengpack.com\/fr\/wp-json\/wp\/v2\/box-type?post=2175"},{"taxonomy":"product_brand","embeddable":true,"href":"https:\/\/www.yishengpack.com\/fr\/wp-json\/wp\/v2\/product_brand?post=2175"},{"taxonomy":"product_cat","embeddable":true,"href":"https:\/\/www.yishengpack.com\/fr\/wp-json\/wp\/v2\/product_cat?post=2175"},{"taxonomy":"product_tag","embeddable":true,"href":"https:\/\/www.yishengpack.com\/fr\/wp-json\/wp\/v2\/product_tag?post=2175"}],"curies":[{"name":"wp","href":"https:\/\/api.w.org\/{rel}","templated":true}]}}