{"id":2167,"date":"2025-09-20T04:13:20","date_gmt":"2025-09-20T04:13:20","guid":{"rendered":"https:\/\/www.yishengpack.com\/?post_type=product&#038;p=2167"},"modified":"2025-10-29T04:04:27","modified_gmt":"2025-10-29T04:04:27","slug":"drawer-box-wholesale","status":"publish","type":"product","link":"https:\/\/www.yishengpack.com\/fr\/produit\/drawer-box-wholesale\/","title":{"rendered":"Bo\u00eetes \u00e0 tiroirs rigides en gros, bo\u00eetes personnalis\u00e9es pour cosm\u00e9tiques et bijoux"},"content":{"rendered":"<div class=\"wp-block-columns is-layout-flex wp-container-core-columns-is-layout-9d6595d7 wp-block-columns-is-layout-flex\">\n<div class=\"wp-block-column is-layout-flow wp-block-column-is-layout-flow\">\n<h3 class=\"wp-block-heading\">Features of Rigid Drawer Box Wholesale:<\/h3>\n\n\n\n<p><strong>Smooth Drawer Operation:<\/strong> This custom drawer box boasts a smooth-operating drawer can be easily slid out when opened, creating an excellent unboxing experience, ideal for displaying products like cosmetics, skin products, perfume, and jewelry.<\/p>\n\n\n\n<p><strong>Custom Inner Tray Options: <\/strong>The rigid drawer box wholesale has numerous inner tray solutions. You can acquire trays that are tailored from plastic, cardboard, or sponge. Trays can be designed to hold cosmetics, skincare products, perfume, and jewelry tightly, providing them with a place to rest.<\/p>\n\n\n\n<p><strong>Versatile for Luxury Goods: <\/strong>We provide custom drawer boxes flexible for luxury products. From makeup, skincare, fragrance, to jewelry, our gift boxes can adapt to varied packaging needs for gifting and luxury retailing.<\/p>\n\n\n\n<p><strong>Chic Color Options: <\/strong>The drawer box wholesale is also offered in fashionable color options. Pale lavender, light blue, and mint green shades are nice and make the box an ideal option for storing high-end items such as high-end perfumes or jewelry.<\/p>\n\n\n\n<p><strong>Personnalisation enti\u00e8rement align\u00e9e sur la marque :<\/strong> The custom drawer box wholesale provides complete brand-aligned personalization. You may change the size, color, graphics, logo, surface finishes, and interior tray design to fit the unique branding requirements of different beauty and jewelry brands.<\/p>\n<\/div>\n\n\n\n<div class=\"wp-block-column is-layout-flow wp-block-column-is-layout-flow\">\n<figure class=\"wp-block-image size-full\"><img decoding=\"async\" width=\"2234\" height=\"2234\" src=\"https:\/\/www.yishengpack.com\/wp-content\/uploads\/2025\/09\/Recyclable-Drawer-Boxes-Wholesale-Customized-Rigid-Gift-Packaging-Paper-Box-for-Cosmetics-Jewelry-2.webp\" alt=\"rigid-drawer-box-wholesale-custom-cosmetic-jewelry-boxes-2\" class=\"wp-image-2169\" srcset=\"https:\/\/www.yishengpack.com\/wp-content\/uploads\/2025\/09\/Recyclable-Drawer-Boxes-Wholesale-Customized-Rigid-Gift-Packaging-Paper-Box-for-Cosmetics-Jewelry-2.webp 2234w, https:\/\/www.yishengpack.com\/wp-content\/uploads\/2025\/09\/Recyclable-Drawer-Boxes-Wholesale-Customized-Rigid-Gift-Packaging-Paper-Box-for-Cosmetics-Jewelry-2-300x300.webp 300w, https:\/\/www.yishengpack.com\/wp-content\/uploads\/2025\/09\/Recyclable-Drawer-Boxes-Wholesale-Customized-Rigid-Gift-Packaging-Paper-Box-for-Cosmetics-Jewelry-2-150x150.webp 150w, https:\/\/www.yishengpack.com\/wp-content\/uploads\/2025\/09\/Recyclable-Drawer-Boxes-Wholesale-Customized-Rigid-Gift-Packaging-Paper-Box-for-Cosmetics-Jewelry-2-768x768.webp 768w, https:\/\/www.yishengpack.com\/wp-content\/uploads\/2025\/09\/Recyclable-Drawer-Boxes-Wholesale-Customized-Rigid-Gift-Packaging-Paper-Box-for-Cosmetics-Jewelry-2-12x12.webp 12w, https:\/\/www.yishengpack.com\/wp-content\/uploads\/2025\/09\/Recyclable-Drawer-Boxes-Wholesale-Customized-Rigid-Gift-Packaging-Paper-Box-for-Cosmetics-Jewelry-2-1200x1200.webp 1200w, https:\/\/www.yishengpack.com\/wp-content\/uploads\/2025\/09\/Recyclable-Drawer-Boxes-Wholesale-Customized-Rigid-Gift-Packaging-Paper-Box-for-Cosmetics-Jewelry-2-600x600.webp 600w, https:\/\/www.yishengpack.com\/wp-content\/uploads\/2025\/09\/Recyclable-Drawer-Boxes-Wholesale-Customized-Rigid-Gift-Packaging-Paper-Box-for-Cosmetics-Jewelry-2-100x100.webp 100w\" sizes=\"(max-width: 2234px) 100vw, 2234px\" \/><\/figure>\n<\/div>\n<\/div>\n\n\n\n<p><\/p>","protected":false},"excerpt":{"rendered":"<p>Welcome to our rigid drawer box wholesale purchase. Discover these colorful cosmetic &amp; jewelry gift boxes with a smooth-sliding feature; they elegantly balance luxury with ease. They can be personalized according to size, color, and logo to your brand. Let us help your products make a striking and effective impression.<\/p>\n<h2>Highlights of the Recyclable Drawer Box Wholesale<\/h2>\n<ul>\n<li>Construction robuste<\/li>\n<li>Personnalisation haut de gamme<\/li>\n<li>Mat\u00e9riaux recycl\u00e9s<\/li>\n<li>Une grande ma\u00eetrise de l'impression<\/li>\n<li>Multiple Color options<\/li>\n<li>Stockage facile<\/li>\n<li>Utilisation pratique<\/li>\n<\/ul>\n<p>&nbsp;<\/p>\n<p>&nbsp;<\/p>","protected":false},"featured_media":2168,"comment_status":"closed","ping_status":"closed","template":"","meta":{"_acf_changed":false},"box-type":[47,61],"product_brand":[],"product_cat":[19,65,40,39],"product_tag":[],"class_list":{"0":"post-2167","1":"product","2":"type-product","3":"status-publish","4":"has-post-thumbnail","6":"box-type-custom-drawer-boxes","7":"box-type-custom-two-piece-boxes","8":"product_cat-luxury-gift-boxes-wholesale","9":"product_cat-custom-cosmetic-boxes","10":"product_cat-custom-jewelry-boxes","11":"product_cat-custom-perfume-boxes","13":"first","14":"instock","15":"shipping-taxable","16":"product-type-simple"},"acf":[],"_links":{"self":[{"href":"https:\/\/www.yishengpack.com\/fr\/wp-json\/wp\/v2\/product\/2167","targetHints":{"allow":["GET"]}}],"collection":[{"href":"https:\/\/www.yishengpack.com\/fr\/wp-json\/wp\/v2\/product"}],"about":[{"href":"https:\/\/www.yishengpack.com\/fr\/wp-json\/wp\/v2\/types\/product"}],"replies":[{"embeddable":true,"href":"https:\/\/www.yishengpack.com\/fr\/wp-json\/wp\/v2\/comments?post=2167"}],"wp:featuredmedia":[{"embeddable":true,"href":"https:\/\/www.yishengpack.com\/fr\/wp-json\/wp\/v2\/media\/2168"}],"wp:attachment":[{"href":"https:\/\/www.yishengpack.com\/fr\/wp-json\/wp\/v2\/media?parent=2167"}],"wp:term":[{"taxonomy":"box-type","embeddable":true,"href":"https:\/\/www.yishengpack.com\/fr\/wp-json\/wp\/v2\/box-type?post=2167"},{"taxonomy":"product_brand","embeddable":true,"href":"https:\/\/www.yishengpack.com\/fr\/wp-json\/wp\/v2\/product_brand?post=2167"},{"taxonomy":"product_cat","embeddable":true,"href":"https:\/\/www.yishengpack.com\/fr\/wp-json\/wp\/v2\/product_cat?post=2167"},{"taxonomy":"product_tag","embeddable":true,"href":"https:\/\/www.yishengpack.com\/fr\/wp-json\/wp\/v2\/product_tag?post=2167"}],"curies":[{"name":"wp","href":"https:\/\/api.w.org\/{rel}","templated":true}]}}