{"id":2159,"date":"2025-09-20T06:42:52","date_gmt":"2025-09-20T06:42:52","guid":{"rendered":"https:\/\/www.yishengpack.com\/?post_type=product&#038;p=2159"},"modified":"2025-10-29T07:58:40","modified_gmt":"2025-10-29T07:58:40","slug":"wholesale-magnetic-gift-boxes","status":"publish","type":"product","link":"https:\/\/www.yishengpack.com\/fr\/produit\/wholesale-magnetic-gift-boxes\/","title":{"rendered":"Bo\u00eetes cadeaux magn\u00e9tiques en gros, bo\u00eetes rigides imprim\u00e9es sur mesure"},"content":{"rendered":"<div class=\"wp-block-columns is-layout-flex wp-container-core-columns-is-layout-9d6595d7 wp-block-columns-is-layout-flex\">\n<div class=\"wp-block-column is-layout-flow wp-block-column-is-layout-flow\">\n<h3 class=\"wp-block-heading\">Caract\u00e9ristiques des bo\u00eetes cadeaux magn\u00e9tiques en gros<\/h3>\n\n\n\n<p><strong>Fermeture magn\u00e9tique pour une utilisation sans effort :<\/strong> Ces bo\u00eetes cadeaux magn\u00e9tiques de gros utilisent un m\u00e9canisme de fermeture magn\u00e9tique. Il permet une ouverture et une fermeture faciles, ce qui est tr\u00e8s pratique pour acc\u00e9der \u00e0 des articles tels que les cosm\u00e9tiques, les produits de soins de la peau, les parfums et les bijoux.<\/p>\n\n\n\n<p><strong>Convient aux articles de premi\u00e8re qualit\u00e9 :<\/strong> Ces bo\u00eetes magn\u00e9tiques en gros sont parfaites pour les produits haut de gamme. Qu'il s'agisse de cosm\u00e9tiques, de soins de la peau, de parfums ou de bijoux, ces bo\u00eetes peuvent r\u00e9pondre aux exigences d'emballage des produits haut de gamme, qu'il s'agisse de cadeaux ou de vente au d\u00e9tail haut de gamme.<\/p>\n\n\n\n<p><strong>Des inserts sur mesure pour la s\u00e9curit\u00e9 :<\/strong> Nos bo\u00eetes cadeaux magn\u00e9tiques rigides peuvent \u00eatre \u00e9quip\u00e9es d'inserts sur mesure. Fabriqu\u00e9s \u00e0 partir de mat\u00e9riaux tels que la mousse EVA ou le satin, ces inserts sont fa\u00e7onn\u00e9s pour s'adapter pr\u00e9cis\u00e9ment aux produits cosm\u00e9tiques, aux produits de soins de la peau, aux parfums et aux bijoux, garantissant ainsi qu'ils sont maintenus en toute s\u00e9curit\u00e9 et prot\u00e9g\u00e9s.<\/p>\n\n\n\n<p><strong>Construction de haute qualit\u00e9 pour la protection :<\/strong> Ces bo\u00eetes imprim\u00e9es rigides personnalis\u00e9es sont fabriqu\u00e9es avec des mat\u00e9riaux de haute qualit\u00e9 ; ces bo\u00eetes d'emballage magn\u00e9tiques sont robustes. Elles prot\u00e8gent efficacement les articles de qualit\u00e9 sup\u00e9rieure lors de leur pr\u00e9sentation et de leur distribution, et les maintiennent en parfait \u00e9tat.<\/p>\n\n\n\n<p><strong>Personnalisation totalement centr\u00e9e sur la marque : <\/strong>Les bo\u00eetes imprim\u00e9es rigides personnalis\u00e9es peuvent \u00eatre totalement adapt\u00e9es \u00e0 votre marque. Vous pouvez ajuster la taille, la couleur et choisir des traitements de surface tels que le gaufrage, les encres m\u00e9talliques ou les laminages doux au toucher. L'impression d'\u0153uvres d'art est \u00e9galement une option pour correspondre \u00e0 l'identit\u00e9 de votre marque et \u00e0 son positionnement sur le march\u00e9.<\/p>\n<\/div>\n\n\n\n<div class=\"wp-block-column is-layout-flow wp-block-column-is-layout-flow\">\n<figure class=\"wp-block-image size-full\"><img decoding=\"async\" width=\"2204\" height=\"2204\" src=\"https:\/\/www.yishengpack.com\/wp-content\/uploads\/2025\/09\/Hot-selling-Magnetic-Packaging-Gift-Boxes-WholesaleCustom-Rigid-Cardboard-Box-with-Foam-Insert-2.webp\" alt=\"grossiste-bo\u00eetes-cadeaux magn\u00e9tiques-bo\u00eetes-rigides-imprim\u00e9es-personnalis\u00e9es-2\" class=\"wp-image-2161\" srcset=\"https:\/\/www.yishengpack.com\/wp-content\/uploads\/2025\/09\/Hot-selling-Magnetic-Packaging-Gift-Boxes-WholesaleCustom-Rigid-Cardboard-Box-with-Foam-Insert-2.webp 2204w, https:\/\/www.yishengpack.com\/wp-content\/uploads\/2025\/09\/Hot-selling-Magnetic-Packaging-Gift-Boxes-WholesaleCustom-Rigid-Cardboard-Box-with-Foam-Insert-2-300x300.webp 300w, https:\/\/www.yishengpack.com\/wp-content\/uploads\/2025\/09\/Hot-selling-Magnetic-Packaging-Gift-Boxes-WholesaleCustom-Rigid-Cardboard-Box-with-Foam-Insert-2-150x150.webp 150w, https:\/\/www.yishengpack.com\/wp-content\/uploads\/2025\/09\/Hot-selling-Magnetic-Packaging-Gift-Boxes-WholesaleCustom-Rigid-Cardboard-Box-with-Foam-Insert-2-768x768.webp 768w, https:\/\/www.yishengpack.com\/wp-content\/uploads\/2025\/09\/Hot-selling-Magnetic-Packaging-Gift-Boxes-WholesaleCustom-Rigid-Cardboard-Box-with-Foam-Insert-2-12x12.webp 12w, https:\/\/www.yishengpack.com\/wp-content\/uploads\/2025\/09\/Hot-selling-Magnetic-Packaging-Gift-Boxes-WholesaleCustom-Rigid-Cardboard-Box-with-Foam-Insert-2-1200x1200.webp 1200w, https:\/\/www.yishengpack.com\/wp-content\/uploads\/2025\/09\/Hot-selling-Magnetic-Packaging-Gift-Boxes-WholesaleCustom-Rigid-Cardboard-Box-with-Foam-Insert-2-600x600.webp 600w, https:\/\/www.yishengpack.com\/wp-content\/uploads\/2025\/09\/Hot-selling-Magnetic-Packaging-Gift-Boxes-WholesaleCustom-Rigid-Cardboard-Box-with-Foam-Insert-2-100x100.webp 100w\" sizes=\"(max-width: 2204px) 100vw, 2204px\" \/><\/figure>\n\n\n\n<div class=\"wp-block-buttons has-custom-font-size has-small-font-size is-content-justification-center is-layout-flex wp-container-core-buttons-is-layout-16018d1d wp-block-buttons-is-layout-flex\">\n<div class=\"wp-block-button has-custom-width wp-block-button__width-75\"><a class=\"wp-block-button__link has-background has-small-font-size has-custom-font-size wp-element-button\" href=\"https:\/\/www.yishengpack.com\/fr\/custom-printed-box\/\" style=\"background:linear-gradient(135deg,rgb(254,205,165) 0%,rgb(254,45,45) 0%,rgb(94,15,15) 0%,rgb(94,15,15) 100%)\" target=\"_blank\" rel=\"noreferrer noopener\"><strong>D\u00e9couvrez les bo\u00eetes imprim\u00e9es personnalis\u00e9es<\/strong><\/a><\/div>\n<\/div>\n<\/div>\n<\/div>\n\n\n\n<div class=\"wp-block-columns is-layout-flex wp-container-core-columns-is-layout-9d6595d7 wp-block-columns-is-layout-flex\">\n<div class=\"wp-block-column is-layout-flow wp-block-column-is-layout-flow\">\n<figure class=\"wp-block-image size-full\"><img decoding=\"async\" width=\"2396\" height=\"2396\" src=\"https:\/\/www.yishengpack.com\/wp-content\/uploads\/2025\/09\/Hot-selling-Magnetic-Packaging-Gift-Boxes-WholesaleCustom-Rigid-Cardboard-Box-with-Foam-Insert-4.webp\" alt=\"grossiste-bo\u00eetes-cadeaux magn\u00e9tiques-bo\u00eetes-rigides-imprim\u00e9es-personnalis\u00e9es-4\" class=\"wp-image-2163\" srcset=\"https:\/\/www.yishengpack.com\/wp-content\/uploads\/2025\/09\/Hot-selling-Magnetic-Packaging-Gift-Boxes-WholesaleCustom-Rigid-Cardboard-Box-with-Foam-Insert-4.webp 2396w, https:\/\/www.yishengpack.com\/wp-content\/uploads\/2025\/09\/Hot-selling-Magnetic-Packaging-Gift-Boxes-WholesaleCustom-Rigid-Cardboard-Box-with-Foam-Insert-4-300x300.webp 300w, https:\/\/www.yishengpack.com\/wp-content\/uploads\/2025\/09\/Hot-selling-Magnetic-Packaging-Gift-Boxes-WholesaleCustom-Rigid-Cardboard-Box-with-Foam-Insert-4-150x150.webp 150w, https:\/\/www.yishengpack.com\/wp-content\/uploads\/2025\/09\/Hot-selling-Magnetic-Packaging-Gift-Boxes-WholesaleCustom-Rigid-Cardboard-Box-with-Foam-Insert-4-768x768.webp 768w, https:\/\/www.yishengpack.com\/wp-content\/uploads\/2025\/09\/Hot-selling-Magnetic-Packaging-Gift-Boxes-WholesaleCustom-Rigid-Cardboard-Box-with-Foam-Insert-4-12x12.webp 12w, https:\/\/www.yishengpack.com\/wp-content\/uploads\/2025\/09\/Hot-selling-Magnetic-Packaging-Gift-Boxes-WholesaleCustom-Rigid-Cardboard-Box-with-Foam-Insert-4-1200x1200.webp 1200w, https:\/\/www.yishengpack.com\/wp-content\/uploads\/2025\/09\/Hot-selling-Magnetic-Packaging-Gift-Boxes-WholesaleCustom-Rigid-Cardboard-Box-with-Foam-Insert-4-600x600.webp 600w, https:\/\/www.yishengpack.com\/wp-content\/uploads\/2025\/09\/Hot-selling-Magnetic-Packaging-Gift-Boxes-WholesaleCustom-Rigid-Cardboard-Box-with-Foam-Insert-4-100x100.webp 100w\" sizes=\"(max-width: 2396px) 100vw, 2396px\" \/><\/figure>\n\n\n\n<div class=\"wp-block-buttons has-custom-font-size has-small-font-size is-content-justification-center is-layout-flex wp-container-core-buttons-is-layout-16018d1d wp-block-buttons-is-layout-flex\">\n<div class=\"wp-block-button has-custom-width wp-block-button__width-75\"><a class=\"wp-block-button__link has-background has-small-font-size has-custom-font-size wp-element-button\" href=\"https:\/\/www.yishengpack.com\/fr\/custom-product-boxes-types\/\" style=\"background:linear-gradient(135deg,rgb(254,205,165) 0%,rgb(254,45,45) 0%,rgb(94,15,15) 0%,rgb(94,15,15) 100%)\" target=\"_blank\" rel=\"noreferrer noopener\"><strong>Explorer les types de bo\u00eetes de produits personnalis\u00e9es<\/strong><\/a><\/div>\n<\/div>\n<\/div>\n\n\n\n<div class=\"wp-block-column is-layout-flow wp-block-column-is-layout-flow\">\n<figure class=\"wp-block-image size-full\"><img decoding=\"async\" width=\"2222\" height=\"2222\" src=\"https:\/\/www.yishengpack.com\/wp-content\/uploads\/2025\/09\/Hot-selling-Magnetic-Packaging-Gift-Boxes-WholesaleCustom-Rigid-Cardboard-Box-with-Foam-Insert-7.webp\" alt=\"grossiste-bo\u00eetes-cadeaux magn\u00e9tiques-bo\u00eetes-rigides-imprim\u00e9es-personnalis\u00e9es-7\" class=\"wp-image-2166\" srcset=\"https:\/\/www.yishengpack.com\/wp-content\/uploads\/2025\/09\/Hot-selling-Magnetic-Packaging-Gift-Boxes-WholesaleCustom-Rigid-Cardboard-Box-with-Foam-Insert-7.webp 2222w, https:\/\/www.yishengpack.com\/wp-content\/uploads\/2025\/09\/Hot-selling-Magnetic-Packaging-Gift-Boxes-WholesaleCustom-Rigid-Cardboard-Box-with-Foam-Insert-7-300x300.webp 300w, https:\/\/www.yishengpack.com\/wp-content\/uploads\/2025\/09\/Hot-selling-Magnetic-Packaging-Gift-Boxes-WholesaleCustom-Rigid-Cardboard-Box-with-Foam-Insert-7-150x150.webp 150w, https:\/\/www.yishengpack.com\/wp-content\/uploads\/2025\/09\/Hot-selling-Magnetic-Packaging-Gift-Boxes-WholesaleCustom-Rigid-Cardboard-Box-with-Foam-Insert-7-768x768.webp 768w, https:\/\/www.yishengpack.com\/wp-content\/uploads\/2025\/09\/Hot-selling-Magnetic-Packaging-Gift-Boxes-WholesaleCustom-Rigid-Cardboard-Box-with-Foam-Insert-7-12x12.webp 12w, https:\/\/www.yishengpack.com\/wp-content\/uploads\/2025\/09\/Hot-selling-Magnetic-Packaging-Gift-Boxes-WholesaleCustom-Rigid-Cardboard-Box-with-Foam-Insert-7-1200x1200.webp 1200w, https:\/\/www.yishengpack.com\/wp-content\/uploads\/2025\/09\/Hot-selling-Magnetic-Packaging-Gift-Boxes-WholesaleCustom-Rigid-Cardboard-Box-with-Foam-Insert-7-600x600.webp 600w, https:\/\/www.yishengpack.com\/wp-content\/uploads\/2025\/09\/Hot-selling-Magnetic-Packaging-Gift-Boxes-WholesaleCustom-Rigid-Cardboard-Box-with-Foam-Insert-7-100x100.webp 100w\" sizes=\"(max-width: 2222px) 100vw, 2222px\" \/><\/figure>\n\n\n\n<div class=\"wp-block-buttons is-content-justification-center is-layout-flex wp-container-core-buttons-is-layout-16018d1d wp-block-buttons-is-layout-flex\">\n<div class=\"wp-block-button has-custom-width wp-block-button__width-75\"><a class=\"wp-block-button__link has-background has-small-font-size has-custom-font-size wp-element-button\" href=\"https:\/\/www.yishengpack.com\/fr\/custom-box-inserts-accessories\/\" style=\"background:linear-gradient(135deg,rgb(254,205,165) 0%,rgb(254,45,45) 0%,rgb(94,15,15) 0%)\" target=\"_blank\" rel=\"noreferrer noopener\"><strong>D\u00e9couvrez les encarts personnalis\u00e9s<\/strong><\/a><\/div>\n<\/div>\n<\/div>\n<\/div>","protected":false},"excerpt":{"rendered":"<p>Venez acheter nos bo\u00eetes cadeaux magn\u00e9tiques en gros avec insert en mousse. Nos bo\u00eetes cadeaux rigides imprim\u00e9es sur mesure sont incroyablement \u00e9l\u00e9gantes avec un couvercle traditionnel et un design de base, charmant et sans tracas, parfaitement adapt\u00e9 aux solutions d'emballage contemporaines. Elles peuvent \u00eatre utilis\u00e9es pour stocker des produits cosm\u00e9tiques, des soins de la peau, des bijoux et plus encore. Yisheng est votre expert en emballage papier personnalis\u00e9 de premier ordre - associant des structures intelligentes, un savoir-faire avanc\u00e9 et une fabrication adaptable pour que votre entreprise se d\u00e9marque.<\/p>\n<h2>Points forts des bo\u00eetes cadeaux magn\u00e9tiques rigides en gros<\/h2>\n<ul>\n<li>Possibilit\u00e9 de personnalisation compl\u00e8te<\/li>\n<li>Mat\u00e9riaux \u00e9cologiques<\/li>\n<li>Une fabrication durable<\/li>\n<li>Plusieurs types de bo\u00eetes<\/li>\n<li>Couleurs multiples<\/li>\n<li>Stockage facile<\/li>\n<\/ul>\n<p>&nbsp;<\/p>","protected":false},"featured_media":2160,"comment_status":"closed","ping_status":"closed","template":"","meta":{"_acf_changed":false},"box-type":[54,57],"product_brand":[],"product_cat":[30,19,65,40,39,46],"product_tag":[],"class_list":{"0":"post-2159","1":"product","2":"type-product","3":"status-publish","4":"has-post-thumbnail","6":"box-type-custom-magnetic-closure-boxes","7":"box-type-custom-rigid-box-with-lid","8":"product_cat-cake-containers-wholesale","9":"product_cat-luxury-gift-boxes-wholesale","10":"product_cat-custom-cosmetic-boxes","11":"product_cat-custom-jewelry-boxes","12":"product_cat-custom-perfume-boxes","13":"product_cat-wholesale-paper-boxes","15":"first","16":"instock","17":"shipping-taxable","18":"product-type-simple"},"acf":[],"_links":{"self":[{"href":"https:\/\/www.yishengpack.com\/fr\/wp-json\/wp\/v2\/product\/2159","targetHints":{"allow":["GET"]}}],"collection":[{"href":"https:\/\/www.yishengpack.com\/fr\/wp-json\/wp\/v2\/product"}],"about":[{"href":"https:\/\/www.yishengpack.com\/fr\/wp-json\/wp\/v2\/types\/product"}],"replies":[{"embeddable":true,"href":"https:\/\/www.yishengpack.com\/fr\/wp-json\/wp\/v2\/comments?post=2159"}],"wp:featuredmedia":[{"embeddable":true,"href":"https:\/\/www.yishengpack.com\/fr\/wp-json\/wp\/v2\/media\/2160"}],"wp:attachment":[{"href":"https:\/\/www.yishengpack.com\/fr\/wp-json\/wp\/v2\/media?parent=2159"}],"wp:term":[{"taxonomy":"box-type","embeddable":true,"href":"https:\/\/www.yishengpack.com\/fr\/wp-json\/wp\/v2\/box-type?post=2159"},{"taxonomy":"product_brand","embeddable":true,"href":"https:\/\/www.yishengpack.com\/fr\/wp-json\/wp\/v2\/product_brand?post=2159"},{"taxonomy":"product_cat","embeddable":true,"href":"https:\/\/www.yishengpack.com\/fr\/wp-json\/wp\/v2\/product_cat?post=2159"},{"taxonomy":"product_tag","embeddable":true,"href":"https:\/\/www.yishengpack.com\/fr\/wp-json\/wp\/v2\/product_tag?post=2159"}],"curies":[{"name":"wp","href":"https:\/\/api.w.org\/{rel}","templated":true}]}}