{"id":2061,"date":"2025-09-11T10:33:25","date_gmt":"2025-09-11T10:33:25","guid":{"rendered":"https:\/\/www.yishengpack.com\/?post_type=product&#038;p=2061"},"modified":"2025-09-11T10:33:58","modified_gmt":"2025-09-11T10:33:58","slug":"magnetic-gift-boxes-wholesale","status":"publish","type":"product","link":"https:\/\/www.yishengpack.com\/fr\/produit\/magnetic-gift-boxes-wholesale\/","title":{"rendered":"Bo\u00eetes cadeaux magn\u00e9tiques en gros, Bo\u00eetes \u00e0 v\u00eatements avec logo personnalis\u00e9"},"content":{"rendered":"<div class=\"wp-block-columns is-layout-flex wp-container-core-columns-is-layout-9d6595d7 wp-block-columns-is-layout-flex\">\n<div class=\"wp-block-column is-layout-flow wp-block-column-is-layout-flow\">\n<h3 class=\"wp-block-heading\">Caract\u00e9ristiques des bo\u00eetes cadeaux magn\u00e9tiques en gros<\/h3>\n\n\n\n<p><strong>Fermeture magn\u00e9tique pour plus de facilit\u00e9 :<\/strong> Ces bo\u00eetes cadeaux magn\u00e9tiques en gros sont dot\u00e9es d'une fermeture magn\u00e9tique. Elles s'ouvrent et se referment facilement, offrant une exp\u00e9rience transparente et \u00e9l\u00e9gante lors de l'ouverture pour r\u00e9cup\u00e9rer des articles tels que des sweats \u00e0 capuche, des chaussures, des v\u00eatements ou des accessoires.<\/p>\n\n\n\n<p><strong>Vari\u00e9t\u00e9 de produits :<\/strong> Appropri\u00e9es pour Nos bo\u00eetes cadeaux magn\u00e9tiques en gros sont cr\u00e9\u00e9es pour convenir \u00e0 une vari\u00e9t\u00e9 de produits. Ces bo\u00eetes peuvent \u00eatre utilis\u00e9es pour emballer des sweats \u00e0 capuche, des chaussures, des v\u00eatements et des accessoires, entre autres, et sont donc id\u00e9ales pour les cadeaux et la pr\u00e9sentation dans les magasins de d\u00e9tail.<\/p>\n\n\n\n<p><strong>Inserts personnalis\u00e9s pour la protection :<\/strong> Nos bo\u00eetes cadeaux magn\u00e9tiques peuvent \u00eatre \u00e9quip\u00e9es d'inserts. Fabriqu\u00e9s \u00e0 partir de mat\u00e9riaux tels que le carton, les inserts peuvent \u00eatre con\u00e7us en fonction de la forme et de la taille pr\u00e9cises de votre produit, de sorte qu'ils maintiennent les articles tels que les accessoires ou les chaussures en position et les prot\u00e8gent en toute s\u00e9curit\u00e9.<\/p>\n\n\n\n<p><strong>Construction robuste pour la protection :<\/strong> Fabriqu\u00e9es \u00e0 partir de mat\u00e9riaux de qualit\u00e9, ces bo\u00eetes \u00e0 v\u00eatements avec logo personnalis\u00e9 sont robustes. Elles offrent une protection fiable \u00e0 vos produits, qu'ils soient offerts ou expos\u00e9s, et permettent de conserver en bon \u00e9tat des articles tels que les sweats \u00e0 capuche ou les v\u00eatements.<\/p>\n\n\n\n<p><strong>Enti\u00e8rement personnalisable :<\/strong> Les bo\u00eetes \u00e0 v\u00eatements avec logo personnalis\u00e9 peuvent \u00eatre enti\u00e8rement personnalis\u00e9es. Vous pouvez ajuster la taille, la couleur et appliquer des finitions de surface. L'impression d'illustrations est \u00e9galement possible, ce qui permet aux bo\u00eetes de correspondre parfaitement \u00e0 l'image de votre marque et aux pr\u00e9f\u00e9rences du march\u00e9.<\/p>\n<\/div>\n\n\n\n<div class=\"wp-block-column is-layout-flow wp-block-column-is-layout-flow\">\n<figure class=\"wp-block-image size-full\"><img decoding=\"async\" width=\"2048\" height=\"2048\" src=\"https:\/\/www.yishengpack.com\/wp-content\/uploads\/2025\/09\/Premium-Custom-Magnetic-Gift-Boxes-Wholesale-Cardboard-Paper-Boxes-with-Logo-2.webp\" alt=\"magnetic-gift-boxes-wholesale-custom-logo-apparel-boxes-2\" class=\"wp-image-2063\" srcset=\"https:\/\/www.yishengpack.com\/wp-content\/uploads\/2025\/09\/Premium-Custom-Magnetic-Gift-Boxes-Wholesale-Cardboard-Paper-Boxes-with-Logo-2.webp 2048w, https:\/\/www.yishengpack.com\/wp-content\/uploads\/2025\/09\/Premium-Custom-Magnetic-Gift-Boxes-Wholesale-Cardboard-Paper-Boxes-with-Logo-2-300x300.webp 300w, https:\/\/www.yishengpack.com\/wp-content\/uploads\/2025\/09\/Premium-Custom-Magnetic-Gift-Boxes-Wholesale-Cardboard-Paper-Boxes-with-Logo-2-150x150.webp 150w, https:\/\/www.yishengpack.com\/wp-content\/uploads\/2025\/09\/Premium-Custom-Magnetic-Gift-Boxes-Wholesale-Cardboard-Paper-Boxes-with-Logo-2-768x768.webp 768w, https:\/\/www.yishengpack.com\/wp-content\/uploads\/2025\/09\/Premium-Custom-Magnetic-Gift-Boxes-Wholesale-Cardboard-Paper-Boxes-with-Logo-2-12x12.webp 12w, https:\/\/www.yishengpack.com\/wp-content\/uploads\/2025\/09\/Premium-Custom-Magnetic-Gift-Boxes-Wholesale-Cardboard-Paper-Boxes-with-Logo-2-1200x1200.webp 1200w, https:\/\/www.yishengpack.com\/wp-content\/uploads\/2025\/09\/Premium-Custom-Magnetic-Gift-Boxes-Wholesale-Cardboard-Paper-Boxes-with-Logo-2-600x600.webp 600w, https:\/\/www.yishengpack.com\/wp-content\/uploads\/2025\/09\/Premium-Custom-Magnetic-Gift-Boxes-Wholesale-Cardboard-Paper-Boxes-with-Logo-2-100x100.webp 100w\" sizes=\"(max-width: 2048px) 100vw, 2048px\" \/><\/figure>\n<\/div>\n<\/div>\n\n\n\n<p><\/p>","protected":false},"excerpt":{"rendered":"<p>Nous vous invitons \u00e0 acheter en gros nos bo\u00eetes cadeaux magn\u00e9tiques. Ces bo\u00eetes \u00e0 fermeture magn\u00e9tique pour v\u00eatements avec logo personnalis\u00e9 sont disponibles dans une vari\u00e9t\u00e9 de couleurs attrayantes. Elles ont une structure classique de couvercle et de base, qui est \u00e0 la fois esth\u00e9tique et pratique, et qui r\u00e9pond aux besoins d'emballage modernes. Elles sont parfaites pour placer des v\u00eatements, des chaussures, des accessoires, etc. Yisheng est votre partenaire professionnel en mati\u00e8re d'emballage papier personnalis\u00e9 pour aider votre entreprise \u00e0 se d\u00e9marquer.<\/p>\n<h2>Points forts des bo\u00eetes cadeaux magn\u00e9tiques en gros<\/h2>\n<ul>\n<li>Personnalisation haut de gamme<\/li>\n<li>Mat\u00e9riaux recycl\u00e9s<\/li>\n<li>Une fabrication solide<\/li>\n<li>Construction robuste<\/li>\n<li>Plusieurs tailles de bo\u00eetes<\/li>\n<li>Options de couleurs multiples<\/li>\n<li>Diverses manipulations d'impression<\/li>\n<\/ul>\n<p>&nbsp;<\/p>","protected":false},"featured_media":2062,"comment_status":"closed","ping_status":"closed","template":"","meta":{"_acf_changed":false},"box-type":[55,54,57],"product_brand":[],"product_cat":[46,19,41,65,40,39,36],"product_tag":[],"class_list":{"0":"post-2061","1":"product","2":"type-product","3":"status-publish","4":"has-post-thumbnail","6":"box-type-custom-foldable-boxes","7":"box-type-custom-magnetic-closure-boxes","8":"box-type-custom-rigid-box-with-lid","9":"product_cat-wholesale-paper-boxes","10":"product_cat-luxury-gift-boxes-wholesale","11":"product_cat-candy-gift-boxes-wholesale","12":"product_cat-custom-cosmetic-boxes","13":"product_cat-custom-jewelry-boxes","14":"product_cat-custom-perfume-boxes","15":"product_cat-wine-boxes-wholesale","17":"first","18":"instock","19":"shipping-taxable","20":"product-type-simple"},"acf":[],"_links":{"self":[{"href":"https:\/\/www.yishengpack.com\/fr\/wp-json\/wp\/v2\/product\/2061","targetHints":{"allow":["GET"]}}],"collection":[{"href":"https:\/\/www.yishengpack.com\/fr\/wp-json\/wp\/v2\/product"}],"about":[{"href":"https:\/\/www.yishengpack.com\/fr\/wp-json\/wp\/v2\/types\/product"}],"replies":[{"embeddable":true,"href":"https:\/\/www.yishengpack.com\/fr\/wp-json\/wp\/v2\/comments?post=2061"}],"wp:featuredmedia":[{"embeddable":true,"href":"https:\/\/www.yishengpack.com\/fr\/wp-json\/wp\/v2\/media\/2062"}],"wp:attachment":[{"href":"https:\/\/www.yishengpack.com\/fr\/wp-json\/wp\/v2\/media?parent=2061"}],"wp:term":[{"taxonomy":"box-type","embeddable":true,"href":"https:\/\/www.yishengpack.com\/fr\/wp-json\/wp\/v2\/box-type?post=2061"},{"taxonomy":"product_brand","embeddable":true,"href":"https:\/\/www.yishengpack.com\/fr\/wp-json\/wp\/v2\/product_brand?post=2061"},{"taxonomy":"product_cat","embeddable":true,"href":"https:\/\/www.yishengpack.com\/fr\/wp-json\/wp\/v2\/product_cat?post=2061"},{"taxonomy":"product_tag","embeddable":true,"href":"https:\/\/www.yishengpack.com\/fr\/wp-json\/wp\/v2\/product_tag?post=2061"}],"curies":[{"name":"wp","href":"https:\/\/api.w.org\/{rel}","templated":true}]}}