{"id":2053,"date":"2025-09-13T03:05:19","date_gmt":"2025-09-13T03:05:19","guid":{"rendered":"https:\/\/www.yishengpack.com\/?post_type=product&#038;p=2053"},"modified":"2025-09-13T03:05:22","modified_gmt":"2025-09-13T03:05:22","slug":"custom-bakery-boxes-with-logo","status":"publish","type":"product","link":"https:\/\/www.yishengpack.com\/fr\/produit\/custom-bakery-boxes-with-logo\/","title":{"rendered":"Bo\u00eetes \u00e0 p\u00e2tisserie personnalis\u00e9es avec logo, bo\u00eetes \u00e0 p\u00e2tisserie imprim\u00e9es en vrac"},"content":{"rendered":"<div class=\"wp-block-columns is-layout-flex wp-container-core-columns-is-layout-9d6595d7 wp-block-columns-is-layout-flex\">\n<div class=\"wp-block-column is-layout-flow wp-block-column-is-layout-flow\">\n<h3 class=\"wp-block-heading\">Caract\u00e9ristiques des bo\u00eetes de boulangerie personnalis\u00e9es avec logo<\/h3>\n\n\n\n<p><strong>Compartimentage divis\u00e9 :<\/strong> Ces bo\u00eetes \u00e0 p\u00e2tisserie en vrac sont divis\u00e9es en plusieurs compartiments. Elles peuvent contenir proprement diff\u00e9rentes p\u00e2tisseries comme les chocolats, les biscuits, les petits g\u00e2teaux et les tartes aux \u0153ufs, les emp\u00eachant ainsi de se m\u00e9langer ou de s'ab\u00eemer.<\/p>\n\n\n\n<p><strong>S\u00e9curit\u00e9 alimentaire Eco-Mat\u00e9riau : <\/strong>Fabriqu\u00e9es \u00e0 partir de mat\u00e9riaux respectueux de l'environnement, ces bo\u00eetes \u00e0 p\u00e2tisserie personnalis\u00e9es avec logo sont s\u00fbres pour les aliments. Elles conviennent parfaitement \u00e0 l'emballage de p\u00e2tisseries vari\u00e9es telles que les chocolats, les biscuits, les petits g\u00e2teaux et les tartes aux \u0153ufs, de mani\u00e8re \u00e0 ce que les aliments soient propres et s\u00fbrs.<\/p>\n\n\n\n<p><strong>Fermeture s\u00e9curis\u00e9e pour plus de fra\u00eecheur : <\/strong>Les bo\u00eetes \u00e0 p\u00e2tisserie personnalis\u00e9es avec logo sont dot\u00e9es d'une fermeture s\u00e9curis\u00e9e. Elles maintiennent les p\u00e2tisseries gr\u00e2ce \u00e0 la fermeture, en gardant leurs saveurs s\u00e9par\u00e9es et en les emp\u00eachant d'entrer en contact avec l'air, ce qui est parfait pour les produits tels que les chocolats et les petits g\u00e2teaux qui ont besoin de fra\u00eecheur.<\/p>\n\n\n\n<p><strong>Esth\u00e9tique \u00e9l\u00e9gante pour les cadeaux :<\/strong> Avec leur aspect \u00e9l\u00e9gant, ces bo\u00eetes \u00e0 p\u00e2tisserie personnalis\u00e9es avec logo sont id\u00e9ales pour les cadeaux. Les compartiments soign\u00e9s et l'aspect attrayant sont parfaits pour pr\u00e9senter des p\u00e2tisseries telles que des tartes aux \u0153ufs et des biscuits en guise de cadeaux.<\/p>\n\n\n\n<p><strong>Enti\u00e8rement personnalisable :<\/strong> Les bo\u00eetes \u00e0 p\u00e2tisserie \u00e9cologiques en vrac sont enti\u00e8rement personnalisables. Vous pouvez ajuster la taille, la couleur et ajouter des logos ou des motifs. Elles s'adaptent ainsi aux besoins des boulangeries et des p\u00e2tisseries en mati\u00e8re d'image de marque.<\/p>\n<\/div>\n\n\n\n<div class=\"wp-block-column is-layout-flow wp-block-column-is-layout-flow\">\n<figure class=\"wp-block-image size-full\"><img decoding=\"async\" width=\"1024\" height=\"1024\" src=\"https:\/\/www.yishengpack.com\/wp-content\/uploads\/2025\/09\/Customized-Bulk-Eco-friendly-Packaging-Pastry-Boxes-Portable-Dessert-Box-with-Logo-Wholesale-2.webp\" alt=\"bo\u00eetes-p\u00e2tisseries personnalis\u00e9es-avec-logo-imprim\u00e9-bo\u00eetes-p\u00e2tisseries-en-vrac-2\" class=\"wp-image-2055\" srcset=\"https:\/\/www.yishengpack.com\/wp-content\/uploads\/2025\/09\/Customized-Bulk-Eco-friendly-Packaging-Pastry-Boxes-Portable-Dessert-Box-with-Logo-Wholesale-2.webp 1024w, https:\/\/www.yishengpack.com\/wp-content\/uploads\/2025\/09\/Customized-Bulk-Eco-friendly-Packaging-Pastry-Boxes-Portable-Dessert-Box-with-Logo-Wholesale-2-300x300.webp 300w, https:\/\/www.yishengpack.com\/wp-content\/uploads\/2025\/09\/Customized-Bulk-Eco-friendly-Packaging-Pastry-Boxes-Portable-Dessert-Box-with-Logo-Wholesale-2-150x150.webp 150w, https:\/\/www.yishengpack.com\/wp-content\/uploads\/2025\/09\/Customized-Bulk-Eco-friendly-Packaging-Pastry-Boxes-Portable-Dessert-Box-with-Logo-Wholesale-2-768x768.webp 768w, https:\/\/www.yishengpack.com\/wp-content\/uploads\/2025\/09\/Customized-Bulk-Eco-friendly-Packaging-Pastry-Boxes-Portable-Dessert-Box-with-Logo-Wholesale-2-12x12.webp 12w, https:\/\/www.yishengpack.com\/wp-content\/uploads\/2025\/09\/Customized-Bulk-Eco-friendly-Packaging-Pastry-Boxes-Portable-Dessert-Box-with-Logo-Wholesale-2-600x600.webp 600w, https:\/\/www.yishengpack.com\/wp-content\/uploads\/2025\/09\/Customized-Bulk-Eco-friendly-Packaging-Pastry-Boxes-Portable-Dessert-Box-with-Logo-Wholesale-2-100x100.webp 100w\" sizes=\"(max-width: 1024px) 100vw, 1024px\" \/><\/figure>\n<\/div>\n<\/div>\n\n\n\n<p><\/p>","protected":false},"excerpt":{"rendered":"<p>Bienvenue \u00e0 l'achat de nos bo\u00eetes \u00e0 p\u00e2tisserie imprim\u00e9es personnalis\u00e9es avec logo. D\u00e9couvrez ces superbes bo\u00eetes \u00e0 p\u00e2tisserie en vrac, id\u00e9ales pour emballer chocolats, biscuits, g\u00e2teaux miniatures, tartes aux \u0153ufs, etc. Elles sont compos\u00e9es de mat\u00e9riaux \u00e9cologiques, avec une structure interne con\u00e7ue par des professionnels pour un stockage s\u00e9curis\u00e9. Personnalisables \u00e0 tout point de vue (taille, couleur, logo et encarts), ces bo\u00eetes r\u00e9pondront \u00e0 coup s\u00fbr aux besoins de votre marque. Mettez en valeur vos p\u00e2tisseries tout en respectant l'environnement.<\/p>\n<h2>Points forts des bo\u00eetes de boulangerie personnalis\u00e9es avec logo<\/h2>\n<ul>\n<li>Parfait pour les mini g\u00e2teaux, le pain, les tartelettes aux \u0153ufs, les biscuits, etc.<\/li>\n<li>Mat\u00e9riaux \u00e9cologiques<\/li>\n<li>Personnalisation totale autoris\u00e9e<\/li>\n<li>Avec des compartiments divis\u00e9s pour un rangement organis\u00e9<\/li>\n<li>Conception portable pour un transport facile<\/li>\n<li>Diverses options de couleurs<\/li>\n<\/ul>\n<p>&nbsp;<\/p>\n<p>&nbsp;<\/p>","protected":false},"featured_media":2054,"comment_status":"closed","ping_status":"closed","template":"","meta":{"_acf_changed":false},"box-type":[55,61],"product_brand":[],"product_cat":[19,41,46,30,21,32,33,44],"product_tag":[],"class_list":{"0":"post-2053","1":"product","2":"type-product","3":"status-publish","4":"has-post-thumbnail","6":"box-type-custom-foldable-boxes","7":"box-type-custom-two-piece-boxes","8":"product_cat-luxury-gift-boxes-wholesale","9":"product_cat-candy-gift-boxes-wholesale","10":"product_cat-wholesale-paper-boxes","11":"product_cat-cake-containers-wholesale","12":"product_cat-plastic-cake-containers-wholesale","13":"product_cat-bakery-packaging-wholesale","14":"product_cat-food-packaging-boxes-wholesale","15":"product_cat-custom-snack-box","17":"first","18":"instock","19":"shipping-taxable","20":"product-type-simple"},"acf":[],"_links":{"self":[{"href":"https:\/\/www.yishengpack.com\/fr\/wp-json\/wp\/v2\/product\/2053","targetHints":{"allow":["GET"]}}],"collection":[{"href":"https:\/\/www.yishengpack.com\/fr\/wp-json\/wp\/v2\/product"}],"about":[{"href":"https:\/\/www.yishengpack.com\/fr\/wp-json\/wp\/v2\/types\/product"}],"replies":[{"embeddable":true,"href":"https:\/\/www.yishengpack.com\/fr\/wp-json\/wp\/v2\/comments?post=2053"}],"wp:featuredmedia":[{"embeddable":true,"href":"https:\/\/www.yishengpack.com\/fr\/wp-json\/wp\/v2\/media\/2054"}],"wp:attachment":[{"href":"https:\/\/www.yishengpack.com\/fr\/wp-json\/wp\/v2\/media?parent=2053"}],"wp:term":[{"taxonomy":"box-type","embeddable":true,"href":"https:\/\/www.yishengpack.com\/fr\/wp-json\/wp\/v2\/box-type?post=2053"},{"taxonomy":"product_brand","embeddable":true,"href":"https:\/\/www.yishengpack.com\/fr\/wp-json\/wp\/v2\/product_brand?post=2053"},{"taxonomy":"product_cat","embeddable":true,"href":"https:\/\/www.yishengpack.com\/fr\/wp-json\/wp\/v2\/product_cat?post=2053"},{"taxonomy":"product_tag","embeddable":true,"href":"https:\/\/www.yishengpack.com\/fr\/wp-json\/wp\/v2\/product_tag?post=2053"}],"curies":[{"name":"wp","href":"https:\/\/api.w.org\/{rel}","templated":true}]}}