{"id":2003,"date":"2025-09-13T07:56:44","date_gmt":"2025-09-13T07:56:44","guid":{"rendered":"https:\/\/www.yishengpack.com\/?post_type=product&#038;p=2003"},"modified":"2025-09-13T07:56:47","modified_gmt":"2025-09-13T07:56:47","slug":"bulk-mailer-boxes","status":"publish","type":"product","link":"https:\/\/www.yishengpack.com\/fr\/produit\/bulk-mailer-boxes\/","title":{"rendered":"Bo\u00eetes d'exp\u00e9dition en vrac, bo\u00eetes d'exp\u00e9dition imprim\u00e9es sur mesure"},"content":{"rendered":"<div class=\"wp-block-columns is-layout-flex wp-container-core-columns-is-layout-9d6595d7 wp-block-columns-is-layout-flex\">\n<div class=\"wp-block-column is-layout-flow wp-block-column-is-layout-flow\">\n<h3 class=\"wp-block-heading\">Caract\u00e9ristiques des bo\u00eetes d'exp\u00e9dition en vrac<\/h3>\n\n\n\n<p><strong>Plat - Exp\u00e9dition pratique :<\/strong> Ces bo\u00eetes d'exp\u00e9dition en vrac sont con\u00e7ues pour \u00eatre exp\u00e9di\u00e9es \u00e0 plat. Elles peuvent \u00eatre exp\u00e9di\u00e9es \u00e0 plat, ce qui permet d'\u00e9conomiser de l'espace et des frais d'exp\u00e9dition. Elles sont id\u00e9ales pour l'exp\u00e9dition en vrac et l'exp\u00e9dition internationale d'articles tels que les chaussures, les v\u00eatements, les chaussettes et les produits cosm\u00e9tiques.<\/p>\n\n\n\n<p><strong>Polyvalent pour une vari\u00e9t\u00e9 de produits :<\/strong> Qu'il s'agisse de chaussures, de v\u00eatements, de chaussettes ou de produits cosm\u00e9tiques, ces bo\u00eetes postales imprim\u00e9es personnalis\u00e9es aux designs vari\u00e9s peuvent r\u00e9pondre \u00e0 une grande vari\u00e9t\u00e9 de besoins en mati\u00e8re d'emballage. Elles sont parfaites pour les cadeaux, l'emballage d'accessoires, l'emballage de v\u00eatements et l'emballage de produits de luxe.<\/p>\n\n\n\n<p><strong>Inserts personnalis\u00e9s pour la s\u00e9curit\u00e9 :<\/strong> Notre usine fournit des bo\u00eetes d'exp\u00e9dition en vrac qui permettent l'insertion d'encarts personnalis\u00e9s, fabriqu\u00e9s \u00e0 partir de mat\u00e9riaux tels que le carton ou le flocage. Ces encarts peuvent \u00eatre fa\u00e7onn\u00e9s et dimensionn\u00e9s pour s'adapter exactement \u00e0 vos produits, \u00eatre maintenus en toute s\u00e9curit\u00e9 et prot\u00e9g\u00e9s pendant le transport.<\/p>\n\n\n\n<p><strong>Construction robuste en carton : <\/strong>Ces bo\u00eetes d'exp\u00e9dition imprim\u00e9es personnalis\u00e9es sont fabriqu\u00e9es \u00e0 partir de carton gris lourd ou de carton de qualit\u00e9 sup\u00e9rieure, rigide et r\u00e9sistant \u00e0 la pression. Elles prot\u00e8gent efficacement vos produits, qu'ils soient exp\u00e9di\u00e9s ou expos\u00e9s.<\/p>\n\n\n\n<p><strong>Personnalisation enti\u00e8rement align\u00e9e sur la marque : <\/strong>Les bo\u00eetes d'exp\u00e9dition en vrac peuvent \u00eatre enti\u00e8rement personnalis\u00e9es. Vous pouvez ajuster la taille, la couleur et utiliser des finitions de surface telles que l'estampage, le pelliculage ou l'UV ponctuel. L'impression de maquettes est \u00e9galement possible, afin que les bo\u00eetes correspondent parfaitement \u00e0 votre image de marque et aux pr\u00e9f\u00e9rences du march\u00e9.<\/p>\n<\/div>\n\n\n\n<div class=\"wp-block-column is-layout-flow wp-block-column-is-layout-flow\">\n<figure class=\"wp-block-image size-full\"><img decoding=\"async\" width=\"1328\" height=\"1328\" src=\"https:\/\/www.yishengpack.com\/wp-content\/uploads\/2025\/09\/Bulk-Hot-selling-Mailer-Boxes-Custom-Print-Logo-and-Pattern-Packaging-Shipping-Box-2.webp\" alt=\"factory-bulk-mailer-boxes-custom-printed-shipping-boxes-2\" class=\"wp-image-2006\" srcset=\"https:\/\/www.yishengpack.com\/wp-content\/uploads\/2025\/09\/Bulk-Hot-selling-Mailer-Boxes-Custom-Print-Logo-and-Pattern-Packaging-Shipping-Box-2.webp 1328w, https:\/\/www.yishengpack.com\/wp-content\/uploads\/2025\/09\/Bulk-Hot-selling-Mailer-Boxes-Custom-Print-Logo-and-Pattern-Packaging-Shipping-Box-2-300x300.webp 300w, https:\/\/www.yishengpack.com\/wp-content\/uploads\/2025\/09\/Bulk-Hot-selling-Mailer-Boxes-Custom-Print-Logo-and-Pattern-Packaging-Shipping-Box-2-150x150.webp 150w, https:\/\/www.yishengpack.com\/wp-content\/uploads\/2025\/09\/Bulk-Hot-selling-Mailer-Boxes-Custom-Print-Logo-and-Pattern-Packaging-Shipping-Box-2-768x768.webp 768w, https:\/\/www.yishengpack.com\/wp-content\/uploads\/2025\/09\/Bulk-Hot-selling-Mailer-Boxes-Custom-Print-Logo-and-Pattern-Packaging-Shipping-Box-2-12x12.webp 12w, https:\/\/www.yishengpack.com\/wp-content\/uploads\/2025\/09\/Bulk-Hot-selling-Mailer-Boxes-Custom-Print-Logo-and-Pattern-Packaging-Shipping-Box-2-1200x1200.webp 1200w, https:\/\/www.yishengpack.com\/wp-content\/uploads\/2025\/09\/Bulk-Hot-selling-Mailer-Boxes-Custom-Print-Logo-and-Pattern-Packaging-Shipping-Box-2-600x600.webp 600w, https:\/\/www.yishengpack.com\/wp-content\/uploads\/2025\/09\/Bulk-Hot-selling-Mailer-Boxes-Custom-Print-Logo-and-Pattern-Packaging-Shipping-Box-2-100x100.webp 100w\" sizes=\"(max-width: 1328px) 100vw, 1328px\" \/><\/figure>\n<\/div>\n<\/div>\n\n\n\n<p><\/p>","protected":false},"excerpt":{"rendered":"<p>Nous vous invitons \u00e0 acheter nos bo\u00eetes d'exp\u00e9dition en vrac. Nos bo\u00eetes d'exp\u00e9dition rigides, imprim\u00e9es sur mesure, sont disponibles dans diff\u00e9rentes couleurs attrayantes, offrant des conceptions visuellement attrayantes qui sont tr\u00e8s pratiques pour les exigences d'exp\u00e9dition et d'emballage. Vos produits sont ainsi bien prot\u00e9g\u00e9s et pr\u00e9sent\u00e9s de mani\u00e8re remarquable pendant le transport. <br \/>Yisheng est votre partenaire professionnel en mati\u00e8re de bo\u00eetes d'emballage en papier personnalis\u00e9es - o\u00f9 nous int\u00e9grons une structure unique, un savoir-faire raffin\u00e9 et une fabrication adaptable pour aider votre entreprise \u00e0 se d\u00e9marquer dans le domaine du courrier et de l'emballage.<\/p>\n<h2>Points forts des bo\u00eetes d'exp\u00e9dition en vrac<\/h2>\n<ul>\n<li>Possibilit\u00e9 de personnalisation compl\u00e8te<\/li>\n<li>Mat\u00e9riaux imperm\u00e9ables<\/li>\n<li>Une fabrication durable<\/li>\n<li>Diff\u00e9rentes tailles de bo\u00eetes<\/li>\n<li>Options de couleurs multiples<\/li>\n<li>Construction robuste<\/li>\n<li>Utilisation pratique<\/li>\n<\/ul>\n<p>&nbsp;<\/p>","protected":false},"featured_media":2005,"comment_status":"closed","ping_status":"closed","template":"","meta":{"_acf_changed":false},"box-type":[55,59],"product_brand":[],"product_cat":[46,19,65,40,39],"product_tag":[],"class_list":{"0":"post-2003","1":"product","2":"type-product","3":"status-publish","4":"has-post-thumbnail","6":"box-type-custom-foldable-boxes","7":"box-type-custom-mailer-boxes","8":"product_cat-wholesale-paper-boxes","9":"product_cat-luxury-gift-boxes-wholesale","10":"product_cat-custom-cosmetic-boxes","11":"product_cat-custom-jewelry-boxes","12":"product_cat-custom-perfume-boxes","14":"first","15":"instock","16":"shipping-taxable","17":"product-type-simple"},"acf":[],"_links":{"self":[{"href":"https:\/\/www.yishengpack.com\/fr\/wp-json\/wp\/v2\/product\/2003","targetHints":{"allow":["GET"]}}],"collection":[{"href":"https:\/\/www.yishengpack.com\/fr\/wp-json\/wp\/v2\/product"}],"about":[{"href":"https:\/\/www.yishengpack.com\/fr\/wp-json\/wp\/v2\/types\/product"}],"replies":[{"embeddable":true,"href":"https:\/\/www.yishengpack.com\/fr\/wp-json\/wp\/v2\/comments?post=2003"}],"wp:featuredmedia":[{"embeddable":true,"href":"https:\/\/www.yishengpack.com\/fr\/wp-json\/wp\/v2\/media\/2005"}],"wp:attachment":[{"href":"https:\/\/www.yishengpack.com\/fr\/wp-json\/wp\/v2\/media?parent=2003"}],"wp:term":[{"taxonomy":"box-type","embeddable":true,"href":"https:\/\/www.yishengpack.com\/fr\/wp-json\/wp\/v2\/box-type?post=2003"},{"taxonomy":"product_brand","embeddable":true,"href":"https:\/\/www.yishengpack.com\/fr\/wp-json\/wp\/v2\/product_brand?post=2003"},{"taxonomy":"product_cat","embeddable":true,"href":"https:\/\/www.yishengpack.com\/fr\/wp-json\/wp\/v2\/product_cat?post=2003"},{"taxonomy":"product_tag","embeddable":true,"href":"https:\/\/www.yishengpack.com\/fr\/wp-json\/wp\/v2\/product_tag?post=2003"}],"curies":[{"name":"wp","href":"https:\/\/api.w.org\/{rel}","templated":true}]}}