{"id":1928,"date":"2025-09-13T02:27:06","date_gmt":"2025-09-13T02:27:06","guid":{"rendered":"https:\/\/www.yishengpack.com\/?post_type=product&#038;p=1928"},"modified":"2025-09-13T02:27:08","modified_gmt":"2025-09-13T02:27:08","slug":"wholesale-paper-boxes","status":"publish","type":"product","link":"https:\/\/www.yishengpack.com\/fr\/produit\/wholesale-paper-boxes\/","title":{"rendered":"Bo\u00eetes en papier \u00e9cologiques avec couvercle transparent pour aliments"},"content":{"rendered":"<div class=\"wp-block-columns is-layout-flex wp-container-core-columns-is-layout-9d6595d7 wp-block-columns-is-layout-flex\">\n<div class=\"wp-block-column is-layout-flow wp-block-column-is-layout-flow\">\n<h3 class=\"wp-block-heading\">Caract\u00e9ristiques des bo\u00eetes en papier de gros avec couvercle<\/h3>\n\n\n\n<p><strong>Couvercle transparent Conception de l'affichage :<\/strong> Les bo\u00eetes en papier \u00e9cologiques sont dot\u00e9es d'un couvercle transparent, ce qui permet de pr\u00e9senter facilement des aliments tels que des sandwichs, des g\u00e2teaux et des p\u00e2tisseries \u00e0 l'int\u00e9rieur, ce qui est parfait pour attirer les clients.<\/p>\n\n\n\n<p><strong>Construction respectueuse de l'environnement et des denr\u00e9es alimentaires :<\/strong> Les bo\u00eetes en papier \u00e9cologiques sont fabriqu\u00e9es \u00e0 partir de mat\u00e9riaux compatibles avec les aliments. Elles sont id\u00e9ales pour contenir divers aliments tels que des hamburgers, du poulet frit, des frites, du pain et des g\u00e2teaux, et sont sans danger pour les aliments.<\/p>\n\n\n\n<p><strong>Empilable pour \u00e9conomiser de l'espace : <\/strong>Les bo\u00eetes de charcuterie en gros sont empilables. Cela permet d'\u00e9conomiser de l'espace lors du stockage et de l'exp\u00e9dition, ce qui facilite la gestion des stocks et la livraison.<\/p>\n\n\n\n<p><strong>Options de couleurs vives :<\/strong> Les bo\u00eetes en papier avec couvercle transparent sont disponibles dans de nombreuses couleurs vives. Ces couleurs rendent la bo\u00eete attrayante, id\u00e9ale pour l'emballage des produits alimentaires et pour une pr\u00e9sentation g\u00e9n\u00e9rale attrayante.<\/p>\n\n\n\n<p><strong>Enti\u00e8rement personnalisable : <\/strong>Les bo\u00eetes de charcuterie en gros sont enti\u00e8rement personnalisables en termes de taille, de couleur, de motifs, de logo et de finition de surface. Elles sont donc capables de r\u00e9pondre aux diff\u00e9rents besoins de marquage des diff\u00e9rentes entreprises alimentaires.<\/p>\n<\/div>\n\n\n\n<div class=\"wp-block-column is-layout-flow wp-block-column-is-layout-flow\">\n<figure class=\"wp-block-image size-full\"><img decoding=\"async\" width=\"1328\" height=\"1328\" src=\"https:\/\/www.yishengpack.com\/wp-content\/uploads\/2025\/09\/Custom-Eco-friendly-Paper-Boxes-Wholesale-Sandwich-Burger-Take-Away-Paper-Boxes-2.webp\" alt=\"eco-friendly-wholesale-paper-boxes-with-clear-lid-for-food-2\" class=\"wp-image-1945\" srcset=\"https:\/\/www.yishengpack.com\/wp-content\/uploads\/2025\/09\/Custom-Eco-friendly-Paper-Boxes-Wholesale-Sandwich-Burger-Take-Away-Paper-Boxes-2.webp 1328w, https:\/\/www.yishengpack.com\/wp-content\/uploads\/2025\/09\/Custom-Eco-friendly-Paper-Boxes-Wholesale-Sandwich-Burger-Take-Away-Paper-Boxes-2-300x300.webp 300w, https:\/\/www.yishengpack.com\/wp-content\/uploads\/2025\/09\/Custom-Eco-friendly-Paper-Boxes-Wholesale-Sandwich-Burger-Take-Away-Paper-Boxes-2-150x150.webp 150w, https:\/\/www.yishengpack.com\/wp-content\/uploads\/2025\/09\/Custom-Eco-friendly-Paper-Boxes-Wholesale-Sandwich-Burger-Take-Away-Paper-Boxes-2-768x768.webp 768w, https:\/\/www.yishengpack.com\/wp-content\/uploads\/2025\/09\/Custom-Eco-friendly-Paper-Boxes-Wholesale-Sandwich-Burger-Take-Away-Paper-Boxes-2-12x12.webp 12w, https:\/\/www.yishengpack.com\/wp-content\/uploads\/2025\/09\/Custom-Eco-friendly-Paper-Boxes-Wholesale-Sandwich-Burger-Take-Away-Paper-Boxes-2-1200x1200.webp 1200w, https:\/\/www.yishengpack.com\/wp-content\/uploads\/2025\/09\/Custom-Eco-friendly-Paper-Boxes-Wholesale-Sandwich-Burger-Take-Away-Paper-Boxes-2-600x600.webp 600w, https:\/\/www.yishengpack.com\/wp-content\/uploads\/2025\/09\/Custom-Eco-friendly-Paper-Boxes-Wholesale-Sandwich-Burger-Take-Away-Paper-Boxes-2-100x100.webp 100w\" sizes=\"(max-width: 1328px) 100vw, 1328px\" \/><\/figure>\n<\/div>\n<\/div>\n\n\n\n<p><\/p>","protected":false},"excerpt":{"rendered":"<p>Bienvenue sur notre site de vente en gros de bo\u00eetes en papier avec couvercles transparents. D\u00e9couvrez nos bo\u00eetes en papier avec couvercles transparents de diff\u00e9rentes couleurs, parfaites pour emballer du poulet frit, des hamburgers, des frites, du pain, des g\u00e2teaux, et bien plus encore. Nos bo\u00eetes \u00e0 emporter personnalis\u00e9es sont fabriqu\u00e9es \u00e0 partir de mat\u00e9riaux respectueux de l'environnement et pr\u00e9sentent un design pratique. De la taille, aux couleurs, en passant par l'insertion du logo, elles sont enti\u00e8rement personnalisables pour correspondre \u00e0 votre marque. Laissez-nous vous aider \u00e0 mettre en valeur vos produits alimentaires de mani\u00e8re \u00e9l\u00e9gante et durable.<\/p>\n<h2>Points forts des bo\u00eetes en papier \u00e9cologiques de gros<\/h2>\n<ul>\n<li>Personnalisation totale autoris\u00e9e<\/li>\n<li>Mat\u00e9riaux \u00e9cologiques<\/li>\n<li>Une fabrication solide<\/li>\n<li>Plusieurs types de bo\u00eetes<\/li>\n<li>S\u00e9lections de couleurs vives<\/li>\n<li>Emballage pratique<\/li>\n<\/ul>\n<p>&nbsp;<\/p>\n<p>&nbsp;<\/p>","protected":false},"featured_media":1944,"comment_status":"closed","ping_status":"closed","template":"","meta":{"_acf_changed":false},"box-type":[64],"product_brand":[],"product_cat":[46,30,31,21,32,33,44,45],"product_tag":[],"class_list":{"0":"post-1928","1":"product","2":"type-product","3":"status-publish","4":"has-post-thumbnail","6":"box-type-custom-clear-lid-paper-boxes","7":"product_cat-wholesale-paper-boxes","8":"product_cat-cake-containers-wholesale","9":"product_cat-wholesale-charcuterie-boxes","10":"product_cat-plastic-cake-containers-wholesale","11":"product_cat-bakery-packaging-wholesale","12":"product_cat-food-packaging-boxes-wholesale","13":"product_cat-custom-snack-box","14":"product_cat-bulk-disposable-food-containers","16":"first","17":"instock","18":"shipping-taxable","19":"product-type-simple"},"acf":[],"_links":{"self":[{"href":"https:\/\/www.yishengpack.com\/fr\/wp-json\/wp\/v2\/product\/1928","targetHints":{"allow":["GET"]}}],"collection":[{"href":"https:\/\/www.yishengpack.com\/fr\/wp-json\/wp\/v2\/product"}],"about":[{"href":"https:\/\/www.yishengpack.com\/fr\/wp-json\/wp\/v2\/types\/product"}],"replies":[{"embeddable":true,"href":"https:\/\/www.yishengpack.com\/fr\/wp-json\/wp\/v2\/comments?post=1928"}],"wp:featuredmedia":[{"embeddable":true,"href":"https:\/\/www.yishengpack.com\/fr\/wp-json\/wp\/v2\/media\/1944"}],"wp:attachment":[{"href":"https:\/\/www.yishengpack.com\/fr\/wp-json\/wp\/v2\/media?parent=1928"}],"wp:term":[{"taxonomy":"box-type","embeddable":true,"href":"https:\/\/www.yishengpack.com\/fr\/wp-json\/wp\/v2\/box-type?post=1928"},{"taxonomy":"product_brand","embeddable":true,"href":"https:\/\/www.yishengpack.com\/fr\/wp-json\/wp\/v2\/product_brand?post=1928"},{"taxonomy":"product_cat","embeddable":true,"href":"https:\/\/www.yishengpack.com\/fr\/wp-json\/wp\/v2\/product_cat?post=1928"},{"taxonomy":"product_tag","embeddable":true,"href":"https:\/\/www.yishengpack.com\/fr\/wp-json\/wp\/v2\/product_tag?post=1928"}],"curies":[{"name":"wp","href":"https:\/\/api.w.org\/{rel}","templated":true}]}}