{"id":185,"date":"2025-01-02T06:50:04","date_gmt":"2025-01-02T06:50:04","guid":{"rendered":"https:\/\/www.yishengpack.com\/?post_type=product&#038;p=185"},"modified":"2025-10-29T02:17:26","modified_gmt":"2025-10-29T02:17:26","slug":"mini-cake-box-in-bulk","status":"publish","type":"product","link":"https:\/\/www.yishengpack.com\/fr\/produit\/mini-cake-box-in-bulk\/","title":{"rendered":"Mini bo\u00eetes \u00e0 g\u00e2teaux en vrac Bo\u00eetes \u00e0 g\u00e2teaux en plastique blanc avec fourchettes"},"content":{"rendered":"<div class=\"wp-block-columns is-layout-flex wp-container-core-columns-is-layout-9d6595d7 wp-block-columns-is-layout-flex\">\n<div class=\"wp-block-column is-layout-flow wp-block-column-is-layout-flow\">\n<h3 class=\"wp-block-heading\">Caract\u00e9ristiques de la mini-bo\u00eete \u00e0 g\u00e2teaux en vrac<\/h3>\n\n\n\n<p><strong>Mat\u00e9riau de premi\u00e8re qualit\u00e9 :<\/strong> Cette mini-bo\u00eete \u00e0 g\u00e2teaux en vrac est fabriqu\u00e9e en plastique PET blanc durable et sans danger pour les aliments.<\/p>\n\n\n\n<p><strong>Porte-fourche int\u00e9gr\u00e9 :<\/strong> Cette mini-bo\u00eete \u00e0 g\u00e2teaux en vrac comprend un emplacement s\u00fbr pour la fourchette, parfaite pour une utilisation nomade, facile \u00e0 utiliser et permettant d'\u00e9conomiser du temps et des efforts.<\/p>\n\n\n\n<p><strong>Polyvalent :<\/strong> Cette bo\u00eete \u00e0 mini g\u00e2teaux en vrac convient pour les mini g\u00e2teaux, les desserts, les p\u00e2tisseries et les snacks.<\/p>\n\n\n\n<p><strong>Stable : <\/strong>Le design arrondi emp\u00eache le g\u00e2teau de glisser et le maintient en place, garantissant qu'il reste intact pendant le transport et le stockage.<\/p>\n\n\n\n<p><strong>Conception anti-bu\u00e9e : <\/strong>La fonction antibu\u00e9e unique garantit que l'int\u00e9rieur de la bo\u00eete reste clair et transparent, et que l'apparence du g\u00e2teau est clairement visible.<\/p>\n\n\n\n<p><strong>Conception de l'autocollant : <\/strong>Chaque bo\u00eete est accompagn\u00e9e d'un autocollant personnalisable qui ajoute un \u00e9l\u00e9ment de personnalisation \u00e0 la marque et renforce l'esth\u00e9tique et le professionnalisme de l'emballage.<\/p>\n<\/div>\n\n\n\n<div class=\"wp-block-column is-layout-flow wp-block-column-is-layout-flow\">\n<figure class=\"wp-block-image size-full\"><img decoding=\"async\" width=\"800\" height=\"800\" src=\"https:\/\/www.yishengpack.com\/wp-content\/uploads\/2025\/01\/Mini-Cake-Box-in-Bulk-White-Plastic-Cake-Boxes-with-Forks.webp\" alt=\"Mini bo\u00eetes \u00e0 g\u00e2teaux en vrac Bo\u00eetes \u00e0 g\u00e2teaux en plastique blanc avec fourchettes\" class=\"wp-image-192\" srcset=\"https:\/\/www.yishengpack.com\/wp-content\/uploads\/2025\/01\/Mini-Cake-Box-in-Bulk-White-Plastic-Cake-Boxes-with-Forks.webp 800w, https:\/\/www.yishengpack.com\/wp-content\/uploads\/2025\/01\/Mini-Cake-Box-in-Bulk-White-Plastic-Cake-Boxes-with-Forks-300x300.webp 300w, https:\/\/www.yishengpack.com\/wp-content\/uploads\/2025\/01\/Mini-Cake-Box-in-Bulk-White-Plastic-Cake-Boxes-with-Forks-150x150.webp 150w, https:\/\/www.yishengpack.com\/wp-content\/uploads\/2025\/01\/Mini-Cake-Box-in-Bulk-White-Plastic-Cake-Boxes-with-Forks-768x768.webp 768w, https:\/\/www.yishengpack.com\/wp-content\/uploads\/2025\/01\/Mini-Cake-Box-in-Bulk-White-Plastic-Cake-Boxes-with-Forks-600x600.webp 600w, https:\/\/www.yishengpack.com\/wp-content\/uploads\/2025\/01\/Mini-Cake-Box-in-Bulk-White-Plastic-Cake-Boxes-with-Forks-100x100.webp 100w\" sizes=\"(max-width: 800px) 100vw, 800px\" \/><\/figure>\n<\/div>\n<\/div>","protected":false},"excerpt":{"rendered":"<p>Notre bo\u00eete \u00e0 g\u00e2teaux en plastique blanc en vrac avec fourchettes est une solution d'emballage pratique et \u00e9l\u00e9gante pour les desserts individuels et les petits g\u00e2teaux. Dot\u00e9es d'une base ronde textur\u00e9e pour maintenir les g\u00e2teaux stables et d'un porte-fourchette int\u00e9gr\u00e9 pour une plus grande facilit\u00e9 d'utilisation, ces bo\u00eetes \u00e0 g\u00e2teaux sont parfaites pour les boulangeries, les caf\u00e9s et les services de restauration.<\/p>\n<h2>Mini bo\u00eete \u00e0 g\u00e2teaux en vrac Sp\u00e9cifications :<\/h2>\n<table width=\"528\">\n<tbody>\n<tr>\n<td width=\"215\">Fabricant :<\/td>\n<td colspan=\"2\" width=\"313\">Yisheng<\/td>\n<\/tr>\n<tr>\n<td>Mod\u00e8le :<\/td>\n<td colspan=\"2\">J022<\/td>\n<\/tr>\n<tr>\n<td>Mat\u00e9riau :\u00a0<\/td>\n<td colspan=\"2\">PET<\/td>\n<\/tr>\n<tr>\n<td>Couleur :\u00a0<\/td>\n<td colspan=\"2\">Blanc<\/td>\n<\/tr>\n<tr>\n<td>Taille :\u00a0<\/td>\n<td colspan=\"2\" width=\"313\">14cm\u00d712.8cm\u00d77.5cm<\/td>\n<\/tr>\n<tr>\n<td>Poids :\u00a0<\/td>\n<td colspan=\"2\">28,2g\/pc<\/td>\n<\/tr>\n<tr>\n<td>Forme :\u00a0<\/td>\n<td colspan=\"2\">Base carr\u00e9e, base ronde<\/td>\n<\/tr>\n<tr>\n<td>Emballage :\u00a0<\/td>\n<td colspan=\"2\">50pcs\/sac<\/td>\n<\/tr>\n<tr>\n<td>MOQ :\u00a0<\/td>\n<td colspan=\"2\">1000pcs<\/td>\n<\/tr>\n<tr>\n<td>OEM&amp;ODM :\u00a0<\/td>\n<td colspan=\"2\">Sur mesure, Bienvenue OEM&amp;ODM<\/td>\n<\/tr>\n<tr>\n<td>Exemple\uff1a<\/td>\n<td colspan=\"2\">10 pcs \u00e9chantillons gratuits peuvent \u00eatre demand\u00e9s<\/td>\n<\/tr>\n<\/tbody>\n<\/table>","protected":false},"featured_media":191,"comment_status":"closed","ping_status":"closed","template":"","meta":{"_acf_changed":false},"box-type":[61],"product_brand":[],"product_cat":[21,30],"product_tag":[],"class_list":{"0":"post-185","1":"product","2":"type-product","3":"status-publish","4":"has-post-thumbnail","6":"box-type-custom-two-piece-boxes","7":"product_cat-plastic-cake-containers-wholesale","8":"product_cat-cake-containers-wholesale","10":"first","11":"instock","12":"shipping-taxable","13":"product-type-simple"},"acf":[],"_links":{"self":[{"href":"https:\/\/www.yishengpack.com\/fr\/wp-json\/wp\/v2\/product\/185","targetHints":{"allow":["GET"]}}],"collection":[{"href":"https:\/\/www.yishengpack.com\/fr\/wp-json\/wp\/v2\/product"}],"about":[{"href":"https:\/\/www.yishengpack.com\/fr\/wp-json\/wp\/v2\/types\/product"}],"replies":[{"embeddable":true,"href":"https:\/\/www.yishengpack.com\/fr\/wp-json\/wp\/v2\/comments?post=185"}],"wp:featuredmedia":[{"embeddable":true,"href":"https:\/\/www.yishengpack.com\/fr\/wp-json\/wp\/v2\/media\/191"}],"wp:attachment":[{"href":"https:\/\/www.yishengpack.com\/fr\/wp-json\/wp\/v2\/media?parent=185"}],"wp:term":[{"taxonomy":"box-type","embeddable":true,"href":"https:\/\/www.yishengpack.com\/fr\/wp-json\/wp\/v2\/box-type?post=185"},{"taxonomy":"product_brand","embeddable":true,"href":"https:\/\/www.yishengpack.com\/fr\/wp-json\/wp\/v2\/product_brand?post=185"},{"taxonomy":"product_cat","embeddable":true,"href":"https:\/\/www.yishengpack.com\/fr\/wp-json\/wp\/v2\/product_cat?post=185"},{"taxonomy":"product_tag","embeddable":true,"href":"https:\/\/www.yishengpack.com\/fr\/wp-json\/wp\/v2\/product_tag?post=185"}],"curies":[{"name":"wp","href":"https:\/\/api.w.org\/{rel}","templated":true}]}}