{"id":1827,"date":"2025-09-04T10:05:19","date_gmt":"2025-09-04T10:05:19","guid":{"rendered":"https:\/\/www.yishengpack.com\/?post_type=product&#038;p=1827"},"modified":"2025-09-04T10:39:45","modified_gmt":"2025-09-04T10:39:45","slug":"cosmetic-gift-boxes-wholesale","status":"publish","type":"product","link":"https:\/\/www.yishengpack.com\/fr\/produit\/cosmetic-gift-boxes-wholesale\/","title":{"rendered":"Bo\u00eetes cadeaux cosm\u00e9tiques Wholesale avec fermeture pliante magn\u00e9tique"},"content":{"rendered":"<div class=\"wp-block-columns is-layout-flex wp-container-core-columns-is-layout-9d6595d7 wp-block-columns-is-layout-flex\">\n<div class=\"wp-block-column is-layout-flow wp-block-column-is-layout-flow\">\n<h3 class=\"wp-block-heading\">Caract\u00e9ristiques des bo\u00eetes cadeaux cosm\u00e9tiques en gros<\/h3>\n\n\n\n<p><strong>Enti\u00e8rement personnalisable pour les entreprises de cosm\u00e9tiques :<\/strong> Ces bo\u00eetes cadeaux cosm\u00e9tiques sont enti\u00e8rement personnalisables en fonction de votre entreprise, de la taille et de la couleur de la bo\u00eete aux motifs, \u00e0 la disposition interne et aux finitions de surface comme l'estampage, le gaufrage ou l'UV ponctuel pour correspondre pr\u00e9cis\u00e9ment \u00e0 l'apparence de votre entreprise de cosm\u00e9tiques.<\/p>\n\n\n\n<p><strong>Pliable Fermeture magn\u00e9tique :<\/strong> Nos bo\u00eetes cadeaux cosm\u00e9tiques en gros sont ferm\u00e9es par un aimant et ont une structure pliable pour cr\u00e9er une exp\u00e9rience de d\u00e9ballage sans friction, id\u00e9ale pour contenir des produits cosm\u00e9tiques tels que des rouges \u00e0 l\u00e8vres, des ombres \u00e0 paupi\u00e8res et des produits de soin de la peau.<\/p>\n\n\n\n<p><strong>Polyvalence dans le stockage multiple :<\/strong> La bo\u00eete magn\u00e9tique personnalis\u00e9e est dot\u00e9e de s\u00e9parateurs mobiles, et diff\u00e9rentes configurations permettent d'accueillir plusieurs produits cosm\u00e9tiques ou petits produits de beaut\u00e9 de mani\u00e8re ordonn\u00e9e et \u00e0 la mode.<\/p>\n\n\n\n<p><strong>Un aspect luxueux avec des finitions personnalis\u00e9es :<\/strong> Ces bo\u00eetes cadeaux cosm\u00e9tiques en gros sont dot\u00e9es d'accents en aluminium, de logos en relief, d'un pelliculage mat ou brillant, ou de textures personnalis\u00e9es afin d'apporter une finition haut de gamme \u00e0 la pr\u00e9sentation de votre marque sur les produits cosm\u00e9tiques.<\/p>\n\n\n\n<p><strong>Conception durable et facile \u00e0 offrir :<\/strong> Ces bo\u00eetes cadeaux cosm\u00e9tiques sont fabriqu\u00e9es \u00e0 partir d'un carton gris durable et recouvertes d'un papier couch\u00e9 de haute qualit\u00e9. Elles offrent aux produits cosm\u00e9tiques une protection solide et un aspect \u00e9l\u00e9gant qui convient parfaitement \u00e0 l'emballage des produits cosm\u00e9tiques de luxe.<\/p>\n<\/div>\n\n\n\n<div class=\"wp-block-column is-layout-flow wp-block-column-is-layout-flow\">\n<figure class=\"wp-block-image size-full\"><img decoding=\"async\" width=\"1328\" height=\"1328\" src=\"https:\/\/www.yishengpack.com\/wp-content\/uploads\/2025\/09\/Custom-Cosmetic-Gift-Box-with-Foldable-and-Magnetic-Folding-Closure-Wholesale-Magnetic-Cosmetic-Boxes-3.webp\" alt=\"bo\u00eetes-cadeaux-cosm\u00e9tiques-en-gros-avec-pliage-magn\u00e9tique-3\" class=\"wp-image-1839\" srcset=\"https:\/\/www.yishengpack.com\/wp-content\/uploads\/2025\/09\/Custom-Cosmetic-Gift-Box-with-Foldable-and-Magnetic-Folding-Closure-Wholesale-Magnetic-Cosmetic-Boxes-3.webp 1328w, https:\/\/www.yishengpack.com\/wp-content\/uploads\/2025\/09\/Custom-Cosmetic-Gift-Box-with-Foldable-and-Magnetic-Folding-Closure-Wholesale-Magnetic-Cosmetic-Boxes-3-300x300.webp 300w, https:\/\/www.yishengpack.com\/wp-content\/uploads\/2025\/09\/Custom-Cosmetic-Gift-Box-with-Foldable-and-Magnetic-Folding-Closure-Wholesale-Magnetic-Cosmetic-Boxes-3-150x150.webp 150w, https:\/\/www.yishengpack.com\/wp-content\/uploads\/2025\/09\/Custom-Cosmetic-Gift-Box-with-Foldable-and-Magnetic-Folding-Closure-Wholesale-Magnetic-Cosmetic-Boxes-3-768x768.webp 768w, https:\/\/www.yishengpack.com\/wp-content\/uploads\/2025\/09\/Custom-Cosmetic-Gift-Box-with-Foldable-and-Magnetic-Folding-Closure-Wholesale-Magnetic-Cosmetic-Boxes-3-12x12.webp 12w, https:\/\/www.yishengpack.com\/wp-content\/uploads\/2025\/09\/Custom-Cosmetic-Gift-Box-with-Foldable-and-Magnetic-Folding-Closure-Wholesale-Magnetic-Cosmetic-Boxes-3-1200x1200.webp 1200w, https:\/\/www.yishengpack.com\/wp-content\/uploads\/2025\/09\/Custom-Cosmetic-Gift-Box-with-Foldable-and-Magnetic-Folding-Closure-Wholesale-Magnetic-Cosmetic-Boxes-3-600x600.webp 600w, https:\/\/www.yishengpack.com\/wp-content\/uploads\/2025\/09\/Custom-Cosmetic-Gift-Box-with-Foldable-and-Magnetic-Folding-Closure-Wholesale-Magnetic-Cosmetic-Boxes-3-100x100.webp 100w\" sizes=\"(max-width: 1328px) 100vw, 1328px\" \/><\/figure>\n<\/div>\n<\/div>\n\n\n\n<p><\/p>","protected":false},"excerpt":{"rendered":"<p>Nous vous invitons \u00e0 acheter en gros nos bo\u00eetes cadeaux pour cosm\u00e9tiques. Parfaites pour les produits cosm\u00e9tiques haut de gamme tels que les kits de soins et de maquillage, ces bo\u00eetes magn\u00e9tiques personnalis\u00e9es offrent une fermeture magn\u00e9tique s\u00e9curis\u00e9e. Elles sont disponibles dans des couleurs \u00e9l\u00e9gantes telles que le bordeaux et le vert menthe. Des am\u00e9liorations telles que l'estampage et le gaufrage peuvent \u00eatre ajout\u00e9es pour rehausser l'aspect luxueux. Toutes les caract\u00e9ristiques ci-dessus peuvent \u00eatre personnalis\u00e9es en fonction des besoins de votre entreprise, ce qui permet \u00e0 vos clients de vivre une exp\u00e9rience inoubliable au moment du d\u00e9ballage.<\/p>\n<h2>Points forts des bo\u00eetes magn\u00e9tiques personnalis\u00e9es<\/h2>\n<ul>\n<li>Parfait pour le rangement des cosm\u00e9tiques<\/li>\n<li>Fermeture magn\u00e9tique pour un scellement s\u00fbr<\/li>\n<li>Totalement personnalisable<\/li>\n<li>Plusieurs types de bo\u00eetes<\/li>\n<li>Choix de couleurs vives<\/li>\n<li>Impression artistique<\/li>\n<\/ul>\n<p>&nbsp;<\/p>\n<p>&nbsp;<\/p>","protected":false},"featured_media":1837,"comment_status":"closed","ping_status":"closed","template":"","meta":{"_acf_changed":false},"box-type":[55,54],"product_brand":[],"product_cat":[19,65],"product_tag":[],"class_list":{"0":"post-1827","1":"product","2":"type-product","3":"status-publish","4":"has-post-thumbnail","6":"box-type-custom-foldable-boxes","7":"box-type-custom-magnetic-closure-boxes","8":"product_cat-luxury-gift-boxes-wholesale","9":"product_cat-custom-cosmetic-boxes","11":"first","12":"instock","13":"shipping-taxable","14":"product-type-simple"},"acf":[],"_links":{"self":[{"href":"https:\/\/www.yishengpack.com\/fr\/wp-json\/wp\/v2\/product\/1827","targetHints":{"allow":["GET"]}}],"collection":[{"href":"https:\/\/www.yishengpack.com\/fr\/wp-json\/wp\/v2\/product"}],"about":[{"href":"https:\/\/www.yishengpack.com\/fr\/wp-json\/wp\/v2\/types\/product"}],"replies":[{"embeddable":true,"href":"https:\/\/www.yishengpack.com\/fr\/wp-json\/wp\/v2\/comments?post=1827"}],"wp:featuredmedia":[{"embeddable":true,"href":"https:\/\/www.yishengpack.com\/fr\/wp-json\/wp\/v2\/media\/1837"}],"wp:attachment":[{"href":"https:\/\/www.yishengpack.com\/fr\/wp-json\/wp\/v2\/media?parent=1827"}],"wp:term":[{"taxonomy":"box-type","embeddable":true,"href":"https:\/\/www.yishengpack.com\/fr\/wp-json\/wp\/v2\/box-type?post=1827"},{"taxonomy":"product_brand","embeddable":true,"href":"https:\/\/www.yishengpack.com\/fr\/wp-json\/wp\/v2\/product_brand?post=1827"},{"taxonomy":"product_cat","embeddable":true,"href":"https:\/\/www.yishengpack.com\/fr\/wp-json\/wp\/v2\/product_cat?post=1827"},{"taxonomy":"product_tag","embeddable":true,"href":"https:\/\/www.yishengpack.com\/fr\/wp-json\/wp\/v2\/product_tag?post=1827"}],"curies":[{"name":"wp","href":"https:\/\/api.w.org\/{rel}","templated":true}]}}