{"id":171,"date":"2025-01-20T01:19:11","date_gmt":"2025-01-20T01:19:11","guid":{"rendered":"https:\/\/www.yishengpack.com\/?post_type=product&#038;p=171"},"modified":"2025-12-13T06:53:48","modified_gmt":"2025-12-13T06:53:48","slug":"rectangular-plastic-box-wholesale","status":"publish","type":"product","link":"https:\/\/www.yishengpack.com\/fr\/produit\/rectangular-plastic-box-wholesale\/","title":{"rendered":"Bo\u00eete rectangulaire en plastique de qualit\u00e9 sup\u00e9rieure Wholesale, bo\u00eetes \u00e0 sushi en PET"},"content":{"rendered":"<div class=\"wp-block-columns is-layout-flex wp-container-core-columns-is-layout-9d6595d7 wp-block-columns-is-layout-flex\">\n<div class=\"wp-block-column is-layout-flow wp-block-column-is-layout-flow\">\n<h3 class=\"wp-block-heading\">Features of Rectangular Plastic Box Wholesale<\/h3>\n\n\n\n<p><strong>Mat\u00e9riau : <\/strong>This rectangular plastic box wholesale is made of high-quality PET plastic for strength and clarity, hence could not break.<\/p>\n\n\n\n<p><strong>Transparent in Design:<\/strong> The transparent surface of the rectangular plastic box wholesale is for a clear view of the contents and value addition in product presentation.<\/p>\n\n\n\n<p><strong>Moisture and Fog Resistant:<\/strong> Very effective in preventing condensation of water vapor, thus keeping the food item inside the box fresh and dry.<\/p>\n\n\n\n<p><strong>Rectangulaire Design : <\/strong>The rectangular design provides roomy storage space for products of various sizes, which is easy to stack and move around.<\/p>\n\n\n\n<p><strong>Multifunctional: <\/strong>This rectangular plastic box wholesale is perfect for cakes, sushi, desserts and other food products.<\/p>\n\n\n\n<p><strong>Strong: <\/strong>This rectangular plastic box wholesale highly resistant to cracking for safe transportation and storage.<\/p>\n<\/div>\n\n\n\n<div class=\"wp-block-column is-layout-flow wp-block-column-is-layout-flow\">\n<figure class=\"wp-block-image size-full\"><img decoding=\"async\" width=\"750\" height=\"580\" src=\"https:\/\/www.yishengpack.com\/wp-content\/uploads\/2025\/01\/Rectangular-Plastic-Box-Wholesale-PET-Cake-Containers-Sushi-Boxes-6.webp\" alt=\"Rectangular Plastic Box Wholesale PET Cake Containers Sushi Boxes (6)\" class=\"wp-image-177\" srcset=\"https:\/\/www.yishengpack.com\/wp-content\/uploads\/2025\/01\/Rectangular-Plastic-Box-Wholesale-PET-Cake-Containers-Sushi-Boxes-6.webp 750w, https:\/\/www.yishengpack.com\/wp-content\/uploads\/2025\/01\/Rectangular-Plastic-Box-Wholesale-PET-Cake-Containers-Sushi-Boxes-6-300x232.webp 300w, https:\/\/www.yishengpack.com\/wp-content\/uploads\/2025\/01\/Rectangular-Plastic-Box-Wholesale-PET-Cake-Containers-Sushi-Boxes-6-600x464.webp 600w\" sizes=\"(max-width: 750px) 100vw, 750px\" \/><\/figure>\n<\/div>\n<\/div>\n\n\n\n<p><\/p>","protected":false},"excerpt":{"rendered":"<p>Yisheng&#8217;s rectangular plastic box wholesale offers high-quality, versatile packaging solutions to ensure freshness and visibility for various products. Made from durable PET plastic, these boxes are anti-fog, providing clear visibility while protecting the contents from moisture. They are perfect for cakes, sushi, pastries, and other delicate items for retail and wholesale use.<\/p>\n<h2>Rectangular Plastic Box Specifications:<\/h2>\n<table width=\"528\">\n<tbody>\n<tr>\n<td width=\"215\">Fabricant :<\/td>\n<td colspan=\"2\" width=\"313\">Yisheng<\/td>\n<\/tr>\n<tr>\n<td>Mod\u00e8le :<\/td>\n<td colspan=\"2\">H7<\/td>\n<\/tr>\n<tr>\n<td>Mat\u00e9riau :\u00a0<\/td>\n<td colspan=\"2\">PET<\/td>\n<\/tr>\n<tr>\n<td>Couleur :\u00a0<\/td>\n<td colspan=\"2\">Noir, blanc<\/td>\n<\/tr>\n<tr>\n<td>Taille :\u00a0<\/td>\n<td colspan=\"2\" width=\"313\">20cm\u217912cm\u21796.5cm<\/td>\n<\/tr>\n<tr>\n<td>Poids :\u00a0<\/td>\n<td colspan=\"2\">31.4g\/pc<\/td>\n<\/tr>\n<tr>\n<td>Forme :\u00a0<\/td>\n<td colspan=\"2\">Rectangle<\/td>\n<\/tr>\n<tr>\n<td>Emballage :\u00a0<\/td>\n<td colspan=\"2\">100pcs\/sac<\/td>\n<\/tr>\n<tr>\n<td>MOQ :\u00a0<\/td>\n<td colspan=\"2\">800pcs<\/td>\n<\/tr>\n<tr>\n<td>OEM&amp;ODM :\u00a0<\/td>\n<td colspan=\"2\">Sur mesure, Bienvenue OEM&amp;ODM<\/td>\n<\/tr>\n<tr>\n<td>Exemple\uff1a<\/td>\n<td colspan=\"2\">10 pcs \u00e9chantillons gratuits peuvent \u00eatre demand\u00e9s<\/td>\n<\/tr>\n<\/tbody>\n<\/table>\n<p>&nbsp;<\/p>\n<p><script src=\"chrome-extension:\/\/fpelahbljekknahkcaegamhcndkfpfnc\/iFrame.js\" type=\"text\/javascript\"><\/script><\/p>","protected":false},"featured_media":174,"comment_status":"closed","ping_status":"closed","template":"","meta":{"_acf_changed":false},"box-type":[64,61],"product_brand":[],"product_cat":[21,46,30,33,45],"product_tag":[],"class_list":{"0":"post-171","1":"product","2":"type-product","3":"status-publish","4":"has-post-thumbnail","6":"box-type-custom-clear-lid-paper-boxes","7":"box-type-custom-two-piece-boxes","8":"product_cat-plastic-cake-containers-wholesale","9":"product_cat-wholesale-paper-boxes","10":"product_cat-cake-containers-wholesale","11":"product_cat-food-packaging-boxes-wholesale","12":"product_cat-bulk-disposable-food-containers","14":"first","15":"instock","16":"shipping-taxable","17":"product-type-simple"},"acf":[],"_links":{"self":[{"href":"https:\/\/www.yishengpack.com\/fr\/wp-json\/wp\/v2\/product\/171","targetHints":{"allow":["GET"]}}],"collection":[{"href":"https:\/\/www.yishengpack.com\/fr\/wp-json\/wp\/v2\/product"}],"about":[{"href":"https:\/\/www.yishengpack.com\/fr\/wp-json\/wp\/v2\/types\/product"}],"replies":[{"embeddable":true,"href":"https:\/\/www.yishengpack.com\/fr\/wp-json\/wp\/v2\/comments?post=171"}],"wp:featuredmedia":[{"embeddable":true,"href":"https:\/\/www.yishengpack.com\/fr\/wp-json\/wp\/v2\/media\/174"}],"wp:attachment":[{"href":"https:\/\/www.yishengpack.com\/fr\/wp-json\/wp\/v2\/media?parent=171"}],"wp:term":[{"taxonomy":"box-type","embeddable":true,"href":"https:\/\/www.yishengpack.com\/fr\/wp-json\/wp\/v2\/box-type?post=171"},{"taxonomy":"product_brand","embeddable":true,"href":"https:\/\/www.yishengpack.com\/fr\/wp-json\/wp\/v2\/product_brand?post=171"},{"taxonomy":"product_cat","embeddable":true,"href":"https:\/\/www.yishengpack.com\/fr\/wp-json\/wp\/v2\/product_cat?post=171"},{"taxonomy":"product_tag","embeddable":true,"href":"https:\/\/www.yishengpack.com\/fr\/wp-json\/wp\/v2\/product_tag?post=171"}],"curies":[{"name":"wp","href":"https:\/\/api.w.org\/{rel}","templated":true}]}}