{"id":1642,"date":"2025-08-09T08:48:53","date_gmt":"2025-08-09T08:48:53","guid":{"rendered":"https:\/\/www.yishengpack.com\/?post_type=product&#038;p=1642"},"modified":"2025-08-09T11:15:06","modified_gmt":"2025-08-09T11:15:06","slug":"wholesale-folding-boxes","status":"publish","type":"product","link":"https:\/\/www.yishengpack.com\/fr\/produit\/wholesale-folding-boxes\/","title":{"rendered":"Bo\u00eetes pliantes en gros, bo\u00eetes en papier \u00e0 couvercle et \u00e0 fond personnalis\u00e9s avec bac d'insertion"},"content":{"rendered":"<div class=\"wp-block-columns is-layout-flex wp-container-core-columns-is-layout-9d6595d7 wp-block-columns-is-layout-flex\">\n<div class=\"wp-block-column is-layout-flow wp-block-column-is-layout-flow\">\n<h3 class=\"wp-block-heading\">Caract\u00e9ristiques des bo\u00eetes pliantes en gros<\/h3>\n\n\n\n<p><strong>Structure pliable :<\/strong> Ces bo\u00eetes pliantes en gros sont pliables et peuvent \u00eatre exp\u00e9di\u00e9es \u00e0 plat, ce qui permet de r\u00e9duire consid\u00e9rablement le volume et les co\u00fbts de transport. Id\u00e9ales pour les commandes en gros et les exp\u00e9ditions internationales.<\/p>\n\n\n\n<p><strong>Diff\u00e9rents mod\u00e8les de bo\u00eetes sont disponibles :<\/strong> Nous proposons des bo\u00eetes en papier \u00e0 couvercle et \u00e0 fond personnalis\u00e9s ainsi que d'\u00e9l\u00e9gantes bo\u00eetes coulissantes pour r\u00e9pondre \u00e0 divers besoins en mati\u00e8re d'emballage de produits. Elles sont parfaites pour les cadeaux, les accessoires, les v\u00eatements et les emballages de d\u00e9tail haut de gamme.<\/p>\n\n\n\n<p><strong>Insertions \u00e0 personnaliser :<\/strong> Ces bo\u00eetes pliantes en gros peuvent personnaliser les inserts (en carton, flocage et autres) en fonction de la forme et de la taille de votre produit, le conservant et le prot\u00e9geant en toute s\u00e9curit\u00e9.<\/p>\n\n\n\n<p><strong>Carton renforc\u00e9 :<\/strong> Ces bo\u00eetes pliantes en gros sont fabriqu\u00e9es \u00e0 partir de carton gris \u00e9pais ou de carton de qualit\u00e9 sup\u00e9rieure ; la bo\u00eete est rigide et r\u00e9sistante \u00e0 la pression, prot\u00e9geant vos produits lors de l'exp\u00e9dition et de la pr\u00e9sentation.<\/p>\n\n\n\n<p><strong>Enti\u00e8rement personnalisable :<\/strong> La bo\u00eete en papier intemporelle \u00e0 couvercle et \u00e0 base personnalis\u00e9s peut \u00eatre enti\u00e8rement personnalis\u00e9e : taille, couleur, finition de surface (dorure, pelliculage, UV ponctuel, etc.) et impression de la maquette pour s'aligner sur votre image de marque et vos pr\u00e9f\u00e9rences commerciales.<\/p>\n<\/div>\n\n\n\n<div class=\"wp-block-column is-layout-flow wp-block-column-is-layout-flow\">\n<figure class=\"wp-block-image size-full\"><img decoding=\"async\" width=\"2355\" height=\"2355\" src=\"https:\/\/www.yishengpack.com\/wp-content\/uploads\/2025\/07\/Wholesale-Foldable-Clothing-Dessert-Cookies-Chocolate-Lid-and-Base-Gift-Box-with-Lid-Customized-Insert-Tray4.webp\" alt=\"grossiste-bo\u00eetes-pliantes-couvercle-et-base-papier-personnalis\u00e9e-avec-tableau-d&#039;insertion-4\" class=\"wp-image-1646\" srcset=\"https:\/\/www.yishengpack.com\/wp-content\/uploads\/2025\/07\/Wholesale-Foldable-Clothing-Dessert-Cookies-Chocolate-Lid-and-Base-Gift-Box-with-Lid-Customized-Insert-Tray4.webp 2355w, https:\/\/www.yishengpack.com\/wp-content\/uploads\/2025\/07\/Wholesale-Foldable-Clothing-Dessert-Cookies-Chocolate-Lid-and-Base-Gift-Box-with-Lid-Customized-Insert-Tray4-300x300.webp 300w, https:\/\/www.yishengpack.com\/wp-content\/uploads\/2025\/07\/Wholesale-Foldable-Clothing-Dessert-Cookies-Chocolate-Lid-and-Base-Gift-Box-with-Lid-Customized-Insert-Tray4-150x150.webp 150w, https:\/\/www.yishengpack.com\/wp-content\/uploads\/2025\/07\/Wholesale-Foldable-Clothing-Dessert-Cookies-Chocolate-Lid-and-Base-Gift-Box-with-Lid-Customized-Insert-Tray4-768x768.webp 768w, https:\/\/www.yishengpack.com\/wp-content\/uploads\/2025\/07\/Wholesale-Foldable-Clothing-Dessert-Cookies-Chocolate-Lid-and-Base-Gift-Box-with-Lid-Customized-Insert-Tray4-12x12.webp 12w, https:\/\/www.yishengpack.com\/wp-content\/uploads\/2025\/07\/Wholesale-Foldable-Clothing-Dessert-Cookies-Chocolate-Lid-and-Base-Gift-Box-with-Lid-Customized-Insert-Tray4-1200x1200.webp 1200w, https:\/\/www.yishengpack.com\/wp-content\/uploads\/2025\/07\/Wholesale-Foldable-Clothing-Dessert-Cookies-Chocolate-Lid-and-Base-Gift-Box-with-Lid-Customized-Insert-Tray4-600x600.webp 600w, https:\/\/www.yishengpack.com\/wp-content\/uploads\/2025\/07\/Wholesale-Foldable-Clothing-Dessert-Cookies-Chocolate-Lid-and-Base-Gift-Box-with-Lid-Customized-Insert-Tray4-100x100.webp 100w\" sizes=\"(max-width: 2355px) 100vw, 2355px\" \/><\/figure>\n<\/div>\n<\/div>\n\n\n\n<p><\/p>","protected":false},"excerpt":{"rendered":"<p>Bienvenue sur notre site de vente en gros de bo\u00eetes pliantes. Notre bo\u00eete cadeau rigide pliable est d'une teinte rose tendre avec un couvercle et une base classiques, \u00e0 la fois esth\u00e9tiques et pratiques pour les besoins d'emballage contemporains. Yisheng est votre partenaire professionnel en mati\u00e8re d'emballage papier personnalis\u00e9 - o\u00f9 nous int\u00e9grons une structure intelligente, un savoir-faire raffin\u00e9 et une fabrication adaptable pour aider votre entreprise \u00e0 se d\u00e9marquer.<\/p>\n<h2>Points forts des bo\u00eetes pliantes en gros<\/h2>\n<ul>\n<li>Personnalisation compl\u00e8te<\/li>\n<li>Mat\u00e9riaux de haute qualit\u00e9<\/li>\n<li>Impression exquise<\/li>\n<li>Plusieurs types de bo\u00eetes<\/li>\n<li>Couleurs vives<\/li>\n<li>Service OEM&amp;ODM<\/li>\n<\/ul>\n<p>\n<script src=\"chrome-extension:\/\/fpelahbljekknahkcaegamhcndkfpfnc\/iFrame.js\" type=\"text\/javascript\"><\/script><\/p>","protected":false},"featured_media":1643,"comment_status":"closed","ping_status":"closed","template":"","meta":{"_acf_changed":false},"box-type":[47,55,57],"product_brand":[],"product_cat":[30,19,41,40,46],"product_tag":[],"class_list":{"0":"post-1642","1":"product","2":"type-product","3":"status-publish","4":"has-post-thumbnail","6":"box-type-custom-drawer-boxes","7":"box-type-custom-foldable-boxes","8":"box-type-custom-rigid-box-with-lid","9":"product_cat-cake-containers-wholesale","10":"product_cat-luxury-gift-boxes-wholesale","11":"product_cat-candy-gift-boxes-wholesale","12":"product_cat-custom-jewelry-boxes","13":"product_cat-wholesale-paper-boxes","15":"first","16":"instock","17":"shipping-taxable","18":"product-type-simple"},"acf":[],"_links":{"self":[{"href":"https:\/\/www.yishengpack.com\/fr\/wp-json\/wp\/v2\/product\/1642","targetHints":{"allow":["GET"]}}],"collection":[{"href":"https:\/\/www.yishengpack.com\/fr\/wp-json\/wp\/v2\/product"}],"about":[{"href":"https:\/\/www.yishengpack.com\/fr\/wp-json\/wp\/v2\/types\/product"}],"replies":[{"embeddable":true,"href":"https:\/\/www.yishengpack.com\/fr\/wp-json\/wp\/v2\/comments?post=1642"}],"wp:featuredmedia":[{"embeddable":true,"href":"https:\/\/www.yishengpack.com\/fr\/wp-json\/wp\/v2\/media\/1643"}],"wp:attachment":[{"href":"https:\/\/www.yishengpack.com\/fr\/wp-json\/wp\/v2\/media?parent=1642"}],"wp:term":[{"taxonomy":"box-type","embeddable":true,"href":"https:\/\/www.yishengpack.com\/fr\/wp-json\/wp\/v2\/box-type?post=1642"},{"taxonomy":"product_brand","embeddable":true,"href":"https:\/\/www.yishengpack.com\/fr\/wp-json\/wp\/v2\/product_brand?post=1642"},{"taxonomy":"product_cat","embeddable":true,"href":"https:\/\/www.yishengpack.com\/fr\/wp-json\/wp\/v2\/product_cat?post=1642"},{"taxonomy":"product_tag","embeddable":true,"href":"https:\/\/www.yishengpack.com\/fr\/wp-json\/wp\/v2\/product_tag?post=1642"}],"curies":[{"name":"wp","href":"https:\/\/api.w.org\/{rel}","templated":true}]}}