{"id":1632,"date":"2025-07-04T10:43:37","date_gmt":"2025-07-04T10:43:37","guid":{"rendered":"https:\/\/www.yishengpack.com\/?post_type=product&#038;p=1632"},"modified":"2025-08-09T11:16:35","modified_gmt":"2025-08-09T11:16:35","slug":"custom-luxury-rigid-boxes","status":"publish","type":"product","link":"https:\/\/www.yishengpack.com\/fr\/produit\/custom-luxury-rigid-boxes\/","title":{"rendered":"Bo\u00eetes rigides de luxe personnalis\u00e9es en vert olive, bo\u00eete cadeau gaufr\u00e9e en gros avec sac \u00e0 poign\u00e9e"},"content":{"rendered":"<div class=\"wp-block-columns is-layout-flex wp-container-core-columns-is-layout-9d6595d7 wp-block-columns-is-layout-flex\">\n<div class=\"wp-block-column is-layout-flow wp-block-column-is-layout-flow\">\n<h3 class=\"wp-block-heading\">Caract\u00e9ristiques des bo\u00eetes rigides de luxe personnalis\u00e9es<\/h3>\n\n\n\n<p><strong>Belle couleur bicolore : <\/strong>Avec leurs magnifiques couleurs orange vibrant et vert olive, ces bo\u00eetes rigides de luxe personnalis\u00e9es cr\u00e9ent un bel effet bicolore qui appelle \u00e0 la sophistication et \u00e0 l'\u00e9l\u00e9gance.<\/p>\n\n\n\n<p><strong>Couvercle gaufr\u00e9 de luxe :<\/strong> Le couvercle de ce coffret cadeau de gros pr\u00e9sente un gaufrage plus fin qui lui conf\u00e8re un effet de texture et une touche de luxe.<\/p>\n\n\n\n<p><strong>Compartiment \u00e0 grille amovible : <\/strong>Les s\u00e9parateurs amovibles de ces bo\u00eetes rigides de luxe personnalis\u00e9es sont id\u00e9aux pour les coffrets cadeaux multiples tels que les snacks, les bonbons ou les accessoires.<\/p>\n\n\n\n<p><strong>Sac cadeau assorti inclus :<\/strong> Le coffret cadeau de gros est accompagn\u00e9 d'un sac cadeau assorti, pour une exp\u00e9rience de d\u00e9ballage et de cadeau homog\u00e8ne et de qualit\u00e9 sup\u00e9rieure.<\/p>\n\n\n\n<p><strong>Service enti\u00e8rement personnalisable<\/strong>: Le service propose des tailles, des couleurs, des motifs, des logos et des mat\u00e9riaux personnalis\u00e9s pour r\u00e9pondre aux diff\u00e9rents besoins en mati\u00e8re d'image de marque.<\/p>\n<\/div>\n\n\n\n<div class=\"wp-block-column is-layout-flow wp-block-column-is-layout-flow\">\n<figure class=\"wp-block-image size-full\"><img decoding=\"async\" width=\"2676\" height=\"2676\" src=\"https:\/\/www.yishengpack.com\/wp-content\/uploads\/2025\/07\/Wholesale-Luxury-Classic-Customized-Embossed-Rigid-Gift-Box-with-Compartments-Olive-Green-Packaging-with-Handle-Bag-Foil-Stamping8.webp\" alt=\"bo\u00eetes-cadeaux-rigides-de-luxe-en-vert-olive-emboss\u00e9es-bo\u00eete-cadeau-en-gros-8\" class=\"wp-image-1640\" srcset=\"https:\/\/www.yishengpack.com\/wp-content\/uploads\/2025\/07\/Wholesale-Luxury-Classic-Customized-Embossed-Rigid-Gift-Box-with-Compartments-Olive-Green-Packaging-with-Handle-Bag-Foil-Stamping8.webp 2676w, https:\/\/www.yishengpack.com\/wp-content\/uploads\/2025\/07\/Wholesale-Luxury-Classic-Customized-Embossed-Rigid-Gift-Box-with-Compartments-Olive-Green-Packaging-with-Handle-Bag-Foil-Stamping8-300x300.webp 300w, https:\/\/www.yishengpack.com\/wp-content\/uploads\/2025\/07\/Wholesale-Luxury-Classic-Customized-Embossed-Rigid-Gift-Box-with-Compartments-Olive-Green-Packaging-with-Handle-Bag-Foil-Stamping8-150x150.webp 150w, https:\/\/www.yishengpack.com\/wp-content\/uploads\/2025\/07\/Wholesale-Luxury-Classic-Customized-Embossed-Rigid-Gift-Box-with-Compartments-Olive-Green-Packaging-with-Handle-Bag-Foil-Stamping8-768x768.webp 768w, https:\/\/www.yishengpack.com\/wp-content\/uploads\/2025\/07\/Wholesale-Luxury-Classic-Customized-Embossed-Rigid-Gift-Box-with-Compartments-Olive-Green-Packaging-with-Handle-Bag-Foil-Stamping8-12x12.webp 12w, https:\/\/www.yishengpack.com\/wp-content\/uploads\/2025\/07\/Wholesale-Luxury-Classic-Customized-Embossed-Rigid-Gift-Box-with-Compartments-Olive-Green-Packaging-with-Handle-Bag-Foil-Stamping8-1200x1200.webp 1200w, https:\/\/www.yishengpack.com\/wp-content\/uploads\/2025\/07\/Wholesale-Luxury-Classic-Customized-Embossed-Rigid-Gift-Box-with-Compartments-Olive-Green-Packaging-with-Handle-Bag-Foil-Stamping8-600x600.webp 600w, https:\/\/www.yishengpack.com\/wp-content\/uploads\/2025\/07\/Wholesale-Luxury-Classic-Customized-Embossed-Rigid-Gift-Box-with-Compartments-Olive-Green-Packaging-with-Handle-Bag-Foil-Stamping8-100x100.webp 100w\" sizes=\"(max-width: 2676px) 100vw, 2676px\" \/><\/figure>\n<\/div>\n<\/div>\n\n\n\n<p><\/p>","protected":false},"excerpt":{"rendered":"<p>Bienvenue dans l'achat de nos bo\u00eetes rigides de luxe personnalis\u00e9es. Cette jolie collection de bo\u00eetes cadeaux pr\u00e9sente un dessus vert olive gaufr\u00e9 et un dessous orange vif avec des grilles de s\u00e9paration amovibles, id\u00e9ales pour ranger soigneusement des friandises, des th\u00e9s ou des accessoires. Avec un sac en papier assorti et fabriqu\u00e9e en carton rigide de haute qualit\u00e9, elle allie l'esth\u00e9tique \u00e0 la fonctionnalit\u00e9.<\/p>\n<h2>Bo\u00eetes rigides de luxe personnalis\u00e9es Sp\u00e9cifications :<\/h2>\n<table width=\"528\">\n<tbody>\n<tr>\n<td width=\"215\">Fabricant :<\/td>\n<td colspan=\"2\" width=\"313\">Yisheng<\/td>\n<\/tr>\n<tr>\n<td>Conception :<\/td>\n<td colspan=\"2\">Bo\u00eetes cadeaux rigides<\/td>\n<\/tr>\n<tr>\n<td>Mat\u00e9riau :\u00a0<\/td>\n<td colspan=\"2\">Carton et papier d'art<\/td>\n<\/tr>\n<tr>\n<td>Couleur :\u00a0<\/td>\n<td colspan=\"2\">Impression offset CMYK 4 couleurs<\/td>\n<\/tr>\n<tr>\n<td>Taille :\u00a0<\/td>\n<td colspan=\"2\" width=\"313\">Acceptation sur mesure<\/td>\n<\/tr>\n<tr>\n<td>Utilisation g\u00e9n\u00e9rale :<\/td>\n<td colspan=\"2\" width=\"313\">Friandises, th\u00e9s, p\u00e2tisseries, biscuits, etc.<\/td>\n<\/tr>\n<tr>\n<td>Forme :\u00a0<\/td>\n<td colspan=\"2\" width=\"313\">Rectangle&amp;Personnalis\u00e9<\/td>\n<\/tr>\n<tr>\n<td>Logo :\u00a0<\/td>\n<td colspan=\"2\">Acceptation de l'impression de logos personnalis\u00e9s<\/td>\n<\/tr>\n<tr>\n<td>MOQ :\u00a0<\/td>\n<td colspan=\"2\">1000pcs<\/td>\n<\/tr>\n<tr>\n<td>OEM ET ODM\uff1a<\/td>\n<td colspan=\"2\">Custom, Welcome OEM &amp; ODM<\/td>\n<\/tr>\n<tr>\n<td>Exemple\uff1a<\/td>\n<td colspan=\"2\">5 \u00e9chantillons gratuits peuvent \u00eatre demand\u00e9s<\/td>\n<\/tr>\n<\/tbody>\n<\/table>\n<p>\n<script src=\"chrome-extension:\/\/fpelahbljekknahkcaegamhcndkfpfnc\/iFrame.js\" type=\"text\/javascript\"><\/script><\/p>","protected":false},"featured_media":1633,"comment_status":"closed","ping_status":"closed","template":"","meta":{"_acf_changed":false},"box-type":[53,57],"product_brand":[],"product_cat":[19,41,40,34,37],"product_tag":[],"class_list":{"0":"post-1632","1":"product","2":"type-product","3":"status-publish","4":"has-post-thumbnail","6":"box-type-custom-ribbon-handle-paper-bag","7":"box-type-custom-rigid-box-with-lid","8":"product_cat-luxury-gift-boxes-wholesale","9":"product_cat-candy-gift-boxes-wholesale","10":"product_cat-custom-jewelry-boxes","11":"product_cat-paper-bags-wholesale","12":"product_cat-paper-gift-bags-bulk","14":"first","15":"instock","16":"shipping-taxable","17":"product-type-simple"},"acf":[],"_links":{"self":[{"href":"https:\/\/www.yishengpack.com\/fr\/wp-json\/wp\/v2\/product\/1632","targetHints":{"allow":["GET"]}}],"collection":[{"href":"https:\/\/www.yishengpack.com\/fr\/wp-json\/wp\/v2\/product"}],"about":[{"href":"https:\/\/www.yishengpack.com\/fr\/wp-json\/wp\/v2\/types\/product"}],"replies":[{"embeddable":true,"href":"https:\/\/www.yishengpack.com\/fr\/wp-json\/wp\/v2\/comments?post=1632"}],"wp:featuredmedia":[{"embeddable":true,"href":"https:\/\/www.yishengpack.com\/fr\/wp-json\/wp\/v2\/media\/1633"}],"wp:attachment":[{"href":"https:\/\/www.yishengpack.com\/fr\/wp-json\/wp\/v2\/media?parent=1632"}],"wp:term":[{"taxonomy":"box-type","embeddable":true,"href":"https:\/\/www.yishengpack.com\/fr\/wp-json\/wp\/v2\/box-type?post=1632"},{"taxonomy":"product_brand","embeddable":true,"href":"https:\/\/www.yishengpack.com\/fr\/wp-json\/wp\/v2\/product_brand?post=1632"},{"taxonomy":"product_cat","embeddable":true,"href":"https:\/\/www.yishengpack.com\/fr\/wp-json\/wp\/v2\/product_cat?post=1632"},{"taxonomy":"product_tag","embeddable":true,"href":"https:\/\/www.yishengpack.com\/fr\/wp-json\/wp\/v2\/product_tag?post=1632"}],"curies":[{"name":"wp","href":"https:\/\/api.w.org\/{rel}","templated":true}]}}