{"id":1620,"date":"2025-08-16T02:35:17","date_gmt":"2025-08-16T02:35:17","guid":{"rendered":"https:\/\/www.yishengpack.com\/?post_type=product&#038;p=1620"},"modified":"2025-09-04T09:01:48","modified_gmt":"2025-09-04T09:01:48","slug":"custom-pull-out-boxes","status":"publish","type":"product","link":"https:\/\/www.yishengpack.com\/fr\/produit\/custom-pull-out-boxes\/","title":{"rendered":"Vente en gros de bo\u00eetes pliantes personnalis\u00e9es pour biscuits au chocolat"},"content":{"rendered":"<div class=\"wp-block-columns is-layout-flex wp-container-core-columns-is-layout-9d6595d7 wp-block-columns-is-layout-flex\">\n<div class=\"wp-block-column is-layout-flow wp-block-column-is-layout-flow\">\n<h3 class=\"wp-block-heading\">Caract\u00e9ristiques des bo\u00eetes coulissantes sur mesure<\/h3>\n\n\n\n<p><strong>Design \u00e9l\u00e9gant du tiroir : <\/strong>La conception des bo\u00eetes \u00e0 tiroirs personnalis\u00e9es offre un m\u00e9canisme d'ouverture souple et pratique, parfait pour offrir une exp\u00e9rience de d\u00e9ballage raffin\u00e9e.<\/p>\n\n\n\n<p><strong>Plateau int\u00e9rieur alimentaire inclus : <\/strong>Les bo\u00eetes coulissantes personnalis\u00e9es comprennent un plateau amovible en papier alimentaire, id\u00e9al pour contenir des chocolats, des bonbons ou des petits desserts - qui peut \u00eatre remplac\u00e9 par un insert pour bijoux.<\/p>\n\n\n\n<p><strong>Conception \u00e0 plat pour une exp\u00e9dition \u00e9conomique :<\/strong> Le fond pliable de la bo\u00eete d'emballage en papier pliable en gros permet d'\u00e9conomiser l'espace d'exp\u00e9dition, ce qui permet de r\u00e9duire les co\u00fbts de stockage et de livraison.<\/p>\n\n\n\n<p><strong>\u00c9l\u00e9gance double ton en chocolat et rose nude : <\/strong>L'\u00e9l\u00e9gant contraste de couleurs entre le brun chocolat et le rose nude sur la bo\u00eete pliante en gros cr\u00e9e une attraction visuelle d\u00e9licate mais \u00e9l\u00e9gante pour la bo\u00eete, id\u00e9ale pour les cadeaux de luxe.<\/p>\n\n\n\n<p><strong>Fonctionnalit\u00e9s enti\u00e8rement personnalisables :<\/strong> Les bo\u00eetes extractibles sont enti\u00e8rement personnalisables en termes de taille, de couleur, de graphisme, de logo, de finition de surface et de configuration des plateaux afin de r\u00e9pondre aux diff\u00e9rents besoins en mati\u00e8re de strat\u00e9gie de marque.<\/p>\n<\/div>\n\n\n\n<div class=\"wp-block-column is-layout-flow wp-block-column-is-layout-flow\">\n<figure class=\"wp-block-image size-full\"><img decoding=\"async\" width=\"2562\" height=\"2562\" src=\"https:\/\/www.yishengpack.com\/wp-content\/uploads\/2025\/06\/Hot-Sale-Wholesale-Foldable-Chocolate-Cookies-Jewelry-Pillowcase-Paper-Packaging-Box-Drawer-Storage-Boxes-Brand-Promotion3.webp\" alt=\"hot-sale-custom-pull-out-boxes-wholesale-foldable-paper-box-for-chocolate-cookies-3\" class=\"wp-image-1623\" srcset=\"https:\/\/www.yishengpack.com\/wp-content\/uploads\/2025\/06\/Hot-Sale-Wholesale-Foldable-Chocolate-Cookies-Jewelry-Pillowcase-Paper-Packaging-Box-Drawer-Storage-Boxes-Brand-Promotion3.webp 2562w, https:\/\/www.yishengpack.com\/wp-content\/uploads\/2025\/06\/Hot-Sale-Wholesale-Foldable-Chocolate-Cookies-Jewelry-Pillowcase-Paper-Packaging-Box-Drawer-Storage-Boxes-Brand-Promotion3-300x300.webp 300w, https:\/\/www.yishengpack.com\/wp-content\/uploads\/2025\/06\/Hot-Sale-Wholesale-Foldable-Chocolate-Cookies-Jewelry-Pillowcase-Paper-Packaging-Box-Drawer-Storage-Boxes-Brand-Promotion3-150x150.webp 150w, https:\/\/www.yishengpack.com\/wp-content\/uploads\/2025\/06\/Hot-Sale-Wholesale-Foldable-Chocolate-Cookies-Jewelry-Pillowcase-Paper-Packaging-Box-Drawer-Storage-Boxes-Brand-Promotion3-768x768.webp 768w, https:\/\/www.yishengpack.com\/wp-content\/uploads\/2025\/06\/Hot-Sale-Wholesale-Foldable-Chocolate-Cookies-Jewelry-Pillowcase-Paper-Packaging-Box-Drawer-Storage-Boxes-Brand-Promotion3-12x12.webp 12w, https:\/\/www.yishengpack.com\/wp-content\/uploads\/2025\/06\/Hot-Sale-Wholesale-Foldable-Chocolate-Cookies-Jewelry-Pillowcase-Paper-Packaging-Box-Drawer-Storage-Boxes-Brand-Promotion3-1200x1200.webp 1200w, https:\/\/www.yishengpack.com\/wp-content\/uploads\/2025\/06\/Hot-Sale-Wholesale-Foldable-Chocolate-Cookies-Jewelry-Pillowcase-Paper-Packaging-Box-Drawer-Storage-Boxes-Brand-Promotion3-600x600.webp 600w, https:\/\/www.yishengpack.com\/wp-content\/uploads\/2025\/06\/Hot-Sale-Wholesale-Foldable-Chocolate-Cookies-Jewelry-Pillowcase-Paper-Packaging-Box-Drawer-Storage-Boxes-Brand-Promotion3-100x100.webp 100w\" sizes=\"(max-width: 2562px) 100vw, 2562px\" \/><\/figure>\n<\/div>\n<\/div>\n\n\n\n<p><\/p>","protected":false},"excerpt":{"rendered":"<p>Bienvenue sur le site d'achat de nos bo\u00eetes \u00e0 tiroirs personnalis\u00e9es. D\u00e9couvrez notre \u00e9l\u00e9gante bo\u00eete \u00e0 tiroirs chocolat et rose nude, parfaite pour l'emballage de chocolats, de bonbons ou de bijoux. Dot\u00e9e d'un design coulissant et d'un plateau en papier de qualit\u00e9 alimentaire, elle allie luxe et commodit\u00e9. De la taille et des couleurs au logo et \u00e0 l'encart, elle est enti\u00e8rement personnalisable pour correspondre \u00e0 votre marque. Laissez-nous vous aider \u00e0 mettre votre produit en valeur, de mani\u00e8re \u00e9l\u00e9gante et efficace.<\/p>\n<h2>Points forts des bo\u00eetes pliantes en gros<\/h2>\n<ul>\n<li>Personnalisation compl\u00e8te<\/li>\n<li>Mat\u00e9riaux de haute qualit\u00e9<\/li>\n<li>Impression exquise<\/li>\n<li>Plusieurs types de bo\u00eetes<\/li>\n<li>Couleurs vives<\/li>\n<li>Service OEM&amp;ODM<\/li>\n<\/ul>\n<p>&nbsp;<\/p><\/p>","protected":false},"featured_media":1621,"comment_status":"closed","ping_status":"closed","template":"","meta":{"_acf_changed":false},"box-type":[47,55,61],"product_brand":[],"product_cat":[19,41,40,46,33,44],"product_tag":[],"class_list":{"0":"post-1620","1":"product","2":"type-product","3":"status-publish","4":"has-post-thumbnail","6":"box-type-custom-drawer-boxes","7":"box-type-custom-foldable-boxes","8":"box-type-custom-two-piece-boxes","9":"product_cat-luxury-gift-boxes-wholesale","10":"product_cat-candy-gift-boxes-wholesale","11":"product_cat-custom-jewelry-boxes","12":"product_cat-wholesale-paper-boxes","13":"product_cat-food-packaging-boxes-wholesale","14":"product_cat-custom-snack-box","16":"first","17":"instock","18":"shipping-taxable","19":"product-type-simple"},"acf":[],"_links":{"self":[{"href":"https:\/\/www.yishengpack.com\/fr\/wp-json\/wp\/v2\/product\/1620","targetHints":{"allow":["GET"]}}],"collection":[{"href":"https:\/\/www.yishengpack.com\/fr\/wp-json\/wp\/v2\/product"}],"about":[{"href":"https:\/\/www.yishengpack.com\/fr\/wp-json\/wp\/v2\/types\/product"}],"replies":[{"embeddable":true,"href":"https:\/\/www.yishengpack.com\/fr\/wp-json\/wp\/v2\/comments?post=1620"}],"wp:featuredmedia":[{"embeddable":true,"href":"https:\/\/www.yishengpack.com\/fr\/wp-json\/wp\/v2\/media\/1621"}],"wp:attachment":[{"href":"https:\/\/www.yishengpack.com\/fr\/wp-json\/wp\/v2\/media?parent=1620"}],"wp:term":[{"taxonomy":"box-type","embeddable":true,"href":"https:\/\/www.yishengpack.com\/fr\/wp-json\/wp\/v2\/box-type?post=1620"},{"taxonomy":"product_brand","embeddable":true,"href":"https:\/\/www.yishengpack.com\/fr\/wp-json\/wp\/v2\/product_brand?post=1620"},{"taxonomy":"product_cat","embeddable":true,"href":"https:\/\/www.yishengpack.com\/fr\/wp-json\/wp\/v2\/product_cat?post=1620"},{"taxonomy":"product_tag","embeddable":true,"href":"https:\/\/www.yishengpack.com\/fr\/wp-json\/wp\/v2\/product_tag?post=1620"}],"curies":[{"name":"wp","href":"https:\/\/api.w.org\/{rel}","templated":true}]}}