{"id":1565,"date":"2025-06-05T10:28:02","date_gmt":"2025-06-05T10:28:02","guid":{"rendered":"https:\/\/www.yishengpack.com\/?post_type=product&#038;p=1565"},"modified":"2025-08-11T02:47:52","modified_gmt":"2025-08-11T02:47:52","slug":"paper-gift-bags-in-bulk","status":"publish","type":"product","link":"https:\/\/www.yishengpack.com\/fr\/produit\/paper-gift-bags-in-bulk\/","title":{"rendered":"Sacs cadeaux en papier textur\u00e9 de luxe en vrac avec fermeture par ruban, bo\u00eetes \u00e0 bijoux coordonn\u00e9es"},"content":{"rendered":"<div class=\"wp-block-columns is-layout-flex wp-container-core-columns-is-layout-9d6595d7 wp-block-columns-is-layout-flex\">\n<div class=\"wp-block-column is-layout-flow wp-block-column-is-layout-flow\">\n<h3 class=\"wp-block-heading\">Caract\u00e9ristiques des sacs cadeaux en papier de luxe en vrac<\/h3>\n\n\n\n<p><strong>Fermeture par ruban avec poign\u00e9e d\u00e9coup\u00e9e :<\/strong> La poign\u00e9e d\u00e9coup\u00e9e et la fermeture \u00e0 ruban de satin de ce sac cadeau personnalis\u00e9 sont \u00e0 la fois d\u00e9coratives et fonctionnelles. Le ruban de satin ajoute une touche finale douce et haut de gamme, id\u00e9ale pour offrir des bijoux, des cosm\u00e9tiques ou des accessoires haut de gamme.<\/p>\n\n\n\n<p><strong>Construction rigide avec fond pliable : <\/strong>Nos sacs cadeaux en papier en vrac sont fabriqu\u00e9s \u00e0 partir de carton r\u00e9sistant de qualit\u00e9. Le sac est rigide pour prot\u00e9ger vos produits, tandis que le fond pliable permet de r\u00e9aliser des \u00e9conomies et de gagner de la place lors de l'exp\u00e9dition et du stockage.<\/p>\n\n\n\n<p><strong>Options de conception personnalis\u00e9e : <\/strong>Ce sac en papier personnalis\u00e9 est con\u00e7u en fonction de l'identit\u00e9 de votre marque. Choisissez parmi une large gamme de couleurs, de textures de surface (mate, gaufr\u00e9e, grain cuir, etc.), de rubans de poign\u00e9e et d'impression de logo personnalis\u00e9.<\/p>\n\n\n\n<p><strong>Coffret cadeau assorti disponible : <\/strong>Pour une exp\u00e9rience de d\u00e9ballage compl\u00e8te et coh\u00e9rente, nos sacs cadeaux en papier en vrac peuvent \u00eatre associ\u00e9s \u00e0 une bo\u00eete \u00e0 bijoux rigide personnalis\u00e9e qui s'ins\u00e8re \u00e0 l'int\u00e9rieur. L'ensemble permet de porter la pr\u00e9sentation du produit \u00e0 un niveau sup\u00e9rieur - id\u00e9al pour emballer des colliers, des boucles d'oreilles ou d'autres produits de luxe, ce qui en fait un choix judicieux pour la vente au d\u00e9tail de produits de luxe et les cadeaux promotionnels.<\/p>\n\n\n\n<p><strong>Id\u00e9al pour les bijoux, la beaut\u00e9 et les boutiques :<\/strong> Nos sacs cadeaux en papier en vrac ont de nombreuses fonctions. Ils peuvent \u00eatre utilis\u00e9s pour diff\u00e9rents articles, notamment des bijoux, des produits de beaut\u00e9 et des accessoires de mode. Ils peuvent \u00eatre utilis\u00e9s dans les boutiques, comme cadeaux de mariage, \u00e0 No\u00ebl et \u00e0 bien d'autres occasions, gr\u00e2ce \u00e0 leur aspect haut de gamme et \u00e0 leur conception bien pens\u00e9e.<\/p>\n<\/div>\n\n\n\n<div class=\"wp-block-column is-layout-flow wp-block-column-is-layout-flow\">\n<figure class=\"wp-block-image size-full\"><img decoding=\"async\" width=\"800\" height=\"800\" src=\"https:\/\/www.yishengpack.com\/wp-content\/uploads\/2025\/06\/Wholesale-Luxury-Textured-Paper-Gift-Bags-with-Ribbon-Closure-\u2013-Foldable-Design-with-Coordinated-Jewelry-Boxes7.webp\" alt=\"sacs-cadeaux en papier textur\u00e9 de luxe en vrac avec fermeture en ruban - coffrets \u00e0 bijoux coordonn\u00e9s - 7\" class=\"wp-image-1572\" srcset=\"https:\/\/www.yishengpack.com\/wp-content\/uploads\/2025\/06\/Wholesale-Luxury-Textured-Paper-Gift-Bags-with-Ribbon-Closure-\u2013-Foldable-Design-with-Coordinated-Jewelry-Boxes7.webp 800w, https:\/\/www.yishengpack.com\/wp-content\/uploads\/2025\/06\/Wholesale-Luxury-Textured-Paper-Gift-Bags-with-Ribbon-Closure-\u2013-Foldable-Design-with-Coordinated-Jewelry-Boxes7-300x300.webp 300w, https:\/\/www.yishengpack.com\/wp-content\/uploads\/2025\/06\/Wholesale-Luxury-Textured-Paper-Gift-Bags-with-Ribbon-Closure-\u2013-Foldable-Design-with-Coordinated-Jewelry-Boxes7-150x150.webp 150w, https:\/\/www.yishengpack.com\/wp-content\/uploads\/2025\/06\/Wholesale-Luxury-Textured-Paper-Gift-Bags-with-Ribbon-Closure-\u2013-Foldable-Design-with-Coordinated-Jewelry-Boxes7-768x768.webp 768w, https:\/\/www.yishengpack.com\/wp-content\/uploads\/2025\/06\/Wholesale-Luxury-Textured-Paper-Gift-Bags-with-Ribbon-Closure-\u2013-Foldable-Design-with-Coordinated-Jewelry-Boxes7-12x12.webp 12w, https:\/\/www.yishengpack.com\/wp-content\/uploads\/2025\/06\/Wholesale-Luxury-Textured-Paper-Gift-Bags-with-Ribbon-Closure-\u2013-Foldable-Design-with-Coordinated-Jewelry-Boxes7-600x600.webp 600w, https:\/\/www.yishengpack.com\/wp-content\/uploads\/2025\/06\/Wholesale-Luxury-Textured-Paper-Gift-Bags-with-Ribbon-Closure-\u2013-Foldable-Design-with-Coordinated-Jewelry-Boxes7-100x100.webp 100w\" sizes=\"(max-width: 800px) 100vw, 800px\" \/><\/figure>\n<\/div>\n<\/div>\n\n\n\n<p><\/p>","protected":false},"excerpt":{"rendered":"<p>Bienvenue sur notre site d'achat de sacs cadeaux personnalis\u00e9s. Nos sacs cadeaux en papier en vrac sont dot\u00e9s d'une poign\u00e9e d\u00e9coup\u00e9e \u00e0 l'emporte-pi\u00e8ce et d'un ruban de fermeture - pas besoin d'aimants. Ils sont pliables, personnalisables et disponibles avec des bo\u00eetes \u00e0 bijoux assorties. Fabriqu\u00e9s par Yisheng, un fournisseur professionnel d'emballages en papier qui propose des services de personnalisation OEM\/ODM pour r\u00e9pondre \u00e0 vos besoins en mati\u00e8re d'image de marque.<\/p>\n<h2>Sacs cadeaux en papier en vrac Sp\u00e9cifications :<\/h2>\n<table width=\"528\">\n<tbody>\n<tr>\n<td width=\"215\">Fabricant :<\/td>\n<td colspan=\"2\" width=\"313\">Yisheng<\/td>\n<\/tr>\n<tr>\n<td>Conception :<\/td>\n<td colspan=\"2\">Sacs pliables<\/td>\n<\/tr>\n<tr>\n<td>Mat\u00e9riau :\u00a0<\/td>\n<td colspan=\"2\">Carton et papier d'art<\/td>\n<\/tr>\n<tr>\n<td>Couleur :\u00a0<\/td>\n<td colspan=\"2\">Impression offset CMYK 4 couleurs<\/td>\n<\/tr>\n<tr>\n<td>Taille :\u00a0<\/td>\n<td colspan=\"2\" width=\"313\">Acceptation sur mesure<\/td>\n<\/tr>\n<tr>\n<td>Utilisation g\u00e9n\u00e9rale :<\/td>\n<td colspan=\"2\" width=\"313\">Boucles d'oreilles, colliers, bagues, bracelets, cadeaux de mariage, etc.<\/td>\n<\/tr>\n<tr>\n<td>Forme :\u00a0<\/td>\n<td colspan=\"2\" width=\"313\">Rectangle&amp;Personnalis\u00e9<\/td>\n<\/tr>\n<tr>\n<td>Logo :\u00a0<\/td>\n<td colspan=\"2\">Acceptation de l'impression de logos personnalis\u00e9s<\/td>\n<\/tr>\n<tr>\n<td>MOQ :\u00a0<\/td>\n<td colspan=\"2\">1000pcs<\/td>\n<\/tr>\n<tr>\n<td>OEM ET ODM\uff1a<\/td>\n<td colspan=\"2\">Custom, Welcome OEM &amp; ODM<\/td>\n<\/tr>\n<tr>\n<td>Exemple\uff1a<\/td>\n<td colspan=\"2\">5 \u00e9chantillons gratuits peuvent \u00eatre demand\u00e9s<\/td>\n<\/tr>\n<\/tbody>\n<\/table>\n<p>\n<script src=\"chrome-extension:\/\/fpelahbljekknahkcaegamhcndkfpfnc\/iFrame.js\" type=\"text\/javascript\"><\/script><\/p>","protected":false},"featured_media":1566,"comment_status":"closed","ping_status":"closed","template":"","meta":{"_acf_changed":false},"box-type":[53],"product_brand":[],"product_cat":[34,37],"product_tag":[],"class_list":{"0":"post-1565","1":"product","2":"type-product","3":"status-publish","4":"has-post-thumbnail","6":"box-type-custom-ribbon-handle-paper-bag","7":"product_cat-paper-bags-wholesale","8":"product_cat-paper-gift-bags-bulk","10":"first","11":"instock","12":"shipping-taxable","13":"product-type-simple"},"acf":[],"_links":{"self":[{"href":"https:\/\/www.yishengpack.com\/fr\/wp-json\/wp\/v2\/product\/1565","targetHints":{"allow":["GET"]}}],"collection":[{"href":"https:\/\/www.yishengpack.com\/fr\/wp-json\/wp\/v2\/product"}],"about":[{"href":"https:\/\/www.yishengpack.com\/fr\/wp-json\/wp\/v2\/types\/product"}],"replies":[{"embeddable":true,"href":"https:\/\/www.yishengpack.com\/fr\/wp-json\/wp\/v2\/comments?post=1565"}],"wp:featuredmedia":[{"embeddable":true,"href":"https:\/\/www.yishengpack.com\/fr\/wp-json\/wp\/v2\/media\/1566"}],"wp:attachment":[{"href":"https:\/\/www.yishengpack.com\/fr\/wp-json\/wp\/v2\/media?parent=1565"}],"wp:term":[{"taxonomy":"box-type","embeddable":true,"href":"https:\/\/www.yishengpack.com\/fr\/wp-json\/wp\/v2\/box-type?post=1565"},{"taxonomy":"product_brand","embeddable":true,"href":"https:\/\/www.yishengpack.com\/fr\/wp-json\/wp\/v2\/product_brand?post=1565"},{"taxonomy":"product_cat","embeddable":true,"href":"https:\/\/www.yishengpack.com\/fr\/wp-json\/wp\/v2\/product_cat?post=1565"},{"taxonomy":"product_tag","embeddable":true,"href":"https:\/\/www.yishengpack.com\/fr\/wp-json\/wp\/v2\/product_tag?post=1565"}],"curies":[{"name":"wp","href":"https:\/\/api.w.org\/{rel}","templated":true}]}}