{"id":155,"date":"2024-12-26T09:00:12","date_gmt":"2024-12-26T09:00:12","guid":{"rendered":"https:\/\/www.yishengpack.com\/?post_type=product&#038;p=155"},"modified":"2025-10-29T02:35:04","modified_gmt":"2025-10-29T02:35:04","slug":"wholesale-3-compartment-containers","status":"publish","type":"product","link":"https:\/\/www.yishengpack.com\/fr\/produit\/wholesale-3-compartment-containers\/","title":{"rendered":"Conteneurs ronds en plastique \u00e0 3 compartiments avec couvercle"},"content":{"rendered":"<div class=\"wp-block-columns is-layout-flex wp-container-core-columns-is-layout-9d6595d7 wp-block-columns-is-layout-flex\">\n<div class=\"wp-block-column is-layout-flow wp-block-column-is-layout-flow\">\n<h3 class=\"wp-block-heading\">Caract\u00e9ristiques des conteneurs \u00e0 3 compartiments pour la vente en gros<\/h3>\n\n\n\n<p><strong>PET de premi\u00e8re qualit\u00e9 Mat\u00e9riau :<\/strong> Les r\u00e9cipients \u00e0 3 compartiments sont fabriqu\u00e9s en plastique de qualit\u00e9 alimentaire, s\u00fbr et non toxique, durable et l\u00e9ger, adapt\u00e9 \u00e0 une utilisation prolong\u00e9e pour garantir la s\u00e9curit\u00e9 des aliments.<\/p>\n\n\n\n<p><strong>Conception du fond concave :<\/strong> Le fond concave de ce conteneur \u00e0 3 compartiments emp\u00eache les glissements et permet de le placer fermement.<\/p>\n\n\n\n<p><strong>Couvercle scell\u00e9 :<\/strong> Livr\u00e9 avec un couvercle solide et encliquetable, il permet de conserver la fra\u00eecheur des aliments \u00e0 l'abri de toute contamination ext\u00e9rieure.<\/p>\n\n\n\n<p><strong>Conception \u00e0 trois compartiments :<\/strong> Avec trois compartiments ind\u00e9pendants, il est facile de s\u00e9parer les diff\u00e9rents types d'aliments afin que les saveurs ne se m\u00e9langent pas.<\/p>\n\n\n\n<p><strong>Polyvalent :<\/strong> Les conteneurs \u00e0 3 compartiments conviennent aux restaurants, aux plats \u00e0 emporter, aux usines de transformation alimentaire, \u00e0 la pr\u00e9paration de repas familiaux et \u00e0 d'autres sc\u00e9narios. Ils sont multifonctionnels et r\u00e9pondent \u00e0 diff\u00e9rents besoins en mati\u00e8re d'emballage alimentaire.<\/p>\n\n\n\n<p><strong>Empilable et peu encombrant : <\/strong>Le plateau en plastique avec couvercle a un design rond et une base stable, ce qui rend les conteneurs faciles \u00e0 empiler pour le stockage et peu encombrants, adapt\u00e9s aux achats en vrac.<\/p>\n<\/div>\n\n\n\n<div class=\"wp-block-column is-layout-flow wp-block-column-is-layout-flow\">\n<figure class=\"wp-block-image size-full\"><img decoding=\"async\" width=\"750\" height=\"879\" src=\"https:\/\/www.yishengpack.com\/wp-content\/uploads\/2024\/12\/Wholesale-3-Compartment-Containers-Round-Plastic-Food-Containers-with-Lids-3.webp\" alt=\"Wholesale 3 Compartment Containers Round Plastic Food Containers with Lids (3)\" class=\"wp-image-158\" srcset=\"https:\/\/www.yishengpack.com\/wp-content\/uploads\/2024\/12\/Wholesale-3-Compartment-Containers-Round-Plastic-Food-Containers-with-Lids-3.webp 750w, https:\/\/www.yishengpack.com\/wp-content\/uploads\/2024\/12\/Wholesale-3-Compartment-Containers-Round-Plastic-Food-Containers-with-Lids-3-256x300.webp 256w, https:\/\/www.yishengpack.com\/wp-content\/uploads\/2024\/12\/Wholesale-3-Compartment-Containers-Round-Plastic-Food-Containers-with-Lids-3-600x703.webp 600w\" sizes=\"(max-width: 750px) 100vw, 750px\" \/><\/figure>\n<\/div>\n<\/div>","protected":false},"excerpt":{"rendered":"<p>Nous vous invitons \u00e0 acheter ces conteneurs \u00e0 3 compartiments en gros. Les bo\u00eetes rondes avec couvercles pour aliments en plastique sont fabriqu\u00e9es en plastique durable de haute qualit\u00e9 avec des couvercles s\u00fbrs pour conserver la fra\u00eecheur des aliments tout en \u00e9vitant efficacement le m\u00e9lange des saveurs entre les aliments. Parfaites pour les restaurants, les traiteurs et les services alimentaires. Disponibles en vrac, elles peuvent \u00eatre personnalis\u00e9es pour r\u00e9pondre aux besoins de la marque.<\/p>\n<h2>Conteneurs \u00e0 3 compartiments en gros Sp\u00e9cifications :<\/h2>\n<table width=\"528\">\n<tbody>\n<tr>\n<td width=\"215\">Fabricant :<\/td>\n<td colspan=\"2\" width=\"313\">Yisheng<\/td>\n<\/tr>\n<tr>\n<td>Mod\u00e8le :<\/td>\n<td colspan=\"2\">B513<\/td>\n<\/tr>\n<tr>\n<td>Mat\u00e9riau :\u00a0<\/td>\n<td colspan=\"2\">PET<\/td>\n<\/tr>\n<tr>\n<td>Couleur :\u00a0<\/td>\n<td colspan=\"2\">Clair<\/td>\n<\/tr>\n<tr>\n<td>Taille :\u00a0<\/td>\n<td colspan=\"2\" width=\"313\">15.5cm*5cm<br \/>(cadre int\u00e9rieur : 11.2cm*6.7cm)<\/td>\n<\/tr>\n<tr>\n<td>Poids :\u00a0<\/td>\n<td colspan=\"2\">24,4g\/pc<\/td>\n<\/tr>\n<tr>\n<td>Forme :\u00a0<\/td>\n<td colspan=\"2\">Rond<\/td>\n<\/tr>\n<tr>\n<td>Emballage :\u00a0<\/td>\n<td colspan=\"2\">50pcs\/sac<\/td>\n<\/tr>\n<tr>\n<td>MOQ :\u00a0<\/td>\n<td colspan=\"2\">800pcs<\/td>\n<\/tr>\n<tr>\n<td>OEM&amp;ODM :\u00a0<\/td>\n<td colspan=\"2\">Sur mesure, Bienvenue OEM&amp;ODM<\/td>\n<\/tr>\n<tr>\n<td>Exemple\uff1a<\/td>\n<td colspan=\"2\">10 pcs \u00e9chantillons gratuits peuvent \u00eatre demand\u00e9s<\/td>\n<\/tr>\n<\/tbody>\n<\/table>\n<p>&nbsp;<\/p>","protected":false},"featured_media":898,"comment_status":"closed","ping_status":"closed","template":"","meta":{"_acf_changed":false},"box-type":[61],"product_brand":[],"product_cat":[30,21,33,45],"product_tag":[],"class_list":{"0":"post-155","1":"product","2":"type-product","3":"status-publish","4":"has-post-thumbnail","6":"box-type-custom-two-piece-boxes","7":"product_cat-cake-containers-wholesale","8":"product_cat-plastic-cake-containers-wholesale","9":"product_cat-food-packaging-boxes-wholesale","10":"product_cat-bulk-disposable-food-containers","12":"first","13":"instock","14":"shipping-taxable","15":"product-type-simple"},"acf":[],"_links":{"self":[{"href":"https:\/\/www.yishengpack.com\/fr\/wp-json\/wp\/v2\/product\/155","targetHints":{"allow":["GET"]}}],"collection":[{"href":"https:\/\/www.yishengpack.com\/fr\/wp-json\/wp\/v2\/product"}],"about":[{"href":"https:\/\/www.yishengpack.com\/fr\/wp-json\/wp\/v2\/types\/product"}],"replies":[{"embeddable":true,"href":"https:\/\/www.yishengpack.com\/fr\/wp-json\/wp\/v2\/comments?post=155"}],"wp:featuredmedia":[{"embeddable":true,"href":"https:\/\/www.yishengpack.com\/fr\/wp-json\/wp\/v2\/media\/898"}],"wp:attachment":[{"href":"https:\/\/www.yishengpack.com\/fr\/wp-json\/wp\/v2\/media?parent=155"}],"wp:term":[{"taxonomy":"box-type","embeddable":true,"href":"https:\/\/www.yishengpack.com\/fr\/wp-json\/wp\/v2\/box-type?post=155"},{"taxonomy":"product_brand","embeddable":true,"href":"https:\/\/www.yishengpack.com\/fr\/wp-json\/wp\/v2\/product_brand?post=155"},{"taxonomy":"product_cat","embeddable":true,"href":"https:\/\/www.yishengpack.com\/fr\/wp-json\/wp\/v2\/product_cat?post=155"},{"taxonomy":"product_tag","embeddable":true,"href":"https:\/\/www.yishengpack.com\/fr\/wp-json\/wp\/v2\/product_tag?post=155"}],"curies":[{"name":"wp","href":"https:\/\/api.w.org\/{rel}","templated":true}]}}