{"id":1523,"date":"2025-05-29T15:57:55","date_gmt":"2025-05-29T15:57:55","guid":{"rendered":"https:\/\/www.yishengpack.com\/?post_type=product&#038;p=1523"},"modified":"2025-09-13T06:42:34","modified_gmt":"2025-09-13T06:42:34","slug":"custom-magnetic-gift-boxes","status":"publish","type":"product","link":"https:\/\/www.yishengpack.com\/fr\/produit\/custom-magnetic-gift-boxes\/","title":{"rendered":"Bo\u00eetes \u00e0 cadeaux magn\u00e9tiques classiques avec poign\u00e9e en cuir, Bo\u00eetes \u00e0 cadeaux en gros"},"content":{"rendered":"<div class=\"wp-block-columns is-layout-flex wp-container-core-columns-is-layout-9d6595d7 wp-block-columns-is-layout-flex\">\n<div class=\"wp-block-column is-layout-flow wp-block-column-is-layout-flow\">\n<h3 class=\"wp-block-heading\">Caract\u00e9ristiques des bo\u00eetes cadeaux magn\u00e9tiques personnalis\u00e9es<\/h3>\n\n\n\n<p><strong>Fermeture magn\u00e9tique de premi\u00e8re qualit\u00e9 avec poign\u00e9e en cuir :<\/strong> Nos bo\u00eetes cadeaux magn\u00e9tiques personnalis\u00e9es sont dot\u00e9es d'un puissant aimant int\u00e9gr\u00e9 ; le couvercle s'ouvre et se ferme facilement tout en gardant vos produits en s\u00e9curit\u00e9 et en les pr\u00e9sentant de mani\u00e8re \u00e9l\u00e9gante. Avec la poign\u00e9e en cuir PU ajout\u00e9e, non seulement l'apparence est rehauss\u00e9e, mais la portabilit\u00e9 est \u00e9galement offerte, ce qui en fait la solution id\u00e9ale pour les cadeaux de luxe, les mariages et les emballages de vente au d\u00e9tail.<\/p>\n\n\n\n<p><strong>Construction solide et rigide avec motif floral personnalis\u00e9 :<\/strong> Ces bo\u00eetes de bonbons en gros sont fabriqu\u00e9es en carton rigide et robuste ; la construction de la bo\u00eete est solide et durable. L'ext\u00e9rieur est recouvert d'un papier sp\u00e9cial textur\u00e9 portant une impression florale haute d\u00e9finition, cr\u00e9ant un design mature et vintage adapt\u00e9 \u00e0 la pr\u00e9sentation d'une marque ou \u00e0 l'emballage de cadeaux haut de gamme.<\/p>\n\n\n\n<p><strong>Options de personnalisation compl\u00e8tes - taille, couleur, finition : <\/strong>Tous les \u00e9l\u00e9ments de ces bo\u00eetes magn\u00e9tiques personnalis\u00e9es peuvent \u00eatre adapt\u00e9s \u00e0 votre marque ou \u00e0 votre \u00e9v\u00e9nement. Des dimensions de la bo\u00eete au traitement de surface (pelliculage mat\/brillant, estampage, gaufrage, impression UV), en passant par la couleur de la poign\u00e9e en cuir et le style de la quincaillerie, nous donnons vie \u00e0 votre vision avec pr\u00e9cision.<\/p>\n\n\n\n<p><strong>Emballage de luxe polyvalent :<\/strong> Ces bo\u00eetes magn\u00e9tiques personnalis\u00e9es sont parfaites pour l'emballage de bijoux, de parfums, de bougies ou de chocolats. Elles sont \u00e9galement largement utilis\u00e9es comme bo\u00eetes \u00e0 souvenirs, bo\u00eetes \u00e0 cadeaux de mariage ou bo\u00eetes de pr\u00e9sentation de marque. Sa construction robuste et son design luxueux lui permettent de servir de bo\u00eete de rangement ou de cadeau r\u00e9utilisable une fois d\u00e9ball\u00e9e.<\/p>\n\n\n\n<p><strong>Respectueux de l'environnement et de l'artisanat de luxe :<\/strong> Ces bo\u00eetes \u00e0 bonbons en gros, respectueuses de l'environnement et fabriqu\u00e9es \u00e0 partir de mat\u00e9riaux recyclables, sont le fruit d'un travail artisanal de grande qualit\u00e9. Soigneusement assembl\u00e9es pour cr\u00e9er une finition parfaite et une durabilit\u00e9 structurelle, elles offrent une valeur \u00e9cologique et un attrait visuel luxueux.<\/p>\n<\/div>\n\n\n\n<div class=\"wp-block-column is-layout-flow wp-block-column-is-layout-flow\">\n<figure class=\"wp-block-image size-full\"><img decoding=\"async\" width=\"750\" height=\"750\" src=\"https:\/\/www.yishengpack.com\/wp-content\/uploads\/2025\/05\/Customized-Classic-Cube-Luxury-Card-Board-Wedding-Bridesmaid-Return-Gift-Flannel-Candy-Magnetic-Boxes-With-Leather-Handle2.webp\" alt=\"bo\u00eetes-cadeaux magn\u00e9tiques personnalis\u00e9es avec poign\u00e9e en cuir-bo\u00eetes-cadeaux pour bonbons-wholesale-2\" class=\"wp-image-1526\" srcset=\"https:\/\/www.yishengpack.com\/wp-content\/uploads\/2025\/05\/Customized-Classic-Cube-Luxury-Card-Board-Wedding-Bridesmaid-Return-Gift-Flannel-Candy-Magnetic-Boxes-With-Leather-Handle2.webp 750w, https:\/\/www.yishengpack.com\/wp-content\/uploads\/2025\/05\/Customized-Classic-Cube-Luxury-Card-Board-Wedding-Bridesmaid-Return-Gift-Flannel-Candy-Magnetic-Boxes-With-Leather-Handle2-300x300.webp 300w, https:\/\/www.yishengpack.com\/wp-content\/uploads\/2025\/05\/Customized-Classic-Cube-Luxury-Card-Board-Wedding-Bridesmaid-Return-Gift-Flannel-Candy-Magnetic-Boxes-With-Leather-Handle2-150x150.webp 150w, https:\/\/www.yishengpack.com\/wp-content\/uploads\/2025\/05\/Customized-Classic-Cube-Luxury-Card-Board-Wedding-Bridesmaid-Return-Gift-Flannel-Candy-Magnetic-Boxes-With-Leather-Handle2-12x12.webp 12w, https:\/\/www.yishengpack.com\/wp-content\/uploads\/2025\/05\/Customized-Classic-Cube-Luxury-Card-Board-Wedding-Bridesmaid-Return-Gift-Flannel-Candy-Magnetic-Boxes-With-Leather-Handle2-600x600.webp 600w, https:\/\/www.yishengpack.com\/wp-content\/uploads\/2025\/05\/Customized-Classic-Cube-Luxury-Card-Board-Wedding-Bridesmaid-Return-Gift-Flannel-Candy-Magnetic-Boxes-With-Leather-Handle2-100x100.webp 100w\" sizes=\"(max-width: 750px) 100vw, 750px\" \/><\/figure>\n<\/div>\n<\/div>\n\n\n\n<p><\/p>","protected":false},"excerpt":{"rendered":"<p>Nous vous invitons \u00e0 acheter nos bo\u00eetes magn\u00e9tiques personnalis\u00e9es. Nos bo\u00eetes cadeaux pour bonbons en gros sont le point de rencontre de l'\u00e9l\u00e9gance et de l'art. Dot\u00e9e d'une base solide et rigide, d'une fermeture magn\u00e9tique et d'une poign\u00e9e en cuir, elle offre une fonctionnalit\u00e9 et une pr\u00e9sentation luxueuse. Utilis\u00e9e pour emballer des chocolats, des parfums ou des bijoux de luxe, cette bo\u00eete promet que votre produit brille d'un go\u00fbt et d'une qualit\u00e9 intemporels.<\/p>\n<h2>Points forts des bo\u00eetes cadeaux magn\u00e9tiques personnalis\u00e9es<\/h2>\n<ul>\n<li>Personnalisation compl\u00e8te<\/li>\n<li>Mat\u00e9riaux de haute qualit\u00e9<\/li>\n<li>Impression exquise<\/li>\n<li>Diff\u00e9rentes tailles de bo\u00eetes<\/li>\n<li>Options de couleurs multiples<\/li>\n<li>Construction robuste<\/li>\n<li>Fermeture magn\u00e9tique<\/li>\n<li>Poign\u00e9e en cuir<\/li>\n<\/ul>","protected":false},"featured_media":1525,"comment_status":"closed","ping_status":"closed","template":"","meta":{"_acf_changed":false},"box-type":[54],"product_brand":[],"product_cat":[19,41],"product_tag":[],"class_list":{"0":"post-1523","1":"product","2":"type-product","3":"status-publish","4":"has-post-thumbnail","6":"box-type-custom-magnetic-closure-boxes","7":"product_cat-luxury-gift-boxes-wholesale","8":"product_cat-candy-gift-boxes-wholesale","10":"first","11":"instock","12":"shipping-taxable","13":"product-type-simple"},"acf":[],"_links":{"self":[{"href":"https:\/\/www.yishengpack.com\/fr\/wp-json\/wp\/v2\/product\/1523","targetHints":{"allow":["GET"]}}],"collection":[{"href":"https:\/\/www.yishengpack.com\/fr\/wp-json\/wp\/v2\/product"}],"about":[{"href":"https:\/\/www.yishengpack.com\/fr\/wp-json\/wp\/v2\/types\/product"}],"replies":[{"embeddable":true,"href":"https:\/\/www.yishengpack.com\/fr\/wp-json\/wp\/v2\/comments?post=1523"}],"wp:featuredmedia":[{"embeddable":true,"href":"https:\/\/www.yishengpack.com\/fr\/wp-json\/wp\/v2\/media\/1525"}],"wp:attachment":[{"href":"https:\/\/www.yishengpack.com\/fr\/wp-json\/wp\/v2\/media?parent=1523"}],"wp:term":[{"taxonomy":"box-type","embeddable":true,"href":"https:\/\/www.yishengpack.com\/fr\/wp-json\/wp\/v2\/box-type?post=1523"},{"taxonomy":"product_brand","embeddable":true,"href":"https:\/\/www.yishengpack.com\/fr\/wp-json\/wp\/v2\/product_brand?post=1523"},{"taxonomy":"product_cat","embeddable":true,"href":"https:\/\/www.yishengpack.com\/fr\/wp-json\/wp\/v2\/product_cat?post=1523"},{"taxonomy":"product_tag","embeddable":true,"href":"https:\/\/www.yishengpack.com\/fr\/wp-json\/wp\/v2\/product_tag?post=1523"}],"curies":[{"name":"wp","href":"https:\/\/api.w.org\/{rel}","templated":true}]}}