{"id":1510,"date":"2025-06-05T10:06:05","date_gmt":"2025-06-05T10:06:05","guid":{"rendered":"https:\/\/www.yishengpack.com\/?post_type=product&#038;p=1510"},"modified":"2025-09-13T06:53:42","modified_gmt":"2025-09-13T06:53:42","slug":"custom-candy-gift-box","status":"publish","type":"product","link":"https:\/\/www.yishengpack.com\/fr\/produit\/custom-candy-gift-box\/","title":{"rendered":"Bo\u00eete \u00e0 bonbons personnalis\u00e9e avec s\u00e9parateurs amovibles et finition en aluminium, bo\u00eetes \u00e0 bonbons magn\u00e9tiques en gros"},"content":{"rendered":"<div class=\"wp-block-columns is-layout-flex wp-container-core-columns-is-layout-9d6595d7 wp-block-columns-is-layout-flex\">\n<div class=\"wp-block-column is-layout-flow wp-block-column-is-layout-flow\">\n<h3 class=\"wp-block-heading\">Caract\u00e9ristiques de la bo\u00eete \u00e0 bonbons personnalis\u00e9e<\/h3>\n\n\n\n<p><strong>Design enti\u00e8rement personnalisable : <\/strong>Ce coffret cadeau personnalis\u00e9 est \u00e0 l'image de votre marque dans les moindres d\u00e9tails, depuis la taille et la couleur de la bo\u00eete jusqu'au motif, aux s\u00e9parateurs int\u00e9rieurs et aux finitions de surface telles que l'estampage, le gaufrage ou l'UV ponctuel.<\/p>\n\n\n\n<p><strong>Fermeture magn\u00e9tique de qualit\u00e9 sup\u00e9rieure :<\/strong> Les bo\u00eetes cadeaux magn\u00e9tiques de gros sont pliables et offrent une exp\u00e9rience de d\u00e9ballage de premi\u00e8re qualit\u00e9, id\u00e9ale pour offrir des chocolats, des truffes et d'autres friandises.<\/p>\n\n\n\n<p><strong>Compartiments modulaires \u00e0 usage polyvalent : <\/strong>Les bo\u00eetes \u00e0 cadeaux magn\u00e9tiques en gros sont des s\u00e9parateurs amovibles et r\u00e9arrangeables pour s'adapter \u00e0 diverses configurations, de sorte que plusieurs bonbons ou petites friandises peuvent \u00eatre facilement log\u00e9s avec style et organisation.<\/p>\n\n\n\n<p><strong>Aspect luxueux avec des finitions de surface personnalis\u00e9es :<\/strong> Ce coffret cadeau personnalis\u00e9 est disponible avec des accents en aluminium, des logos en relief, des laminages mats ou brillants, ou des finitions de texture personnalis\u00e9es pour donner \u00e0 la pr\u00e9sentation de votre marque un aspect luxueux.<\/p>\n\n\n\n<p><strong>Construction rigide durable et adapt\u00e9e au cadeau : <\/strong>Cette bo\u00eete cadeau personnalis\u00e9e est fabriqu\u00e9e \u00e0 partir de carton gris robuste et recouverte d'un papier couch\u00e9 de premi\u00e8re qualit\u00e9. Cette bo\u00eete allie une protection solide \u00e0 un aspect luxueux, ce qui est parfait pour un emballage de luxe.<\/p>\n<\/div>\n\n\n\n<div class=\"wp-block-column is-layout-flow wp-block-column-is-layout-flow\">\n<figure class=\"wp-block-image size-full\"><img decoding=\"async\" width=\"2892\" height=\"2892\" src=\"https:\/\/www.yishengpack.com\/wp-content\/uploads\/2025\/05\/Wholesale-Custom-Luxury-Magnetic-Confectionery-Chocolate-Rigid-Paper-Packaging-Gift-Box-with-Removable-Dividers-and-Foil-Finish10.webp\" alt=\"Bo\u00eete \u00e0 bonbons personnalis\u00e9e avec s\u00e9parateurs amovibles et finition en papier d&#039;aluminium-10\" class=\"wp-image-1520\" srcset=\"https:\/\/www.yishengpack.com\/wp-content\/uploads\/2025\/05\/Wholesale-Custom-Luxury-Magnetic-Confectionery-Chocolate-Rigid-Paper-Packaging-Gift-Box-with-Removable-Dividers-and-Foil-Finish10.webp 2892w, https:\/\/www.yishengpack.com\/wp-content\/uploads\/2025\/05\/Wholesale-Custom-Luxury-Magnetic-Confectionery-Chocolate-Rigid-Paper-Packaging-Gift-Box-with-Removable-Dividers-and-Foil-Finish10-300x300.webp 300w, https:\/\/www.yishengpack.com\/wp-content\/uploads\/2025\/05\/Wholesale-Custom-Luxury-Magnetic-Confectionery-Chocolate-Rigid-Paper-Packaging-Gift-Box-with-Removable-Dividers-and-Foil-Finish10-150x150.webp 150w, https:\/\/www.yishengpack.com\/wp-content\/uploads\/2025\/05\/Wholesale-Custom-Luxury-Magnetic-Confectionery-Chocolate-Rigid-Paper-Packaging-Gift-Box-with-Removable-Dividers-and-Foil-Finish10-768x768.webp 768w, https:\/\/www.yishengpack.com\/wp-content\/uploads\/2025\/05\/Wholesale-Custom-Luxury-Magnetic-Confectionery-Chocolate-Rigid-Paper-Packaging-Gift-Box-with-Removable-Dividers-and-Foil-Finish10-12x12.webp 12w, https:\/\/www.yishengpack.com\/wp-content\/uploads\/2025\/05\/Wholesale-Custom-Luxury-Magnetic-Confectionery-Chocolate-Rigid-Paper-Packaging-Gift-Box-with-Removable-Dividers-and-Foil-Finish10-1200x1200.webp 1200w, https:\/\/www.yishengpack.com\/wp-content\/uploads\/2025\/05\/Wholesale-Custom-Luxury-Magnetic-Confectionery-Chocolate-Rigid-Paper-Packaging-Gift-Box-with-Removable-Dividers-and-Foil-Finish10-600x600.webp 600w, https:\/\/www.yishengpack.com\/wp-content\/uploads\/2025\/05\/Wholesale-Custom-Luxury-Magnetic-Confectionery-Chocolate-Rigid-Paper-Packaging-Gift-Box-with-Removable-Dividers-and-Foil-Finish10-100x100.webp 100w\" sizes=\"(max-width: 2892px) 100vw, 2892px\" \/><\/figure>\n<\/div>\n<\/div>\n\n\n\n<p><\/p>","protected":false},"excerpt":{"rendered":"<p>Nous vous invitons \u00e0 acheter notre bo\u00eete \u00e0 bonbons personnalis\u00e9e. Id\u00e9ales pour les confiseries haut de gamme telles que les p\u00e9pites de chocolat et les truffes, ces bo\u00eetes cadeaux magn\u00e9tiques en gros offrent une fermeture magn\u00e9tique propre, des s\u00e9parateurs int\u00e9rieurs amovibles et une finition rouge haut de gamme, rehauss\u00e9e d'un marquage \u00e0 chaud et d'un gaufrage en option. Toutes les caract\u00e9ristiques peuvent \u00eatre personnalis\u00e9es en fonction des sp\u00e9cifications de votre entreprise, qu'il s'agisse de la taille, de la couleur, de la configuration, des inserts ou du traitement de surface, afin d'offrir \u00e0 vos clients une exp\u00e9rience inoubliable lors du d\u00e9ballage.<\/p>\n<h2>Points forts de la bo\u00eete \u00e0 bonbons personnalis\u00e9e<\/h2>\n<ul>\n<li>Personnalisation compl\u00e8te<\/li>\n<li>Mat\u00e9riaux de haute qualit\u00e9<\/li>\n<li>Impression exquise<\/li>\n<li>Diff\u00e9rentes tailles de bo\u00eetes<\/li>\n<li>Options de couleurs multiples<\/li>\n<li>Options d'insertion multiples<\/li>\n<li>Fermeture magn\u00e9tique<\/li>\n<li>Service OEM&amp;ODM<\/li>\n<\/ul>","protected":false},"featured_media":1511,"comment_status":"closed","ping_status":"closed","template":"","meta":{"_acf_changed":false},"box-type":[54],"product_brand":[],"product_cat":[19,41,46,33,44],"product_tag":[],"class_list":{"0":"post-1510","1":"product","2":"type-product","3":"status-publish","4":"has-post-thumbnail","6":"box-type-custom-magnetic-closure-boxes","7":"product_cat-luxury-gift-boxes-wholesale","8":"product_cat-candy-gift-boxes-wholesale","9":"product_cat-wholesale-paper-boxes","10":"product_cat-food-packaging-boxes-wholesale","11":"product_cat-custom-snack-box","13":"first","14":"instock","15":"shipping-taxable","16":"product-type-simple"},"acf":[],"_links":{"self":[{"href":"https:\/\/www.yishengpack.com\/fr\/wp-json\/wp\/v2\/product\/1510","targetHints":{"allow":["GET"]}}],"collection":[{"href":"https:\/\/www.yishengpack.com\/fr\/wp-json\/wp\/v2\/product"}],"about":[{"href":"https:\/\/www.yishengpack.com\/fr\/wp-json\/wp\/v2\/types\/product"}],"replies":[{"embeddable":true,"href":"https:\/\/www.yishengpack.com\/fr\/wp-json\/wp\/v2\/comments?post=1510"}],"wp:featuredmedia":[{"embeddable":true,"href":"https:\/\/www.yishengpack.com\/fr\/wp-json\/wp\/v2\/media\/1511"}],"wp:attachment":[{"href":"https:\/\/www.yishengpack.com\/fr\/wp-json\/wp\/v2\/media?parent=1510"}],"wp:term":[{"taxonomy":"box-type","embeddable":true,"href":"https:\/\/www.yishengpack.com\/fr\/wp-json\/wp\/v2\/box-type?post=1510"},{"taxonomy":"product_brand","embeddable":true,"href":"https:\/\/www.yishengpack.com\/fr\/wp-json\/wp\/v2\/product_brand?post=1510"},{"taxonomy":"product_cat","embeddable":true,"href":"https:\/\/www.yishengpack.com\/fr\/wp-json\/wp\/v2\/product_cat?post=1510"},{"taxonomy":"product_tag","embeddable":true,"href":"https:\/\/www.yishengpack.com\/fr\/wp-json\/wp\/v2\/product_tag?post=1510"}],"curies":[{"name":"wp","href":"https:\/\/api.w.org\/{rel}","templated":true}]}}