{"id":1501,"date":"2025-06-05T08:30:06","date_gmt":"2025-06-05T08:30:06","guid":{"rendered":"https:\/\/www.yishengpack.com\/?post_type=product&#038;p=1501"},"modified":"2025-09-13T06:46:53","modified_gmt":"2025-09-13T06:46:53","slug":"customized-chocolate-gift-boxes","status":"publish","type":"product","link":"https:\/\/www.yishengpack.com\/fr\/produit\/customized-chocolate-gift-boxes\/","title":{"rendered":"Bo\u00eetes cadeaux en chocolat personnalis\u00e9es, bo\u00eetes magn\u00e9tiques en vrac 3\/6\/12 pi\u00e8ces"},"content":{"rendered":"<div class=\"wp-block-columns is-layout-flex wp-container-core-columns-is-layout-9d6595d7 wp-block-columns-is-layout-flex\">\n<div class=\"wp-block-column is-layout-flow wp-block-column-is-layout-flow\">\n<h3 class=\"wp-block-heading\">Caract\u00e9ristiques des bo\u00eetes cadeaux en chocolat personnalis\u00e9es<\/h3>\n\n\n\n<p><strong>Couvercle magn\u00e9tique luxueux pour un d\u00e9ballage haut de gamme :<\/strong> Ces bo\u00eetes \u00e0 chocolat personnalis\u00e9es, dot\u00e9es d'un couvercle \u00e0 fermeture magn\u00e9tique, se retournent sans effort et se ferment par pression, offrant ainsi une exp\u00e9rience de d\u00e9ballage de premier ordre pour les chocolats, les friandises ou les bijoux.<\/p>\n\n\n\n<p><strong>La surface gaufr\u00e9e offre un raffinement :<\/strong> Les bo\u00eetes magn\u00e9tiques de gros comportent un motif en relief qui ajoute une touche plus raffin\u00e9e \u00e0 l'aspect g\u00e9n\u00e9ral, ce qui est parfait pour positionner votre produit dans une position de luxe et de qualit\u00e9 cadeau.<\/p>\n\n\n\n<p><strong>Les compartiments int\u00e9rieurs gardent les chocolats bien rang\u00e9s et en s\u00e9curit\u00e9 :<\/strong> Ces bo\u00eetes \u00e0 chocolat personnalis\u00e9es sont dot\u00e9es de grilles int\u00e9rieures qui permettent d'organiser les chocolats, truffes ou autres friandises de mani\u00e8re s\u00fbre et sans d\u00e9calage, garantissant ainsi une pr\u00e9sentation soign\u00e9e et un transport en toute s\u00e9curit\u00e9.<\/p>\n\n\n\n<p><strong>Ruban ou poign\u00e9e en option pour plus de charme : <\/strong>Les bo\u00eetes magn\u00e9tiques en gros peuvent \u00eatre agr\u00e9ment\u00e9es d'un ruban ou d'une poign\u00e9e, ce qui les rend plus \u00e9l\u00e9gantes et plus pratiques \u00e0 transporter.<\/p>\n\n\n\n<p><strong>Enti\u00e8rement personnalisable pour r\u00e9pondre aux besoins de divers produits : <\/strong>Ces bo\u00eetes \u00e0 chocolat personnalis\u00e9es peuvent \u00eatre adapt\u00e9es en termes de taille, de couleur, de finition de surface (gaufrage, dorure, UV), de logo et m\u00eame de type de bo\u00eete (\u00e0 tiroir, \u00e0 rabat, \u00e0 poign\u00e9e), qu'il s'agisse de chocolats ou de bijoux.<\/p>\n<\/div>\n\n\n\n<div class=\"wp-block-column is-layout-flow wp-block-column-is-layout-flow\">\n<figure class=\"wp-block-image size-full\"><img decoding=\"async\" width=\"3024\" height=\"3026\" src=\"https:\/\/www.yishengpack.com\/wp-content\/uploads\/2025\/05\/Wholesale-Romantic-Customized-Embossing-Cardboard-3-6-12-Piece-Premium-Nut-Brittle-Truffle-Chocolate-Packaging-Magnetic-Closure-Boxes2.webp\" alt=\"bo\u00eetes-cadeaux en chocolat personnalis\u00e9es-bo\u00eetes magn\u00e9tiques en gros-3-6-12-pi\u00e8ces-2\" class=\"wp-image-1503\" srcset=\"https:\/\/www.yishengpack.com\/wp-content\/uploads\/2025\/05\/Wholesale-Romantic-Customized-Embossing-Cardboard-3-6-12-Piece-Premium-Nut-Brittle-Truffle-Chocolate-Packaging-Magnetic-Closure-Boxes2.webp 3024w, https:\/\/www.yishengpack.com\/wp-content\/uploads\/2025\/05\/Wholesale-Romantic-Customized-Embossing-Cardboard-3-6-12-Piece-Premium-Nut-Brittle-Truffle-Chocolate-Packaging-Magnetic-Closure-Boxes2-300x300.webp 300w, https:\/\/www.yishengpack.com\/wp-content\/uploads\/2025\/05\/Wholesale-Romantic-Customized-Embossing-Cardboard-3-6-12-Piece-Premium-Nut-Brittle-Truffle-Chocolate-Packaging-Magnetic-Closure-Boxes2-150x150.webp 150w, https:\/\/www.yishengpack.com\/wp-content\/uploads\/2025\/05\/Wholesale-Romantic-Customized-Embossing-Cardboard-3-6-12-Piece-Premium-Nut-Brittle-Truffle-Chocolate-Packaging-Magnetic-Closure-Boxes2-768x769.webp 768w, https:\/\/www.yishengpack.com\/wp-content\/uploads\/2025\/05\/Wholesale-Romantic-Customized-Embossing-Cardboard-3-6-12-Piece-Premium-Nut-Brittle-Truffle-Chocolate-Packaging-Magnetic-Closure-Boxes2-12x12.webp 12w, https:\/\/www.yishengpack.com\/wp-content\/uploads\/2025\/05\/Wholesale-Romantic-Customized-Embossing-Cardboard-3-6-12-Piece-Premium-Nut-Brittle-Truffle-Chocolate-Packaging-Magnetic-Closure-Boxes2-1200x1200.webp 1200w, https:\/\/www.yishengpack.com\/wp-content\/uploads\/2025\/05\/Wholesale-Romantic-Customized-Embossing-Cardboard-3-6-12-Piece-Premium-Nut-Brittle-Truffle-Chocolate-Packaging-Magnetic-Closure-Boxes2-600x600.webp 600w, https:\/\/www.yishengpack.com\/wp-content\/uploads\/2025\/05\/Wholesale-Romantic-Customized-Embossing-Cardboard-3-6-12-Piece-Premium-Nut-Brittle-Truffle-Chocolate-Packaging-Magnetic-Closure-Boxes2-100x100.webp 100w\" sizes=\"(max-width: 3024px) 100vw, 3024px\" \/><\/figure>\n<\/div>\n<\/div>\n\n\n\n<p><\/p>","protected":false},"excerpt":{"rendered":"<p>Nous vous invitons \u00e0 acheter nos bo\u00eetes magn\u00e9tiques en gros. Ces bo\u00eetes \u00e0 chocolat personnalis\u00e9es sont con\u00e7ues pour les truffes, les biscuits et les fruits confits. Elles sont dot\u00e9es d'un rabat magn\u00e9tique pour \u00e9viter que les aliments ne se r\u00e9pandent lors de l'exp\u00e9dition. Une option d'emballage \u00e9l\u00e9gante et fonctionnelle pour les chocolats de luxe ou les bijoux - enti\u00e8rement personnalisable pour renforcer votre marque et votre exp\u00e9rience de cadeau. Il est parfait pour les achats en gros et est disponible en diff\u00e9rentes tailles pour r\u00e9pondre aux besoins d'emballage dans des situations vari\u00e9es.<\/p>\n<h2>Points forts des bo\u00eetes-cadeaux en chocolat personnalis\u00e9es<\/h2>\n<ul>\n<li>Personnalisation compl\u00e8te<\/li>\n<li>Mat\u00e9riaux de haute qualit\u00e9<\/li>\n<li>Impression exquise<\/li>\n<li>Diff\u00e9rentes tailles de bo\u00eetes<\/li>\n<li>Construction robuste<\/li>\n<li>Fermeture magn\u00e9tique<\/li>\n<li>Service OEM&amp;ODM<\/li>\n<\/ul>","protected":false},"featured_media":1502,"comment_status":"closed","ping_status":"closed","template":"","meta":{"_acf_changed":false},"box-type":[54],"product_brand":[],"product_cat":[19,41,33,44],"product_tag":[],"class_list":{"0":"post-1501","1":"product","2":"type-product","3":"status-publish","4":"has-post-thumbnail","6":"box-type-custom-magnetic-closure-boxes","7":"product_cat-luxury-gift-boxes-wholesale","8":"product_cat-candy-gift-boxes-wholesale","9":"product_cat-food-packaging-boxes-wholesale","10":"product_cat-custom-snack-box","12":"first","13":"instock","14":"shipping-taxable","15":"product-type-simple"},"acf":[],"_links":{"self":[{"href":"https:\/\/www.yishengpack.com\/fr\/wp-json\/wp\/v2\/product\/1501","targetHints":{"allow":["GET"]}}],"collection":[{"href":"https:\/\/www.yishengpack.com\/fr\/wp-json\/wp\/v2\/product"}],"about":[{"href":"https:\/\/www.yishengpack.com\/fr\/wp-json\/wp\/v2\/types\/product"}],"replies":[{"embeddable":true,"href":"https:\/\/www.yishengpack.com\/fr\/wp-json\/wp\/v2\/comments?post=1501"}],"wp:featuredmedia":[{"embeddable":true,"href":"https:\/\/www.yishengpack.com\/fr\/wp-json\/wp\/v2\/media\/1502"}],"wp:attachment":[{"href":"https:\/\/www.yishengpack.com\/fr\/wp-json\/wp\/v2\/media?parent=1501"}],"wp:term":[{"taxonomy":"box-type","embeddable":true,"href":"https:\/\/www.yishengpack.com\/fr\/wp-json\/wp\/v2\/box-type?post=1501"},{"taxonomy":"product_brand","embeddable":true,"href":"https:\/\/www.yishengpack.com\/fr\/wp-json\/wp\/v2\/product_brand?post=1501"},{"taxonomy":"product_cat","embeddable":true,"href":"https:\/\/www.yishengpack.com\/fr\/wp-json\/wp\/v2\/product_cat?post=1501"},{"taxonomy":"product_tag","embeddable":true,"href":"https:\/\/www.yishengpack.com\/fr\/wp-json\/wp\/v2\/product_tag?post=1501"}],"curies":[{"name":"wp","href":"https:\/\/api.w.org\/{rel}","templated":true}]}}