{"id":147,"date":"2024-12-26T08:35:36","date_gmt":"2024-12-26T08:35:36","guid":{"rendered":"https:\/\/www.yishengpack.com\/?post_type=product&#038;p=147"},"modified":"2025-10-29T01:56:03","modified_gmt":"2025-10-29T01:56:03","slug":"round-cake-boxes-wholesale","status":"publish","type":"product","link":"https:\/\/www.yishengpack.com\/fr\/produit\/round-cake-boxes-wholesale\/","title":{"rendered":"Bo\u00eetes \u00e0 g\u00e2teaux rondes 6 pouces Wholesale avec base dor\u00e9e et couvercle transparent"},"content":{"rendered":"<div class=\"wp-block-columns is-layout-flex wp-container-core-columns-is-layout-9d6595d7 wp-block-columns-is-layout-flex\">\n<div class=\"wp-block-column is-layout-flow wp-block-column-is-layout-flow\">\n<h3 class=\"wp-block-heading\">Caract\u00e9ristiques des bo\u00eetes \u00e0 g\u00e2teaux rondes Wholesale<\/h3>\n\n\n\n<p><strong>Design rond de 6 pouces :<\/strong> Ces bo\u00eetes \u00e0 g\u00e2teaux rondes ont \u00e9t\u00e9 con\u00e7ues en gros pour des g\u00e2teaux de 6 pouces. Elles conviennent parfaitement aux petits g\u00e2teaux courants et sont faciles \u00e0 ranger et \u00e0 pr\u00e9senter.<\/p>\n\n\n\n<p><strong>Transparent Couvercle :<\/strong> Un couvercle transparent permet de montrer l'aspect complet et la d\u00e9coration du g\u00e2teau et d'attirer l'attention des clients.<\/p>\n\n\n\n<p><strong>Base dor\u00e9e :<\/strong> Une base dor\u00e9e ajoute une sensation haut de gamme et un effet visuel \u00e9l\u00e9gant ; ces bo\u00eetes \u00e0 g\u00e2teaux rondes en gros conviennent aux occasions haut de gamme telles que les mariages, les f\u00eates d'anniversaire et les festivals.<\/p>\n\n\n\n<p><strong>Forte \u00e9tanch\u00e9it\u00e9 :<\/strong> La conception \u00e9tanche de ces bo\u00eetes \u00e0 g\u00e2teaux rondes permet d'emp\u00eacher efficacement l'air de p\u00e9n\u00e9trer, de conserver la fra\u00eecheur des g\u00e2teaux et d'emp\u00eacher toute contamination ext\u00e9rieure.<\/p>\n\n\n\n<p><strong>Facile \u00e0 empiler et \u00e0 stocker : <\/strong>La conception de la bo\u00eete \u00e0 g\u00e2teaux ronde est facile \u00e0 empiler et permet d'\u00e9conomiser de l'espace de stockage. Elle convient aux achats en gros et \u00e0 l'utilisation commerciale.<\/p>\n\n\n\n<p><strong>Utilisation polyvalente : <\/strong>Ces bo\u00eetes \u00e0 g\u00e2teaux rondes en gros ne conviennent pas seulement aux g\u00e2teaux, mais peuvent \u00e9galement \u00eatre utilis\u00e9es pour emballer d'autres petits desserts, des bonbons ou des produits de boulangerie.<\/p>\n<\/div>\n\n\n\n<div class=\"wp-block-column is-layout-flow wp-block-column-is-layout-flow\">\n<figure class=\"wp-block-image size-full\"><img decoding=\"async\" width=\"750\" height=\"636\" src=\"https:\/\/www.yishengpack.com\/wp-content\/uploads\/2024\/12\/Round-Cake-Box-Wholesale-6-inch-Baking-Box-2.webp\" alt=\"Bo\u00eete \u00e0 g\u00e2teaux ronde Wholesale 6-inch Baking Box (2)\" class=\"wp-image-149\" srcset=\"https:\/\/www.yishengpack.com\/wp-content\/uploads\/2024\/12\/Round-Cake-Box-Wholesale-6-inch-Baking-Box-2.webp 750w, https:\/\/www.yishengpack.com\/wp-content\/uploads\/2024\/12\/Round-Cake-Box-Wholesale-6-inch-Baking-Box-2-300x254.webp 300w, https:\/\/www.yishengpack.com\/wp-content\/uploads\/2024\/12\/Round-Cake-Box-Wholesale-6-inch-Baking-Box-2-600x509.webp 600w\" sizes=\"(max-width: 750px) 100vw, 750px\" \/><\/figure>\n<\/div>\n<\/div>","protected":false},"excerpt":{"rendered":"<p>Bienvenue sur le site de vente en gros de bo\u00eetes \u00e0 g\u00e2teaux rondes de 6 pouces. Ces bo\u00eetes \u00e0 g\u00e2teaux \u00e0 couvercle transparent et \u00e0 base dor\u00e9e proviennent d'un fournisseur de bo\u00eetes \u00e0 g\u00e2teaux en plastique de Yisheng. Ces bo\u00eetes sont fabriqu\u00e9es en plastique alimentaire solide et durable. La base dor\u00e9e ajoute de l'\u00e9clat \u00e0 l'aspect formel du produit, ce qui le rend appropri\u00e9 pour vos f\u00eates d'hiver ou tout autre \u00e9v\u00e9nement sp\u00e9cial.<\/p>\n<h2>Bo\u00eetes \u00e0 g\u00e2teaux rondes en gros Sp\u00e9cifications :<\/h2>\n<table width=\"528\">\n<tbody>\n<tr>\n<td width=\"215\">Fabricant :<\/td>\n<td colspan=\"2\" width=\"313\">Yisheng<\/td>\n<\/tr>\n<tr>\n<td>Mod\u00e8le :<\/td>\n<td colspan=\"2\">A1680<\/td>\n<\/tr>\n<tr>\n<td>Mat\u00e9riau :\u00a0<\/td>\n<td colspan=\"2\">PET<\/td>\n<\/tr>\n<tr>\n<td>Couleur :\u00a0<\/td>\n<td colspan=\"2\">L'or<\/td>\n<\/tr>\n<tr>\n<td>Taille :\u00a0<\/td>\n<td colspan=\"2\" width=\"313\">17.5cm*9.5cm<\/td>\n<\/tr>\n<tr>\n<td>Poids :\u00a0<\/td>\n<td colspan=\"2\">31,9g\/pc<\/td>\n<\/tr>\n<tr>\n<td>Forme :\u00a0<\/td>\n<td colspan=\"2\">Rond<\/td>\n<\/tr>\n<tr>\n<td>Emballage :\u00a0<\/td>\n<td colspan=\"2\">100pcs\/sac<\/td>\n<\/tr>\n<tr>\n<td>MOQ :\u00a0<\/td>\n<td colspan=\"2\">900pcs<\/td>\n<\/tr>\n<tr>\n<td>OEM&amp;ODM :\u00a0<\/td>\n<td colspan=\"2\">Sur mesure, Bienvenue OEM&amp;ODM<\/td>\n<\/tr>\n<tr>\n<td>Exemple\uff1a<\/td>\n<td colspan=\"2\">10 pcs \u00e9chantillons gratuits peuvent \u00eatre demand\u00e9s<\/td>\n<\/tr>\n<\/tbody>\n<\/table>\n<p>&nbsp;<\/p>\n<p>&nbsp;<\/p>","protected":false},"featured_media":154,"comment_status":"closed","ping_status":"closed","template":"","meta":{"_acf_changed":false},"box-type":[61],"product_brand":[],"product_cat":[21,30],"product_tag":[],"class_list":{"0":"post-147","1":"product","2":"type-product","3":"status-publish","4":"has-post-thumbnail","6":"box-type-custom-two-piece-boxes","7":"product_cat-plastic-cake-containers-wholesale","8":"product_cat-cake-containers-wholesale","10":"first","11":"instock","12":"shipping-taxable","13":"product-type-simple"},"acf":[],"_links":{"self":[{"href":"https:\/\/www.yishengpack.com\/fr\/wp-json\/wp\/v2\/product\/147","targetHints":{"allow":["GET"]}}],"collection":[{"href":"https:\/\/www.yishengpack.com\/fr\/wp-json\/wp\/v2\/product"}],"about":[{"href":"https:\/\/www.yishengpack.com\/fr\/wp-json\/wp\/v2\/types\/product"}],"replies":[{"embeddable":true,"href":"https:\/\/www.yishengpack.com\/fr\/wp-json\/wp\/v2\/comments?post=147"}],"wp:featuredmedia":[{"embeddable":true,"href":"https:\/\/www.yishengpack.com\/fr\/wp-json\/wp\/v2\/media\/154"}],"wp:attachment":[{"href":"https:\/\/www.yishengpack.com\/fr\/wp-json\/wp\/v2\/media?parent=147"}],"wp:term":[{"taxonomy":"box-type","embeddable":true,"href":"https:\/\/www.yishengpack.com\/fr\/wp-json\/wp\/v2\/box-type?post=147"},{"taxonomy":"product_brand","embeddable":true,"href":"https:\/\/www.yishengpack.com\/fr\/wp-json\/wp\/v2\/product_brand?post=147"},{"taxonomy":"product_cat","embeddable":true,"href":"https:\/\/www.yishengpack.com\/fr\/wp-json\/wp\/v2\/product_cat?post=147"},{"taxonomy":"product_tag","embeddable":true,"href":"https:\/\/www.yishengpack.com\/fr\/wp-json\/wp\/v2\/product_tag?post=147"}],"curies":[{"name":"wp","href":"https:\/\/api.w.org\/{rel}","templated":true}]}}