{"id":1457,"date":"2025-06-09T10:06:28","date_gmt":"2025-06-09T10:06:28","guid":{"rendered":"https:\/\/www.yishengpack.com\/?post_type=product&#038;p=1457"},"modified":"2025-09-06T02:16:13","modified_gmt":"2025-09-06T02:16:13","slug":"luxury-gift-boxes-wholesale","status":"publish","type":"product","link":"https:\/\/www.yishengpack.com\/fr\/produit\/luxury-gift-boxes-wholesale\/","title":{"rendered":"Bo\u00eetes cadeaux de luxe en gros avec couvercle et ruban, bo\u00eetes rigides personnalis\u00e9es avec motif floral en relief"},"content":{"rendered":"<div class=\"wp-block-columns is-layout-flex wp-container-core-columns-is-layout-9d6595d7 wp-block-columns-is-layout-flex\">\n<div class=\"wp-block-column is-layout-flow wp-block-column-is-layout-flow\">\n<h3 class=\"wp-block-heading\">Caract\u00e9ristiques des bo\u00eetes cadeaux de luxe en gros<\/h3>\n\n\n\n<p><strong>\u00c9l\u00e9gant motif floral gaufr\u00e9 : <\/strong>Les bo\u00eetes cadeaux de luxe en gros avec couvercle comportent un motif floral gaufr\u00e9 pour un aspect riche et luxueux qui rehausse \u00e0 la fois l'apparence et la sensation.<\/p>\n\n\n\n<p><strong>Rose tendre avec ruban et \u00e9tiquette : <\/strong>Ces bo\u00eetes cadeaux personnalis\u00e9es robustes, d'une belle couleur rose p\u00e2le, avec un ruban assorti et une \u00e9tiquette de suspension, offrent une pr\u00e9sentation \u00e9l\u00e9gante et f\u00e9minine des cadeaux.<\/p>\n\n\n\n<p><strong>Structure rigide classique du couvercle et de la base :<\/strong> La conception des coffrets cadeaux de luxe en gros, avec un couvercle et une base solides (bo\u00eete rigide), garantit une ouverture facile tout en offrant une exp\u00e9rience de d\u00e9ballage de premi\u00e8re qualit\u00e9.<\/p>\n\n\n\n<p><strong>Enti\u00e8rement personnalisable - taille, couleur et logo : <\/strong>Ces bo\u00eetes cadeaux rigides personnalis\u00e9es sont disponibles en diff\u00e9rentes tailles et peuvent \u00eatre enti\u00e8rement personnalis\u00e9es en termes de couleurs, de motifs floraux et d'impression de logo pour s'adapter \u00e0 votre marque et \u00e0 l'occasion.<\/p>\n\n\n\n<p><strong>Polyvalent pour les cadeaux, les cosm\u00e9tiques, les bijoux et autres :<\/strong> Les bo\u00eetes cadeaux de luxe sont parfaites pour la Saint-Valentin, la f\u00eate des m\u00e8res, les anniversaires, les mariages, ou pour l'emballage de cosm\u00e9tiques et de bijoux.<\/p>\n<\/div>\n\n\n\n<div class=\"wp-block-column is-layout-flow wp-block-column-is-layout-flow\">\n<figure class=\"wp-block-image size-full\"><img decoding=\"async\" width=\"720\" height=\"720\" src=\"https:\/\/www.yishengpack.com\/wp-content\/uploads\/2025\/05\/Wholesale-Romantic-Customized-Color-Floral-Relief-Design-Embossed-Pink-Rigid-Gift-Paper-Boxes-with-Lid-and-Ribbon9.webp\" alt=\"bo\u00eetes-cadeaux-de-luxe-en-gros-avec-couvercle-et-ruban-bo\u00eetes-rigides-personnalis\u00e9es-relief-floral-design-9\" class=\"wp-image-1466\" srcset=\"https:\/\/www.yishengpack.com\/wp-content\/uploads\/2025\/05\/Wholesale-Romantic-Customized-Color-Floral-Relief-Design-Embossed-Pink-Rigid-Gift-Paper-Boxes-with-Lid-and-Ribbon9.webp 720w, https:\/\/www.yishengpack.com\/wp-content\/uploads\/2025\/05\/Wholesale-Romantic-Customized-Color-Floral-Relief-Design-Embossed-Pink-Rigid-Gift-Paper-Boxes-with-Lid-and-Ribbon9-300x300.webp 300w, https:\/\/www.yishengpack.com\/wp-content\/uploads\/2025\/05\/Wholesale-Romantic-Customized-Color-Floral-Relief-Design-Embossed-Pink-Rigid-Gift-Paper-Boxes-with-Lid-and-Ribbon9-150x150.webp 150w, https:\/\/www.yishengpack.com\/wp-content\/uploads\/2025\/05\/Wholesale-Romantic-Customized-Color-Floral-Relief-Design-Embossed-Pink-Rigid-Gift-Paper-Boxes-with-Lid-and-Ribbon9-12x12.webp 12w, https:\/\/www.yishengpack.com\/wp-content\/uploads\/2025\/05\/Wholesale-Romantic-Customized-Color-Floral-Relief-Design-Embossed-Pink-Rigid-Gift-Paper-Boxes-with-Lid-and-Ribbon9-600x600.webp 600w, https:\/\/www.yishengpack.com\/wp-content\/uploads\/2025\/05\/Wholesale-Romantic-Customized-Color-Floral-Relief-Design-Embossed-Pink-Rigid-Gift-Paper-Boxes-with-Lid-and-Ribbon9-100x100.webp 100w\" sizes=\"(max-width: 720px) 100vw, 720px\" \/><\/figure>\n<\/div>\n<\/div>\n\n\n\n<p><\/p>","protected":false},"excerpt":{"rendered":"<p>Bienvenue sur notre site d'achat de bo\u00eetes cadeaux rigides personnalis\u00e9es. Nos bo\u00eetes cadeaux de luxe en gros utilisent le processus de gaufrage qui ajoute une touche luxueuse et sophistiqu\u00e9e \u00e0 votre bo\u00eete cadeau. Avec la personnalisation du logo imprim\u00e9, le mat\u00e9riau en carton robuste et la conception des compartiments sont parfaits pour emballer des parfums, des bijoux et d'autres cadeaux de luxe. En tant que cadeau d'entreprise ou cadeau de vacances, cette bo\u00eete ajoutera une touche sp\u00e9ciale \u00e0 vos cadeaux !<\/p>\n<h2>Bo\u00eetes cadeaux de luxe en gros Sp\u00e9cifications :<\/h2>\n<table width=\"528\">\n<tbody>\n<tr>\n<td width=\"215\">Fabricant :<\/td>\n<td colspan=\"2\" width=\"313\">Yisheng<\/td>\n<\/tr>\n<tr>\n<td>Conception :<\/td>\n<td colspan=\"2\">Bo\u00eetes \u00e0 couvercle et \u00e0 base<\/td>\n<\/tr>\n<tr>\n<td>Mat\u00e9riau :\u00a0<\/td>\n<td colspan=\"2\">Carton et papier d'art<\/td>\n<\/tr>\n<tr>\n<td>Couleur :\u00a0<\/td>\n<td colspan=\"2\">Impression offset CMYK 4 couleurs<\/td>\n<\/tr>\n<tr>\n<td>Taille :\u00a0<\/td>\n<td colspan=\"2\" width=\"313\">Taille optionnelle pour vos besoins<\/td>\n<\/tr>\n<tr>\n<td>Utilisation g\u00e9n\u00e9rale :<\/td>\n<td colspan=\"2\" width=\"313\">Parfums, bijoux, montres, fleurs, etc.<\/td>\n<\/tr>\n<tr>\n<td>Forme :\u00a0<\/td>\n<td colspan=\"2\" width=\"313\">Rectangle&amp;Personnalis\u00e9<\/td>\n<\/tr>\n<tr>\n<td>Logo :\u00a0<\/td>\n<td colspan=\"2\">Acceptation de l'impression de logos personnalis\u00e9s<\/td>\n<\/tr>\n<tr>\n<td>MOQ :\u00a0<\/td>\n<td colspan=\"2\">1000pcs<\/td>\n<\/tr>\n<tr>\n<td>OEM ET ODM\uff1a<\/td>\n<td colspan=\"2\">Custom, Welcome OEM &amp; ODM<\/td>\n<\/tr>\n<tr>\n<td>Exemple\uff1a<\/td>\n<td colspan=\"2\">5 \u00e9chantillons gratuits peuvent \u00eatre demand\u00e9s<\/td>\n<\/tr>\n<\/tbody>\n<\/table>\n<p><script src=\"chrome-extension:\/\/fpelahbljekknahkcaegamhcndkfpfnc\/iFrame.js\" type=\"text\/javascript\"><\/script><\/p>","protected":false},"featured_media":1458,"comment_status":"closed","ping_status":"closed","template":"","meta":{"_acf_changed":false},"box-type":[57],"product_brand":[],"product_cat":[19,40,39],"product_tag":[],"class_list":{"0":"post-1457","1":"product","2":"type-product","3":"status-publish","4":"has-post-thumbnail","6":"box-type-custom-rigid-box-with-lid","7":"product_cat-luxury-gift-boxes-wholesale","8":"product_cat-custom-jewelry-boxes","9":"product_cat-custom-perfume-boxes","11":"first","12":"instock","13":"shipping-taxable","14":"product-type-simple"},"acf":[],"_links":{"self":[{"href":"https:\/\/www.yishengpack.com\/fr\/wp-json\/wp\/v2\/product\/1457","targetHints":{"allow":["GET"]}}],"collection":[{"href":"https:\/\/www.yishengpack.com\/fr\/wp-json\/wp\/v2\/product"}],"about":[{"href":"https:\/\/www.yishengpack.com\/fr\/wp-json\/wp\/v2\/types\/product"}],"replies":[{"embeddable":true,"href":"https:\/\/www.yishengpack.com\/fr\/wp-json\/wp\/v2\/comments?post=1457"}],"wp:featuredmedia":[{"embeddable":true,"href":"https:\/\/www.yishengpack.com\/fr\/wp-json\/wp\/v2\/media\/1458"}],"wp:attachment":[{"href":"https:\/\/www.yishengpack.com\/fr\/wp-json\/wp\/v2\/media?parent=1457"}],"wp:term":[{"taxonomy":"box-type","embeddable":true,"href":"https:\/\/www.yishengpack.com\/fr\/wp-json\/wp\/v2\/box-type?post=1457"},{"taxonomy":"product_brand","embeddable":true,"href":"https:\/\/www.yishengpack.com\/fr\/wp-json\/wp\/v2\/product_brand?post=1457"},{"taxonomy":"product_cat","embeddable":true,"href":"https:\/\/www.yishengpack.com\/fr\/wp-json\/wp\/v2\/product_cat?post=1457"},{"taxonomy":"product_tag","embeddable":true,"href":"https:\/\/www.yishengpack.com\/fr\/wp-json\/wp\/v2\/product_tag?post=1457"}],"curies":[{"name":"wp","href":"https:\/\/api.w.org\/{rel}","templated":true}]}}