{"id":1436,"date":"2025-05-21T10:27:34","date_gmt":"2025-05-21T10:27:34","guid":{"rendered":"https:\/\/www.yishengpack.com\/?post_type=product&#038;p=1436"},"modified":"2025-09-13T03:56:57","modified_gmt":"2025-09-13T03:56:57","slug":"custom-folding-boxes","status":"publish","type":"product","link":"https:\/\/www.yishengpack.com\/fr\/produit\/custom-folding-boxes\/","title":{"rendered":"Bo\u00eetes pliantes holographiques personnalis\u00e9es, bo\u00eetes cadeaux magn\u00e9tiques arc-en-ciel de luxe, vente en gros"},"content":{"rendered":"<div class=\"wp-block-columns is-layout-flex wp-container-core-columns-is-layout-9d6595d7 wp-block-columns-is-layout-flex\">\n<div class=\"wp-block-column is-layout-flow wp-block-column-is-layout-flow\">\n<h3 class=\"wp-block-heading\">Caract\u00e9ristiques des bo\u00eetes pliantes personnalis\u00e9es holographiques<\/h3>\n\n\n\n<p><strong>Finition iris\u00e9e \u00e9tonnante :<\/strong> L'effet holographique accrocheur des bo\u00eetes pliantes personnalis\u00e9es, avec des accents arc-en-ciel, ajoute assur\u00e9ment un attrait de premier ordre \u00e0 tout cadeau ou produit.<\/p>\n\n\n\n<p><strong>Conception pliable peu encombrante :<\/strong> Nos bo\u00eetes cadeaux magn\u00e9tiques sont exp\u00e9di\u00e9es \u00e0 plat pour gagner de la place et r\u00e9duire les frais d'exp\u00e9dition. Elles sont faciles et rapides \u00e0 assembler gr\u00e2ce \u00e0 des adh\u00e9sifs pr\u00e9install\u00e9s.<\/p>\n\n\n\n<p><strong>Fermeture magn\u00e9tique : <\/strong>La fermeture magn\u00e9tique de ces bo\u00eetes pliantes personnalis\u00e9es est dot\u00e9e d'aimants puissants int\u00e9gr\u00e9s pour un syst\u00e8me de fermeture \u00e0 la mode et s\u00fbr.<\/p>\n\n\n\n<p><strong>Construction rigide de premi\u00e8re qualit\u00e9 :<\/strong> Nos bo\u00eetes cadeaux magn\u00e9tiques en gros sont fabriqu\u00e9es en carton de haute qualit\u00e9 pour offrir une robustesse et une sensation de qualit\u00e9 sup\u00e9rieure pour les cosm\u00e9tiques, les bijoux ou les cadeaux de vacances.<\/p>\n\n\n\n<p><strong>Option \u00e9cologique :<\/strong> Nos bo\u00eetes pliantes personnalis\u00e9es contribuent aux initiatives d'emballage respectueuses de l'environnement en utilisant des mat\u00e9riaux r\u00e9utilisables et recyclables.<\/p>\n<\/div>\n\n\n\n<div class=\"wp-block-column is-layout-flow wp-block-column-is-layout-flow\">\n<figure class=\"wp-block-image size-full\"><img decoding=\"async\" width=\"720\" height=\"720\" src=\"https:\/\/www.yishengpack.com\/wp-content\/uploads\/2025\/05\/Holographic-Magnetic-Gift-Box-with-Foldable-Rigid-Design-Luxury-Rainbow-Packaging-Boxes-for-Cosmetics-Jewelry-Party-Favors3.webp\" alt=\"bo\u00eetes-pliantes-holographiques-personnalis\u00e9es-bo\u00eetes-cadeaux-magn\u00e9tiques-wholesale-1\" class=\"wp-image-1439\" srcset=\"https:\/\/www.yishengpack.com\/wp-content\/uploads\/2025\/05\/Holographic-Magnetic-Gift-Box-with-Foldable-Rigid-Design-Luxury-Rainbow-Packaging-Boxes-for-Cosmetics-Jewelry-Party-Favors3.webp 720w, https:\/\/www.yishengpack.com\/wp-content\/uploads\/2025\/05\/Holographic-Magnetic-Gift-Box-with-Foldable-Rigid-Design-Luxury-Rainbow-Packaging-Boxes-for-Cosmetics-Jewelry-Party-Favors3-300x300.webp 300w, https:\/\/www.yishengpack.com\/wp-content\/uploads\/2025\/05\/Holographic-Magnetic-Gift-Box-with-Foldable-Rigid-Design-Luxury-Rainbow-Packaging-Boxes-for-Cosmetics-Jewelry-Party-Favors3-150x150.webp 150w, https:\/\/www.yishengpack.com\/wp-content\/uploads\/2025\/05\/Holographic-Magnetic-Gift-Box-with-Foldable-Rigid-Design-Luxury-Rainbow-Packaging-Boxes-for-Cosmetics-Jewelry-Party-Favors3-12x12.webp 12w, https:\/\/www.yishengpack.com\/wp-content\/uploads\/2025\/05\/Holographic-Magnetic-Gift-Box-with-Foldable-Rigid-Design-Luxury-Rainbow-Packaging-Boxes-for-Cosmetics-Jewelry-Party-Favors3-600x600.webp 600w, https:\/\/www.yishengpack.com\/wp-content\/uploads\/2025\/05\/Holographic-Magnetic-Gift-Box-with-Foldable-Rigid-Design-Luxury-Rainbow-Packaging-Boxes-for-Cosmetics-Jewelry-Party-Favors3-100x100.webp 100w\" sizes=\"(max-width: 720px) 100vw, 720px\" \/><\/figure>\n<\/div>\n<\/div>\n\n\n\n<p><\/p>","protected":false},"excerpt":{"rendered":"<p>Nous vous invitons \u00e0 acheter nos bo\u00eetes pliantes personnalis\u00e9es. Elles pr\u00e9sentent une magnifique finition arc-en-ciel et un design pliable, id\u00e9al pour l'emballage luxueux de produits cosm\u00e9tiques, de bijoux et de cadeaux de f\u00eate. Durables, \u00e9l\u00e9gantes et imprimables avec votre logo, elles sont parfaites pour rehausser la pr\u00e9sentation de votre marque.<\/p>\n<h2>Points forts des bo\u00eetes pliantes personnalis\u00e9es holographiques<\/h2>\n<ul>\n<li>Possibilit\u00e9 de personnalisation compl\u00e8te<\/li>\n<li>Mat\u00e9riaux imperm\u00e9ables<\/li>\n<li>Une fabrication durable<\/li>\n<li>Diff\u00e9rentes tailles de bo\u00eetes<\/li>\n<li>Options de couleurs multiples<\/li>\n<li>Construction robuste<\/li>\n<li>Utilisation pratique<\/li>\n<\/ul>\n<p>&nbsp;<\/p>\n<ul>\n<li>Personnalisation compl\u00e8te<\/li>\n<li>Mat\u00e9riaux de haute qualit\u00e9<\/li>\n<li>Impression exquise<\/li>\n<li>Diff\u00e9rentes tailles de bo\u00eetes<\/li>\n<li>Options de couleurs multiples<\/li>\n<li>Diff\u00e9rents styles de bo\u00eetes<\/li>\n<li>Fermeture magn\u00e9tique<\/li>\n<li>Effets laser color\u00e9s<\/li>\n<li>Service OEM&amp;ODM<\/li>\n<li>\u00a0<\/li>\n<\/ul>","protected":false},"featured_media":1437,"comment_status":"closed","ping_status":"closed","template":"","meta":{"_acf_changed":false},"box-type":[55,54],"product_brand":[],"product_cat":[19,40,39],"product_tag":[],"class_list":{"0":"post-1436","1":"product","2":"type-product","3":"status-publish","4":"has-post-thumbnail","6":"box-type-custom-foldable-boxes","7":"box-type-custom-magnetic-closure-boxes","8":"product_cat-luxury-gift-boxes-wholesale","9":"product_cat-custom-jewelry-boxes","10":"product_cat-custom-perfume-boxes","12":"first","13":"instock","14":"shipping-taxable","15":"product-type-simple"},"acf":[],"_links":{"self":[{"href":"https:\/\/www.yishengpack.com\/fr\/wp-json\/wp\/v2\/product\/1436","targetHints":{"allow":["GET"]}}],"collection":[{"href":"https:\/\/www.yishengpack.com\/fr\/wp-json\/wp\/v2\/product"}],"about":[{"href":"https:\/\/www.yishengpack.com\/fr\/wp-json\/wp\/v2\/types\/product"}],"replies":[{"embeddable":true,"href":"https:\/\/www.yishengpack.com\/fr\/wp-json\/wp\/v2\/comments?post=1436"}],"wp:featuredmedia":[{"embeddable":true,"href":"https:\/\/www.yishengpack.com\/fr\/wp-json\/wp\/v2\/media\/1437"}],"wp:attachment":[{"href":"https:\/\/www.yishengpack.com\/fr\/wp-json\/wp\/v2\/media?parent=1436"}],"wp:term":[{"taxonomy":"box-type","embeddable":true,"href":"https:\/\/www.yishengpack.com\/fr\/wp-json\/wp\/v2\/box-type?post=1436"},{"taxonomy":"product_brand","embeddable":true,"href":"https:\/\/www.yishengpack.com\/fr\/wp-json\/wp\/v2\/product_brand?post=1436"},{"taxonomy":"product_cat","embeddable":true,"href":"https:\/\/www.yishengpack.com\/fr\/wp-json\/wp\/v2\/product_cat?post=1436"},{"taxonomy":"product_tag","embeddable":true,"href":"https:\/\/www.yishengpack.com\/fr\/wp-json\/wp\/v2\/product_tag?post=1436"}],"curies":[{"name":"wp","href":"https:\/\/api.w.org\/{rel}","templated":true}]}}