{"id":1428,"date":"2025-05-21T10:02:19","date_gmt":"2025-05-21T10:02:19","guid":{"rendered":"https:\/\/www.yishengpack.com\/?post_type=product&#038;p=1428"},"modified":"2025-09-13T03:40:42","modified_gmt":"2025-09-13T03:40:42","slug":"rigid-boxes-wholesale","status":"publish","type":"product","link":"https:\/\/www.yishengpack.com\/fr\/produit\/rigid-boxes-wholesale\/","title":{"rendered":"Bo\u00eetes rigides en gros avec couvercle transparent, bo\u00eetes cadeaux personnalis\u00e9es et glands chinois"},"content":{"rendered":"<div class=\"wp-block-columns is-layout-flex wp-container-core-columns-is-layout-9d6595d7 wp-block-columns-is-layout-flex\">\n<div class=\"wp-block-column is-layout-flow wp-block-column-is-layout-flow\">\n<h3 class=\"wp-block-heading\">Caract\u00e9ristiques des bo\u00eetes rigides en gros<\/h3>\n\n\n\n<p><strong>Traditionnel chinois Design :<\/strong> Ces bo\u00eetes rigides en gros sont pleines d'esprit festif, avec un th\u00e8me rouge vif, de la calligraphie, des pompons et des motifs de bon augure, exprimant la joie et la prosp\u00e9rit\u00e9. Parfaites pour le Nouvel An, les mariages et les c\u00e9l\u00e9brations<\/p>\n\n\n\n<p><strong>Enti\u00e8rement personnalisable :<\/strong> Nos bo\u00eetes cadeaux personnalis\u00e9es peuvent \u00eatre adapt\u00e9es \u00e0 la taille, \u00e0 la couleur, au nombre de compartiments, \u00e0 la conception de la surface et au marquage pour convenir \u00e0 toutes les occasions festives et r\u00e9pondre \u00e0 tous vos besoins !<\/p>\n\n\n\n<p><strong>Disposition des compartiments :<\/strong> Ces bo\u00eetes rigides en gros sont soign\u00e9es et pratiques. Elles comportent plusieurs sections int\u00e9rieures id\u00e9ales pour les bonbons, les noix, les snacks ou les petits cadeaux ; parfaites pour les cadeaux de f\u00eate.<\/p>\n\n\n\n<p><strong>Couvercle transparent Affichage : <\/strong>Nos bo\u00eetes-cadeaux personnalis\u00e9es ont une pr\u00e9sentation attrayante. Le couvercle transparent en PET permet de voir clairement l'int\u00e9rieur, ce qui renforce l'attrait et la pr\u00e9sentation du cadeau.<\/p>\n\n\n\n<p><strong>Mat\u00e9riau \u00e9cologique :<\/strong> Ces bo\u00eetes rigides sont fabriqu\u00e9es en gros \u00e0 partir de carton rigide recyclable pour une solution d'emballage durable et \u00e9l\u00e9gante.<\/p>\n<\/div>\n\n\n\n<div class=\"wp-block-column is-layout-flow wp-block-column-is-layout-flow\">\n<figure class=\"wp-block-image size-full\"><img decoding=\"async\" width=\"3024\" height=\"3024\" src=\"https:\/\/www.yishengpack.com\/wp-content\/uploads\/2025\/05\/Wholesales-Chinese-Gift-Packaging-Boxes-with-Clear-Lid-Customized-Tassel-Compartments-for-Mid-Autumn-New-Year-Wedding-Holiday-Party-Favors4.webp\" alt=\"bo\u00eetes-rigides-avec-couvercle-clair-4\" class=\"wp-image-1432\" srcset=\"https:\/\/www.yishengpack.com\/wp-content\/uploads\/2025\/05\/Wholesales-Chinese-Gift-Packaging-Boxes-with-Clear-Lid-Customized-Tassel-Compartments-for-Mid-Autumn-New-Year-Wedding-Holiday-Party-Favors4.webp 3024w, https:\/\/www.yishengpack.com\/wp-content\/uploads\/2025\/05\/Wholesales-Chinese-Gift-Packaging-Boxes-with-Clear-Lid-Customized-Tassel-Compartments-for-Mid-Autumn-New-Year-Wedding-Holiday-Party-Favors4-300x300.webp 300w, https:\/\/www.yishengpack.com\/wp-content\/uploads\/2025\/05\/Wholesales-Chinese-Gift-Packaging-Boxes-with-Clear-Lid-Customized-Tassel-Compartments-for-Mid-Autumn-New-Year-Wedding-Holiday-Party-Favors4-150x150.webp 150w, https:\/\/www.yishengpack.com\/wp-content\/uploads\/2025\/05\/Wholesales-Chinese-Gift-Packaging-Boxes-with-Clear-Lid-Customized-Tassel-Compartments-for-Mid-Autumn-New-Year-Wedding-Holiday-Party-Favors4-768x768.webp 768w, https:\/\/www.yishengpack.com\/wp-content\/uploads\/2025\/05\/Wholesales-Chinese-Gift-Packaging-Boxes-with-Clear-Lid-Customized-Tassel-Compartments-for-Mid-Autumn-New-Year-Wedding-Holiday-Party-Favors4-12x12.webp 12w, https:\/\/www.yishengpack.com\/wp-content\/uploads\/2025\/05\/Wholesales-Chinese-Gift-Packaging-Boxes-with-Clear-Lid-Customized-Tassel-Compartments-for-Mid-Autumn-New-Year-Wedding-Holiday-Party-Favors4-1200x1200.webp 1200w, https:\/\/www.yishengpack.com\/wp-content\/uploads\/2025\/05\/Wholesales-Chinese-Gift-Packaging-Boxes-with-Clear-Lid-Customized-Tassel-Compartments-for-Mid-Autumn-New-Year-Wedding-Holiday-Party-Favors4-600x600.webp 600w, https:\/\/www.yishengpack.com\/wp-content\/uploads\/2025\/05\/Wholesales-Chinese-Gift-Packaging-Boxes-with-Clear-Lid-Customized-Tassel-Compartments-for-Mid-Autumn-New-Year-Wedding-Holiday-Party-Favors4-100x100.webp 100w\" sizes=\"(max-width: 3024px) 100vw, 3024px\" \/><\/figure>\n<\/div>\n<\/div>\n\n\n\n<p><\/p>","protected":false},"excerpt":{"rendered":"<p>Nous vous invitons \u00e0 acheter en gros nos bo\u00eetes rigides. Nous proposons des bo\u00eetes cadeaux personnalis\u00e9es, con\u00e7ues pour des emballages \u00e0 compartiments multiples, alliant texture haut de gamme et praticit\u00e9. La structure pliable pour un stockage facile, les mat\u00e9riaux durables pour assurer un transport s\u00fbr, supportent une vari\u00e9t\u00e9 d'artisanat exquis et de personnalisation, et aident les marques \u00e0 cr\u00e9er un emballage de cadeau de vacances unique et inoubliable !<\/p>\n<h2>Points forts de la vente en gros de bo\u00eetes rigides<\/h2>\n<ul>\n<li>Personnalisation compl\u00e8te<\/li>\n<li>Mat\u00e9riaux de haute qualit\u00e9<\/li>\n<li>Impression exquise<\/li>\n<li>Construction en bo\u00eete rigide<\/li>\n<li>Couvercle transparent<\/li>\n<li>D\u00e9coration chinoise \u00e0 pompons<\/li>\n<li>Service OEM&amp;ODM<\/li>\n<\/ul>\n<p>&nbsp;<\/p>","protected":false},"featured_media":1429,"comment_status":"closed","ping_status":"closed","template":"","meta":{"_acf_changed":false},"box-type":[64,61],"product_brand":[],"product_cat":[19,41,46,33,44],"product_tag":[],"class_list":{"0":"post-1428","1":"product","2":"type-product","3":"status-publish","4":"has-post-thumbnail","6":"box-type-custom-clear-lid-paper-boxes","7":"box-type-custom-two-piece-boxes","8":"product_cat-luxury-gift-boxes-wholesale","9":"product_cat-candy-gift-boxes-wholesale","10":"product_cat-wholesale-paper-boxes","11":"product_cat-food-packaging-boxes-wholesale","12":"product_cat-custom-snack-box","14":"first","15":"instock","16":"shipping-taxable","17":"product-type-simple"},"acf":[],"_links":{"self":[{"href":"https:\/\/www.yishengpack.com\/fr\/wp-json\/wp\/v2\/product\/1428","targetHints":{"allow":["GET"]}}],"collection":[{"href":"https:\/\/www.yishengpack.com\/fr\/wp-json\/wp\/v2\/product"}],"about":[{"href":"https:\/\/www.yishengpack.com\/fr\/wp-json\/wp\/v2\/types\/product"}],"replies":[{"embeddable":true,"href":"https:\/\/www.yishengpack.com\/fr\/wp-json\/wp\/v2\/comments?post=1428"}],"wp:featuredmedia":[{"embeddable":true,"href":"https:\/\/www.yishengpack.com\/fr\/wp-json\/wp\/v2\/media\/1429"}],"wp:attachment":[{"href":"https:\/\/www.yishengpack.com\/fr\/wp-json\/wp\/v2\/media?parent=1428"}],"wp:term":[{"taxonomy":"box-type","embeddable":true,"href":"https:\/\/www.yishengpack.com\/fr\/wp-json\/wp\/v2\/box-type?post=1428"},{"taxonomy":"product_brand","embeddable":true,"href":"https:\/\/www.yishengpack.com\/fr\/wp-json\/wp\/v2\/product_brand?post=1428"},{"taxonomy":"product_cat","embeddable":true,"href":"https:\/\/www.yishengpack.com\/fr\/wp-json\/wp\/v2\/product_cat?post=1428"},{"taxonomy":"product_tag","embeddable":true,"href":"https:\/\/www.yishengpack.com\/fr\/wp-json\/wp\/v2\/product_tag?post=1428"}],"curies":[{"name":"wp","href":"https:\/\/api.w.org\/{rel}","templated":true}]}}