{"id":1412,"date":"2025-05-14T02:38:16","date_gmt":"2025-05-14T02:38:16","guid":{"rendered":"https:\/\/www.yishengpack.com\/?post_type=product&#038;p=1412"},"modified":"2025-08-11T06:06:01","modified_gmt":"2025-08-11T06:06:01","slug":"wholesale-wine-shipping-boxes","status":"publish","type":"product","link":"https:\/\/www.yishengpack.com\/fr\/produit\/wholesale-wine-shipping-boxes\/","title":{"rendered":"Bo\u00eetes d'exp\u00e9dition r\u00e9utilisables pour le vin en gros, bo\u00eetes magn\u00e9tiques personnalis\u00e9es avec logo"},"content":{"rendered":"<div class=\"wp-block-columns is-layout-flex wp-container-core-columns-is-layout-9d6595d7 wp-block-columns-is-layout-flex\">\n<div class=\"wp-block-column is-layout-flow wp-block-column-is-layout-flow\">\n<h3 class=\"wp-block-heading\">Features of Wholesale Wine Shipping Boxes<\/h3>\n\n\n\n<p><strong>Conception magn\u00e9tique haut de gamme : <\/strong>These high-end wholesale wine shipping boxes adopt a magnetic flip cover structure, which opens smoothly and enhances the sense of unboxing ceremony. Widely used in festival gift boxes, e-commerce, and corporate customized gifts<\/p>\n\n\n\n<p><strong>Diverses possibilit\u00e9s de personnalisation :<\/strong> These high-end wholesale wine shipping boxes can also be fully personalized as far as size, color, and layout, with potential options varying from hot stamping, UV, silk-screen printing, and embossing to convey brand uniqueness.<\/p>\n\n\n\n<p><strong>Structure stable : <\/strong>Our custom magnetic boxes are constructed using high-grade cardboard for maximum structure and product protection during shipping and storage.<\/p>\n\n\n\n<p><strong>Bo\u00eete cadeau de luxe :<\/strong> Nos bo\u00eetes magn\u00e9tiques personnalis\u00e9es renforcent la valeur de la marque. Utilisant des mat\u00e9riaux \u00e9cologiques, la bo\u00eete conserve un aspect haut de gamme avec une structure rigide et \u00e9l\u00e9gante, am\u00e9liorant la valeur per\u00e7ue des produits de milieu et de haut de gamme.<\/p>\n\n\n\n<p><strong>Le d\u00e9veloppement durable :<\/strong> Our custom magnetic boxes drive brand value. With the application of eco materials, the box presents a high-end appearance with a rigid and elegant design, which enhances the perceived value of mid-to-high-end products.<\/p>\n<\/div>\n\n\n\n<div class=\"wp-block-column is-layout-flow wp-block-column-is-layout-flow\">\n<figure class=\"wp-block-image size-full\"><img decoding=\"async\" width=\"1000\" height=\"1000\" src=\"https:\/\/www.yishengpack.com\/wp-content\/uploads\/2025\/05\/Custom-Logo-High-Quality-Rectangular-Magnetic-Flip-Cover-Folding-Gift-Wine-Packaging-Box-Reusable-Wine-Shipping-Box4.webp\" alt=\"reusable-wholesale-wine-shipping-boxes-with-logo-1\" class=\"wp-image-1416\" srcset=\"https:\/\/www.yishengpack.com\/wp-content\/uploads\/2025\/05\/Custom-Logo-High-Quality-Rectangular-Magnetic-Flip-Cover-Folding-Gift-Wine-Packaging-Box-Reusable-Wine-Shipping-Box4.webp 1000w, https:\/\/www.yishengpack.com\/wp-content\/uploads\/2025\/05\/Custom-Logo-High-Quality-Rectangular-Magnetic-Flip-Cover-Folding-Gift-Wine-Packaging-Box-Reusable-Wine-Shipping-Box4-300x300.webp 300w, https:\/\/www.yishengpack.com\/wp-content\/uploads\/2025\/05\/Custom-Logo-High-Quality-Rectangular-Magnetic-Flip-Cover-Folding-Gift-Wine-Packaging-Box-Reusable-Wine-Shipping-Box4-150x150.webp 150w, https:\/\/www.yishengpack.com\/wp-content\/uploads\/2025\/05\/Custom-Logo-High-Quality-Rectangular-Magnetic-Flip-Cover-Folding-Gift-Wine-Packaging-Box-Reusable-Wine-Shipping-Box4-768x768.webp 768w, https:\/\/www.yishengpack.com\/wp-content\/uploads\/2025\/05\/Custom-Logo-High-Quality-Rectangular-Magnetic-Flip-Cover-Folding-Gift-Wine-Packaging-Box-Reusable-Wine-Shipping-Box4-12x12.webp 12w, https:\/\/www.yishengpack.com\/wp-content\/uploads\/2025\/05\/Custom-Logo-High-Quality-Rectangular-Magnetic-Flip-Cover-Folding-Gift-Wine-Packaging-Box-Reusable-Wine-Shipping-Box4-600x600.webp 600w, https:\/\/www.yishengpack.com\/wp-content\/uploads\/2025\/05\/Custom-Logo-High-Quality-Rectangular-Magnetic-Flip-Cover-Folding-Gift-Wine-Packaging-Box-Reusable-Wine-Shipping-Box4-100x100.webp 100w\" sizes=\"(max-width: 1000px) 100vw, 1000px\" \/><\/figure>\n<\/div>\n<\/div>\n\n\n\n<p><\/p>","protected":false},"excerpt":{"rendered":"<p>Welcome to purchase our custom magnetic boxes. Elevate your gift-giving experience with these high-end wholesale wine shipping boxes that have a sleek design and a secure cardboard position insert for utmost protection. Reusable and eco-friendly, this is perfect for upscale gifts, weddings, corporate gifts, or holiday celebrations.<\/p>\n<h2>Wholesale Wine Shipping Boxes Specifications:<\/h2>\n<table width=\"528\">\n<tbody>\n<tr>\n<td width=\"215\">Fabricant :<\/td>\n<td colspan=\"2\" width=\"313\">Yisheng<\/td>\n<\/tr>\n<tr>\n<td>Conception :<\/td>\n<td colspan=\"2\">Bo\u00eetes magn\u00e9tiques<\/td>\n<\/tr>\n<tr>\n<td>Mat\u00e9riau :\u00a0<\/td>\n<td colspan=\"2\">Carton et papier d'art<\/td>\n<\/tr>\n<tr>\n<td>Couleur :\u00a0<\/td>\n<td colspan=\"2\">Impression offset CMYK 4 couleurs<\/td>\n<\/tr>\n<tr>\n<td>Taille :\u00a0<\/td>\n<td colspan=\"2\" width=\"313\">Acceptation sur mesure<\/td>\n<\/tr>\n<tr>\n<td>Utilisation g\u00e9n\u00e9rale :<\/td>\n<td colspan=\"2\" width=\"313\">Vin, whisky, brandy, tequila, etc.<\/td>\n<\/tr>\n<tr>\n<td>Forme :\u00a0<\/td>\n<td colspan=\"2\" width=\"313\">Rectangle&amp;Personnalis\u00e9<\/td>\n<\/tr>\n<tr>\n<td>Logo :\u00a0<\/td>\n<td colspan=\"2\">Sur mesure<\/td>\n<\/tr>\n<tr>\n<td>MOQ :\u00a0<\/td>\n<td colspan=\"2\">1000pcs<\/td>\n<\/tr>\n<tr>\n<td>OEM ET ODM\uff1a<\/td>\n<td colspan=\"2\">Custom, Welcome OEM &amp; ODM<\/td>\n<\/tr>\n<tr>\n<td>Exemple\uff1a<\/td>\n<td colspan=\"2\">5 \u00e9chantillons gratuits peuvent \u00eatre demand\u00e9s<\/td>\n<\/tr>\n<\/tbody>\n<\/table>\n<p>\n<script src=\"chrome-extension:\/\/fpelahbljekknahkcaegamhcndkfpfnc\/iFrame.js\" type=\"text\/javascript\"><\/script><\/p>","protected":false},"featured_media":1419,"comment_status":"closed","ping_status":"closed","template":"","meta":{"_acf_changed":false},"box-type":[55,54],"product_brand":[],"product_cat":[36,19],"product_tag":[],"class_list":{"0":"post-1412","1":"product","2":"type-product","3":"status-publish","4":"has-post-thumbnail","6":"box-type-custom-foldable-boxes","7":"box-type-custom-magnetic-closure-boxes","8":"product_cat-wine-boxes-wholesale","9":"product_cat-luxury-gift-boxes-wholesale","11":"first","12":"instock","13":"shipping-taxable","14":"product-type-simple"},"acf":[],"_links":{"self":[{"href":"https:\/\/www.yishengpack.com\/fr\/wp-json\/wp\/v2\/product\/1412","targetHints":{"allow":["GET"]}}],"collection":[{"href":"https:\/\/www.yishengpack.com\/fr\/wp-json\/wp\/v2\/product"}],"about":[{"href":"https:\/\/www.yishengpack.com\/fr\/wp-json\/wp\/v2\/types\/product"}],"replies":[{"embeddable":true,"href":"https:\/\/www.yishengpack.com\/fr\/wp-json\/wp\/v2\/comments?post=1412"}],"wp:featuredmedia":[{"embeddable":true,"href":"https:\/\/www.yishengpack.com\/fr\/wp-json\/wp\/v2\/media\/1419"}],"wp:attachment":[{"href":"https:\/\/www.yishengpack.com\/fr\/wp-json\/wp\/v2\/media?parent=1412"}],"wp:term":[{"taxonomy":"box-type","embeddable":true,"href":"https:\/\/www.yishengpack.com\/fr\/wp-json\/wp\/v2\/box-type?post=1412"},{"taxonomy":"product_brand","embeddable":true,"href":"https:\/\/www.yishengpack.com\/fr\/wp-json\/wp\/v2\/product_brand?post=1412"},{"taxonomy":"product_cat","embeddable":true,"href":"https:\/\/www.yishengpack.com\/fr\/wp-json\/wp\/v2\/product_cat?post=1412"},{"taxonomy":"product_tag","embeddable":true,"href":"https:\/\/www.yishengpack.com\/fr\/wp-json\/wp\/v2\/product_tag?post=1412"}],"curies":[{"name":"wp","href":"https:\/\/api.w.org\/{rel}","templated":true}]}}