{"id":1397,"date":"2025-05-14T02:05:00","date_gmt":"2025-05-14T02:05:00","guid":{"rendered":"https:\/\/www.yishengpack.com\/?post_type=product&#038;p=1397"},"modified":"2025-08-11T06:15:44","modified_gmt":"2025-08-11T06:15:44","slug":"custom-printed-wine-boxes","status":"publish","type":"product","link":"https:\/\/www.yishengpack.com\/fr\/produit\/custom-printed-wine-boxes\/","title":{"rendered":"Bo\u00eetes \u00e0 vin de luxe imprim\u00e9es sur mesure pour Champagne Whiskey Liquor avec sacs \u00e0 poign\u00e9e"},"content":{"rendered":"<div class=\"wp-block-columns is-layout-flex wp-container-core-columns-is-layout-9d6595d7 wp-block-columns-is-layout-flex\">\n<div class=\"wp-block-column is-layout-flow wp-block-column-is-layout-flow\">\n<h3 class=\"wp-block-heading\">Caract\u00e9ristiques des bo\u00eetes \u00e0 vin imprim\u00e9es sur mesure<\/h3>\n\n\n\n<p><strong>Enti\u00e8rement personnalisable dans les moindres d\u00e9tails : <\/strong>Ces bo\u00eetes \u00e0 vin imprim\u00e9es sont enti\u00e8rement personnalisables jusqu'\u00e0 chaque aspect \u00e0 l'int\u00e9rieur de la bo\u00eete, qu'il s'agisse de la taille, de la couleur, de la structure de la bo\u00eete ou de la finition de l'impression comme le gaufrage, les UV et l'estampage. Parfaites pour l'image de marque.<\/p>\n\n\n\n<p><strong>S\u00e9curit\u00e9 alimentaire et respect de l'environnement Mat\u00e9riaux :<\/strong> Ces bo\u00eetes cadeaux en gros de qualit\u00e9 sup\u00e9rieure sont fabriqu\u00e9es \u00e0 partir de papier kraft et de carton de qualit\u00e9 alimentaire, qui sont recyclables et biod\u00e9gradables, ce qui rend le produit final non seulement s\u00fbr, mais aussi respectueux de l'environnement.<\/p>\n\n\n\n<p><strong>Diff\u00e9rentes finitions de surface pour une sensation de luxe : <\/strong>Ces bo\u00eetes \u00e0 vin imprim\u00e9es personnalis\u00e9es comprennent un pelliculage mat\/brillant, une feuille d'or, des UV ponctuels, un gaufrage et un d\u00e9bossage pour apporter une valeur visuelle et une touche suppl\u00e9mentaires \u00e0 votre emballage.<\/p>\n\n\n\n<p><strong>Conception robuste avec des types d'ouverture personnalis\u00e9s : <\/strong>Ces bo\u00eetes cadeaux de luxe en gros offrent le choix entre des bo\u00eetes \u00e0 couvercle rentrant, \u00e0 tiroir, \u00e0 fermeture magn\u00e9tique ou \u00e0 couvercle rabattable, afin d'offrir un maximum d'attention et de commodit\u00e9 au consommateur.<\/p>\n<\/div>\n\n\n\n<div class=\"wp-block-column is-layout-flow wp-block-column-is-layout-flow\">\n<figure class=\"wp-block-image size-full\"><img decoding=\"async\" width=\"632\" height=\"632\" src=\"https:\/\/www.yishengpack.com\/wp-content\/uploads\/2025\/05\/126.webp\" alt=\"bo\u00eetes \u00e0 vin de luxe imprim\u00e9es sur mesure avec sac \u00e0 poign\u00e9e-1\" class=\"wp-image-1407\" srcset=\"https:\/\/www.yishengpack.com\/wp-content\/uploads\/2025\/05\/126.webp 632w, https:\/\/www.yishengpack.com\/wp-content\/uploads\/2025\/05\/126-300x300.webp 300w, https:\/\/www.yishengpack.com\/wp-content\/uploads\/2025\/05\/126-150x150.webp 150w, https:\/\/www.yishengpack.com\/wp-content\/uploads\/2025\/05\/126-12x12.webp 12w, https:\/\/www.yishengpack.com\/wp-content\/uploads\/2025\/05\/126-600x600.webp 600w, https:\/\/www.yishengpack.com\/wp-content\/uploads\/2025\/05\/126-100x100.webp 100w\" sizes=\"(max-width: 632px) 100vw, 632px\" \/><\/figure>\n<\/div>\n<\/div>\n\n\n\n<p><\/p>","protected":false},"excerpt":{"rendered":"<p>Nous vous invitons \u00e0 acheter nos bo\u00eetes \u00e0 vin imprim\u00e9es personnalis\u00e9es. Am\u00e9liorez votre jeu de cadeaux avec ces bo\u00eetes \u00e0 vin de luxe en gros, dot\u00e9es d'un design de qualit\u00e9 sup\u00e9rieure et d'une fente en carton robuste pour une protection optimale. Qu'il s'agisse de vin, de whisky ou de spiritueux, la bo\u00eete n'apporte pas seulement une valeur ajout\u00e9e \u00e0 la pr\u00e9sentation de votre cadeau, mais assure \u00e9galement une livraison s\u00e9curis\u00e9e. R\u00e9utilisable et respectueuse de l'environnement, elle est parfaite pour les cadeaux de luxe, les mariages, les cadeaux d'entreprise ou les occasions festives.<\/p>\n<h2>Bo\u00eetes \u00e0 vin imprim\u00e9es sur mesure Sp\u00e9cifications :<\/h2>\n<table width=\"528\">\n<tbody>\n<tr>\n<td width=\"215\">Fabricant :<\/td>\n<td colspan=\"2\" width=\"313\">Yisheng<\/td>\n<\/tr>\n<tr>\n<td>Conception :<\/td>\n<td colspan=\"2\">Bo\u00eetes \u00e0 couvercle<\/td>\n<\/tr>\n<tr>\n<td>Mat\u00e9riau :\u00a0<\/td>\n<td colspan=\"2\">Carton et papier d'art<\/td>\n<\/tr>\n<tr>\n<td>Couleur :\u00a0<\/td>\n<td colspan=\"2\">Impression offset CMYK 4 couleurs<\/td>\n<\/tr>\n<tr>\n<td>Taille :\u00a0<\/td>\n<td colspan=\"2\" width=\"313\">Acceptation sur mesure<\/td>\n<\/tr>\n<tr>\n<td>Utilisation g\u00e9n\u00e9rale :<\/td>\n<td colspan=\"2\" width=\"313\">Vin, whisky, brandy, tequila, etc.<\/td>\n<\/tr>\n<tr>\n<td>Forme :\u00a0<\/td>\n<td colspan=\"2\" width=\"313\">Rectangle&amp;Personnalis\u00e9<\/td>\n<\/tr>\n<tr>\n<td>Logo :\u00a0<\/td>\n<td colspan=\"2\">Sur mesure<\/td>\n<\/tr>\n<tr>\n<td>MOQ :\u00a0<\/td>\n<td colspan=\"2\">1000pcs<\/td>\n<\/tr>\n<tr>\n<td>OEM ET ODM\uff1a<\/td>\n<td colspan=\"2\">Custom, Welcome OEM &amp; ODM<\/td>\n<\/tr>\n<tr>\n<td>Exemple\uff1a<\/td>\n<td colspan=\"2\">5 \u00e9chantillons gratuits peuvent \u00eatre demand\u00e9s<\/td>\n<\/tr>\n<\/tbody>\n<\/table>\n<p>\n<script src=\"chrome-extension:\/\/fpelahbljekknahkcaegamhcndkfpfnc\/iFrame.js\" type=\"text\/javascript\"><\/script><\/p>","protected":false},"featured_media":1399,"comment_status":"closed","ping_status":"closed","template":"","meta":{"_acf_changed":false},"box-type":[52,48],"product_brand":[],"product_cat":[36,19,33,34,37],"product_tag":[],"class_list":{"0":"post-1397","1":"product","2":"type-product","3":"status-publish","4":"has-post-thumbnail","6":"box-type-custom-rope-handle-paper-bags","7":"box-type-custom-tuck-top-boxes","8":"product_cat-wine-boxes-wholesale","9":"product_cat-luxury-gift-boxes-wholesale","10":"product_cat-food-packaging-boxes-wholesale","11":"product_cat-paper-bags-wholesale","12":"product_cat-paper-gift-bags-bulk","14":"first","15":"instock","16":"shipping-taxable","17":"product-type-simple"},"acf":[],"_links":{"self":[{"href":"https:\/\/www.yishengpack.com\/fr\/wp-json\/wp\/v2\/product\/1397","targetHints":{"allow":["GET"]}}],"collection":[{"href":"https:\/\/www.yishengpack.com\/fr\/wp-json\/wp\/v2\/product"}],"about":[{"href":"https:\/\/www.yishengpack.com\/fr\/wp-json\/wp\/v2\/types\/product"}],"replies":[{"embeddable":true,"href":"https:\/\/www.yishengpack.com\/fr\/wp-json\/wp\/v2\/comments?post=1397"}],"wp:featuredmedia":[{"embeddable":true,"href":"https:\/\/www.yishengpack.com\/fr\/wp-json\/wp\/v2\/media\/1399"}],"wp:attachment":[{"href":"https:\/\/www.yishengpack.com\/fr\/wp-json\/wp\/v2\/media?parent=1397"}],"wp:term":[{"taxonomy":"box-type","embeddable":true,"href":"https:\/\/www.yishengpack.com\/fr\/wp-json\/wp\/v2\/box-type?post=1397"},{"taxonomy":"product_brand","embeddable":true,"href":"https:\/\/www.yishengpack.com\/fr\/wp-json\/wp\/v2\/product_brand?post=1397"},{"taxonomy":"product_cat","embeddable":true,"href":"https:\/\/www.yishengpack.com\/fr\/wp-json\/wp\/v2\/product_cat?post=1397"},{"taxonomy":"product_tag","embeddable":true,"href":"https:\/\/www.yishengpack.com\/fr\/wp-json\/wp\/v2\/product_tag?post=1397"}],"curies":[{"name":"wp","href":"https:\/\/api.w.org\/{rel}","templated":true}]}}