{"id":1380,"date":"2025-05-06T10:26:03","date_gmt":"2025-05-06T10:26:03","guid":{"rendered":"https:\/\/www.yishengpack.com\/?post_type=product&#038;p=1380"},"modified":"2025-08-11T06:16:11","modified_gmt":"2025-08-11T06:16:11","slug":"custom-cardboard-beer-carrier","status":"publish","type":"product","link":"https:\/\/www.yishengpack.com\/fr\/produit\/custom-cardboard-beer-carrier\/","title":{"rendered":"Porte-bi\u00e8re en carton personnalis\u00e9 avec poign\u00e9e, bo\u00eetes de transport de boissons personnalis\u00e9es, pack de 6"},"content":{"rendered":"<div class=\"wp-block-columns is-layout-flex wp-container-core-columns-is-layout-9d6595d7 wp-block-columns-is-layout-flex\">\n<div class=\"wp-block-column is-layout-flow wp-block-column-is-layout-flow\">\n<h3 class=\"wp-block-heading\">Caract\u00e9ristiques du porte-bi\u00e8re en carton personnalis\u00e9<\/h3>\n\n\n\n<p><strong>Mat\u00e9riaux respectueux de l'environnement : <\/strong>Ces porte-bi\u00e8res en carton personnalis\u00e9s sont fabriqu\u00e9s \u00e0 partir de papier kraft durable et recyclable, sans aucun composant plastique, ce qui r\u00e9pond aux normes modernes de d\u00e9veloppement durable.<\/p>\n\n\n\n<p><strong>Une protection solide :<\/strong> Ces bo\u00eetes de transport de boissons personnalis\u00e9es sont dot\u00e9es de compartiments individuels qui \u00e9vitent les collisions et la casse des bouteilles pendant le transport et permettent de pr\u00e9senter les boissons en verre en toute s\u00e9curit\u00e9.<\/p>\n\n\n\n<p><strong>Facile \u00e0 tenir : <\/strong>La poign\u00e9e d\u00e9coup\u00e9e des porte-bi\u00e8res en carton personnalis\u00e9s offre une prise ferme et une r\u00e9sistance stable, ce qui permet aux utilisateurs de les transporter facilement.<\/p>\n\n\n\n<p><strong>Artisanat raffin\u00e9 : <\/strong>Ces porte-bi\u00e8res en carton personnalis\u00e9s sont d\u00e9coup\u00e9s avec pr\u00e9cision pour obtenir des plis et des fentes nets, combin\u00e9s \u00e0 une s\u00e9rigraphie monochrome pour une forte adh\u00e9rence de l'encre et une bonne lisibilit\u00e9 sur le papier kraft, offrant ainsi solidit\u00e9 et identification de la marque.<\/p>\n\n\n\n<p><strong>Personnalisation de la marque :<\/strong> Ces bo\u00eetes de transport de boissons personnalis\u00e9es pr\u00e9sentent diff\u00e9rentes marques de bi\u00e8re pour un int\u00e9r\u00eat visuel et une coh\u00e9rence, avec une compatibilit\u00e9 pour les logos personnalis\u00e9s et les graphiques promotionnels.<\/p>\n<\/div>\n\n\n\n<div class=\"wp-block-column is-layout-flow wp-block-column-is-layout-flow\">\n<figure class=\"wp-block-image size-full\"><img decoding=\"async\" width=\"750\" height=\"750\" src=\"https:\/\/www.yishengpack.com\/wp-content\/uploads\/2025\/05\/Eco-friendly-Beverage-Organic-Juice-Carrier-Boxes-with-Handle-Kraft-Paper-Drink-Holder-for-Smoothies-Cold-Brew-Beer-Fresh-Juices9.webp\" alt=\"Bo\u00eetes de transport de boissons biologiques avec poign\u00e9e en papier kraft pour smoothies, bi\u00e8re et jus de fruits frais9\" class=\"wp-image-1389\" srcset=\"https:\/\/www.yishengpack.com\/wp-content\/uploads\/2025\/05\/Eco-friendly-Beverage-Organic-Juice-Carrier-Boxes-with-Handle-Kraft-Paper-Drink-Holder-for-Smoothies-Cold-Brew-Beer-Fresh-Juices9.webp 750w, https:\/\/www.yishengpack.com\/wp-content\/uploads\/2025\/05\/Eco-friendly-Beverage-Organic-Juice-Carrier-Boxes-with-Handle-Kraft-Paper-Drink-Holder-for-Smoothies-Cold-Brew-Beer-Fresh-Juices9-300x300.webp 300w, https:\/\/www.yishengpack.com\/wp-content\/uploads\/2025\/05\/Eco-friendly-Beverage-Organic-Juice-Carrier-Boxes-with-Handle-Kraft-Paper-Drink-Holder-for-Smoothies-Cold-Brew-Beer-Fresh-Juices9-150x150.webp 150w, https:\/\/www.yishengpack.com\/wp-content\/uploads\/2025\/05\/Eco-friendly-Beverage-Organic-Juice-Carrier-Boxes-with-Handle-Kraft-Paper-Drink-Holder-for-Smoothies-Cold-Brew-Beer-Fresh-Juices9-12x12.webp 12w, https:\/\/www.yishengpack.com\/wp-content\/uploads\/2025\/05\/Eco-friendly-Beverage-Organic-Juice-Carrier-Boxes-with-Handle-Kraft-Paper-Drink-Holder-for-Smoothies-Cold-Brew-Beer-Fresh-Juices9-600x600.webp 600w, https:\/\/www.yishengpack.com\/wp-content\/uploads\/2025\/05\/Eco-friendly-Beverage-Organic-Juice-Carrier-Boxes-with-Handle-Kraft-Paper-Drink-Holder-for-Smoothies-Cold-Brew-Beer-Fresh-Juices9-100x100.webp 100w\" sizes=\"(max-width: 750px) 100vw, 750px\" \/><\/figure>\n<\/div>\n<\/div>\n\n\n\n<p><\/p>","protected":false},"excerpt":{"rendered":"<p>Nous vous invitons \u00e0 acheter nos bo\u00eetes de transport de boissons personnalis\u00e9es. Ces bo\u00eetes \u00e0 bi\u00e8re en carton personnalis\u00e9es et respectueuses de l'environnement offrent \u00e0 la fois fonctionnalit\u00e9 et design subtil, avec une poign\u00e9e d\u00e9coup\u00e9e \u00e0 l'emporte-pi\u00e8ce pour plus de commodit\u00e9, et des s\u00e9parateurs int\u00e9rieurs pour une insertion s\u00fbre des bouteilles. Id\u00e9al pour transporter des smoothies, des jus de fruits ou des bouteilles de bi\u00e8re en verre, id\u00e9al pour les magasins de jus de fruits, les bars \u00e0 jus de fruits, les march\u00e9s fermiers ou les entreprises d'emballage \u00e9cologique. Compatible avec les logos personnalis\u00e9s, c'est la combinaison id\u00e9ale de la solidit\u00e9, de la publicit\u00e9 et de l'\u00e9cologie.<\/p>\n<h2>Porte-bi\u00e8re en carton personnalis\u00e9 Sp\u00e9cifications :<\/h2>\n<table width=\"528\">\n<tbody>\n<tr>\n<td width=\"215\">Fabricant :<\/td>\n<td colspan=\"2\" width=\"313\">Yisheng<\/td>\n<\/tr>\n<tr>\n<td>Conception :<\/td>\n<td colspan=\"2\">Cloisons internes<\/td>\n<\/tr>\n<tr>\n<td>Mat\u00e9riau :\u00a0<\/td>\n<td colspan=\"2\">Carton et papier d'art<\/td>\n<\/tr>\n<tr>\n<td>Couleur :\u00a0<\/td>\n<td colspan=\"2\">Impression offset CMYK 4 couleurs<\/td>\n<\/tr>\n<tr>\n<td>Taille :\u00a0<\/td>\n<td colspan=\"2\" width=\"313\">Acceptation sur mesure<\/td>\n<\/tr>\n<tr>\n<td>Utilisation g\u00e9n\u00e9rale :<\/td>\n<td colspan=\"2\" width=\"313\">Vin, bi\u00e8re, jus de fruits, etc.<\/td>\n<\/tr>\n<tr>\n<td>Forme :\u00a0<\/td>\n<td colspan=\"2\" width=\"313\">Rectangle&amp;Personnalis\u00e9<\/td>\n<\/tr>\n<tr>\n<td>Logo :\u00a0<\/td>\n<td colspan=\"2\">Sur mesure<\/td>\n<\/tr>\n<tr>\n<td>MOQ :\u00a0<\/td>\n<td colspan=\"2\">1000pcs<\/td>\n<\/tr>\n<tr>\n<td>OEM ET ODM\uff1a<\/td>\n<td colspan=\"2\">Custom, Welcome OEM &amp; ODM<\/td>\n<\/tr>\n<tr>\n<td>Exemple\uff1a<\/td>\n<td colspan=\"2\">5 \u00e9chantillons gratuits peuvent \u00eatre demand\u00e9s<\/td>\n<\/tr>\n<\/tbody>\n<\/table>\n<p>\n<script src=\"chrome-extension:\/\/fpelahbljekknahkcaegamhcndkfpfnc\/iFrame.js\" type=\"text\/javascript\"><\/script><\/p>","protected":false},"featured_media":1381,"comment_status":"closed","ping_status":"closed","template":"","meta":{"_acf_changed":false},"box-type":[49],"product_brand":[],"product_cat":[33,19,36],"product_tag":[],"class_list":{"0":"post-1380","1":"product","2":"type-product","3":"status-publish","4":"has-post-thumbnail","6":"box-type-custom-die-cut-paper-bag","7":"product_cat-food-packaging-boxes-wholesale","8":"product_cat-luxury-gift-boxes-wholesale","9":"product_cat-wine-boxes-wholesale","11":"first","12":"instock","13":"shipping-taxable","14":"product-type-simple"},"acf":[],"_links":{"self":[{"href":"https:\/\/www.yishengpack.com\/fr\/wp-json\/wp\/v2\/product\/1380","targetHints":{"allow":["GET"]}}],"collection":[{"href":"https:\/\/www.yishengpack.com\/fr\/wp-json\/wp\/v2\/product"}],"about":[{"href":"https:\/\/www.yishengpack.com\/fr\/wp-json\/wp\/v2\/types\/product"}],"replies":[{"embeddable":true,"href":"https:\/\/www.yishengpack.com\/fr\/wp-json\/wp\/v2\/comments?post=1380"}],"wp:featuredmedia":[{"embeddable":true,"href":"https:\/\/www.yishengpack.com\/fr\/wp-json\/wp\/v2\/media\/1381"}],"wp:attachment":[{"href":"https:\/\/www.yishengpack.com\/fr\/wp-json\/wp\/v2\/media?parent=1380"}],"wp:term":[{"taxonomy":"box-type","embeddable":true,"href":"https:\/\/www.yishengpack.com\/fr\/wp-json\/wp\/v2\/box-type?post=1380"},{"taxonomy":"product_brand","embeddable":true,"href":"https:\/\/www.yishengpack.com\/fr\/wp-json\/wp\/v2\/product_brand?post=1380"},{"taxonomy":"product_cat","embeddable":true,"href":"https:\/\/www.yishengpack.com\/fr\/wp-json\/wp\/v2\/product_cat?post=1380"},{"taxonomy":"product_tag","embeddable":true,"href":"https:\/\/www.yishengpack.com\/fr\/wp-json\/wp\/v2\/product_tag?post=1380"}],"curies":[{"name":"wp","href":"https:\/\/api.w.org\/{rel}","templated":true}]}}