{"id":1372,"date":"2025-05-06T06:23:21","date_gmt":"2025-05-06T06:23:21","guid":{"rendered":"https:\/\/www.yishengpack.com\/?post_type=product&#038;p=1372"},"modified":"2025-08-11T06:16:22","modified_gmt":"2025-08-11T06:16:22","slug":"wine-gift-boxes-wholesale","status":"publish","type":"product","link":"https:\/\/www.yishengpack.com\/fr\/produit\/wine-gift-boxes-wholesale\/","title":{"rendered":"Bo\u00eetes cadeaux pour le vin haut de gamme Wholesale, Bo\u00eetes magn\u00e9tiques personnalis\u00e9es pour une seule bouteille de vin"},"content":{"rendered":"<div class=\"wp-block-columns is-layout-flex wp-container-core-columns-is-layout-9d6595d7 wp-block-columns-is-layout-flex\">\n<div class=\"wp-block-column is-layout-flow wp-block-column-is-layout-flow\">\n<h3 class=\"wp-block-heading\">Caract\u00e9ristiques des bo\u00eetes cadeaux pour le vin en gros<\/h3>\n\n\n\n<p><strong>Conception magn\u00e9tique haut de gamme :<\/strong> Ces coffrets cadeaux haut de gamme pour le vin adoptent une structure de couvercle magn\u00e9tique, qui s'ouvre en douceur et renforce l'impression de c\u00e9r\u00e9monie de d\u00e9ballage. Largement utilis\u00e9s dans les coffrets cadeaux pour les festivals, le commerce \u00e9lectronique et les cadeaux d'entreprise personnalis\u00e9s.<\/p>\n\n\n\n<p><strong>Diverses possibilit\u00e9s de personnalisation : <\/strong>Ces coffrets cadeaux haut de gamme peuvent \u00e9galement \u00eatre enti\u00e8rement personnalis\u00e9s en termes de taille, de couleur et de pr\u00e9sentation, avec des options potentielles allant de l'estampage \u00e0 chaud \u00e0 l'impression UV, en passant par la s\u00e9rigraphie et le gaufrage, afin de v\u00e9hiculer l'unicit\u00e9 de la marque.<\/p>\n\n\n\n<p><strong>Structure stable :<\/strong> Nos bo\u00eetes magn\u00e9tiques personnalis\u00e9es sont fabriqu\u00e9es \u00e0 partir de carton \u00e0 haut grammage pour une structure maximale et la protection du produit pendant l'exp\u00e9dition et le stockage.<\/p>\n\n\n\n<p><strong>Bo\u00eete cadeau de luxe : <\/strong>Nos bo\u00eetes magn\u00e9tiques personnalis\u00e9es renforcent la valeur de la marque. Utilisant des mat\u00e9riaux \u00e9cologiques, la bo\u00eete conserve un aspect haut de gamme avec une structure rigide et \u00e9l\u00e9gante, am\u00e9liorant la valeur per\u00e7ue des produits de milieu et de haut de gamme.<\/p>\n\n\n\n<p><strong>Le d\u00e9veloppement durable : <\/strong>Ces coffrets cadeaux de luxe pour le vin sont fabriqu\u00e9s \u00e0 partir de mat\u00e9riaux biod\u00e9gradables tels que le carton recycl\u00e9, le papier kraft ou le papier cartonn\u00e9 \u00e9cologique, conform\u00e9ment aux tendances mondiales en mati\u00e8re de d\u00e9veloppement durable et aux exigences du march\u00e9 de l'UE et des \u00c9tats-Unis.<\/p>\n<\/div>\n\n\n\n<div class=\"wp-block-column is-layout-flow wp-block-column-is-layout-flow\">\n<figure class=\"wp-block-image size-full\"><img decoding=\"async\" width=\"720\" height=\"720\" src=\"https:\/\/www.yishengpack.com\/wp-content\/uploads\/2025\/05\/Wholesale-High-end-Luxury-Customized-Paper-Cardboard-Single-Wine-Bottle-Magnetic-Container-Folding-Gift-Packaging-Box7.webp\" alt=\"Bo\u00eetes-cadeaux pour le vin en gros - Bo\u00eetes magn\u00e9tiques personnalis\u00e9es pour une bouteille de vin unique - 1\" class=\"wp-image-1379\" srcset=\"https:\/\/www.yishengpack.com\/wp-content\/uploads\/2025\/05\/Wholesale-High-end-Luxury-Customized-Paper-Cardboard-Single-Wine-Bottle-Magnetic-Container-Folding-Gift-Packaging-Box7.webp 720w, https:\/\/www.yishengpack.com\/wp-content\/uploads\/2025\/05\/Wholesale-High-end-Luxury-Customized-Paper-Cardboard-Single-Wine-Bottle-Magnetic-Container-Folding-Gift-Packaging-Box7-300x300.webp 300w, https:\/\/www.yishengpack.com\/wp-content\/uploads\/2025\/05\/Wholesale-High-end-Luxury-Customized-Paper-Cardboard-Single-Wine-Bottle-Magnetic-Container-Folding-Gift-Packaging-Box7-150x150.webp 150w, https:\/\/www.yishengpack.com\/wp-content\/uploads\/2025\/05\/Wholesale-High-end-Luxury-Customized-Paper-Cardboard-Single-Wine-Bottle-Magnetic-Container-Folding-Gift-Packaging-Box7-12x12.webp 12w, https:\/\/www.yishengpack.com\/wp-content\/uploads\/2025\/05\/Wholesale-High-end-Luxury-Customized-Paper-Cardboard-Single-Wine-Bottle-Magnetic-Container-Folding-Gift-Packaging-Box7-600x600.webp 600w, https:\/\/www.yishengpack.com\/wp-content\/uploads\/2025\/05\/Wholesale-High-end-Luxury-Customized-Paper-Cardboard-Single-Wine-Bottle-Magnetic-Container-Folding-Gift-Packaging-Box7-100x100.webp 100w\" sizes=\"(max-width: 720px) 100vw, 720px\" \/><\/figure>\n<\/div>\n<\/div>\n\n\n\n<p><\/p>","protected":false},"excerpt":{"rendered":"<p>Nous vous invitons \u00e0 acheter nos bo\u00eetes magn\u00e9tiques personnalis\u00e9es. Ces bo\u00eetes \u00e0 vin haut de gamme sont dot\u00e9es d'un \u00e9l\u00e9gant design g\u00e9om\u00e9trique noir et blanc et d'un insert en mousse pour une protection optimale. Qu'il s'agisse de vin, de whisky ou de spiritueux, la bo\u00eete ne donne pas seulement \u00e0 votre cadeau une pr\u00e9sentation suppl\u00e9mentaire, mais assure \u00e9galement une livraison en toute s\u00e9curit\u00e9. R\u00e9utilisable et \u00e9cologique, elle est parfaite pour les cadeaux haut de gamme, les mariages, les cadeaux d'entreprise ou les f\u00eates de fin d'ann\u00e9e.<\/p>\n<h2>Bo\u00eetes cadeaux pour le vin en gros Sp\u00e9cifications :<\/h2>\n<table width=\"528\">\n<tbody>\n<tr>\n<td width=\"215\">Fabricant :<\/td>\n<td colspan=\"2\" width=\"313\">Yisheng<\/td>\n<\/tr>\n<tr>\n<td>Conception :<\/td>\n<td colspan=\"2\">Bo\u00eetes magn\u00e9tiques<\/td>\n<\/tr>\n<tr>\n<td>Mat\u00e9riau :\u00a0<\/td>\n<td colspan=\"2\">Carton et papier d'art<\/td>\n<\/tr>\n<tr>\n<td>Couleur :\u00a0<\/td>\n<td colspan=\"2\">Impression offset CMYK 4 couleurs<\/td>\n<\/tr>\n<tr>\n<td>Taille :\u00a0<\/td>\n<td colspan=\"2\" width=\"313\">Acceptation sur mesure<\/td>\n<\/tr>\n<tr>\n<td>Utilisation g\u00e9n\u00e9rale :<\/td>\n<td colspan=\"2\" width=\"313\">Vin, whisky, brandy, tequila, etc.<\/td>\n<\/tr>\n<tr>\n<td>Forme :\u00a0<\/td>\n<td colspan=\"2\" width=\"313\">Rectangle&amp;Personnalis\u00e9<\/td>\n<\/tr>\n<tr>\n<td>Logo :\u00a0<\/td>\n<td colspan=\"2\">Sur mesure<\/td>\n<\/tr>\n<tr>\n<td>MOQ :\u00a0<\/td>\n<td colspan=\"2\">1000pcs<\/td>\n<\/tr>\n<tr>\n<td>OEM ET ODM\uff1a<\/td>\n<td colspan=\"2\">Custom, Welcome OEM &amp; ODM<\/td>\n<\/tr>\n<tr>\n<td>Exemple\uff1a<\/td>\n<td colspan=\"2\">5 \u00e9chantillons gratuits peuvent \u00eatre demand\u00e9s<\/td>\n<\/tr>\n<\/tbody>\n<\/table>\n<p>\n<script src=\"chrome-extension:\/\/fpelahbljekknahkcaegamhcndkfpfnc\/iFrame.js\" type=\"text\/javascript\"><\/script><\/p>","protected":false},"featured_media":1373,"comment_status":"closed","ping_status":"closed","template":"","meta":{"_acf_changed":false},"box-type":[54],"product_brand":[],"product_cat":[36,19],"product_tag":[],"class_list":{"0":"post-1372","1":"product","2":"type-product","3":"status-publish","4":"has-post-thumbnail","6":"box-type-custom-magnetic-closure-boxes","7":"product_cat-wine-boxes-wholesale","8":"product_cat-luxury-gift-boxes-wholesale","10":"first","11":"instock","12":"shipping-taxable","13":"product-type-simple"},"acf":[],"_links":{"self":[{"href":"https:\/\/www.yishengpack.com\/fr\/wp-json\/wp\/v2\/product\/1372","targetHints":{"allow":["GET"]}}],"collection":[{"href":"https:\/\/www.yishengpack.com\/fr\/wp-json\/wp\/v2\/product"}],"about":[{"href":"https:\/\/www.yishengpack.com\/fr\/wp-json\/wp\/v2\/types\/product"}],"replies":[{"embeddable":true,"href":"https:\/\/www.yishengpack.com\/fr\/wp-json\/wp\/v2\/comments?post=1372"}],"wp:featuredmedia":[{"embeddable":true,"href":"https:\/\/www.yishengpack.com\/fr\/wp-json\/wp\/v2\/media\/1373"}],"wp:attachment":[{"href":"https:\/\/www.yishengpack.com\/fr\/wp-json\/wp\/v2\/media?parent=1372"}],"wp:term":[{"taxonomy":"box-type","embeddable":true,"href":"https:\/\/www.yishengpack.com\/fr\/wp-json\/wp\/v2\/box-type?post=1372"},{"taxonomy":"product_brand","embeddable":true,"href":"https:\/\/www.yishengpack.com\/fr\/wp-json\/wp\/v2\/product_brand?post=1372"},{"taxonomy":"product_cat","embeddable":true,"href":"https:\/\/www.yishengpack.com\/fr\/wp-json\/wp\/v2\/product_cat?post=1372"},{"taxonomy":"product_tag","embeddable":true,"href":"https:\/\/www.yishengpack.com\/fr\/wp-json\/wp\/v2\/product_tag?post=1372"}],"curies":[{"name":"wp","href":"https:\/\/api.w.org\/{rel}","templated":true}]}}