{"id":1353,"date":"2025-04-27T10:36:55","date_gmt":"2025-04-27T10:36:55","guid":{"rendered":"https:\/\/www.yishengpack.com\/?post_type=product&#038;p=1353"},"modified":"2025-08-11T06:16:56","modified_gmt":"2025-08-11T06:16:56","slug":"custom-printed-gift-boxes","status":"publish","type":"product","link":"https:\/\/www.yishengpack.com\/fr\/produit\/custom-printed-gift-boxes\/","title":{"rendered":"Bo\u00eetes \u00e0 cadeaux imprim\u00e9es avec feuille d'or, bo\u00eetes \u00e0 cadeaux en chocolat personnalis\u00e9es avec compartiments"},"content":{"rendered":"<div class=\"wp-block-columns is-layout-flex wp-container-core-columns-is-layout-9d6595d7 wp-block-columns-is-layout-flex\">\n<div class=\"wp-block-column is-layout-flow wp-block-column-is-layout-flow\">\n<h3 class=\"wp-block-heading\">Caract\u00e9ristiques des bo\u00eetes cadeaux imprim\u00e9es sur mesure<\/h3>\n\n\n\n<p><strong>Feuille d'or artisanale :<\/strong> Ces bo\u00eetes cadeaux imprim\u00e9es personnalis\u00e9es sont dot\u00e9es d'une luxueuse feuille d'or au design mat, ce qui ajoute de la d\u00e9licatesse et de l'\u00e9l\u00e9gance \u00e0 la bo\u00eete, et permet de pr\u00e9senter des cadeaux de haute qualit\u00e9 avec une beaut\u00e9 exquise.<\/p>\n\n\n\n<p><strong>Impression personnalis\u00e9e :<\/strong> Ces bo\u00eetes cadeaux imprim\u00e9es personnalis\u00e9es peuvent \u00eatre imprim\u00e9es avec le logo de votre marque, un message ou un design unique pour offrir une exp\u00e9rience d'emballage cadeau personnalis\u00e9e.<\/p>\n\n\n\n<p><strong>Avec un design \u00e0 compartiments :<\/strong> Notre bo\u00eete cadeau chocolat personnalis\u00e9e est dot\u00e9e de compartiments, ce qui permet de disposer plus facilement les chocolats, les p\u00e2tisseries, les dattes et autres friandises de mani\u00e8re ordonn\u00e9e afin d'obtenir une pr\u00e9sentation id\u00e9ale du cadeau.<\/p>\n\n\n\n<p><strong>Mat\u00e9riau en carton durable :<\/strong> Notre bo\u00eete cadeau chocolat personnalis\u00e9e est fabriqu\u00e9e en carton de haute qualit\u00e9, de sorte que la bo\u00eete est durable et solide, et qu'elle sera en mesure de prot\u00e9ger efficacement le contenu \u00e0 l'int\u00e9rieur.<\/p>\n\n\n\n<p><strong>Plusieurs tailles disponibles :<\/strong> Nos bo\u00eetes cadeaux imprim\u00e9es personnalis\u00e9es pr\u00e9sentent des sp\u00e9cifications et des tailles vari\u00e9es pour r\u00e9pondre \u00e0 un large \u00e9ventail de demandes d'emballage alimentaire, allant des biscuits, macarons et chocolats aux fruits confits, tranches de fruits s\u00e9ch\u00e9s, etc. et peuvent \u00eatre modifi\u00e9es en fonction de diff\u00e9rents environnements commerciaux.<\/p>\n<\/div>\n\n\n\n<div class=\"wp-block-column is-layout-flow wp-block-column-is-layout-flow\">\n<figure class=\"wp-block-image size-full\"><img decoding=\"async\" width=\"720\" height=\"720\" src=\"https:\/\/www.yishengpack.com\/wp-content\/uploads\/2025\/04\/Gold-Foil-Matt-Box-Manufacturer-Custom-Printed-Luxury-Cardboard-Pastry-Date-Chocolate-Gift-Packaging-Paper-Box-with-Compartments5.webp\" alt=\"bo\u00eetes-cadeaux personnalis\u00e9es en feuille d&#039;or-bulk-chocolat-bo\u00eete-cadeaux-1\" class=\"wp-image-1358\" srcset=\"https:\/\/www.yishengpack.com\/wp-content\/uploads\/2025\/04\/Gold-Foil-Matt-Box-Manufacturer-Custom-Printed-Luxury-Cardboard-Pastry-Date-Chocolate-Gift-Packaging-Paper-Box-with-Compartments5.webp 720w, https:\/\/www.yishengpack.com\/wp-content\/uploads\/2025\/04\/Gold-Foil-Matt-Box-Manufacturer-Custom-Printed-Luxury-Cardboard-Pastry-Date-Chocolate-Gift-Packaging-Paper-Box-with-Compartments5-300x300.webp 300w, https:\/\/www.yishengpack.com\/wp-content\/uploads\/2025\/04\/Gold-Foil-Matt-Box-Manufacturer-Custom-Printed-Luxury-Cardboard-Pastry-Date-Chocolate-Gift-Packaging-Paper-Box-with-Compartments5-150x150.webp 150w, https:\/\/www.yishengpack.com\/wp-content\/uploads\/2025\/04\/Gold-Foil-Matt-Box-Manufacturer-Custom-Printed-Luxury-Cardboard-Pastry-Date-Chocolate-Gift-Packaging-Paper-Box-with-Compartments5-12x12.webp 12w, https:\/\/www.yishengpack.com\/wp-content\/uploads\/2025\/04\/Gold-Foil-Matt-Box-Manufacturer-Custom-Printed-Luxury-Cardboard-Pastry-Date-Chocolate-Gift-Packaging-Paper-Box-with-Compartments5-600x600.webp 600w, https:\/\/www.yishengpack.com\/wp-content\/uploads\/2025\/04\/Gold-Foil-Matt-Box-Manufacturer-Custom-Printed-Luxury-Cardboard-Pastry-Date-Chocolate-Gift-Packaging-Paper-Box-with-Compartments5-100x100.webp 100w\" sizes=\"(max-width: 720px) 100vw, 720px\" \/><\/figure>\n<\/div>\n<\/div>\n\n\n\n<p><\/p>","protected":false},"excerpt":{"rendered":"<p>Bienvenue sur notre site d'achat de bo\u00eetes cadeaux imprim\u00e9es personnalis\u00e9es. Nos bo\u00eetes mattes avec feuille d'or ajoutent une touche de luxe et de sophistication \u00e0 votre bo\u00eete cadeau personnalis\u00e9e pour le chocolat. En personnalisant le logo imprim\u00e9, le carton robuste et le design des compartiments sont parfaits pour l'emballage de chocolats, de p\u00e2tisseries et d'autres cadeaux haut de gamme. Qu'il s'agisse d'un cadeau d'entreprise ou d'un cadeau festif, cette bo\u00eete ajoutera un charme unique \u00e0 vos cadeaux !<\/p>\n<h2>Bo\u00eetes cadeaux imprim\u00e9es sur mesure Sp\u00e9cifications :<\/h2>\n<table width=\"528\">\n<tbody>\n<tr>\n<td width=\"215\">Fabricant :<\/td>\n<td colspan=\"2\" width=\"313\">Yisheng<\/td>\n<\/tr>\n<tr>\n<td>Conception :<\/td>\n<td colspan=\"2\">Bo\u00eetes du haut et du bas<\/td>\n<\/tr>\n<tr>\n<td>Mat\u00e9riau :\u00a0<\/td>\n<td colspan=\"2\">Carton et papier d'art<\/td>\n<\/tr>\n<tr>\n<td>Couleur :\u00a0<\/td>\n<td colspan=\"2\">Impression offset CMYK 4 couleurs<\/td>\n<\/tr>\n<tr>\n<td>Taille :\u00a0<\/td>\n<td colspan=\"2\" width=\"313\">Acceptation sur mesure<\/td>\n<\/tr>\n<tr>\n<td>Utilisation g\u00e9n\u00e9rale :<\/td>\n<td colspan=\"2\" width=\"313\">Truffes, desserts, p\u00e2tisseries, biscuits, etc.<\/td>\n<\/tr>\n<tr>\n<td>Forme :\u00a0<\/td>\n<td colspan=\"2\" width=\"313\">Rectangle&amp;Personnalis\u00e9<\/td>\n<\/tr>\n<tr>\n<td>Logo :\u00a0<\/td>\n<td colspan=\"2\">Sur mesure<\/td>\n<\/tr>\n<tr>\n<td>MOQ :\u00a0<\/td>\n<td colspan=\"2\">1000pcs<\/td>\n<\/tr>\n<tr>\n<td>OEM ET ODM\uff1a<\/td>\n<td colspan=\"2\">Custom, Welcome OEM &amp; ODM<\/td>\n<\/tr>\n<tr>\n<td>Exemple\uff1a<\/td>\n<td colspan=\"2\">5 \u00e9chantillons gratuits peuvent \u00eatre demand\u00e9s<\/td>\n<\/tr>\n<\/tbody>\n<\/table>\n<p>\n<script src=\"chrome-extension:\/\/fpelahbljekknahkcaegamhcndkfpfnc\/iFrame.js\" type=\"text\/javascript\"><\/script><\/p>","protected":false},"featured_media":1361,"comment_status":"closed","ping_status":"closed","template":"","meta":{"_acf_changed":false},"box-type":[57,61],"product_brand":[],"product_cat":[32,19,41,46],"product_tag":[],"class_list":{"0":"post-1353","1":"product","2":"type-product","3":"status-publish","4":"has-post-thumbnail","6":"box-type-custom-rigid-box-with-lid","7":"box-type-custom-two-piece-boxes","8":"product_cat-bakery-packaging-wholesale","9":"product_cat-luxury-gift-boxes-wholesale","10":"product_cat-candy-gift-boxes-wholesale","11":"product_cat-wholesale-paper-boxes","13":"first","14":"instock","15":"shipping-taxable","16":"product-type-simple"},"acf":[],"_links":{"self":[{"href":"https:\/\/www.yishengpack.com\/fr\/wp-json\/wp\/v2\/product\/1353","targetHints":{"allow":["GET"]}}],"collection":[{"href":"https:\/\/www.yishengpack.com\/fr\/wp-json\/wp\/v2\/product"}],"about":[{"href":"https:\/\/www.yishengpack.com\/fr\/wp-json\/wp\/v2\/types\/product"}],"replies":[{"embeddable":true,"href":"https:\/\/www.yishengpack.com\/fr\/wp-json\/wp\/v2\/comments?post=1353"}],"wp:featuredmedia":[{"embeddable":true,"href":"https:\/\/www.yishengpack.com\/fr\/wp-json\/wp\/v2\/media\/1361"}],"wp:attachment":[{"href":"https:\/\/www.yishengpack.com\/fr\/wp-json\/wp\/v2\/media?parent=1353"}],"wp:term":[{"taxonomy":"box-type","embeddable":true,"href":"https:\/\/www.yishengpack.com\/fr\/wp-json\/wp\/v2\/box-type?post=1353"},{"taxonomy":"product_brand","embeddable":true,"href":"https:\/\/www.yishengpack.com\/fr\/wp-json\/wp\/v2\/product_brand?post=1353"},{"taxonomy":"product_cat","embeddable":true,"href":"https:\/\/www.yishengpack.com\/fr\/wp-json\/wp\/v2\/product_cat?post=1353"},{"taxonomy":"product_tag","embeddable":true,"href":"https:\/\/www.yishengpack.com\/fr\/wp-json\/wp\/v2\/product_tag?post=1353"}],"curies":[{"name":"wp","href":"https:\/\/api.w.org\/{rel}","templated":true}]}}