{"id":134,"date":"2024-12-26T02:04:48","date_gmt":"2024-12-26T02:04:48","guid":{"rendered":"https:\/\/www.yishengpack.com\/?post_type=product&#038;p=134"},"modified":"2025-10-29T01:44:05","modified_gmt":"2025-10-29T01:44:05","slug":"wholesale-cake-slice-boxes","status":"publish","type":"product","link":"https:\/\/www.yishengpack.com\/fr\/produit\/wholesale-cake-slice-boxes\/","title":{"rendered":"Bo\u00eetes \u00e0 tranches de g\u00e2teaux en gros Bo\u00eetes \u00e0 g\u00e2teaux triangulaires de 8 pouces avec fourchettes"},"content":{"rendered":"<div class=\"wp-block-columns is-layout-flex wp-container-core-columns-is-layout-9d6595d7 wp-block-columns-is-layout-flex\">\n<div class=\"wp-block-column is-layout-flow wp-block-column-is-layout-flow\">\n<h3 class=\"wp-block-heading\">Features of Wholesale Cake Slice Boxes<\/h3>\n\n\n\n<p><strong>PET \u00e9cologique Mat\u00e9riau :<\/strong> The wholesale cake slice boxes are made of recyclable PET plastic, environmentally friendly, and sustainable.<\/p>\n\n\n\n<p><strong>Design plus grand et plus \u00e9pais :<\/strong> The wholesale cake slice boxes have an 8-inch box that provides taller and thicker space for better protection of cake slices.<\/p>\n\n\n\n<p><strong>Fourches en prime :<\/strong> Each wholesale cake box includes forks for convenience, so your customers to eat your cake slices any time.<\/p>\n\n\n\n<p><strong>Durable et s\u00fbr :<\/strong> The thicker material protects the slices while handling and transporting.<\/p>\n\n\n\n<p><strong>Multi-Use: <\/strong>These wholesale cake slice boxes can be used for all types of cakes, pies, and desserts and for bakeries, catering, and any type of event.<\/p>\n\n\n\n<p><strong>Custom Printed Stickers:<\/strong> Multiple styles of stickers can be customized for printing with your brand logos, any designs, or wording to help promote your brand.<\/p>\n<\/div>\n\n\n\n<div class=\"wp-block-column is-layout-flow wp-block-column-is-layout-flow\">\n<figure class=\"wp-block-image size-full\"><img decoding=\"async\" width=\"750\" height=\"640\" src=\"https:\/\/www.yishengpack.com\/wp-content\/uploads\/2024\/12\/Wholesale-Cake-Slice-Boxes-8-inch-Triangle-Cake-Containers-with-Forks-1.webp\" alt=\"Bo\u00eetes \u00e0 tranches de g\u00e2teaux en gros Bo\u00eetes \u00e0 g\u00e2teaux triangulaires de 8 pouces avec fourchettes (1)\" class=\"wp-image-135\" srcset=\"https:\/\/www.yishengpack.com\/wp-content\/uploads\/2024\/12\/Wholesale-Cake-Slice-Boxes-8-inch-Triangle-Cake-Containers-with-Forks-1.webp 750w, https:\/\/www.yishengpack.com\/wp-content\/uploads\/2024\/12\/Wholesale-Cake-Slice-Boxes-8-inch-Triangle-Cake-Containers-with-Forks-1-300x256.webp 300w, https:\/\/www.yishengpack.com\/wp-content\/uploads\/2024\/12\/Wholesale-Cake-Slice-Boxes-8-inch-Triangle-Cake-Containers-with-Forks-1-600x512.webp 600w\" sizes=\"(max-width: 750px) 100vw, 750px\" \/><\/figure>\n<\/div>\n<\/div>","protected":false},"excerpt":{"rendered":"<p>Yisheng Supply offers taller and thicker triangle wholesale cake slice boxes in 8-inch versions that are for single-serving cake slices for your bakery, catering event, or wedding. The thicker material provides extra protection to keep the slices fresh and prevent them from getting damaged. There is a matching fork to keep customers ready to enjoy.<\/p>\n<h2>Wholesale Cake Slice Boxes Specifications:<\/h2>\n<p>&nbsp;<\/p>\n<table width=\"528\">\n<tbody>\n<tr>\n<td width=\"215\">Fabricant :<\/td>\n<td colspan=\"2\" width=\"313\">Yisheng<\/td>\n<\/tr>\n<tr>\n<td>Mod\u00e8le :<\/td>\n<td colspan=\"2\">A03-B<\/td>\n<\/tr>\n<tr>\n<td>Mat\u00e9riau :\u00a0<\/td>\n<td colspan=\"2\">PET<\/td>\n<\/tr>\n<tr>\n<td>Couleur :\u00a0<\/td>\n<td colspan=\"2\">Noir, blanc<\/td>\n<\/tr>\n<tr>\n<td>Taille :\u00a0<\/td>\n<td colspan=\"2\" width=\"313\">15.3cm*12cm*9.5<\/td>\n<\/tr>\n<tr>\n<td>Poids :\u00a0<\/td>\n<td colspan=\"2\">17,6g\/pc<\/td>\n<\/tr>\n<tr>\n<td>Forme :\u00a0<\/td>\n<td colspan=\"2\">Triangle<\/td>\n<\/tr>\n<tr>\n<td>Emballage :\u00a0<\/td>\n<td colspan=\"2\">50pcs\/sac<\/td>\n<\/tr>\n<tr>\n<td>MOQ :\u00a0<\/td>\n<td colspan=\"2\">1200pcs<\/td>\n<\/tr>\n<tr>\n<td>OEM&amp;ODM :\u00a0<\/td>\n<td colspan=\"2\">Sur mesure, Bienvenue OEM&amp;ODM<\/td>\n<\/tr>\n<tr>\n<td>Exemple\uff1a<\/td>\n<td colspan=\"2\">10 pcs \u00e9chantillons gratuits peuvent \u00eatre demand\u00e9s<\/td>\n<\/tr>\n<\/tbody>\n<\/table>\n<p>&nbsp;<\/p>","protected":false},"featured_media":137,"comment_status":"closed","ping_status":"closed","template":"","meta":{"_acf_changed":false},"box-type":[61],"product_brand":[],"product_cat":[21,30],"product_tag":[],"class_list":{"0":"post-134","1":"product","2":"type-product","3":"status-publish","4":"has-post-thumbnail","6":"box-type-custom-two-piece-boxes","7":"product_cat-plastic-cake-containers-wholesale","8":"product_cat-cake-containers-wholesale","10":"first","11":"instock","12":"shipping-taxable","13":"product-type-simple"},"acf":[],"_links":{"self":[{"href":"https:\/\/www.yishengpack.com\/fr\/wp-json\/wp\/v2\/product\/134","targetHints":{"allow":["GET"]}}],"collection":[{"href":"https:\/\/www.yishengpack.com\/fr\/wp-json\/wp\/v2\/product"}],"about":[{"href":"https:\/\/www.yishengpack.com\/fr\/wp-json\/wp\/v2\/types\/product"}],"replies":[{"embeddable":true,"href":"https:\/\/www.yishengpack.com\/fr\/wp-json\/wp\/v2\/comments?post=134"}],"wp:featuredmedia":[{"embeddable":true,"href":"https:\/\/www.yishengpack.com\/fr\/wp-json\/wp\/v2\/media\/137"}],"wp:attachment":[{"href":"https:\/\/www.yishengpack.com\/fr\/wp-json\/wp\/v2\/media?parent=134"}],"wp:term":[{"taxonomy":"box-type","embeddable":true,"href":"https:\/\/www.yishengpack.com\/fr\/wp-json\/wp\/v2\/box-type?post=134"},{"taxonomy":"product_brand","embeddable":true,"href":"https:\/\/www.yishengpack.com\/fr\/wp-json\/wp\/v2\/product_brand?post=134"},{"taxonomy":"product_cat","embeddable":true,"href":"https:\/\/www.yishengpack.com\/fr\/wp-json\/wp\/v2\/product_cat?post=134"},{"taxonomy":"product_tag","embeddable":true,"href":"https:\/\/www.yishengpack.com\/fr\/wp-json\/wp\/v2\/product_tag?post=134"}],"curies":[{"name":"wp","href":"https:\/\/api.w.org\/{rel}","templated":true}]}}