{"id":1310,"date":"2025-04-16T10:06:46","date_gmt":"2025-04-16T10:06:46","guid":{"rendered":"https:\/\/www.yishengpack.com\/?post_type=product&#038;p=1310"},"modified":"2025-08-11T06:25:15","modified_gmt":"2025-08-11T06:25:15","slug":"customized-cake-boxes","status":"publish","type":"product","link":"https:\/\/www.yishengpack.com\/fr\/produit\/customized-cake-boxes\/","title":{"rendered":"Bo\u00eetes \u00e0 g\u00e2teaux personnalis\u00e9es Emballage alimentaire, Bo\u00eetes \u00e0 charcuterie carr\u00e9es Vente en gros"},"content":{"rendered":"<div class=\"wp-block-columns is-layout-flex wp-container-core-columns-is-layout-9d6595d7 wp-block-columns-is-layout-flex\">\n<div class=\"wp-block-column is-layout-flow wp-block-column-is-layout-flow\">\n<h3 class=\"wp-block-heading\">Caract\u00e9ristiques des bo\u00eetes \u00e0 g\u00e2teaux personnalis\u00e9es<\/h3>\n\n\n\n<p><strong>Facile \u00e0 utiliser :<\/strong> Ces bo\u00eetes \u00e0 g\u00e2teaux personnalis\u00e9es sont con\u00e7ues sans pliage, pr\u00eates \u00e0 l'emploi, \u00e9liminant la n\u00e9cessit\u00e9 d'\u00e9tapes de pliage fastidieuses, ce qui am\u00e9liore consid\u00e9rablement l'efficacit\u00e9 de l'emballage.<\/p>\n\n\n\n<p><strong>Affichage transparent : <\/strong>Nos bo\u00eetes \u00e0 charcuterie en gros sont \u00e9quip\u00e9es de couvercles en plastique transparent, globalement simples et beaux, permettant de pr\u00e9senter clairement les aliments \u00e0 l'int\u00e9rieur de la bo\u00eete, d'am\u00e9liorer l'attrait visuel du produit et de stimuler efficacement le d\u00e9sir d'achat du client.<\/p>\n\n\n\n<p><strong>Mat\u00e9riau de qualit\u00e9 alimentaire, respectueux de l'environnement :<\/strong> Ces bo\u00eetes \u00e0 g\u00e2teaux personnalis\u00e9es sont fabriqu\u00e9es en papier \u00e9pais de qualit\u00e9 alimentaire, respectueux de l'environnement, sans odeur ni pollution, afin de garantir la s\u00e9curit\u00e9 du contact avec les aliments.<\/p>\n\n\n\n<p><strong>R\u00e9sistant \u00e0 l'huile et aux infiltrations : <\/strong>Ces bo\u00eetes \u00e0 g\u00e2teaux personnalis\u00e9es sont sp\u00e9cialement recouvertes d'un rev\u00eatement r\u00e9sistant \u00e0 l'huile sur la paroi int\u00e9rieure, ce qui permet d'isoler efficacement les graisses et les sauces, d'emp\u00eacher les infiltrations ou l'affaissement du produit, et de garder l'emballage beau et bien rang\u00e9. Elles conviennent aux desserts, g\u00e2teaux, viandes, plateaux de fromage et autres aliments contenant de l'huile.<\/p>\n\n\n\n<p><strong>Personnalisation de l'assistance :<\/strong> Nos bo\u00eetes \u00e0 charcuterie peuvent \u00eatre personnalis\u00e9es de diverses mani\u00e8res en fonction des besoins de votre marque, notamment par l'impression de logos, l'impression en quadrichromie, la modification des dimensions, etc.<\/p>\n<\/div>\n\n\n\n<div class=\"wp-block-column is-layout-flow wp-block-column-is-layout-flow\">\n<figure class=\"wp-block-image size-full\"><img decoding=\"async\" width=\"800\" height=\"800\" src=\"https:\/\/www.yishengpack.com\/wp-content\/uploads\/2025\/04\/wholesale-customized-cake-boxes-food-packaging-square-charcuterie-boxes3.jpg\" alt=\"bo\u00eetes \u00e0 g\u00e2teaux personnalis\u00e9es-emballage alimentaire-carr\u00e9-bo\u00eetes \u00e0 charcuterie-vente en gros-1\" class=\"wp-image-1313\" srcset=\"https:\/\/www.yishengpack.com\/wp-content\/uploads\/2025\/04\/wholesale-customized-cake-boxes-food-packaging-square-charcuterie-boxes3.jpg 800w, https:\/\/www.yishengpack.com\/wp-content\/uploads\/2025\/04\/wholesale-customized-cake-boxes-food-packaging-square-charcuterie-boxes3-300x300.jpg 300w, https:\/\/www.yishengpack.com\/wp-content\/uploads\/2025\/04\/wholesale-customized-cake-boxes-food-packaging-square-charcuterie-boxes3-150x150.jpg 150w, https:\/\/www.yishengpack.com\/wp-content\/uploads\/2025\/04\/wholesale-customized-cake-boxes-food-packaging-square-charcuterie-boxes3-768x768.jpg 768w, https:\/\/www.yishengpack.com\/wp-content\/uploads\/2025\/04\/wholesale-customized-cake-boxes-food-packaging-square-charcuterie-boxes3-12x12.jpg 12w, https:\/\/www.yishengpack.com\/wp-content\/uploads\/2025\/04\/wholesale-customized-cake-boxes-food-packaging-square-charcuterie-boxes3-600x600.jpg 600w, https:\/\/www.yishengpack.com\/wp-content\/uploads\/2025\/04\/wholesale-customized-cake-boxes-food-packaging-square-charcuterie-boxes3-100x100.jpg 100w\" sizes=\"(max-width: 800px) 100vw, 800px\" \/><\/figure>\n<\/div>\n<\/div>\n\n\n\n<p><\/p>","protected":false},"excerpt":{"rendered":"<p>Nous vous invitons \u00e0 acheter nos bo\u00eetes \u00e0 g\u00e2teaux personnalis\u00e9es. Cette bo\u00eete \u00e0 charcuterie carr\u00e9e avec un couvercle transparent est une bo\u00eete en papier pr\u00eate \u00e0 consommer con\u00e7ue pour les desserts, les g\u00e2teaux et autres snacks. Veillez \u00e0 ce que vos aliments soient robustes et bien ventil\u00e9s pour qu'ils restent frais. Convient aux boulangeries, aux magasins de desserts, aux caf\u00e9s et aux stands de nourriture. Achetez en gros d\u00e8s aujourd'hui et profitez d'excellents prix et d'une livraison rapide !<\/p>\n<h2>Bo\u00eetes \u00e0 g\u00e2teaux personnalis\u00e9es Sp\u00e9cifications :<\/h2>\n<table width=\"528\">\n<tbody>\n<tr>\n<td width=\"215\">Fabricant :<\/td>\n<td colspan=\"2\" width=\"313\">Yisheng<\/td>\n<\/tr>\n<tr>\n<td>Mod\u00e8le :<\/td>\n<td colspan=\"2\">1212\uff08011\uff09<\/td>\n<\/tr>\n<tr>\n<td>Mat\u00e9riau :\u00a0<\/td>\n<td colspan=\"2\">Papier+PET<\/td>\n<\/tr>\n<tr>\n<td>Couleur :\u00a0<\/td>\n<td colspan=\"2\">Blanc\u00a0<\/td>\n<\/tr>\n<tr>\n<td>Taille :\u00a0<\/td>\n<td colspan=\"2\" width=\"313\">11.5*11.5*6.5cm<\/td>\n<\/tr>\n<tr>\n<td>Poids :\u00a0<\/td>\n<td colspan=\"2\" width=\"313\">17g,17.5g\/pc<\/td>\n<\/tr>\n<tr>\n<td>Forme :\u00a0<\/td>\n<td colspan=\"2\" width=\"313\">Carr\u00e9<\/td>\n<\/tr>\n<tr>\n<td>Logo :\u00a0<\/td>\n<td colspan=\"2\">Sur mesure<\/td>\n<\/tr>\n<tr>\n<td>MOQ :\u00a0<\/td>\n<td colspan=\"2\">1000pcs<\/td>\n<\/tr>\n<tr>\n<td>OEM&amp;ODM :\u00a0<\/td>\n<td colspan=\"2\">Custom, Welcome OEM &amp; ODM<\/td>\n<\/tr>\n<tr>\n<td>Exemple\uff1a<\/td>\n<td colspan=\"2\">5 pi\u00e8ces \u00e9chantillons gratuits peuvent \u00eatre demand\u00e9s<\/td>\n<\/tr>\n<\/tbody>\n<\/table>\n<p>\n<script src=\"chrome-extension:\/\/fpelahbljekknahkcaegamhcndkfpfnc\/iFrame.js\" type=\"text\/javascript\"><\/script><\/p>","protected":false},"featured_media":1315,"comment_status":"closed","ping_status":"closed","template":"","meta":{"_acf_changed":false},"box-type":[64,61],"product_brand":[],"product_cat":[30,31],"product_tag":[],"class_list":{"0":"post-1310","1":"product","2":"type-product","3":"status-publish","4":"has-post-thumbnail","6":"box-type-custom-clear-lid-paper-boxes","7":"box-type-custom-two-piece-boxes","8":"product_cat-cake-containers-wholesale","9":"product_cat-wholesale-charcuterie-boxes","11":"first","12":"instock","13":"shipping-taxable","14":"product-type-simple"},"acf":[],"_links":{"self":[{"href":"https:\/\/www.yishengpack.com\/fr\/wp-json\/wp\/v2\/product\/1310","targetHints":{"allow":["GET"]}}],"collection":[{"href":"https:\/\/www.yishengpack.com\/fr\/wp-json\/wp\/v2\/product"}],"about":[{"href":"https:\/\/www.yishengpack.com\/fr\/wp-json\/wp\/v2\/types\/product"}],"replies":[{"embeddable":true,"href":"https:\/\/www.yishengpack.com\/fr\/wp-json\/wp\/v2\/comments?post=1310"}],"wp:featuredmedia":[{"embeddable":true,"href":"https:\/\/www.yishengpack.com\/fr\/wp-json\/wp\/v2\/media\/1315"}],"wp:attachment":[{"href":"https:\/\/www.yishengpack.com\/fr\/wp-json\/wp\/v2\/media?parent=1310"}],"wp:term":[{"taxonomy":"box-type","embeddable":true,"href":"https:\/\/www.yishengpack.com\/fr\/wp-json\/wp\/v2\/box-type?post=1310"},{"taxonomy":"product_brand","embeddable":true,"href":"https:\/\/www.yishengpack.com\/fr\/wp-json\/wp\/v2\/product_brand?post=1310"},{"taxonomy":"product_cat","embeddable":true,"href":"https:\/\/www.yishengpack.com\/fr\/wp-json\/wp\/v2\/product_cat?post=1310"},{"taxonomy":"product_tag","embeddable":true,"href":"https:\/\/www.yishengpack.com\/fr\/wp-json\/wp\/v2\/product_tag?post=1310"}],"curies":[{"name":"wp","href":"https:\/\/api.w.org\/{rel}","templated":true}]}}