{"id":1297,"date":"2025-04-11T08:33:22","date_gmt":"2025-04-11T08:33:22","guid":{"rendered":"https:\/\/www.yishengpack.com\/?post_type=product&#038;p=1297"},"modified":"2025-08-11T06:32:30","modified_gmt":"2025-08-11T06:32:30","slug":"custom-magnetic-boxes","status":"publish","type":"product","link":"https:\/\/www.yishengpack.com\/fr\/produit\/custom-magnetic-boxes\/","title":{"rendered":"Bo\u00eetes magn\u00e9tiques avec doublure OEM\/ODM, Bo\u00eetes cadeaux vin en gros"},"content":{"rendered":"<div class=\"wp-block-columns is-layout-flex wp-container-core-columns-is-layout-9d6595d7 wp-block-columns-is-layout-flex\">\n<div class=\"wp-block-column is-layout-flow wp-block-column-is-layout-flow\">\n<h3 class=\"wp-block-heading\">Caract\u00e9ristiques des bo\u00eetes magn\u00e9tiques personnalis\u00e9es<\/h3>\n\n\n\n<p><strong>Prise en charge de la personnalisation OEM\/ODM :<\/strong> Ces bo\u00eetes magn\u00e9tiques personnalis\u00e9es avec doublure offrent une gamme compl\u00e8te de services de personnalisation, y compris la taille, la structure, la couleur, l'impression, la doublure et la personnalisation du logo, afin de r\u00e9pondre aux besoins uniques des marques.<\/p>\n\n\n\n<p><strong>Fermeture magn\u00e9tique haut de gamme :<\/strong> Ces coffrets cadeaux pour le vin adoptent une structure \u00e0 rabat magn\u00e9tique, qui s'ouvre en douceur et se referme en toute s\u00e9curit\u00e9, am\u00e9liorant ainsi l'exp\u00e9rience d'ouverture et la qualit\u00e9 du cadeau.<\/p>\n\n\n\n<p><strong>Diff\u00e9rentes options de doublure : <\/strong>Ces coffrets cadeaux pour le vin en gros ont une doublure int\u00e9gr\u00e9e en mousse, velours, EVA, papier et autres mat\u00e9riaux, qui peut prot\u00e9ger les bouteilles de vin en toute s\u00e9curit\u00e9 et prendre en compte la beaut\u00e9 et la praticit\u00e9.<\/p>\n\n\n\n<p><strong>Con\u00e7u pour les coffrets de vin :<\/strong> Ces bo\u00eetes magn\u00e9tiques personnalis\u00e9es \u00e0 structure doubl\u00e9e sont solides et peuvent contenir du vin rouge. Elles conviennent aux cadeaux haut de gamme, \u00e0 l'emballage des f\u00eates ou au commerce \u00e9lectronique du vin.<\/p>\n\n\n\n<p><strong>Impression personnalis\u00e9e : <\/strong>Ces bo\u00eetes magn\u00e9tiques personnalis\u00e9es avec lignes offrent l'impression de logos, le marquage \u00e0 chaud, le gaufrage, l'UV, le laminage et d'autres processus personnalis\u00e9s, r\u00e9pondant parfaitement aux besoins visuels de la marque.<\/p>\n<\/div>\n\n\n\n<div class=\"wp-block-column is-layout-flow wp-block-column-is-layout-flow\">\n<figure class=\"wp-block-image size-full\"><img decoding=\"async\" width=\"720\" height=\"720\" src=\"https:\/\/www.yishengpack.com\/wp-content\/uploads\/2025\/04\/oem-odm-custom-magnetic-boxes-with-lined-wine-gift-boxes-wholeslae-1.webp\" alt=\"oem-odm-custom-magnetic-boxes-with-lined-wine-gift-boxes-wholeslae-1\" class=\"wp-image-1305\" srcset=\"https:\/\/www.yishengpack.com\/wp-content\/uploads\/2025\/04\/oem-odm-custom-magnetic-boxes-with-lined-wine-gift-boxes-wholeslae-1.webp 720w, https:\/\/www.yishengpack.com\/wp-content\/uploads\/2025\/04\/oem-odm-custom-magnetic-boxes-with-lined-wine-gift-boxes-wholeslae-1-300x300.webp 300w, https:\/\/www.yishengpack.com\/wp-content\/uploads\/2025\/04\/oem-odm-custom-magnetic-boxes-with-lined-wine-gift-boxes-wholeslae-1-150x150.webp 150w, https:\/\/www.yishengpack.com\/wp-content\/uploads\/2025\/04\/oem-odm-custom-magnetic-boxes-with-lined-wine-gift-boxes-wholeslae-1-12x12.webp 12w, https:\/\/www.yishengpack.com\/wp-content\/uploads\/2025\/04\/oem-odm-custom-magnetic-boxes-with-lined-wine-gift-boxes-wholeslae-1-600x600.webp 600w, https:\/\/www.yishengpack.com\/wp-content\/uploads\/2025\/04\/oem-odm-custom-magnetic-boxes-with-lined-wine-gift-boxes-wholeslae-1-100x100.webp 100w\" sizes=\"(max-width: 720px) 100vw, 720px\" \/><\/figure>\n<\/div>\n<\/div>\n\n\n\n<p><\/p>","protected":false},"excerpt":{"rendered":"<p>Nous vous invitons \u00e0 acheter nos bo\u00eetes magn\u00e9tiques personnalis\u00e9es avec doublure, bo\u00eetes \u00e0 vin professionnelles en gros, service OEM\/ODM, structure robuste, doublure en option, con\u00e7ues pour l'emballage de cadeaux de vin. Convient pour les cadeaux de marque, les ventes en ligne et les sc\u00e8nes d'emballage haut de gamme, approvisionnement direct de l'usine, et soutien pour la personnalisation en vrac.<\/p>\n<h2>Bo\u00eetes magn\u00e9tiques personnalis\u00e9es Sp\u00e9cification :<\/h2>\n<table width=\"554\">\n<tbody>\n<tr>\n<td width=\"215\">Fabricant :<\/td>\n<td colspan=\"2\" width=\"339\">Yisheng<\/td>\n<\/tr>\n<tr>\n<td>Style :<\/td>\n<td colspan=\"2\">Bo\u00eetes magn\u00e9tiques<\/td>\n<\/tr>\n<tr>\n<td>Mat\u00e9riau :\u00a0<\/td>\n<td colspan=\"2\">Papier kraft, carton ondul\u00e9, carton, papier d'art, etc.<\/td>\n<\/tr>\n<tr>\n<td>Taille :<\/td>\n<td colspan=\"2\">Sur mesure<\/td>\n<\/tr>\n<tr>\n<td>Couleur :\u00a0<\/td>\n<td colspan=\"2\">Sur mesure<\/td>\n<\/tr>\n<tr>\n<td>Forme :\u00a0<\/td>\n<td colspan=\"2\">Rectangle, Personnalis\u00e9<\/td>\n<\/tr>\n<tr>\n<td>MOQ :\u00a0<\/td>\n<td colspan=\"2\">1000pcs<\/td>\n<\/tr>\n<tr>\n<td>OEM&amp;ODM :\u00a0<\/td>\n<td colspan=\"2\">Sur mesure, Bienvenue OEM&amp;ODM<\/td>\n<\/tr>\n<tr>\n<td>Applications :<\/td>\n<td colspan=\"2\">Cadeaux de marque, ventes en ligne et emballages haut de gamme<\/td>\n<\/tr>\n<\/tbody>\n<\/table>\n<p>&nbsp;<\/p>\n<p>\n<script src=\"chrome-extension:\/\/fpelahbljekknahkcaegamhcndkfpfnc\/iFrame.js\" type=\"text\/javascript\"><\/script><\/p>","protected":false},"featured_media":1306,"comment_status":"closed","ping_status":"closed","template":"","meta":{"_acf_changed":false},"box-type":[54],"product_brand":[],"product_cat":[19,36,46,33,43],"product_tag":[],"class_list":{"0":"post-1297","1":"product","2":"type-product","3":"status-publish","4":"has-post-thumbnail","6":"box-type-custom-magnetic-closure-boxes","7":"product_cat-luxury-gift-boxes-wholesale","8":"product_cat-wine-boxes-wholesale","9":"product_cat-wholesale-paper-boxes","10":"product_cat-food-packaging-boxes-wholesale","11":"product_cat-coffee-and-tea-packaging-boxes-wholesale","13":"first","14":"instock","15":"shipping-taxable","16":"product-type-simple"},"acf":[],"_links":{"self":[{"href":"https:\/\/www.yishengpack.com\/fr\/wp-json\/wp\/v2\/product\/1297","targetHints":{"allow":["GET"]}}],"collection":[{"href":"https:\/\/www.yishengpack.com\/fr\/wp-json\/wp\/v2\/product"}],"about":[{"href":"https:\/\/www.yishengpack.com\/fr\/wp-json\/wp\/v2\/types\/product"}],"replies":[{"embeddable":true,"href":"https:\/\/www.yishengpack.com\/fr\/wp-json\/wp\/v2\/comments?post=1297"}],"wp:featuredmedia":[{"embeddable":true,"href":"https:\/\/www.yishengpack.com\/fr\/wp-json\/wp\/v2\/media\/1306"}],"wp:attachment":[{"href":"https:\/\/www.yishengpack.com\/fr\/wp-json\/wp\/v2\/media?parent=1297"}],"wp:term":[{"taxonomy":"box-type","embeddable":true,"href":"https:\/\/www.yishengpack.com\/fr\/wp-json\/wp\/v2\/box-type?post=1297"},{"taxonomy":"product_brand","embeddable":true,"href":"https:\/\/www.yishengpack.com\/fr\/wp-json\/wp\/v2\/product_brand?post=1297"},{"taxonomy":"product_cat","embeddable":true,"href":"https:\/\/www.yishengpack.com\/fr\/wp-json\/wp\/v2\/product_cat?post=1297"},{"taxonomy":"product_tag","embeddable":true,"href":"https:\/\/www.yishengpack.com\/fr\/wp-json\/wp\/v2\/product_tag?post=1297"}],"curies":[{"name":"wp","href":"https:\/\/api.w.org\/{rel}","templated":true}]}}