{"id":1291,"date":"2025-04-11T06:56:36","date_gmt":"2025-04-11T06:56:36","guid":{"rendered":"https:\/\/www.yishengpack.com\/?post_type=product&#038;p=1291"},"modified":"2025-08-11T06:38:57","modified_gmt":"2025-08-11T06:38:57","slug":"custom-shoulder-rigid-boxes","status":"publish","type":"product","link":"https:\/\/www.yishengpack.com\/fr\/produit\/custom-shoulder-rigid-boxes\/","title":{"rendered":"Bo\u00eetes rigides \u00e0 \u00e9paulement sur mesure Factory Direct Wholesale, Custom Sizes, Colors"},"content":{"rendered":"<div class=\"wp-block-columns is-layout-flex wp-container-core-columns-is-layout-9d6595d7 wp-block-columns-is-layout-flex\">\n<div class=\"wp-block-column is-layout-flow wp-block-column-is-layout-flow\">\n<h3 class=\"wp-block-heading\">Caract\u00e9ristiques des bo\u00eetes rigides Custom Shoulder<\/h3>\n\n\n\n<p><strong>Prise en charge de la personnalisation en taille r\u00e9elle : <\/strong>Ces bo\u00eetes rigides sont disponibles en gros dans des tailles personnalis\u00e9es pour r\u00e9pondre aux diff\u00e9rents besoins d'emballage des produits.<\/p>\n\n\n\n<p><strong>Nombreuses options de traitement de surface : <\/strong>Nos bo\u00eetes rigides \u00e0 \u00e9paulement personnalis\u00e9es peuvent \u00eatre dot\u00e9es d'un film mat, d'un film brillant, d'un marquage \u00e0 chaud, d'un marquage UV, d'un gaufrage, etc. afin d'am\u00e9liorer la texture de la marque et l'attrait visuel.<\/p>\n\n\n\n<p><strong>Logos et motifs de marque personnalisables : <\/strong>Nos bo\u00eetes rigides \u00e0 \u00e9paulement personnalis\u00e9es permettent la s\u00e9rigraphie, l'estampage \u00e0 chaud, le gaufrage et d'autres m\u00e9thodes de pr\u00e9sentation du logo afin de cr\u00e9er une image de marque exclusive.<\/p>\n\n\n\n<p><strong>Stable et durable : <\/strong>Ces bo\u00eetes rigides en gros ont une vari\u00e9t\u00e9 de mat\u00e9riaux \u00e0 choisir, utilisant du carton gris de haute r\u00e9sistance + du papier d'art, du papier de sp\u00e9cialit\u00e9, du papier de cuir, etc. Non seulement elles am\u00e9liorent la qualit\u00e9 du produit, mais elles ne se d\u00e9forment pas facilement, ce qui rend le transport plus s\u00fbr.<\/p>\n\n\n\n<p><strong>Fourniture directe par l'usine : <\/strong>Nos bo\u00eetes rigides \u00e0 \u00e9paulement sur mesure permettent une production de masse, avec une ligne de production compl\u00e8te et un syst\u00e8me de gestion de la qualit\u00e9, des livraisons stables et des prix comp\u00e9titifs.<\/p>\n<\/div>\n\n\n\n<div class=\"wp-block-column is-layout-flow wp-block-column-is-layout-flow\">\n<figure class=\"wp-block-image size-full\"><img decoding=\"async\" width=\"600\" height=\"600\" src=\"https:\/\/www.yishengpack.com\/wp-content\/uploads\/2025\/04\/factory-direct-custom-shoulder-rigid-boxes-wholesale-custom-sizes-colors-4.webp\" alt=\"factory-direct-custom-shoulder-rigid-boxes-wholesale-custom-sizes-colors-4\" class=\"wp-image-1295\" srcset=\"https:\/\/www.yishengpack.com\/wp-content\/uploads\/2025\/04\/factory-direct-custom-shoulder-rigid-boxes-wholesale-custom-sizes-colors-4.webp 600w, https:\/\/www.yishengpack.com\/wp-content\/uploads\/2025\/04\/factory-direct-custom-shoulder-rigid-boxes-wholesale-custom-sizes-colors-4-300x300.webp 300w, https:\/\/www.yishengpack.com\/wp-content\/uploads\/2025\/04\/factory-direct-custom-shoulder-rigid-boxes-wholesale-custom-sizes-colors-4-150x150.webp 150w, https:\/\/www.yishengpack.com\/wp-content\/uploads\/2025\/04\/factory-direct-custom-shoulder-rigid-boxes-wholesale-custom-sizes-colors-4-12x12.webp 12w, https:\/\/www.yishengpack.com\/wp-content\/uploads\/2025\/04\/factory-direct-custom-shoulder-rigid-boxes-wholesale-custom-sizes-colors-4-100x100.webp 100w\" sizes=\"(max-width: 600px) 100vw, 600px\" \/><\/figure>\n<\/div>\n<\/div>\n\n\n\n<p><\/p>","protected":false},"excerpt":{"rendered":"<p>Nous vous invitons \u00e0 acheter nos bo\u00eetes rigides \u00e0 \u00e9paulement personnalis\u00e9es en direct de l'usine pour am\u00e9liorer la pr\u00e9sentation de vos produits. Con\u00e7ues pour la vente au d\u00e9tail de luxe, les coffrets cadeaux et les emballages promotionnels, ces bo\u00eetes sont enti\u00e8rement personnalisables en termes de taille, de couleur, de construction et de finition. Nous proposons une large gamme de mat\u00e9riaux et d'options d'impression pour mettre en valeur votre marque avec \u00e9l\u00e9gance et pr\u00e9cision. Ces bo\u00eetes sont parfaites pour les marques qui recherchent une solution d'emballage haut de gamme, durable et visuellement frappante.<\/p>\n<h2>Bo\u00eetes rigides \u00e0 \u00e9paulement sur mesure Sp\u00e9cification :<\/h2>\n<table width=\"554\">\n<tbody>\n<tr>\n<td width=\"215\">Fabricant :<\/td>\n<td colspan=\"2\" width=\"339\">Yisheng<\/td>\n<\/tr>\n<tr>\n<td>Style :<\/td>\n<td colspan=\"2\">Bo\u00eetes rigides<\/td>\n<\/tr>\n<tr>\n<td>Mat\u00e9riau :\u00a0<\/td>\n<td colspan=\"2\">Papier kraft, carton ondul\u00e9, carton, papier d'art, etc.<\/td>\n<\/tr>\n<tr>\n<td>Taille :<\/td>\n<td colspan=\"2\">Sur mesure<\/td>\n<\/tr>\n<tr>\n<td>Couleur :\u00a0<\/td>\n<td colspan=\"2\">Sur mesure<\/td>\n<\/tr>\n<tr>\n<td>Forme :\u00a0<\/td>\n<td colspan=\"2\">Rectangle, Personnalis\u00e9<\/td>\n<\/tr>\n<tr>\n<td>MOQ :\u00a0<\/td>\n<td colspan=\"2\">1000pcs<\/td>\n<\/tr>\n<tr>\n<td>OEM&amp;ODM :\u00a0<\/td>\n<td colspan=\"2\">Sur mesure, Bienvenue OEM&amp;ODM<\/td>\n<\/tr>\n<tr>\n<td>Applications :<\/td>\n<td colspan=\"2\">Emballages de bijoux, cosm\u00e9tiques et \u00e9chantillons de produits de beaut\u00e9, desserts haut de gamme, bo\u00eetes \u00e0 th\u00e9, etc.<\/td>\n<\/tr>\n<\/tbody>\n<\/table>\n<p>&nbsp;<\/p>\n<p>\n<script src=\"chrome-extension:\/\/fpelahbljekknahkcaegamhcndkfpfnc\/iFrame.js\" type=\"text\/javascript\"><\/script><\/p>","protected":false},"featured_media":1294,"comment_status":"closed","ping_status":"closed","template":"","meta":{"_acf_changed":false},"box-type":[57],"product_brand":[],"product_cat":[19,40],"product_tag":[],"class_list":{"0":"post-1291","1":"product","2":"type-product","3":"status-publish","4":"has-post-thumbnail","6":"box-type-custom-rigid-box-with-lid","7":"product_cat-luxury-gift-boxes-wholesale","8":"product_cat-custom-jewelry-boxes","10":"first","11":"instock","12":"shipping-taxable","13":"product-type-simple"},"acf":[],"_links":{"self":[{"href":"https:\/\/www.yishengpack.com\/fr\/wp-json\/wp\/v2\/product\/1291","targetHints":{"allow":["GET"]}}],"collection":[{"href":"https:\/\/www.yishengpack.com\/fr\/wp-json\/wp\/v2\/product"}],"about":[{"href":"https:\/\/www.yishengpack.com\/fr\/wp-json\/wp\/v2\/types\/product"}],"replies":[{"embeddable":true,"href":"https:\/\/www.yishengpack.com\/fr\/wp-json\/wp\/v2\/comments?post=1291"}],"wp:featuredmedia":[{"embeddable":true,"href":"https:\/\/www.yishengpack.com\/fr\/wp-json\/wp\/v2\/media\/1294"}],"wp:attachment":[{"href":"https:\/\/www.yishengpack.com\/fr\/wp-json\/wp\/v2\/media?parent=1291"}],"wp:term":[{"taxonomy":"box-type","embeddable":true,"href":"https:\/\/www.yishengpack.com\/fr\/wp-json\/wp\/v2\/box-type?post=1291"},{"taxonomy":"product_brand","embeddable":true,"href":"https:\/\/www.yishengpack.com\/fr\/wp-json\/wp\/v2\/product_brand?post=1291"},{"taxonomy":"product_cat","embeddable":true,"href":"https:\/\/www.yishengpack.com\/fr\/wp-json\/wp\/v2\/product_cat?post=1291"},{"taxonomy":"product_tag","embeddable":true,"href":"https:\/\/www.yishengpack.com\/fr\/wp-json\/wp\/v2\/product_tag?post=1291"}],"curies":[{"name":"wp","href":"https:\/\/api.w.org\/{rel}","templated":true}]}}