{"id":127,"date":"2024-12-25T10:26:44","date_gmt":"2024-12-25T10:26:44","guid":{"rendered":"https:\/\/www.yishengpack.com\/?post_type=product&#038;p=127"},"modified":"2025-10-29T01:42:55","modified_gmt":"2025-10-29T01:42:55","slug":"cake-slice-container-wholesale","status":"publish","type":"product","link":"https:\/\/www.yishengpack.com\/fr\/produit\/cake-slice-container-wholesale\/","title":{"rendered":"Bo\u00eete d'emballage de tranches de g\u00e2teau Triangle \u00e9paissi en gros"},"content":{"rendered":"<div class=\"wp-block-columns is-layout-flex wp-container-core-columns-is-layout-9d6595d7 wp-block-columns-is-layout-flex\">\n<div class=\"wp-block-column is-layout-flow wp-block-column-is-layout-flow\">\n<h3 class=\"wp-block-heading\">Features of the Cake Slice Container Wholesale<\/h3>\n\n\n\n<p><strong>Thickening Type: <\/strong>The cake slice container wholesale uses top-class thickening material makes the structure firm and avoids being deformed easily during carriage and storage.<\/p>\n\n\n\n<p><strong>Triangle Design: <\/strong>The cake slice container wholesale has a unique triangle design, not only beautiful but also effectively uses space, easy to carry, and put.<\/p>\n\n\n\n<p><strong>Bayonet Design:<\/strong> Tight fit, effective in isolating and preserving freshness.<\/p>\n\n\n\n<p><strong>Transparent Window: <\/strong>There is a transparent plastic window so that consumers can see inside the beautiful cake slices and raise their desire to buy.<\/p>\n\n\n\n<p><strong>Different Size Options:<\/strong> Our cake slice container wholesale has 6\u201c and 8\u201d size options available to accommodate different-sized cake slices.<\/p>\n\n\n\n<p><strong>Custom Printed Stickers:<\/strong> Ours is the perfect way to order custom printed stickers in various styles, featuring your brand logo, special design, or text to help your brand.<\/p>\n<\/div>\n\n\n\n<div class=\"wp-block-column is-layout-flow wp-block-column-is-layout-flow\">\n<figure class=\"wp-block-image size-full\"><img decoding=\"async\" width=\"750\" height=\"1080\" src=\"https:\/\/www.yishengpack.com\/wp-content\/uploads\/2024\/12\/cake-slice-container-wholesale-1.webp\" alt=\"cake-slice-container-wholesale (1)\" class=\"wp-image-128\" srcset=\"https:\/\/www.yishengpack.com\/wp-content\/uploads\/2024\/12\/cake-slice-container-wholesale-1.webp 750w, https:\/\/www.yishengpack.com\/wp-content\/uploads\/2024\/12\/cake-slice-container-wholesale-1-208x300.webp 208w, https:\/\/www.yishengpack.com\/wp-content\/uploads\/2024\/12\/cake-slice-container-wholesale-1-600x864.webp 600w\" sizes=\"(max-width: 750px) 100vw, 750px\" \/><\/figure>\n<\/div>\n<\/div>","protected":false},"excerpt":{"rendered":"<p>The triangular cake slice container wholesale is made from eco-friendly PET material, thickened, practical, and decorative for your single-slice cakes, protecting and presenting the cake in style. We have many sizes of containers and can customize your order. We welcome your wholesale orders and contact us for all your needs.<\/p>\n<h2>Cake Slice Container Specifications:<\/h2>\n<table width=\"528\">\n<tbody>\n<tr>\n<td width=\"215\">Fabricant :<\/td>\n<td colspan=\"2\" width=\"313\">Yisheng<\/td>\n<\/tr>\n<tr>\n<td>Mod\u00e8le :<\/td>\n<td colspan=\"2\">A02<\/td>\n<\/tr>\n<tr>\n<td>Mat\u00e9riau :\u00a0<\/td>\n<td colspan=\"2\">PET<\/td>\n<\/tr>\n<tr>\n<td>Couleur :\u00a0<\/td>\n<td colspan=\"2\">Green, Pink and Black are available.<\/td>\n<\/tr>\n<tr>\n<td rowspan=\"2\">Taille :\u00a0<\/td>\n<td colspan=\"2\" width=\"313\">13.2cm*9.8cm*6<\/td>\n<\/tr>\n<tr>\n<td colspan=\"2\">14.3cm*10.8cm*7<\/td>\n<\/tr>\n<tr>\n<td>Poids :\u00a0<\/td>\n<td colspan=\"2\">7g\/pc<\/td>\n<\/tr>\n<tr>\n<td>Forme :\u00a0<\/td>\n<td colspan=\"2\">Triangle<\/td>\n<\/tr>\n<tr>\n<td>Emballage :\u00a0<\/td>\n<td colspan=\"2\">50pcs\/sac<\/td>\n<\/tr>\n<tr>\n<td>MOQ :\u00a0<\/td>\n<td colspan=\"2\">3000pcs<\/td>\n<\/tr>\n<tr>\n<td>OEM&amp;ODM :\u00a0<\/td>\n<td colspan=\"2\">Sur mesure, Bienvenue OEM&amp;ODM<\/td>\n<\/tr>\n<tr>\n<td>Exemple\uff1a<\/td>\n<td colspan=\"2\">10 pcs \u00e9chantillons gratuits peuvent \u00eatre demand\u00e9s<\/td>\n<\/tr>\n<\/tbody>\n<\/table>","protected":false},"featured_media":133,"comment_status":"closed","ping_status":"closed","template":"","meta":{"_acf_changed":false},"box-type":[61],"product_brand":[],"product_cat":[21,30],"product_tag":[],"class_list":{"0":"post-127","1":"product","2":"type-product","3":"status-publish","4":"has-post-thumbnail","6":"box-type-custom-two-piece-boxes","7":"product_cat-plastic-cake-containers-wholesale","8":"product_cat-cake-containers-wholesale","10":"first","11":"instock","12":"shipping-taxable","13":"product-type-simple"},"acf":[],"_links":{"self":[{"href":"https:\/\/www.yishengpack.com\/fr\/wp-json\/wp\/v2\/product\/127","targetHints":{"allow":["GET"]}}],"collection":[{"href":"https:\/\/www.yishengpack.com\/fr\/wp-json\/wp\/v2\/product"}],"about":[{"href":"https:\/\/www.yishengpack.com\/fr\/wp-json\/wp\/v2\/types\/product"}],"replies":[{"embeddable":true,"href":"https:\/\/www.yishengpack.com\/fr\/wp-json\/wp\/v2\/comments?post=127"}],"wp:featuredmedia":[{"embeddable":true,"href":"https:\/\/www.yishengpack.com\/fr\/wp-json\/wp\/v2\/media\/133"}],"wp:attachment":[{"href":"https:\/\/www.yishengpack.com\/fr\/wp-json\/wp\/v2\/media?parent=127"}],"wp:term":[{"taxonomy":"box-type","embeddable":true,"href":"https:\/\/www.yishengpack.com\/fr\/wp-json\/wp\/v2\/box-type?post=127"},{"taxonomy":"product_brand","embeddable":true,"href":"https:\/\/www.yishengpack.com\/fr\/wp-json\/wp\/v2\/product_brand?post=127"},{"taxonomy":"product_cat","embeddable":true,"href":"https:\/\/www.yishengpack.com\/fr\/wp-json\/wp\/v2\/product_cat?post=127"},{"taxonomy":"product_tag","embeddable":true,"href":"https:\/\/www.yishengpack.com\/fr\/wp-json\/wp\/v2\/product_tag?post=127"}],"curies":[{"name":"wp","href":"https:\/\/api.w.org\/{rel}","templated":true}]}}