{"id":1267,"date":"2025-04-06T06:43:36","date_gmt":"2025-04-06T06:43:36","guid":{"rendered":"https:\/\/www.yishengpack.com\/?post_type=product&#038;p=1267"},"modified":"2025-08-11T06:47:00","modified_gmt":"2025-08-11T06:47:00","slug":"custom-bakery-boxes","status":"publish","type":"product","link":"https:\/\/www.yishengpack.com\/fr\/produit\/custom-bakery-boxes\/","title":{"rendered":"Commande de bo\u00eetes \u00e0 p\u00e2tisserie personnalis\u00e9es avec fen\u00eatre, bo\u00eetes \u00e0 dessert en plastique en gros"},"content":{"rendered":"<div class=\"wp-block-columns is-layout-flex wp-container-core-columns-is-layout-9d6595d7 wp-block-columns-is-layout-flex\">\n<div class=\"wp-block-column is-layout-flow wp-block-column-is-layout-flow\">\n<h3 class=\"wp-block-heading\">Caract\u00e9ristiques des bo\u00eetes de boulangerie sur mesure<\/h3>\n\n\n\n<p><strong>Conception de fen\u00eatres visibles :<\/strong> La fen\u00eatre transparente de ces bo\u00eetes \u00e0 p\u00e2tisserie personnalis\u00e9es montre l'apparence des desserts, ce qui renforce l'attrait du produit et l'effet de pr\u00e9sentation.<\/p>\n\n\n\n<p><strong>Prise en charge de l'impression personnalis\u00e9e : <\/strong>Nos bo\u00eetes \u00e0 dessert en gros peuvent imprimer des logos, des dessins et des couleurs personnalis\u00e9s en fonction des besoins de la marque afin d'am\u00e9liorer la reconnaissance.<\/p>\n\n\n\n<p><strong>Gamme de sp\u00e9cifications disponibles au choix :<\/strong> Nos bo\u00eetes \u00e0 dessert en gros sont disponibles en diff\u00e9rentes tailles et conceptions pour r\u00e9pondre aux besoins d'emballage de diff\u00e9rents types de desserts, comme les g\u00e2teaux, les biscuits, les macarons, etc.<\/p>\n\n\n\n<p><strong>Plusieurs choix de couleurs sont disponibles : <\/strong>Ces bo\u00eetes \u00e0 p\u00e2tisserie personnalis\u00e9es sont disponibles dans des couleurs vives pour r\u00e9pondre aux exigences d'emballage des diff\u00e9rentes identit\u00e9s de marque et des occasions festives.<\/p>\n\n\n\n<p><strong>Prix de gros, livraison directe : <\/strong>Ces bo\u00eetes \u00e0 p\u00e2tisserie personnalis\u00e9es avec fen\u00eatres sont directement fournies par le fabricant, peuvent \u00eatre personnalis\u00e9es \u00e0 grande \u00e9chelle, ont un prix plus avantageux et r\u00e9pondent aux besoins d'approvisionnement des entreprises.<\/p>\n<\/div>\n\n\n\n<div class=\"wp-block-column is-layout-flow wp-block-column-is-layout-flow\">\n<figure class=\"wp-block-image size-full\"><img decoding=\"async\" width=\"1500\" height=\"1500\" src=\"https:\/\/www.yishengpack.com\/wp-content\/uploads\/2025\/04\/order-custom-bakery-boxes-with-window-ptinted-dessert-boxes-wholesale-5.webp\" alt=\"order-custom-bakery-boxes-with-window-ptinted-dessert-boxes-wholesale-5\" class=\"wp-image-1283\" srcset=\"https:\/\/www.yishengpack.com\/wp-content\/uploads\/2025\/04\/order-custom-bakery-boxes-with-window-ptinted-dessert-boxes-wholesale-5.webp 1500w, https:\/\/www.yishengpack.com\/wp-content\/uploads\/2025\/04\/order-custom-bakery-boxes-with-window-ptinted-dessert-boxes-wholesale-5-300x300.webp 300w, https:\/\/www.yishengpack.com\/wp-content\/uploads\/2025\/04\/order-custom-bakery-boxes-with-window-ptinted-dessert-boxes-wholesale-5-150x150.webp 150w, https:\/\/www.yishengpack.com\/wp-content\/uploads\/2025\/04\/order-custom-bakery-boxes-with-window-ptinted-dessert-boxes-wholesale-5-768x768.webp 768w, https:\/\/www.yishengpack.com\/wp-content\/uploads\/2025\/04\/order-custom-bakery-boxes-with-window-ptinted-dessert-boxes-wholesale-5-12x12.webp 12w, https:\/\/www.yishengpack.com\/wp-content\/uploads\/2025\/04\/order-custom-bakery-boxes-with-window-ptinted-dessert-boxes-wholesale-5-1200x1200.webp 1200w, https:\/\/www.yishengpack.com\/wp-content\/uploads\/2025\/04\/order-custom-bakery-boxes-with-window-ptinted-dessert-boxes-wholesale-5-600x600.webp 600w, https:\/\/www.yishengpack.com\/wp-content\/uploads\/2025\/04\/order-custom-bakery-boxes-with-window-ptinted-dessert-boxes-wholesale-5-100x100.webp 100w\" sizes=\"(max-width: 1500px) 100vw, 1500px\" \/><\/figure>\n<\/div>\n<\/div>\n\n\n\n<p><\/p>","protected":false},"excerpt":{"rendered":"<p>Nous vous invitons \u00e0 acheter nos bo\u00eetes \u00e0 p\u00e2tisserie personnalis\u00e9es avec fen\u00eatres. Ces bo\u00eetes \u00e0 dessert en gros sont un choix id\u00e9al pour am\u00e9liorer l'image de marque et l'effet de pr\u00e9sentation des produits. Elles supportent l'impression exclusive, la personnalisation de multiples couleurs et sp\u00e9cifications, l'utilisation de mat\u00e9riaux de qualit\u00e9 alimentaire et respectueux de l'environnement, et conviennent \u00e0 l'emballage de g\u00e2teaux, de biscuits et d'autres types d'emballages de desserts. Aide les marques de p\u00e2tisserie \u00e0 cr\u00e9er des solutions d'emballage professionnelles et de grande valeur.<\/p>\n<h2>Bo\u00eetes de boulangerie personnalis\u00e9es Sp\u00e9cification :<\/h2>\n<table width=\"554\">\n<tbody>\n<tr>\n<td width=\"215\">Fabricant :<\/td>\n<td colspan=\"2\" width=\"339\">Yisheng<\/td>\n<\/tr>\n<tr>\n<td>Style :<\/td>\n<td colspan=\"2\">Bo\u00eetes pliantes<\/td>\n<\/tr>\n<tr>\n<td>Mat\u00e9riau :\u00a0<\/td>\n<td colspan=\"2\">Papier kraft, carton ondul\u00e9, carton, papier d'art, etc.<\/td>\n<\/tr>\n<tr>\n<td>Taille :<\/td>\n<td colspan=\"2\">Sur mesure<\/td>\n<\/tr>\n<tr>\n<td>Couleur :\u00a0<\/td>\n<td colspan=\"2\">Sur mesure<\/td>\n<\/tr>\n<tr>\n<td>Forme :\u00a0<\/td>\n<td colspan=\"2\">Rectangle, Personnalis\u00e9<\/td>\n<\/tr>\n<tr>\n<td>MOQ :\u00a0<\/td>\n<td colspan=\"2\">1000pcs<\/td>\n<\/tr>\n<tr>\n<td>OEM&amp;ODM :\u00a0<\/td>\n<td colspan=\"2\">Sur mesure, Bienvenue OEM&amp;ODM<\/td>\n<\/tr>\n<tr>\n<td>Applications :<\/td>\n<td colspan=\"2\">Caf\u00e9, boulangerie, magasin de desserts, emballage de cadeaux pour les f\u00eates, emballage de marque personnalis\u00e9<\/td>\n<\/tr>\n<\/tbody>\n<\/table>\n<p>\n<script src=\"chrome-extension:\/\/fpelahbljekknahkcaegamhcndkfpfnc\/iFrame.js\" type=\"text\/javascript\"><\/script><\/p>","protected":false},"featured_media":1280,"comment_status":"closed","ping_status":"closed","template":"","meta":{"_acf_changed":false},"box-type":[58],"product_brand":[],"product_cat":[32,46,33,44],"product_tag":[],"class_list":{"0":"post-1267","1":"product","2":"type-product","3":"status-publish","4":"has-post-thumbnail","6":"box-type-custom-window-gift-box","7":"product_cat-bakery-packaging-wholesale","8":"product_cat-wholesale-paper-boxes","9":"product_cat-food-packaging-boxes-wholesale","10":"product_cat-custom-snack-box","12":"first","13":"instock","14":"shipping-taxable","15":"product-type-simple"},"acf":[],"_links":{"self":[{"href":"https:\/\/www.yishengpack.com\/fr\/wp-json\/wp\/v2\/product\/1267","targetHints":{"allow":["GET"]}}],"collection":[{"href":"https:\/\/www.yishengpack.com\/fr\/wp-json\/wp\/v2\/product"}],"about":[{"href":"https:\/\/www.yishengpack.com\/fr\/wp-json\/wp\/v2\/types\/product"}],"replies":[{"embeddable":true,"href":"https:\/\/www.yishengpack.com\/fr\/wp-json\/wp\/v2\/comments?post=1267"}],"wp:featuredmedia":[{"embeddable":true,"href":"https:\/\/www.yishengpack.com\/fr\/wp-json\/wp\/v2\/media\/1280"}],"wp:attachment":[{"href":"https:\/\/www.yishengpack.com\/fr\/wp-json\/wp\/v2\/media?parent=1267"}],"wp:term":[{"taxonomy":"box-type","embeddable":true,"href":"https:\/\/www.yishengpack.com\/fr\/wp-json\/wp\/v2\/box-type?post=1267"},{"taxonomy":"product_brand","embeddable":true,"href":"https:\/\/www.yishengpack.com\/fr\/wp-json\/wp\/v2\/product_brand?post=1267"},{"taxonomy":"product_cat","embeddable":true,"href":"https:\/\/www.yishengpack.com\/fr\/wp-json\/wp\/v2\/product_cat?post=1267"},{"taxonomy":"product_tag","embeddable":true,"href":"https:\/\/www.yishengpack.com\/fr\/wp-json\/wp\/v2\/product_tag?post=1267"}],"curies":[{"name":"wp","href":"https:\/\/api.w.org\/{rel}","templated":true}]}}