{"id":1254,"date":"2025-03-28T03:40:54","date_gmt":"2025-03-28T03:40:54","guid":{"rendered":"https:\/\/www.yishengpack.com\/?post_type=product&#038;p=1254"},"modified":"2026-02-25T08:43:15","modified_gmt":"2026-02-25T08:43:15","slug":"custom-printed-paper-bags","status":"publish","type":"product","link":"https:\/\/www.yishengpack.com\/fr\/produit\/custom-printed-paper-bags\/","title":{"rendered":"Sacs en papier imprim\u00e9s sur mesure Sacs en papier \u00e0 poign\u00e9e d\u00e9coup\u00e9e en vrac"},"content":{"rendered":"<div class=\"wp-block-columns is-layout-flex wp-container-core-columns-is-layout-9d6595d7 wp-block-columns-is-layout-flex\">\n<div class=\"wp-block-column is-layout-flow wp-block-column-is-layout-flow\">\n<h3 class=\"wp-block-heading\">Caract\u00e9ristiques des sacs en papier imprim\u00e9s sur mesure<\/h3>\n\n\n\n<p><strong>Impression personnalis\u00e9e :<\/strong> Ces sacs en papier \u00e0 poign\u00e9e d\u00e9coup\u00e9e peuvent \u00eatre imprim\u00e9s avec un LOGO personnalis\u00e9, un motif et le logo de la marque afin d'am\u00e9liorer l'effet publicitaire de la marque.<\/p>\n\n\n\n<p><strong>Poign\u00e9e d\u00e9coup\u00e9e \u00e0 l'emporte-pi\u00e8ce :<\/strong> Nos sacs en papier imprim\u00e9s personnalis\u00e9s sont dot\u00e9s de poign\u00e9es d\u00e9coup\u00e9es \u00e0 l'emporte-pi\u00e8ce, qui sont confortables, pratiques et faciles \u00e0 saisir.<\/p>\n\n\n\n<p><strong>Papier de premi\u00e8re qualit\u00e9 : <\/strong>Nos sacs en papier imprim\u00e9s personnalis\u00e9s sont fabriqu\u00e9s \u00e0 partir de papier de haute qualit\u00e9, respectueux de l'environnement, durable et suffisamment robuste pour supporter de lourdes charges.<\/p>\n\n\n\n<p><strong>Plusieurs tailles : <\/strong>Ces sacs en papier sont disponibles dans diff\u00e9rentes sp\u00e9cifications pour r\u00e9pondre \u00e0 divers besoins d'emballage et conviennent \u00e0 la vente d'une multitude de produits.<\/p>\n\n\n\n<p><strong>Approvisionnement en gros :<\/strong> Nos sacs en papier imprim\u00e9s sur mesure sont imprim\u00e9s en masse pour r\u00e9pondre aux besoins d'emballage de divers commer\u00e7ants et magasins de d\u00e9tail afin d'assurer un approvisionnement efficace.<\/p>\n<\/div>\n\n\n\n<div class=\"wp-block-column is-layout-flow wp-block-column-is-layout-flow\">\n<figure class=\"wp-block-image size-full\"><img decoding=\"async\" width=\"1000\" height=\"1000\" src=\"https:\/\/www.yishengpack.com\/wp-content\/uploads\/2025\/03\/custom-printed-paper-bags-die-cut-handle-paper-bags-wholesale-1_1.webp\" alt=\"sacs-en-papier-imprim\u00e9s-pour-coup\u00e9s-sacs-en-papier-wholesale-2\" class=\"wp-image-1257\" srcset=\"https:\/\/www.yishengpack.com\/wp-content\/uploads\/2025\/03\/custom-printed-paper-bags-die-cut-handle-paper-bags-wholesale-1_1.webp 1000w, https:\/\/www.yishengpack.com\/wp-content\/uploads\/2025\/03\/custom-printed-paper-bags-die-cut-handle-paper-bags-wholesale-1_1-300x300.webp 300w, https:\/\/www.yishengpack.com\/wp-content\/uploads\/2025\/03\/custom-printed-paper-bags-die-cut-handle-paper-bags-wholesale-1_1-150x150.webp 150w, https:\/\/www.yishengpack.com\/wp-content\/uploads\/2025\/03\/custom-printed-paper-bags-die-cut-handle-paper-bags-wholesale-1_1-768x768.webp 768w, https:\/\/www.yishengpack.com\/wp-content\/uploads\/2025\/03\/custom-printed-paper-bags-die-cut-handle-paper-bags-wholesale-1_1-12x12.webp 12w, https:\/\/www.yishengpack.com\/wp-content\/uploads\/2025\/03\/custom-printed-paper-bags-die-cut-handle-paper-bags-wholesale-1_1-600x600.webp 600w, https:\/\/www.yishengpack.com\/wp-content\/uploads\/2025\/03\/custom-printed-paper-bags-die-cut-handle-paper-bags-wholesale-1_1-100x100.webp 100w\" sizes=\"(max-width: 1000px) 100vw, 1000px\" \/><\/figure>\n<\/div>\n<\/div>\n\n\n\n<div class=\"wp-block-columns is-layout-flex wp-container-core-columns-is-layout-9d6595d7 wp-block-columns-is-layout-flex\">\n<div class=\"wp-block-column is-layout-flow wp-block-column-is-layout-flow\">\n<figure class=\"wp-block-image size-full\"><img decoding=\"async\" width=\"720\" height=\"720\" src=\"https:\/\/www.yishengpack.com\/wp-content\/uploads\/2025\/03\/custom-printed-paper-bags-die-cut-handle-paper-bags-wholesale-2.webp\" alt=\"sacs-en-papier-imprim\u00e9s-pour-coupe-poign\u00e9e-sacs-en-papier-wholesale-3\" class=\"wp-image-1258\" srcset=\"https:\/\/www.yishengpack.com\/wp-content\/uploads\/2025\/03\/custom-printed-paper-bags-die-cut-handle-paper-bags-wholesale-2.webp 720w, https:\/\/www.yishengpack.com\/wp-content\/uploads\/2025\/03\/custom-printed-paper-bags-die-cut-handle-paper-bags-wholesale-2-300x300.webp 300w, https:\/\/www.yishengpack.com\/wp-content\/uploads\/2025\/03\/custom-printed-paper-bags-die-cut-handle-paper-bags-wholesale-2-150x150.webp 150w, https:\/\/www.yishengpack.com\/wp-content\/uploads\/2025\/03\/custom-printed-paper-bags-die-cut-handle-paper-bags-wholesale-2-12x12.webp 12w, https:\/\/www.yishengpack.com\/wp-content\/uploads\/2025\/03\/custom-printed-paper-bags-die-cut-handle-paper-bags-wholesale-2-600x600.webp 600w, https:\/\/www.yishengpack.com\/wp-content\/uploads\/2025\/03\/custom-printed-paper-bags-die-cut-handle-paper-bags-wholesale-2-100x100.webp 100w\" sizes=\"(max-width: 720px) 100vw, 720px\" \/><\/figure>\n\n\n\n<div class=\"wp-block-buttons has-custom-font-size has-small-font-size is-content-justification-center is-layout-flex wp-container-core-buttons-is-layout-16018d1d wp-block-buttons-is-layout-flex\">\n<div class=\"wp-block-button has-custom-width wp-block-button__width-75\"><a class=\"wp-block-button__link has-background has-small-font-size has-custom-font-size wp-element-button\" href=\"https:\/\/www.yishengpack.com\/fr\/custom-printed-box\/\" style=\"background:linear-gradient(135deg,rgb(254,205,165) 0%,rgb(254,45,45) 0%,rgb(94,15,15) 0%,rgb(94,15,15) 100%)\" target=\"_blank\" rel=\"noreferrer noopener\"><strong>D\u00e9couvrez les bo\u00eetes imprim\u00e9es personnalis\u00e9es<\/strong><\/a><\/div>\n<\/div>\n<\/div>\n\n\n\n<div class=\"wp-block-column is-layout-flow wp-block-column-is-layout-flow\">\n<figure class=\"wp-block-image size-full\"><img decoding=\"async\" width=\"1000\" height=\"1000\" src=\"https:\/\/www.yishengpack.com\/wp-content\/uploads\/2025\/03\/custom-printed-paper-bags-die-cut-handle-paper-bags-wholesale-1_1.webp\" alt=\"sacs-en-papier-imprim\u00e9s-pour-coup\u00e9s-sacs-en-papier-wholesale-2\" class=\"wp-image-1257\" srcset=\"https:\/\/www.yishengpack.com\/wp-content\/uploads\/2025\/03\/custom-printed-paper-bags-die-cut-handle-paper-bags-wholesale-1_1.webp 1000w, https:\/\/www.yishengpack.com\/wp-content\/uploads\/2025\/03\/custom-printed-paper-bags-die-cut-handle-paper-bags-wholesale-1_1-300x300.webp 300w, https:\/\/www.yishengpack.com\/wp-content\/uploads\/2025\/03\/custom-printed-paper-bags-die-cut-handle-paper-bags-wholesale-1_1-150x150.webp 150w, https:\/\/www.yishengpack.com\/wp-content\/uploads\/2025\/03\/custom-printed-paper-bags-die-cut-handle-paper-bags-wholesale-1_1-768x768.webp 768w, https:\/\/www.yishengpack.com\/wp-content\/uploads\/2025\/03\/custom-printed-paper-bags-die-cut-handle-paper-bags-wholesale-1_1-12x12.webp 12w, https:\/\/www.yishengpack.com\/wp-content\/uploads\/2025\/03\/custom-printed-paper-bags-die-cut-handle-paper-bags-wholesale-1_1-600x600.webp 600w, https:\/\/www.yishengpack.com\/wp-content\/uploads\/2025\/03\/custom-printed-paper-bags-die-cut-handle-paper-bags-wholesale-1_1-100x100.webp 100w\" sizes=\"(max-width: 1000px) 100vw, 1000px\" \/><\/figure>\n\n\n\n<div class=\"wp-block-buttons has-custom-font-size has-small-font-size is-content-justification-center is-layout-flex wp-container-core-buttons-is-layout-16018d1d wp-block-buttons-is-layout-flex\">\n<div class=\"wp-block-button has-custom-width wp-block-button__width-75\"><a class=\"wp-block-button__link has-background has-small-font-size has-custom-font-size wp-element-button\" href=\"https:\/\/www.yishengpack.com\/fr\/custom-product-boxes-types\/\" style=\"background:linear-gradient(135deg,rgb(254,205,165) 0%,rgb(254,45,45) 0%,rgb(94,15,15) 0%,rgb(94,15,15) 100%)\" target=\"_blank\" rel=\"noreferrer noopener\"><strong>Explorer les types de bo\u00eetes personnalis\u00e9es<\/strong><\/a><\/div>\n<\/div>\n<\/div>\n<\/div>","protected":false},"excerpt":{"rendered":"<p>Nous vous invitons \u00e0 acheter ces sacs en papier imprim\u00e9s personnalis\u00e9s. Nos sacs en papier ont une poign\u00e9e d\u00e9coup\u00e9e \u00e0 l'emporte-pi\u00e8ce. Ils sont durables et \u00e9cologiques et peuvent \u00eatre utilis\u00e9s pour l'emballage de n'importe quel produit. Nous fournissons une vari\u00e9t\u00e9 de tailles et d'impressions, une personnalisation en vrac pour r\u00e9pondre aux besoins des commer\u00e7ants, et am\u00e9liorer l'image de marque et l'exp\u00e9rience du client autant que possible.<\/p>\n<h2>Sp\u00e9cification des sacs en papier imprim\u00e9s sur mesure :<\/h2>\n<table width=\"554\">\n<tbody>\n<tr>\n<td width=\"215\">Fabricant :<\/td>\n<td colspan=\"2\" width=\"339\">Yisheng<\/td>\n<\/tr>\n<tr>\n<td>Style :<\/td>\n<td colspan=\"2\">Sac en papier<\/td>\n<\/tr>\n<tr>\n<td>Mat\u00e9riau :\u00a0<\/td>\n<td colspan=\"2\">Papier kraft, carton ondul\u00e9, carton, papier d'art, etc.<\/td>\n<\/tr>\n<tr>\n<td>Couleur :\u00a0<\/td>\n<td colspan=\"2\">Blanc, noir, personnalis\u00e9<\/td>\n<\/tr>\n<tr>\n<td>Taille :<\/td>\n<td colspan=\"2\">Sur mesure<\/td>\n<\/tr>\n<tr>\n<td>MOQ :\u00a0<\/td>\n<td colspan=\"2\">1000pcs<\/td>\n<\/tr>\n<tr>\n<td>OEM&amp;ODM :\u00a0<\/td>\n<td colspan=\"2\">Sur mesure, Bienvenue OEM&amp;ODM<\/td>\n<\/tr>\n<tr>\n<td>Applications :<\/td>\n<td colspan=\"2\">Magasins de d\u00e9tail de marque, emballages cadeaux haut de gamme, restauration \u00e0 emporter et caf\u00e9s, faveurs de mariage et de f\u00eate.<\/td>\n<\/tr>\n<\/tbody>\n<\/table>\n<p><script src=\"chrome-extension:\/\/fpelahbljekknahkcaegamhcndkfpfnc\/iFrame.js\" type=\"text\/javascript\"><\/script><\/p>\n<p><script src=\"chrome-extension:\/\/fpelahbljekknahkcaegamhcndkfpfnc\/iFrame.js\" type=\"text\/javascript\"><\/script><\/p>","protected":false},"featured_media":1256,"comment_status":"closed","ping_status":"closed","template":"","meta":{"_acf_changed":false},"box-type":[49],"product_brand":[],"product_cat":[34,37],"product_tag":[],"class_list":{"0":"post-1254","1":"product","2":"type-product","3":"status-publish","4":"has-post-thumbnail","6":"box-type-custom-die-cut-paper-bag","7":"product_cat-paper-bags-wholesale","8":"product_cat-paper-gift-bags-bulk","10":"first","11":"instock","12":"shipping-taxable","13":"product-type-simple"},"acf":[],"_links":{"self":[{"href":"https:\/\/www.yishengpack.com\/fr\/wp-json\/wp\/v2\/product\/1254","targetHints":{"allow":["GET"]}}],"collection":[{"href":"https:\/\/www.yishengpack.com\/fr\/wp-json\/wp\/v2\/product"}],"about":[{"href":"https:\/\/www.yishengpack.com\/fr\/wp-json\/wp\/v2\/types\/product"}],"replies":[{"embeddable":true,"href":"https:\/\/www.yishengpack.com\/fr\/wp-json\/wp\/v2\/comments?post=1254"}],"wp:featuredmedia":[{"embeddable":true,"href":"https:\/\/www.yishengpack.com\/fr\/wp-json\/wp\/v2\/media\/1256"}],"wp:attachment":[{"href":"https:\/\/www.yishengpack.com\/fr\/wp-json\/wp\/v2\/media?parent=1254"}],"wp:term":[{"taxonomy":"box-type","embeddable":true,"href":"https:\/\/www.yishengpack.com\/fr\/wp-json\/wp\/v2\/box-type?post=1254"},{"taxonomy":"product_brand","embeddable":true,"href":"https:\/\/www.yishengpack.com\/fr\/wp-json\/wp\/v2\/product_brand?post=1254"},{"taxonomy":"product_cat","embeddable":true,"href":"https:\/\/www.yishengpack.com\/fr\/wp-json\/wp\/v2\/product_cat?post=1254"},{"taxonomy":"product_tag","embeddable":true,"href":"https:\/\/www.yishengpack.com\/fr\/wp-json\/wp\/v2\/product_tag?post=1254"}],"curies":[{"name":"wp","href":"https:\/\/api.w.org\/{rel}","templated":true}]}}