{"id":1232,"date":"2025-03-20T10:11:57","date_gmt":"2025-03-20T10:11:57","guid":{"rendered":"https:\/\/www.yishengpack.com\/?post_type=product&#038;p=1232"},"modified":"2025-08-16T02:37:55","modified_gmt":"2025-08-16T02:37:55","slug":"wholesale-paper-bags","status":"publish","type":"product","link":"https:\/\/www.yishengpack.com\/fr\/produit\/wholesale-paper-bags\/","title":{"rendered":"Sacs en papier en gros, sacs en papier d'emballage personnalis\u00e9s pour Coffee Shop Milk Tea Shop"},"content":{"rendered":"<div class=\"wp-block-columns is-layout-flex wp-container-core-columns-is-layout-9d6595d7 wp-block-columns-is-layout-flex\">\n<div class=\"wp-block-column is-layout-flow wp-block-column-is-layout-flow\">\n<h3 class=\"wp-block-heading\">Caract\u00e9ristiques des sacs en papier en gros<\/h3>\n\n\n\n<p><strong>Durable :<\/strong> Ces sacs en papier de gros sont fabriqu\u00e9s en papier kraft de haute qualit\u00e9 et ont une forte capacit\u00e9 de charge. Ils conviennent pour le caf\u00e9, le th\u00e9 au lait, les produits de boulangerie, etc.<\/p>\n\n\n\n<p><strong>Personnalis\u00e9 Impression :<\/strong> Les sacs en papier en gros permettent d'imprimer le logo de la marque, des motifs et du texte pour am\u00e9liorer la visibilit\u00e9 de la marque et l'image du magasin.<\/p>\n\n\n\n<p><strong>Plusieurs tailles disponibles :<\/strong> Nos sacs en papier d'emballage personnalis\u00e9s conviennent pour le th\u00e9 au lait \u00e0 une tasse, le caf\u00e9 \u00e0 emporter ou l'emballage de produits alimentaires de grande capacit\u00e9, afin de r\u00e9pondre \u00e0 diff\u00e9rents besoins.<\/p>\n\n\n\n<p><strong>Poign\u00e9e confortable :<\/strong> Nos sacs en papier d'emballage personnalis\u00e9s sont \u00e9quip\u00e9s de poign\u00e9es en corde torsad\u00e9e ou de poign\u00e9es en corde plate, qui sont agr\u00e9ables \u00e0 tenir et faciles \u00e0 transporter pour les clients.<\/p>\n\n\n\n<p><strong>Design pliable : <\/strong>Ces sacs en papier en gros peuvent \u00eatre pli\u00e9s pour le stockage, ce qui permet de les ranger facilement sans prendre de place suppl\u00e9mentaire.<\/p>\n<\/div>\n\n\n\n<div class=\"wp-block-column is-layout-flow wp-block-column-is-layout-flow\">\n<figure class=\"wp-block-image size-full\"><img decoding=\"async\" width=\"1256\" height=\"1256\" src=\"https:\/\/www.yishengpack.com\/wp-content\/uploads\/2025\/03\/wholesale-paper-bags-custom-packaging-paper-bags-for-coffee-shop-milk-tea-shop-2.webp\" alt=\"sacs-en-papier-en-gros-emballages-personnalis\u00e9s-sacs-en-papier-pour-boutiques-de-caf\u00e9-milk-tea-shop (2)\" class=\"wp-image-1234\" srcset=\"https:\/\/www.yishengpack.com\/wp-content\/uploads\/2025\/03\/wholesale-paper-bags-custom-packaging-paper-bags-for-coffee-shop-milk-tea-shop-2.webp 1256w, https:\/\/www.yishengpack.com\/wp-content\/uploads\/2025\/03\/wholesale-paper-bags-custom-packaging-paper-bags-for-coffee-shop-milk-tea-shop-2-300x300.webp 300w, https:\/\/www.yishengpack.com\/wp-content\/uploads\/2025\/03\/wholesale-paper-bags-custom-packaging-paper-bags-for-coffee-shop-milk-tea-shop-2-150x150.webp 150w, https:\/\/www.yishengpack.com\/wp-content\/uploads\/2025\/03\/wholesale-paper-bags-custom-packaging-paper-bags-for-coffee-shop-milk-tea-shop-2-768x768.webp 768w, https:\/\/www.yishengpack.com\/wp-content\/uploads\/2025\/03\/wholesale-paper-bags-custom-packaging-paper-bags-for-coffee-shop-milk-tea-shop-2-12x12.webp 12w, https:\/\/www.yishengpack.com\/wp-content\/uploads\/2025\/03\/wholesale-paper-bags-custom-packaging-paper-bags-for-coffee-shop-milk-tea-shop-2-1200x1200.webp 1200w, https:\/\/www.yishengpack.com\/wp-content\/uploads\/2025\/03\/wholesale-paper-bags-custom-packaging-paper-bags-for-coffee-shop-milk-tea-shop-2-600x600.webp 600w, https:\/\/www.yishengpack.com\/wp-content\/uploads\/2025\/03\/wholesale-paper-bags-custom-packaging-paper-bags-for-coffee-shop-milk-tea-shop-2-100x100.webp 100w\" sizes=\"(max-width: 1256px) 100vw, 1256px\" \/><\/figure>\n<\/div>\n<\/div>\n\n\n\n<p><\/p>","protected":false},"excerpt":{"rendered":"<p>Ces sacs en papier en gros conviennent aux caf\u00e9s, aux magasins de th\u00e9 au lait, aux boulangeries, etc. Ils supportent l'impression du logo de la marque, sont robustes et durables. Diff\u00e9rentes tailles et couleurs sont disponibles pour r\u00e9pondre aux diff\u00e9rents besoins en mati\u00e8re de nourriture \u00e0 emporter. Fourniture directe par le fabricant, l'achat en gros est plus favorable ! Personnalisez imm\u00e9diatement pour aider \u00e0 la promotion de la marque !<\/p>\n<h2>Sacs en papier en gros Sp\u00e9cification :<\/h2>\n<table width=\"554\">\n<tbody>\n<tr>\n<td width=\"215\">Fabricant :<\/td>\n<td colspan=\"2\" width=\"339\">Yisheng<\/td>\n<\/tr>\n<tr>\n<td>Style :<\/td>\n<td colspan=\"2\">Sac en papier<\/td>\n<\/tr>\n<tr>\n<td>Mat\u00e9riau :\u00a0<\/td>\n<td colspan=\"2\">Papier kraft, carton ondul\u00e9, carton, papier d'art, etc.<\/td>\n<\/tr>\n<tr>\n<td>Couleur :\u00a0<\/td>\n<td colspan=\"2\">Blanc, noir, personnalis\u00e9<\/td>\n<\/tr>\n<tr>\n<td>Taille :<\/td>\n<td colspan=\"2\">Sur mesure<\/td>\n<\/tr>\n<tr>\n<td>MOQ :\u00a0<\/td>\n<td colspan=\"2\">1000pcs<\/td>\n<\/tr>\n<tr>\n<td>OEM&amp;ODM :\u00a0<\/td>\n<td colspan=\"2\">Sur mesure, Bienvenue OEM&amp;ODM<\/td>\n<\/tr>\n<tr>\n<td>Applications :<\/td>\n<td colspan=\"2\">les commerces, les caf\u00e9s, les salons de th\u00e9 au lait, etc.<\/td>\n<\/tr>\n<\/tbody>\n<\/table>\n<p>\n<script src=\"chrome-extension:\/\/fpelahbljekknahkcaegamhcndkfpfnc\/iFrame.js\" type=\"text\/javascript\"><\/script><\/p>","protected":false},"featured_media":1233,"comment_status":"closed","ping_status":"closed","template":"","meta":{"_acf_changed":false},"box-type":[52,50],"product_brand":[],"product_cat":[34,38],"product_tag":[],"class_list":{"0":"post-1232","1":"product","2":"type-product","3":"status-publish","4":"has-post-thumbnail","6":"box-type-custom-rope-handle-paper-bags","7":"box-type-custom-twisted-handle-paper-bags","8":"product_cat-paper-bags-wholesale","9":"product_cat-bakery-paper-bags-wholesale","11":"first","12":"instock","13":"shipping-taxable","14":"product-type-simple"},"acf":[],"_links":{"self":[{"href":"https:\/\/www.yishengpack.com\/fr\/wp-json\/wp\/v2\/product\/1232","targetHints":{"allow":["GET"]}}],"collection":[{"href":"https:\/\/www.yishengpack.com\/fr\/wp-json\/wp\/v2\/product"}],"about":[{"href":"https:\/\/www.yishengpack.com\/fr\/wp-json\/wp\/v2\/types\/product"}],"replies":[{"embeddable":true,"href":"https:\/\/www.yishengpack.com\/fr\/wp-json\/wp\/v2\/comments?post=1232"}],"wp:featuredmedia":[{"embeddable":true,"href":"https:\/\/www.yishengpack.com\/fr\/wp-json\/wp\/v2\/media\/1233"}],"wp:attachment":[{"href":"https:\/\/www.yishengpack.com\/fr\/wp-json\/wp\/v2\/media?parent=1232"}],"wp:term":[{"taxonomy":"box-type","embeddable":true,"href":"https:\/\/www.yishengpack.com\/fr\/wp-json\/wp\/v2\/box-type?post=1232"},{"taxonomy":"product_brand","embeddable":true,"href":"https:\/\/www.yishengpack.com\/fr\/wp-json\/wp\/v2\/product_brand?post=1232"},{"taxonomy":"product_cat","embeddable":true,"href":"https:\/\/www.yishengpack.com\/fr\/wp-json\/wp\/v2\/product_cat?post=1232"},{"taxonomy":"product_tag","embeddable":true,"href":"https:\/\/www.yishengpack.com\/fr\/wp-json\/wp\/v2\/product_tag?post=1232"}],"curies":[{"name":"wp","href":"https:\/\/api.w.org\/{rel}","templated":true}]}}