{"id":1216,"date":"2025-03-14T08:23:00","date_gmt":"2025-03-14T08:23:00","guid":{"rendered":"https:\/\/www.yishengpack.com\/?post_type=product&#038;p=1216"},"modified":"2026-02-25T08:31:49","modified_gmt":"2026-02-25T08:31:49","slug":"custom-rigid-boxes","status":"publish","type":"product","link":"https:\/\/www.yishengpack.com\/fr\/produit\/custom-rigid-boxes\/","title":{"rendered":"Bo\u00eetes rigides personnalis\u00e9es, 8 Bo\u00eetes \u00e0 g\u00e2teaux pliables Wholesale"},"content":{"rendered":"<div class=\"wp-block-columns is-layout-flex wp-container-core-columns-is-layout-9d6595d7 wp-block-columns-is-layout-flex\">\n<div class=\"wp-block-column is-layout-flow wp-block-column-is-layout-flow\">\n<h3 class=\"wp-block-heading\">Features of Custom Rigid Boxes<\/h3>\n\n\n\n<p><strong>Durable :<\/strong> These mooncake boxes wholesale are made of high-strength gray board material, with excellent protection to keep the mooncakes intact during transportation and storage.<\/p>\n\n\n\n<p><strong>Folding Design: <\/strong>Our custom rigid boxes flexible folding design saves space in storage, reduces logistic expenses and enables easy assembly.<\/p>\n\n\n\n<p><strong>Exquisite Craftsmanship:<\/strong> These mooncake boxes wholesale support high-end craftsmanship such as hot stamping, UV, embossing, etc., which creates a luxurious gift texture and enhances brand value.<\/p>\n\n\n\n<p><strong>Multi-capacity Options: <\/strong>Our custom rigid boxes are specially designed for 8 mooncakes with separated inner trays, which are reasonably laid out for a wide range of mooncake sizes and ensure the products are stably placed.<\/p>\n\n\n\n<p><strong>Flexible Customization:<\/strong> Our custom rigid boxes offer multi-dimensional customization services in size, color, logo, liner, etc., to meet the individual needs of brands and create exclusive packaging solutions.<\/p>\n<\/div>\n\n\n\n<div class=\"wp-block-column is-layout-flow wp-block-column-is-layout-flow\">\n<figure class=\"wp-block-image size-full\"><img decoding=\"async\" width=\"3024\" height=\"3024\" src=\"https:\/\/www.yishengpack.com\/wp-content\/uploads\/2025\/03\/custom-rigid-boxes-collapsible-mooncake-boxes-wholesale-8-pieces_1.webp\" alt=\"custom-rigid-boxes-collapsible-mooncake-boxes-wholesale-8-pieces_1\" class=\"wp-image-1218\" srcset=\"https:\/\/www.yishengpack.com\/wp-content\/uploads\/2025\/03\/custom-rigid-boxes-collapsible-mooncake-boxes-wholesale-8-pieces_1.webp 3024w, https:\/\/www.yishengpack.com\/wp-content\/uploads\/2025\/03\/custom-rigid-boxes-collapsible-mooncake-boxes-wholesale-8-pieces_1-300x300.webp 300w, https:\/\/www.yishengpack.com\/wp-content\/uploads\/2025\/03\/custom-rigid-boxes-collapsible-mooncake-boxes-wholesale-8-pieces_1-150x150.webp 150w, https:\/\/www.yishengpack.com\/wp-content\/uploads\/2025\/03\/custom-rigid-boxes-collapsible-mooncake-boxes-wholesale-8-pieces_1-768x768.webp 768w, https:\/\/www.yishengpack.com\/wp-content\/uploads\/2025\/03\/custom-rigid-boxes-collapsible-mooncake-boxes-wholesale-8-pieces_1-12x12.webp 12w, https:\/\/www.yishengpack.com\/wp-content\/uploads\/2025\/03\/custom-rigid-boxes-collapsible-mooncake-boxes-wholesale-8-pieces_1-1200x1200.webp 1200w, https:\/\/www.yishengpack.com\/wp-content\/uploads\/2025\/03\/custom-rigid-boxes-collapsible-mooncake-boxes-wholesale-8-pieces_1-600x600.webp 600w, https:\/\/www.yishengpack.com\/wp-content\/uploads\/2025\/03\/custom-rigid-boxes-collapsible-mooncake-boxes-wholesale-8-pieces_1-100x100.webp 100w\" sizes=\"(max-width: 3024px) 100vw, 3024px\" \/><\/figure>\n<\/div>\n<\/div>\n\n\n\n<div class=\"wp-block-columns is-layout-flex wp-container-core-columns-is-layout-9d6595d7 wp-block-columns-is-layout-flex\">\n<div class=\"wp-block-column is-layout-flow wp-block-column-is-layout-flow\">\n<div class=\"wp-block-buttons has-custom-font-size has-small-font-size is-content-justification-center is-layout-flex wp-container-core-buttons-is-layout-16018d1d wp-block-buttons-is-layout-flex\">\n<div class=\"wp-block-button has-custom-width wp-block-button__width-75\"><a class=\"wp-block-button__link has-background has-small-font-size has-custom-font-size wp-element-button\" href=\"https:\/\/www.yishengpack.com\/fr\/custom-printed-box\/\" style=\"background:linear-gradient(135deg,rgb(254,205,165) 0%,rgb(254,45,45) 0%,rgb(94,15,15) 0%,rgb(94,15,15) 100%)\" target=\"_blank\" rel=\"noreferrer noopener\"><strong>D\u00e9couvrez les bo\u00eetes imprim\u00e9es personnalis\u00e9es<\/strong><\/a><\/div>\n<\/div>\n<\/div>\n\n\n\n<div class=\"wp-block-column is-layout-flow wp-block-column-is-layout-flow\">\n<div class=\"wp-block-buttons has-custom-font-size has-small-font-size is-content-justification-center is-layout-flex wp-container-core-buttons-is-layout-16018d1d wp-block-buttons-is-layout-flex\">\n<div class=\"wp-block-button has-custom-width wp-block-button__width-75\"><a class=\"wp-block-button__link has-background has-small-font-size has-custom-font-size wp-element-button\" href=\"https:\/\/www.yishengpack.com\/fr\/custom-product-boxes-types\/\" style=\"background:linear-gradient(135deg,rgb(254,205,165) 0%,rgb(254,45,45) 0%,rgb(94,15,15) 0%,rgb(94,15,15) 100%)\" target=\"_blank\" rel=\"noreferrer noopener\"><strong>Explorer les types de bo\u00eetes personnalis\u00e9es<\/strong><\/a><\/div>\n<\/div>\n<\/div>\n<\/div>","protected":false},"excerpt":{"rendered":"<p>Welcome to buy our custom rigid boxes. We offer mooncake boxes wholesale, designed for 8-piece packs, combining high-end texture and practicality. Folding structure for easy storage, durable materials to ensure safe transportation, support a variety of exquisite crafts and personalized customization, help brands to create a unique and unforgettable holiday gift packaging!<\/p>\n<h2>Highlights of Custom Rigid Boxes<\/h2>\n<ul>\n<li>Sold As A Set (Wholesale)<\/li>\n<li>Customizable Specifications (4\/6\/8)<\/li>\n<li>Multiple Box Types Available<\/li>\n<li>Mat\u00e9riaux \u00e9cologiques<\/li>\n<li>Personnalisation haut de gamme<\/li>\n<li>Des proc\u00e9d\u00e9s d'impression riches<\/li>\n<li>Sacs en papier assortis personnalis\u00e9s<\/li>\n<li>Grande vari\u00e9t\u00e9 de couleurs<\/li>\n<\/ul>","protected":false},"featured_media":1217,"comment_status":"closed","ping_status":"closed","template":"","meta":{"_acf_changed":false},"box-type":[55,57],"product_brand":[],"product_cat":[19,41,46,33,44],"product_tag":[],"class_list":{"0":"post-1216","1":"product","2":"type-product","3":"status-publish","4":"has-post-thumbnail","6":"box-type-custom-foldable-boxes","7":"box-type-custom-rigid-box-with-lid","8":"product_cat-luxury-gift-boxes-wholesale","9":"product_cat-candy-gift-boxes-wholesale","10":"product_cat-wholesale-paper-boxes","11":"product_cat-food-packaging-boxes-wholesale","12":"product_cat-custom-snack-box","14":"first","15":"instock","16":"shipping-taxable","17":"product-type-simple"},"acf":[],"_links":{"self":[{"href":"https:\/\/www.yishengpack.com\/fr\/wp-json\/wp\/v2\/product\/1216","targetHints":{"allow":["GET"]}}],"collection":[{"href":"https:\/\/www.yishengpack.com\/fr\/wp-json\/wp\/v2\/product"}],"about":[{"href":"https:\/\/www.yishengpack.com\/fr\/wp-json\/wp\/v2\/types\/product"}],"replies":[{"embeddable":true,"href":"https:\/\/www.yishengpack.com\/fr\/wp-json\/wp\/v2\/comments?post=1216"}],"wp:featuredmedia":[{"embeddable":true,"href":"https:\/\/www.yishengpack.com\/fr\/wp-json\/wp\/v2\/media\/1217"}],"wp:attachment":[{"href":"https:\/\/www.yishengpack.com\/fr\/wp-json\/wp\/v2\/media?parent=1216"}],"wp:term":[{"taxonomy":"box-type","embeddable":true,"href":"https:\/\/www.yishengpack.com\/fr\/wp-json\/wp\/v2\/box-type?post=1216"},{"taxonomy":"product_brand","embeddable":true,"href":"https:\/\/www.yishengpack.com\/fr\/wp-json\/wp\/v2\/product_brand?post=1216"},{"taxonomy":"product_cat","embeddable":true,"href":"https:\/\/www.yishengpack.com\/fr\/wp-json\/wp\/v2\/product_cat?post=1216"},{"taxonomy":"product_tag","embeddable":true,"href":"https:\/\/www.yishengpack.com\/fr\/wp-json\/wp\/v2\/product_tag?post=1216"}],"curies":[{"name":"wp","href":"https:\/\/api.w.org\/{rel}","templated":true}]}}