{"id":1205,"date":"2025-03-14T06:58:41","date_gmt":"2025-03-14T06:58:41","guid":{"rendered":"https:\/\/www.yishengpack.com\/?post_type=product&#038;p=1205"},"modified":"2026-02-07T02:47:34","modified_gmt":"2026-02-07T02:47:34","slug":"mini-gift-boxes-wholesale","status":"publish","type":"product","link":"https:\/\/www.yishengpack.com\/fr\/produit\/mini-gift-boxes-wholesale\/","title":{"rendered":"Mini-bo\u00eetes cadeaux en gros, bo\u00eetes \u00e0 tiroirs en vrac avec sacs en papier"},"content":{"rendered":"<div class=\"wp-block-columns is-layout-flex wp-container-core-columns-is-layout-9d6595d7 wp-block-columns-is-layout-flex\">\n<div class=\"wp-block-column is-layout-flow wp-block-column-is-layout-flow\">\n<h3 class=\"wp-block-heading\">Caract\u00e9ristiques de Mini Gift Boxes Wholesale<\/h3>\n\n\n\n<p><strong>Conception exquise et compacte : <\/strong>Ces bo\u00eetes \u00e0 tiroirs personnalis\u00e9es sont des bo\u00eetes cadeaux miniatures et compactes, adapt\u00e9es \u00e0 toutes sortes d'emballages de petits cadeaux, mettant en valeur la qualit\u00e9 du produit.<\/p>\n\n\n\n<p><strong>Structure des tiroirs : <\/strong>Nos mini-bo\u00eetes cadeaux en gros sont faciles \u00e0 ouvrir et \u00e0 fermer, ce qui am\u00e9liore l'exp\u00e9rience de l'utilisateur tout en garantissant un stockage s\u00fbr des cadeaux.<\/p>\n\n\n\n<p><strong>Mat\u00e9riau de haute qualit\u00e9 :<\/strong> Ces bo\u00eetes \u00e0 tiroirs personnalis\u00e9es sont fabriqu\u00e9es \u00e0 partir d'un papier de qualit\u00e9 sup\u00e9rieure et respectueux de l'environnement qui offre une protection de haut niveau et allie l'esth\u00e9tique \u00e0 la fonctionnalit\u00e9.<\/p>\n\n\n\n<p><strong>Personnalisation :<\/strong> Ces mini-bo\u00eetes cadeaux en gros peuvent \u00eatre personnalis\u00e9es en termes de taille, de couleur, d'impression et de logo afin de r\u00e9pondre aux besoins d'emballage personnalis\u00e9s de la marque.<\/p>\n\n\n\n<p><strong>Ensemble de sacs en papier assortis :<\/strong> Ces mini-bo\u00eetes cadeaux en gros peuvent \u00eatre assorties \u00e0 un sac en papier exquis ; l'emballage global est plus \u00e9l\u00e9gant, adapt\u00e9 \u00e0 la promotion de la marque, aux cadeaux de vacances et \u00e0 la vente au d\u00e9tail dans les boutiques.<\/p>\n<\/div>\n\n\n\n<div class=\"wp-block-column is-layout-flow wp-block-column-is-layout-flow\">\n<figure class=\"wp-block-image size-full\"><img decoding=\"async\" width=\"720\" height=\"720\" src=\"https:\/\/www.yishengpack.com\/wp-content\/uploads\/2025\/03\/Fine-Mini-Gift-Boxes-Wholesale-Custom-Drawer-Boxes-with-Paper-Bags.webp\" alt=\"Bo\u00eetes \u00e0 mini-cadeaux fines - vente en gros - Bo\u00eetes \u00e0 tiroirs personnalis\u00e9es avec sacs en papier\" class=\"wp-image-1206\" srcset=\"https:\/\/www.yishengpack.com\/wp-content\/uploads\/2025\/03\/Fine-Mini-Gift-Boxes-Wholesale-Custom-Drawer-Boxes-with-Paper-Bags.webp 720w, https:\/\/www.yishengpack.com\/wp-content\/uploads\/2025\/03\/Fine-Mini-Gift-Boxes-Wholesale-Custom-Drawer-Boxes-with-Paper-Bags-300x300.webp 300w, https:\/\/www.yishengpack.com\/wp-content\/uploads\/2025\/03\/Fine-Mini-Gift-Boxes-Wholesale-Custom-Drawer-Boxes-with-Paper-Bags-150x150.webp 150w, https:\/\/www.yishengpack.com\/wp-content\/uploads\/2025\/03\/Fine-Mini-Gift-Boxes-Wholesale-Custom-Drawer-Boxes-with-Paper-Bags-12x12.webp 12w, https:\/\/www.yishengpack.com\/wp-content\/uploads\/2025\/03\/Fine-Mini-Gift-Boxes-Wholesale-Custom-Drawer-Boxes-with-Paper-Bags-600x600.webp 600w, https:\/\/www.yishengpack.com\/wp-content\/uploads\/2025\/03\/Fine-Mini-Gift-Boxes-Wholesale-Custom-Drawer-Boxes-with-Paper-Bags-100x100.webp 100w\" sizes=\"(max-width: 720px) 100vw, 720px\" \/><\/figure>\n<\/div>\n<\/div>\n\n\n\n<div class=\"wp-block-columns is-layout-flex wp-container-core-columns-is-layout-9d6595d7 wp-block-columns-is-layout-flex\">\n<div class=\"wp-block-column is-layout-flow wp-block-column-is-layout-flow\">\n<div class=\"wp-block-buttons has-custom-font-size has-small-font-size is-content-justification-center is-layout-flex wp-container-core-buttons-is-layout-16018d1d wp-block-buttons-is-layout-flex\">\n<div class=\"wp-block-button has-custom-width wp-block-button__width-75\"><a class=\"wp-block-button__link has-background has-small-font-size has-custom-font-size wp-element-button\" href=\"https:\/\/www.yishengpack.com\/fr\/custom-printed-box\/\" style=\"background:linear-gradient(135deg,rgb(254,205,165) 0%,rgb(254,45,45) 0%,rgb(94,15,15) 0%,rgb(94,15,15) 100%)\" target=\"_blank\" rel=\"noreferrer noopener\"><strong>D\u00e9couvrez les bo\u00eetes imprim\u00e9es personnalis\u00e9es<\/strong><\/a><\/div>\n<\/div>\n<\/div>\n\n\n\n<div class=\"wp-block-column is-layout-flow wp-block-column-is-layout-flow\">\n<div class=\"wp-block-buttons has-custom-font-size has-small-font-size is-content-justification-center is-layout-flex wp-container-core-buttons-is-layout-16018d1d wp-block-buttons-is-layout-flex\">\n<div class=\"wp-block-button has-custom-width wp-block-button__width-75\"><a class=\"wp-block-button__link has-background has-small-font-size has-custom-font-size wp-element-button\" href=\"https:\/\/www.yishengpack.com\/fr\/custom-box-inserts-accessories\/\" style=\"background:linear-gradient(135deg,rgb(254,205,165) 0%,rgb(254,45,45) 0%,rgb(94,15,15) 0%,rgb(94,15,15) 100%)\" target=\"_blank\" rel=\"noreferrer noopener\"><strong>D\u00e9couvrez les encarts personnalis\u00e9s<\/strong><\/a><\/div>\n<\/div>\n<\/div>\n<\/div>","protected":false},"excerpt":{"rendered":"<p>Nous vous invitons \u00e0 acheter nos bo\u00eetes \u00e0 tiroirs personnalis\u00e9es. Ces mini-bo\u00eetes cadeaux en gros adoptent un design \u00e0 tiroirs, avec des sacs en papier exquis, \u00e0 la fois beaux et pratiques. Nous utilisons du papier de haute qualit\u00e9 et respectueux de l'environnement, nous prenons en charge une gamme compl\u00e8te de personnalisation, et sont parfaits pour la promotion de la marque, les cadeaux de vacances et la vente au d\u00e9tail dans les boutiques, pour ajouter un charme unique.<\/p>\n<h2>Points forts de Mini Gift Boxes Wholesale<\/h2>\n<ul>\n<li>Structure coulissante<\/li>\n<li>Mat\u00e9riaux \u00e9cologiques<\/li>\n<li>Personnalisation haut de gamme<\/li>\n<li>Des proc\u00e9d\u00e9s d'impression riches<\/li>\n<li>Sacs en papier assortis personnalis\u00e9s<\/li>\n<li>Grande vari\u00e9t\u00e9 de couleurs<\/li>\n<li>Accessoires exquis<\/li>\n<li>Construction robuste<\/li>\n<\/ul>","protected":false},"featured_media":1206,"comment_status":"closed","ping_status":"closed","template":"","meta":{"_acf_changed":false},"box-type":[47,53],"product_brand":[],"product_cat":[19,40,34,37],"product_tag":[],"class_list":{"0":"post-1205","1":"product","2":"type-product","3":"status-publish","4":"has-post-thumbnail","6":"box-type-custom-drawer-boxes","7":"box-type-custom-ribbon-handle-paper-bag","8":"product_cat-luxury-gift-boxes-wholesale","9":"product_cat-custom-jewelry-boxes","10":"product_cat-paper-bags-wholesale","11":"product_cat-paper-gift-bags-bulk","13":"first","14":"instock","15":"shipping-taxable","16":"product-type-simple"},"acf":[],"_links":{"self":[{"href":"https:\/\/www.yishengpack.com\/fr\/wp-json\/wp\/v2\/product\/1205","targetHints":{"allow":["GET"]}}],"collection":[{"href":"https:\/\/www.yishengpack.com\/fr\/wp-json\/wp\/v2\/product"}],"about":[{"href":"https:\/\/www.yishengpack.com\/fr\/wp-json\/wp\/v2\/types\/product"}],"replies":[{"embeddable":true,"href":"https:\/\/www.yishengpack.com\/fr\/wp-json\/wp\/v2\/comments?post=1205"}],"wp:featuredmedia":[{"embeddable":true,"href":"https:\/\/www.yishengpack.com\/fr\/wp-json\/wp\/v2\/media\/1206"}],"wp:attachment":[{"href":"https:\/\/www.yishengpack.com\/fr\/wp-json\/wp\/v2\/media?parent=1205"}],"wp:term":[{"taxonomy":"box-type","embeddable":true,"href":"https:\/\/www.yishengpack.com\/fr\/wp-json\/wp\/v2\/box-type?post=1205"},{"taxonomy":"product_brand","embeddable":true,"href":"https:\/\/www.yishengpack.com\/fr\/wp-json\/wp\/v2\/product_brand?post=1205"},{"taxonomy":"product_cat","embeddable":true,"href":"https:\/\/www.yishengpack.com\/fr\/wp-json\/wp\/v2\/product_cat?post=1205"},{"taxonomy":"product_tag","embeddable":true,"href":"https:\/\/www.yishengpack.com\/fr\/wp-json\/wp\/v2\/product_tag?post=1205"}],"curies":[{"name":"wp","href":"https:\/\/api.w.org\/{rel}","templated":true}]}}