{"id":1181,"date":"2025-03-07T07:15:29","date_gmt":"2025-03-07T07:15:29","guid":{"rendered":"https:\/\/www.yishengpack.com\/?post_type=product&#038;p=1181"},"modified":"2026-01-04T07:49:23","modified_gmt":"2026-01-04T07:49:23","slug":"custom-bakery-packaging","status":"publish","type":"product","link":"https:\/\/www.yishengpack.com\/fr\/produit\/custom-bakery-packaging\/","title":{"rendered":"Custom Bakery Packaging, Wholesale Pastry Boxes with Handle"},"content":{"rendered":"<div class=\"wp-block-columns is-layout-flex wp-container-core-columns-is-layout-9d6595d7 wp-block-columns-is-layout-flex\">\n<div class=\"wp-block-column is-layout-flow wp-block-column-is-layout-flow\">\n<h3 class=\"wp-block-heading\">Features of Custom Bakery Packaging<\/h3>\n\n\n\n<p><strong>Custom Design: <\/strong>This custom bakery packaging is available in a variety of styles, sizes, and printing options to fit your brand image just perfectly.<\/p>\n\n\n\n<p><strong>Mat\u00e9riau de haute qualit\u00e9 : <\/strong>Our wholesale pastry boxes are made from food-grade paper material, which makes them safe, durable, and eco-friendly.<\/p>\n\n\n\n<p><strong>Easy to carry: <\/strong>Custom bakery packaging comes with a firm handle, making it so much easier for customers to carry, adding much convenience.<\/p>\n\n\n\n<p><strong>Moisture and Oil Resistant:<\/strong> These wholesale pastry boxes are highly resistant to moisture and oil, thus keeping the food inside fresh.<\/p>\n\n\n\n<p><strong>Multi-Purpose Use:<\/strong> This custom bakery packaging is versatile for all types of bakery products, such as cakes, cookies, bread, and desserts, and will fit all types and sizes of food.<\/p>\n<\/div>\n\n\n\n<div class=\"wp-block-column is-layout-flow wp-block-column-is-layout-flow\">\n<figure class=\"wp-block-image size-full\"><img decoding=\"async\" width=\"700\" height=\"700\" src=\"https:\/\/www.yishengpack.com\/wp-content\/uploads\/2025\/03\/custom-bakery-packaging-wholesale-pastry-boxes-with-handles-1.webp\" alt=\"custom-bakery-packaging-wholesale-pastry-boxes-with-handles (1)\" class=\"wp-image-1182\" srcset=\"https:\/\/www.yishengpack.com\/wp-content\/uploads\/2025\/03\/custom-bakery-packaging-wholesale-pastry-boxes-with-handles-1.webp 700w, https:\/\/www.yishengpack.com\/wp-content\/uploads\/2025\/03\/custom-bakery-packaging-wholesale-pastry-boxes-with-handles-1-300x300.webp 300w, https:\/\/www.yishengpack.com\/wp-content\/uploads\/2025\/03\/custom-bakery-packaging-wholesale-pastry-boxes-with-handles-1-150x150.webp 150w, https:\/\/www.yishengpack.com\/wp-content\/uploads\/2025\/03\/custom-bakery-packaging-wholesale-pastry-boxes-with-handles-1-12x12.webp 12w, https:\/\/www.yishengpack.com\/wp-content\/uploads\/2025\/03\/custom-bakery-packaging-wholesale-pastry-boxes-with-handles-1-600x600.webp 600w, https:\/\/www.yishengpack.com\/wp-content\/uploads\/2025\/03\/custom-bakery-packaging-wholesale-pastry-boxes-with-handles-1-100x100.webp 100w\" sizes=\"(max-width: 700px) 100vw, 700px\" \/><\/figure>\n<\/div>\n<\/div>\n\n\n\n<div class=\"wp-block-columns is-layout-flex wp-container-core-columns-is-layout-9d6595d7 wp-block-columns-is-layout-flex\">\n<div class=\"wp-block-column is-layout-flow wp-block-column-is-layout-flow\">\n<figure class=\"wp-block-image size-full\"><img decoding=\"async\" width=\"500\" height=\"550\" src=\"https:\/\/www.yishengpack.com\/wp-content\/uploads\/2025\/03\/custom-bakery-packaging-wholesale-pastry-boxes-with-handles-2.webp\" alt=\"custom-bakery-packaging-wholesale-pastry-boxes-with-handles (2)\" class=\"wp-image-1183\" srcset=\"https:\/\/www.yishengpack.com\/wp-content\/uploads\/2025\/03\/custom-bakery-packaging-wholesale-pastry-boxes-with-handles-2.webp 500w, https:\/\/www.yishengpack.com\/wp-content\/uploads\/2025\/03\/custom-bakery-packaging-wholesale-pastry-boxes-with-handles-2-273x300.webp 273w, https:\/\/www.yishengpack.com\/wp-content\/uploads\/2025\/03\/custom-bakery-packaging-wholesale-pastry-boxes-with-handles-2-11x12.webp 11w\" sizes=\"(max-width: 500px) 100vw, 500px\" \/><\/figure>\n\n\n\n<div class=\"wp-block-buttons has-custom-font-size has-small-font-size is-content-justification-center is-layout-flex wp-container-core-buttons-is-layout-16018d1d wp-block-buttons-is-layout-flex\">\n<div class=\"wp-block-button has-custom-width wp-block-button__width-75\"><a class=\"wp-block-button__link has-background has-small-font-size has-custom-font-size wp-element-button\" href=\"https:\/\/www.yishengpack.com\/fr\/custom-printed-box\/\" style=\"background:linear-gradient(135deg,rgb(254,205,165) 0%,rgb(254,45,45) 0%,rgb(94,15,15) 0%,rgb(94,15,15) 100%)\" target=\"_blank\" rel=\"noreferrer noopener\"><strong>D\u00e9couvrez les bo\u00eetes imprim\u00e9es personnalis\u00e9es<\/strong><\/a><\/div>\n<\/div>\n<\/div>\n\n\n\n<div class=\"wp-block-column is-layout-flow wp-block-column-is-layout-flow\">\n<figure class=\"wp-block-image size-full\"><img decoding=\"async\" width=\"720\" height=\"720\" src=\"https:\/\/www.yishengpack.com\/wp-content\/uploads\/2025\/03\/custom-bakery-packaging-wholesale-pastry-boxes-with-handles-3.webp\" alt=\"custom-bakery-packaging-wholesale-pastry-boxes-with-handles (3)\" class=\"wp-image-1184\" srcset=\"https:\/\/www.yishengpack.com\/wp-content\/uploads\/2025\/03\/custom-bakery-packaging-wholesale-pastry-boxes-with-handles-3.webp 720w, https:\/\/www.yishengpack.com\/wp-content\/uploads\/2025\/03\/custom-bakery-packaging-wholesale-pastry-boxes-with-handles-3-300x300.webp 300w, https:\/\/www.yishengpack.com\/wp-content\/uploads\/2025\/03\/custom-bakery-packaging-wholesale-pastry-boxes-with-handles-3-150x150.webp 150w, https:\/\/www.yishengpack.com\/wp-content\/uploads\/2025\/03\/custom-bakery-packaging-wholesale-pastry-boxes-with-handles-3-12x12.webp 12w, https:\/\/www.yishengpack.com\/wp-content\/uploads\/2025\/03\/custom-bakery-packaging-wholesale-pastry-boxes-with-handles-3-600x600.webp 600w, https:\/\/www.yishengpack.com\/wp-content\/uploads\/2025\/03\/custom-bakery-packaging-wholesale-pastry-boxes-with-handles-3-100x100.webp 100w\" sizes=\"(max-width: 720px) 100vw, 720px\" \/><\/figure>\n\n\n\n<div class=\"wp-block-buttons has-custom-font-size has-small-font-size is-content-justification-center is-layout-flex wp-container-core-buttons-is-layout-16018d1d wp-block-buttons-is-layout-flex\">\n<div class=\"wp-block-button has-custom-width wp-block-button__width-75\"><a class=\"wp-block-button__link has-background has-small-font-size has-custom-font-size wp-element-button\" href=\"https:\/\/www.yishengpack.com\/fr\/custom-product-boxes-types\/\" style=\"background:linear-gradient(135deg,rgb(254,205,165) 0%,rgb(254,45,45) 0%,rgb(94,15,15) 0%,rgb(94,15,15) 100%)\" target=\"_blank\" rel=\"noreferrer noopener\"><strong>Explorer les types de bo\u00eetes personnalis\u00e9es<\/strong><\/a><\/div>\n<\/div>\n<\/div>\n<\/div>","protected":false},"excerpt":{"rendered":"<p>Bienvenue dans nos emballages de p\u00e2tisserie personnalis\u00e9s. Ces bo\u00eetes \u00e0 p\u00e2tisserie en gros sont fabriqu\u00e9es en papier de qualit\u00e9 alimentaire r\u00e9sistant \u00e0 l'humidit\u00e9 et \u00e0 l'huile, prot\u00e9geant parfaitement vos p\u00e2tisseries et les gardant fra\u00eeches. Equip\u00e9es d'une poign\u00e9e robuste pour un transport facile, elles offrent une vari\u00e9t\u00e9 de tailles et d'options d'impression pour une large gamme de produits de boulangerie, id\u00e9ales pour am\u00e9liorer votre image de marque.<\/p>\n<h2>Highlights of Custom Bakery Packaging<\/h2>\n<ul>\n<li>Personnalisation<\/li>\n<li>Vitrine transparente<\/li>\n<li>Mat\u00e9riaux de premi\u00e8re qualit\u00e9<\/li>\n<li>Un travail soign\u00e9<\/li>\n<li>Diverses options de couleurs<\/li>\n<li>Plusieurs tailles de bo\u00eetes<\/li>\n<li>Stockage pratique des aliments<\/li>\n<li>Protecteur et pratique<\/li>\n<\/ul>","protected":false},"featured_media":1183,"comment_status":"closed","ping_status":"closed","template":"","meta":{"_acf_changed":false},"box-type":[55,48,58],"product_brand":[],"product_cat":[32,46,30,33,44],"product_tag":[],"class_list":{"0":"post-1181","1":"product","2":"type-product","3":"status-publish","4":"has-post-thumbnail","6":"box-type-custom-foldable-boxes","7":"box-type-custom-tuck-top-boxes","8":"box-type-custom-window-gift-box","9":"product_cat-bakery-packaging-wholesale","10":"product_cat-wholesale-paper-boxes","11":"product_cat-cake-containers-wholesale","12":"product_cat-food-packaging-boxes-wholesale","13":"product_cat-custom-snack-box","15":"first","16":"instock","17":"shipping-taxable","18":"product-type-simple"},"acf":[],"_links":{"self":[{"href":"https:\/\/www.yishengpack.com\/fr\/wp-json\/wp\/v2\/product\/1181","targetHints":{"allow":["GET"]}}],"collection":[{"href":"https:\/\/www.yishengpack.com\/fr\/wp-json\/wp\/v2\/product"}],"about":[{"href":"https:\/\/www.yishengpack.com\/fr\/wp-json\/wp\/v2\/types\/product"}],"replies":[{"embeddable":true,"href":"https:\/\/www.yishengpack.com\/fr\/wp-json\/wp\/v2\/comments?post=1181"}],"wp:featuredmedia":[{"embeddable":true,"href":"https:\/\/www.yishengpack.com\/fr\/wp-json\/wp\/v2\/media\/1183"}],"wp:attachment":[{"href":"https:\/\/www.yishengpack.com\/fr\/wp-json\/wp\/v2\/media?parent=1181"}],"wp:term":[{"taxonomy":"box-type","embeddable":true,"href":"https:\/\/www.yishengpack.com\/fr\/wp-json\/wp\/v2\/box-type?post=1181"},{"taxonomy":"product_brand","embeddable":true,"href":"https:\/\/www.yishengpack.com\/fr\/wp-json\/wp\/v2\/product_brand?post=1181"},{"taxonomy":"product_cat","embeddable":true,"href":"https:\/\/www.yishengpack.com\/fr\/wp-json\/wp\/v2\/product_cat?post=1181"},{"taxonomy":"product_tag","embeddable":true,"href":"https:\/\/www.yishengpack.com\/fr\/wp-json\/wp\/v2\/product_tag?post=1181"}],"curies":[{"name":"wp","href":"https:\/\/api.w.org\/{rel}","templated":true}]}}