{"id":1177,"date":"2025-03-06T07:15:34","date_gmt":"2025-03-06T07:15:34","guid":{"rendered":"https:\/\/www.yishengpack.com\/?post_type=product&#038;p=1177"},"modified":"2026-01-04T07:46:25","modified_gmt":"2026-01-04T07:46:25","slug":"custom-cookie-boxes","status":"publish","type":"product","link":"https:\/\/www.yishengpack.com\/fr\/produit\/custom-cookie-boxes\/","title":{"rendered":"Bo\u00eetes \u00e0 biscuits personnalis\u00e9es, Bo\u00eetes pliantes avec fen\u00eatre en gros"},"content":{"rendered":"<div class=\"wp-block-columns is-layout-flex wp-container-core-columns-is-layout-9d6595d7 wp-block-columns-is-layout-flex\">\n<div class=\"wp-block-column is-layout-flow wp-block-column-is-layout-flow\">\n<h3 class=\"wp-block-heading\">Caract\u00e9ristiques des bo\u00eetes \u00e0 biscuits personnalis\u00e9es<\/h3>\n\n\n\n<p><strong>Design de fen\u00eatre personnalis\u00e9 :<\/strong> Nos bo\u00eetes pliantes en gros sont dot\u00e9es d'une fen\u00eatre transparente personnalis\u00e9e, permettant aux clients de voir directement l'apparence des biscuits et de cr\u00e9er une impulsion d'achat.<\/p>\n\n\n\n<p><strong>Mat\u00e9riau de haute qualit\u00e9 : <\/strong>Ces bo\u00eetes \u00e0 biscuits personnalis\u00e9es sont fabriqu\u00e9es en papier de haute qualit\u00e9, ce qui garantit la s\u00e9curit\u00e9 et la durabilit\u00e9 de l'emballage ainsi que la protection de l'environnement.<\/p>\n\n\n\n<p><strong>Pliable pour un rangement pratique :<\/strong> Le m\u00e9canisme de pliage innovant de nos bo\u00eetes pliantes en gros permet d'\u00e9conomiser de l'espace lors du stockage, de faciliter le stockage et le transport, et d'\u00eatre facile \u00e0 assembler.<\/p>\n\n\n\n<p><strong>Options de personnalisation polyvalentes : <\/strong>Ces bo\u00eetes \u00e0 biscuits personnalis\u00e9es s'adaptent \u00e0 un large \u00e9ventail de tailles, de couleurs, de styles d'impression et de logos d'entreprise \u00e0 personnaliser, ce qui est tout \u00e0 fait conforme \u00e0 l'image de l'entreprise.<\/p>\n\n\n\n<p><strong>Conception d'\u00e9tanch\u00e9it\u00e9 s\u00e9curis\u00e9e : <\/strong>Ces bo\u00eetes \u00e0 biscuits personnalis\u00e9es sont dot\u00e9es d'une technologie de scellement pr\u00e9cise qui garantit que les biscuits sont emball\u00e9s herm\u00e9tiquement et emp\u00eache l'air, la poussi\u00e8re et l'humidit\u00e9 de p\u00e9n\u00e9trer, ce qui permet de conserver la fra\u00eecheur et l'hygi\u00e8ne des biscuits.<\/p>\n<\/div>\n\n\n\n<div class=\"wp-block-column is-layout-flow wp-block-column-is-layout-flow\">\n<figure class=\"wp-block-image size-full\"><img decoding=\"async\" width=\"800\" height=\"800\" src=\"https:\/\/www.yishengpack.com\/wp-content\/uploads\/2025\/03\/custom-cookie-boxes-wholesale-folding-boxes-with-customizable-window-3.webp\" alt=\"bo\u00eetes \u00e0 biscuits personnalis\u00e9es - bo\u00eetes pliantes en gros avec fen\u00eatre personnalisable (3)\" class=\"wp-image-1180\" srcset=\"https:\/\/www.yishengpack.com\/wp-content\/uploads\/2025\/03\/custom-cookie-boxes-wholesale-folding-boxes-with-customizable-window-3.webp 800w, https:\/\/www.yishengpack.com\/wp-content\/uploads\/2025\/03\/custom-cookie-boxes-wholesale-folding-boxes-with-customizable-window-3-300x300.webp 300w, https:\/\/www.yishengpack.com\/wp-content\/uploads\/2025\/03\/custom-cookie-boxes-wholesale-folding-boxes-with-customizable-window-3-150x150.webp 150w, https:\/\/www.yishengpack.com\/wp-content\/uploads\/2025\/03\/custom-cookie-boxes-wholesale-folding-boxes-with-customizable-window-3-768x768.webp 768w, https:\/\/www.yishengpack.com\/wp-content\/uploads\/2025\/03\/custom-cookie-boxes-wholesale-folding-boxes-with-customizable-window-3-12x12.webp 12w, https:\/\/www.yishengpack.com\/wp-content\/uploads\/2025\/03\/custom-cookie-boxes-wholesale-folding-boxes-with-customizable-window-3-600x600.webp 600w, https:\/\/www.yishengpack.com\/wp-content\/uploads\/2025\/03\/custom-cookie-boxes-wholesale-folding-boxes-with-customizable-window-3-100x100.webp 100w\" sizes=\"(max-width: 800px) 100vw, 800px\" \/><\/figure>\n<\/div>\n<\/div>\n\n\n\n<div class=\"wp-block-columns is-layout-flex wp-container-core-columns-is-layout-9d6595d7 wp-block-columns-is-layout-flex\">\n<div class=\"wp-block-column is-layout-flow wp-block-column-is-layout-flow\">\n<figure class=\"wp-block-image size-full\"><img decoding=\"async\" width=\"800\" height=\"800\" src=\"https:\/\/www.yishengpack.com\/wp-content\/uploads\/2025\/03\/custom-cookie-boxes-wholesale-folding-boxes-with-customizable-window-3.webp\" alt=\"bo\u00eetes \u00e0 biscuits personnalis\u00e9es - bo\u00eetes pliantes en gros avec fen\u00eatre personnalisable (3)\" class=\"wp-image-1180\" srcset=\"https:\/\/www.yishengpack.com\/wp-content\/uploads\/2025\/03\/custom-cookie-boxes-wholesale-folding-boxes-with-customizable-window-3.webp 800w, https:\/\/www.yishengpack.com\/wp-content\/uploads\/2025\/03\/custom-cookie-boxes-wholesale-folding-boxes-with-customizable-window-3-300x300.webp 300w, https:\/\/www.yishengpack.com\/wp-content\/uploads\/2025\/03\/custom-cookie-boxes-wholesale-folding-boxes-with-customizable-window-3-150x150.webp 150w, https:\/\/www.yishengpack.com\/wp-content\/uploads\/2025\/03\/custom-cookie-boxes-wholesale-folding-boxes-with-customizable-window-3-768x768.webp 768w, https:\/\/www.yishengpack.com\/wp-content\/uploads\/2025\/03\/custom-cookie-boxes-wholesale-folding-boxes-with-customizable-window-3-12x12.webp 12w, https:\/\/www.yishengpack.com\/wp-content\/uploads\/2025\/03\/custom-cookie-boxes-wholesale-folding-boxes-with-customizable-window-3-600x600.webp 600w, https:\/\/www.yishengpack.com\/wp-content\/uploads\/2025\/03\/custom-cookie-boxes-wholesale-folding-boxes-with-customizable-window-3-100x100.webp 100w\" sizes=\"(max-width: 800px) 100vw, 800px\" \/><\/figure>\n\n\n\n<div class=\"wp-block-buttons has-custom-font-size has-small-font-size is-content-justification-center is-layout-flex wp-container-core-buttons-is-layout-16018d1d wp-block-buttons-is-layout-flex\">\n<div class=\"wp-block-button has-custom-width wp-block-button__width-75\"><a class=\"wp-block-button__link has-background has-small-font-size has-custom-font-size wp-element-button\" href=\"https:\/\/www.yishengpack.com\/fr\/custom-printed-box\/\" style=\"background:linear-gradient(135deg,rgb(254,205,165) 0%,rgb(254,45,45) 0%,rgb(94,15,15) 0%,rgb(94,15,15) 100%)\" target=\"_blank\" rel=\"noreferrer noopener\"><strong>D\u00e9couvrez les bo\u00eetes imprim\u00e9es personnalis\u00e9es<\/strong><\/a><\/div>\n<\/div>\n<\/div>\n\n\n\n<div class=\"wp-block-column is-layout-flow wp-block-column-is-layout-flow\">\n<figure class=\"wp-block-image size-full\"><img decoding=\"async\" width=\"800\" height=\"800\" src=\"https:\/\/www.yishengpack.com\/wp-content\/uploads\/2025\/03\/custom-cookie-boxes-wholesale-folding-boxes-with-customizable-window-2.webp\" alt=\"bo\u00eetes \u00e0 biscuits personnalis\u00e9es - bo\u00eetes pliantes en gros avec fen\u00eatre personnalisable (2)\" class=\"wp-image-1179\" srcset=\"https:\/\/www.yishengpack.com\/wp-content\/uploads\/2025\/03\/custom-cookie-boxes-wholesale-folding-boxes-with-customizable-window-2.webp 800w, https:\/\/www.yishengpack.com\/wp-content\/uploads\/2025\/03\/custom-cookie-boxes-wholesale-folding-boxes-with-customizable-window-2-300x300.webp 300w, https:\/\/www.yishengpack.com\/wp-content\/uploads\/2025\/03\/custom-cookie-boxes-wholesale-folding-boxes-with-customizable-window-2-150x150.webp 150w, https:\/\/www.yishengpack.com\/wp-content\/uploads\/2025\/03\/custom-cookie-boxes-wholesale-folding-boxes-with-customizable-window-2-768x768.webp 768w, https:\/\/www.yishengpack.com\/wp-content\/uploads\/2025\/03\/custom-cookie-boxes-wholesale-folding-boxes-with-customizable-window-2-12x12.webp 12w, https:\/\/www.yishengpack.com\/wp-content\/uploads\/2025\/03\/custom-cookie-boxes-wholesale-folding-boxes-with-customizable-window-2-600x600.webp 600w, https:\/\/www.yishengpack.com\/wp-content\/uploads\/2025\/03\/custom-cookie-boxes-wholesale-folding-boxes-with-customizable-window-2-100x100.webp 100w\" sizes=\"(max-width: 800px) 100vw, 800px\" \/><\/figure>\n\n\n\n<div class=\"wp-block-buttons has-custom-font-size has-small-font-size is-content-justification-center is-layout-flex wp-container-core-buttons-is-layout-16018d1d wp-block-buttons-is-layout-flex\">\n<div class=\"wp-block-button has-custom-width wp-block-button__width-75\"><a class=\"wp-block-button__link has-background has-small-font-size has-custom-font-size wp-element-button\" href=\"https:\/\/www.yishengpack.com\/fr\/custom-product-boxes-types\/\" style=\"background:linear-gradient(135deg,rgb(254,205,165) 0%,rgb(254,45,45) 0%,rgb(94,15,15) 0%,rgb(94,15,15) 100%)\" target=\"_blank\" rel=\"noreferrer noopener\"><strong>Explorer les types de bo\u00eetes personnalis\u00e9es<\/strong><\/a><\/div>\n<\/div>\n<\/div>\n<\/div>","protected":false},"excerpt":{"rendered":"<p>Bienvenue sur notre site de vente en gros de bo\u00eetes pliantes. Ces bo\u00eetes \u00e0 biscuits personnalis\u00e9es sont pliables pour faciliter le stockage et le transport et offrent une fen\u00eatre permettant aux consommateurs de voir le produit d'un coup d'\u0153il. Cet emballage am\u00e9liore non seulement l'apparence du produit mais aussi l'exp\u00e9rience d'achat du consommateur, ce qui en fait un excellent choix pour votre entreprise.<\/p>\n<h2>Points forts des bo\u00eetes \u00e0 biscuits personnalis\u00e9es<\/h2>\n<ul>\n<li>Personnalisation haut de gamme<\/li>\n<li>Mat\u00e9riaux haut de gamme adapt\u00e9s au contact alimentaire<\/li>\n<li>Design pliable<\/li>\n<li>Des proc\u00e9d\u00e9s d'impression riches<\/li>\n<li>Plusieurs tailles de bo\u00eetes<\/li>\n<li>Diverses options de couleurs<\/li>\n<li>Clear Windows Design<\/li>\n<\/ul>","protected":false},"featured_media":1178,"comment_status":"closed","ping_status":"closed","template":"","meta":{"_acf_changed":false},"box-type":[55,62,58],"product_brand":[],"product_cat":[33,46,44],"product_tag":[],"class_list":{"0":"post-1177","1":"product","2":"type-product","3":"status-publish","4":"has-post-thumbnail","6":"box-type-custom-foldable-boxes","7":"box-type-custom-tear-open-box","8":"box-type-custom-window-gift-box","9":"product_cat-food-packaging-boxes-wholesale","10":"product_cat-wholesale-paper-boxes","11":"product_cat-custom-snack-box","13":"first","14":"instock","15":"shipping-taxable","16":"product-type-simple"},"acf":[],"_links":{"self":[{"href":"https:\/\/www.yishengpack.com\/fr\/wp-json\/wp\/v2\/product\/1177","targetHints":{"allow":["GET"]}}],"collection":[{"href":"https:\/\/www.yishengpack.com\/fr\/wp-json\/wp\/v2\/product"}],"about":[{"href":"https:\/\/www.yishengpack.com\/fr\/wp-json\/wp\/v2\/types\/product"}],"replies":[{"embeddable":true,"href":"https:\/\/www.yishengpack.com\/fr\/wp-json\/wp\/v2\/comments?post=1177"}],"wp:featuredmedia":[{"embeddable":true,"href":"https:\/\/www.yishengpack.com\/fr\/wp-json\/wp\/v2\/media\/1178"}],"wp:attachment":[{"href":"https:\/\/www.yishengpack.com\/fr\/wp-json\/wp\/v2\/media?parent=1177"}],"wp:term":[{"taxonomy":"box-type","embeddable":true,"href":"https:\/\/www.yishengpack.com\/fr\/wp-json\/wp\/v2\/box-type?post=1177"},{"taxonomy":"product_brand","embeddable":true,"href":"https:\/\/www.yishengpack.com\/fr\/wp-json\/wp\/v2\/product_brand?post=1177"},{"taxonomy":"product_cat","embeddable":true,"href":"https:\/\/www.yishengpack.com\/fr\/wp-json\/wp\/v2\/product_cat?post=1177"},{"taxonomy":"product_tag","embeddable":true,"href":"https:\/\/www.yishengpack.com\/fr\/wp-json\/wp\/v2\/product_tag?post=1177"}],"curies":[{"name":"wp","href":"https:\/\/api.w.org\/{rel}","templated":true}]}}