{"id":1174,"date":"2025-03-06T03:49:55","date_gmt":"2025-03-06T03:49:55","guid":{"rendered":"https:\/\/www.yishengpack.com\/?post_type=product&#038;p=1174"},"modified":"2026-01-04T07:42:45","modified_gmt":"2026-01-04T07:42:45","slug":"cookie-boxes-wholesale","status":"publish","type":"product","link":"https:\/\/www.yishengpack.com\/fr\/produit\/cookie-boxes-wholesale\/","title":{"rendered":"Bo\u00eetes \u00e0 biscuits en gros, bo\u00eetes pliables personnalis\u00e9es"},"content":{"rendered":"<div class=\"wp-block-columns is-layout-flex wp-container-core-columns-is-layout-9d6595d7 wp-block-columns-is-layout-flex\">\n<div class=\"wp-block-column is-layout-flow wp-block-column-is-layout-flow\">\n<h3 class=\"wp-block-heading\">Caract\u00e9ristiques des bo\u00eetes \u00e0 biscuits en gros<\/h3>\n\n\n\n<p><strong>Mat\u00e9riau de haute qualit\u00e9 : <\/strong>Ces bo\u00eetes \u00e0 biscuits vendues en gros sont fabriqu\u00e9es \u00e0 partir d'un mat\u00e9riau en papier robuste et durable, qui garantit la stabilit\u00e9 et la s\u00e9curit\u00e9 de la bo\u00eete, ainsi que son r\u00f4le dans la conservation efficace de la fra\u00eecheur des biscuits.<\/p>\n\n\n\n<p><strong>Conception personnalis\u00e9e :<\/strong> Nos bo\u00eetes de produits personnalis\u00e9es prennent en charge une grande vari\u00e9t\u00e9 de personnalisations en termes d'impression, de couleur, de taille et de motif afin de r\u00e9pondre aux besoins des marques et \u00e0 leur positionnement sur le march\u00e9.<\/p>\n\n\n\n<p><strong>\u00c9co-pliable :<\/strong> Ces bo\u00eetes \u00e0 biscuits pliables vendues en gros sont faciles \u00e0 ranger et \u00e0 transporter, peu encombrantes et fabriqu\u00e9es \u00e0 partir de mat\u00e9riaux respectueux de l'environnement, conform\u00e9ment aux conditions du d\u00e9veloppement durable.<\/p>\n\n\n\n<p><strong>Largement utilis\u00e9 :<\/strong> Nos bo\u00eetes personnalis\u00e9es conviennent \u00e0 l'emballage de divers produits de boulangerie, en particulier les biscuits, les bonbons, les p\u00e2tisseries et autres aliments de petite taille.<\/p>\n\n\n\n<p><strong>Beau et raffin\u00e9 : <\/strong>Ces bo\u00eetes \u00e0 biscuits vendues en gros ont un design \u00e9l\u00e9gant, en phase avec l'esth\u00e9tique moderne, afin de renforcer l'attrait du produit et l'exp\u00e9rience client.<\/p>\n<\/div>\n\n\n\n<div class=\"wp-block-column is-layout-flow wp-block-column-is-layout-flow\">\n<figure class=\"wp-block-image size-full\"><img decoding=\"async\" width=\"2400\" height=\"2400\" src=\"https:\/\/www.yishengpack.com\/wp-content\/uploads\/2025\/03\/high-quality-cookie-boxes-wholesale-custom-bakery-boxes-foldable-2.webp\" alt=\"bo\u00eetes-\u00e0-biscuits-de-haute-qualit\u00e9-vente-en-gros-bo\u00eetes-produits-personnalis\u00e9es-pliables (2)\" class=\"wp-image-1176\" srcset=\"https:\/\/www.yishengpack.com\/wp-content\/uploads\/2025\/03\/high-quality-cookie-boxes-wholesale-custom-bakery-boxes-foldable-2.webp 2400w, https:\/\/www.yishengpack.com\/wp-content\/uploads\/2025\/03\/high-quality-cookie-boxes-wholesale-custom-bakery-boxes-foldable-2-300x300.webp 300w, https:\/\/www.yishengpack.com\/wp-content\/uploads\/2025\/03\/high-quality-cookie-boxes-wholesale-custom-bakery-boxes-foldable-2-150x150.webp 150w, https:\/\/www.yishengpack.com\/wp-content\/uploads\/2025\/03\/high-quality-cookie-boxes-wholesale-custom-bakery-boxes-foldable-2-768x768.webp 768w, https:\/\/www.yishengpack.com\/wp-content\/uploads\/2025\/03\/high-quality-cookie-boxes-wholesale-custom-bakery-boxes-foldable-2-12x12.webp 12w, https:\/\/www.yishengpack.com\/wp-content\/uploads\/2025\/03\/high-quality-cookie-boxes-wholesale-custom-bakery-boxes-foldable-2-1200x1200.webp 1200w, https:\/\/www.yishengpack.com\/wp-content\/uploads\/2025\/03\/high-quality-cookie-boxes-wholesale-custom-bakery-boxes-foldable-2-600x600.webp 600w, https:\/\/www.yishengpack.com\/wp-content\/uploads\/2025\/03\/high-quality-cookie-boxes-wholesale-custom-bakery-boxes-foldable-2-100x100.webp 100w\" sizes=\"(max-width: 2400px) 100vw, 2400px\" \/><\/figure>\n<\/div>\n<\/div>\n\n\n\n<div class=\"wp-block-columns is-layout-flex wp-container-core-columns-is-layout-9d6595d7 wp-block-columns-is-layout-flex\">\n<div class=\"wp-block-column is-layout-flow wp-block-column-is-layout-flow\">\n<figure class=\"wp-block-image size-full\"><img decoding=\"async\" width=\"2400\" height=\"2400\" src=\"https:\/\/www.yishengpack.com\/wp-content\/uploads\/2025\/03\/high-quality-cookie-boxes-wholesale-custom-bakery-boxes-foldable-2.webp\" alt=\"bo\u00eetes-\u00e0-biscuits-de-haute-qualit\u00e9-vente-en-gros-bo\u00eetes-produits-personnalis\u00e9es-pliables (2)\" class=\"wp-image-1176\" srcset=\"https:\/\/www.yishengpack.com\/wp-content\/uploads\/2025\/03\/high-quality-cookie-boxes-wholesale-custom-bakery-boxes-foldable-2.webp 2400w, https:\/\/www.yishengpack.com\/wp-content\/uploads\/2025\/03\/high-quality-cookie-boxes-wholesale-custom-bakery-boxes-foldable-2-300x300.webp 300w, https:\/\/www.yishengpack.com\/wp-content\/uploads\/2025\/03\/high-quality-cookie-boxes-wholesale-custom-bakery-boxes-foldable-2-150x150.webp 150w, https:\/\/www.yishengpack.com\/wp-content\/uploads\/2025\/03\/high-quality-cookie-boxes-wholesale-custom-bakery-boxes-foldable-2-768x768.webp 768w, https:\/\/www.yishengpack.com\/wp-content\/uploads\/2025\/03\/high-quality-cookie-boxes-wholesale-custom-bakery-boxes-foldable-2-12x12.webp 12w, https:\/\/www.yishengpack.com\/wp-content\/uploads\/2025\/03\/high-quality-cookie-boxes-wholesale-custom-bakery-boxes-foldable-2-1200x1200.webp 1200w, https:\/\/www.yishengpack.com\/wp-content\/uploads\/2025\/03\/high-quality-cookie-boxes-wholesale-custom-bakery-boxes-foldable-2-600x600.webp 600w, https:\/\/www.yishengpack.com\/wp-content\/uploads\/2025\/03\/high-quality-cookie-boxes-wholesale-custom-bakery-boxes-foldable-2-100x100.webp 100w\" sizes=\"(max-width: 2400px) 100vw, 2400px\" \/><\/figure>\n\n\n\n<div class=\"wp-block-buttons has-custom-font-size has-small-font-size is-content-justification-center is-layout-flex wp-container-core-buttons-is-layout-16018d1d wp-block-buttons-is-layout-flex\">\n<div class=\"wp-block-button has-custom-width wp-block-button__width-75\"><a class=\"wp-block-button__link has-background has-small-font-size has-custom-font-size wp-element-button\" href=\"https:\/\/www.yishengpack.com\/fr\/custom-printed-box\/\" style=\"background:linear-gradient(135deg,rgb(254,205,165) 0%,rgb(254,45,45) 0%,rgb(94,15,15) 0%,rgb(94,15,15) 100%)\" target=\"_blank\" rel=\"noreferrer noopener\"><strong>D\u00e9couvrez les bo\u00eetes imprim\u00e9es personnalis\u00e9es<\/strong><\/a><\/div>\n<\/div>\n<\/div>\n\n\n\n<div class=\"wp-block-column is-layout-flow wp-block-column-is-layout-flow\">\n<figure class=\"wp-block-image size-full\"><img decoding=\"async\" width=\"612\" height=\"612\" src=\"https:\/\/www.yishengpack.com\/wp-content\/uploads\/2025\/03\/high-quality-cookie-boxes-wholesale-custom-bakery-boxes-foldable-1.webp\" alt=\"bo\u00eetes \u00e0 biscuits de haute qualit\u00e9 - bo\u00eetes \u00e0 biscuits en gros - bo\u00eetes \u00e0 produits personnalis\u00e9s - pliables (1)\" class=\"wp-image-1175\" srcset=\"https:\/\/www.yishengpack.com\/wp-content\/uploads\/2025\/03\/high-quality-cookie-boxes-wholesale-custom-bakery-boxes-foldable-1.webp 612w, https:\/\/www.yishengpack.com\/wp-content\/uploads\/2025\/03\/high-quality-cookie-boxes-wholesale-custom-bakery-boxes-foldable-1-300x300.webp 300w, https:\/\/www.yishengpack.com\/wp-content\/uploads\/2025\/03\/high-quality-cookie-boxes-wholesale-custom-bakery-boxes-foldable-1-150x150.webp 150w, https:\/\/www.yishengpack.com\/wp-content\/uploads\/2025\/03\/high-quality-cookie-boxes-wholesale-custom-bakery-boxes-foldable-1-12x12.webp 12w, https:\/\/www.yishengpack.com\/wp-content\/uploads\/2025\/03\/high-quality-cookie-boxes-wholesale-custom-bakery-boxes-foldable-1-600x600.webp 600w, https:\/\/www.yishengpack.com\/wp-content\/uploads\/2025\/03\/high-quality-cookie-boxes-wholesale-custom-bakery-boxes-foldable-1-100x100.webp 100w\" sizes=\"(max-width: 612px) 100vw, 612px\" \/><\/figure>\n\n\n\n<div class=\"wp-block-buttons has-custom-font-size has-small-font-size is-content-justification-center is-layout-flex wp-container-core-buttons-is-layout-16018d1d wp-block-buttons-is-layout-flex\">\n<div class=\"wp-block-button has-custom-width wp-block-button__width-75\"><a class=\"wp-block-button__link has-background has-small-font-size has-custom-font-size wp-element-button\" href=\"https:\/\/www.yishengpack.com\/fr\/custom-product-boxes-types\/\" style=\"background:linear-gradient(135deg,rgb(254,205,165) 0%,rgb(254,45,45) 0%,rgb(94,15,15) 0%,rgb(94,15,15) 100%)\" target=\"_blank\" rel=\"noreferrer noopener\"><strong>Explorer les types de bo\u00eetes personnalis\u00e9es<\/strong><\/a><\/div>\n<\/div>\n<\/div>\n<\/div>\n\n\n\n<p><\/p>","protected":false},"excerpt":{"rendered":"<p>Nos bo\u00eetes \u00e0 biscuits pliables de haute qualit\u00e9 sont fabriqu\u00e9es en papier robuste et offrent une large gamme d'options de conception personnalis\u00e9es pour tous les types d'emballage de produits de biscuits. Qu'elle soit utilis\u00e9e pour la promotion de la marque ou pour r\u00e9pondre \u00e0 des besoins de vente en gros, cette bo\u00eete offre une protection fiable \u00e0 vos produits et renforce la comp\u00e9titivit\u00e9 du march\u00e9.<\/p>\n<h2>Points forts des bo\u00eetes \u00e0 biscuits en gros<\/h2>\n<ul>\n<li>Personnalisation haut de gamme<\/li>\n<li>Mat\u00e9riaux haut de gamme adapt\u00e9s au contact alimentaire<\/li>\n<li>Design pliable<\/li>\n<li>Des proc\u00e9d\u00e9s d'impression riches<\/li>\n<li>Plusieurs tailles de bo\u00eetes<\/li>\n<li>Diverses options de couleurs<\/li>\n<\/ul>","protected":false},"featured_media":1175,"comment_status":"closed","ping_status":"closed","template":"","meta":{"_acf_changed":false},"box-type":[55,62,48],"product_brand":[],"product_cat":[33,46,44],"product_tag":[],"class_list":{"0":"post-1174","1":"product","2":"type-product","3":"status-publish","4":"has-post-thumbnail","6":"box-type-custom-foldable-boxes","7":"box-type-custom-tear-open-box","8":"box-type-custom-tuck-top-boxes","9":"product_cat-food-packaging-boxes-wholesale","10":"product_cat-wholesale-paper-boxes","11":"product_cat-custom-snack-box","13":"first","14":"instock","15":"shipping-taxable","16":"product-type-simple"},"acf":[],"_links":{"self":[{"href":"https:\/\/www.yishengpack.com\/fr\/wp-json\/wp\/v2\/product\/1174","targetHints":{"allow":["GET"]}}],"collection":[{"href":"https:\/\/www.yishengpack.com\/fr\/wp-json\/wp\/v2\/product"}],"about":[{"href":"https:\/\/www.yishengpack.com\/fr\/wp-json\/wp\/v2\/types\/product"}],"replies":[{"embeddable":true,"href":"https:\/\/www.yishengpack.com\/fr\/wp-json\/wp\/v2\/comments?post=1174"}],"wp:featuredmedia":[{"embeddable":true,"href":"https:\/\/www.yishengpack.com\/fr\/wp-json\/wp\/v2\/media\/1175"}],"wp:attachment":[{"href":"https:\/\/www.yishengpack.com\/fr\/wp-json\/wp\/v2\/media?parent=1174"}],"wp:term":[{"taxonomy":"box-type","embeddable":true,"href":"https:\/\/www.yishengpack.com\/fr\/wp-json\/wp\/v2\/box-type?post=1174"},{"taxonomy":"product_brand","embeddable":true,"href":"https:\/\/www.yishengpack.com\/fr\/wp-json\/wp\/v2\/product_brand?post=1174"},{"taxonomy":"product_cat","embeddable":true,"href":"https:\/\/www.yishengpack.com\/fr\/wp-json\/wp\/v2\/product_cat?post=1174"},{"taxonomy":"product_tag","embeddable":true,"href":"https:\/\/www.yishengpack.com\/fr\/wp-json\/wp\/v2\/product_tag?post=1174"}],"curies":[{"name":"wp","href":"https:\/\/api.w.org\/{rel}","templated":true}]}}