{"id":950,"date":"2025-03-01T10:24:11","date_gmt":"2025-03-01T10:24:11","guid":{"rendered":"https:\/\/www.yishengpack.com\/?post_type=product&#038;p=950"},"modified":"2026-01-04T07:03:19","modified_gmt":"2026-01-04T07:03:19","slug":"wholesale-chocolate-gift-boxes","status":"publish","type":"product","link":"https:\/\/www.yishengpack.com\/es\/producto\/wholesale-chocolate-gift-boxes\/","title":{"rendered":"Cajas de regalo de chocolate al por mayor, cajas magn\u00e9ticas personalizadas de colores"},"content":{"rendered":"<div class=\"wp-block-columns is-layout-flex wp-container-core-columns-is-layout-9d6595d7 wp-block-columns-is-layout-flex\">\n<div class=\"wp-block-column is-layout-flow wp-block-column-is-layout-flow\">\n<h3 class=\"wp-block-heading\">Caracter\u00edsticas de las cajas de regalo de chocolate al por mayor<\/h3>\n\n\n\n<p><strong>Dise\u00f1o magn\u00e9tico de alta gama: <\/strong>Nuestras cajas de regalo de chocolate al por mayor con solapas magn\u00e9ticas se abren y cierran suavemente, realzando la sensaci\u00f3n de calidad del regalo.<\/p>\n\n\n\n<p><strong>Personalizaci\u00f3n a medida:<\/strong> Esta caja magn\u00e9tica personalizada admite personalizaci\u00f3n de tama\u00f1o, color, proceso de impresi\u00f3n y logotipo para satisfacer la demanda de la marca.<\/p>\n\n\n\n<p><strong>Material resistente y duradero:<\/strong> Nuestras cajas de regalo para bombones al por mayor son de cart\u00f3n grueso para garantizar el transporte seguro de los bombones sin que se deformen.<\/p>\n\n\n\n<p><strong>Forro de calidad alimentaria:<\/strong> Esta caja magn\u00e9tica personalizada puede combinarse con PET alimentario, bandejas flocadas o cart\u00f3n dorado y plateado para garantizar la seguridad e higiene del chocolate.<\/p>\n\n\n\n<p><strong>Adecuado para venta al por mayor y suministro a granel: <\/strong>Suministro directo de f\u00e1brica de cajas de regalo de chocolate al por mayor, capacidad de producci\u00f3n estable, admite pedidos de gran volumen, adecuado para propietarios de marcas de chocolate, fabricantes de confiter\u00eda, empresas de regalos y distribuidores.<\/p>\n<\/div>\n\n\n\n<div class=\"wp-block-column is-layout-flow wp-block-column-is-layout-flow\">\n<figure class=\"wp-block-image size-full\"><img decoding=\"async\" width=\"650\" height=\"653\" src=\"https:\/\/www.yishengpack.com\/wp-content\/uploads\/2025\/03\/wholesale-chocolate-gift-boxescustom-magnetic-boxes-colourful-2.webp\" alt=\"mayorista-cajas-regalo-de-chocolate,personalizadas-cajas-magneticas-coloridas-2\" class=\"wp-image-1156\" srcset=\"https:\/\/www.yishengpack.com\/wp-content\/uploads\/2025\/03\/wholesale-chocolate-gift-boxescustom-magnetic-boxes-colourful-2.webp 650w, https:\/\/www.yishengpack.com\/wp-content\/uploads\/2025\/03\/wholesale-chocolate-gift-boxescustom-magnetic-boxes-colourful-2-300x300.webp 300w, https:\/\/www.yishengpack.com\/wp-content\/uploads\/2025\/03\/wholesale-chocolate-gift-boxescustom-magnetic-boxes-colourful-2-150x150.webp 150w, https:\/\/www.yishengpack.com\/wp-content\/uploads\/2025\/03\/wholesale-chocolate-gift-boxescustom-magnetic-boxes-colourful-2-12x12.webp 12w, https:\/\/www.yishengpack.com\/wp-content\/uploads\/2025\/03\/wholesale-chocolate-gift-boxescustom-magnetic-boxes-colourful-2-600x603.webp 600w, https:\/\/www.yishengpack.com\/wp-content\/uploads\/2025\/03\/wholesale-chocolate-gift-boxescustom-magnetic-boxes-colourful-2-100x100.webp 100w\" sizes=\"(max-width: 650px) 100vw, 650px\" \/><\/figure>\n<\/div>\n<\/div>\n\n\n\n<div class=\"wp-block-columns is-layout-flex wp-container-core-columns-is-layout-9d6595d7 wp-block-columns-is-layout-flex\">\n<div class=\"wp-block-column is-layout-flow wp-block-column-is-layout-flow\">\n<figure class=\"wp-block-image size-full\"><img decoding=\"async\" width=\"650\" height=\"653\" src=\"https:\/\/www.yishengpack.com\/wp-content\/uploads\/2025\/03\/wholesale-chocolate-gift-boxescustom-magnetic-boxes-colourful-2.webp\" alt=\"mayorista-cajas-regalo-de-chocolate,personalizadas-cajas-magneticas-coloridas-2\" class=\"wp-image-1156\" srcset=\"https:\/\/www.yishengpack.com\/wp-content\/uploads\/2025\/03\/wholesale-chocolate-gift-boxescustom-magnetic-boxes-colourful-2.webp 650w, https:\/\/www.yishengpack.com\/wp-content\/uploads\/2025\/03\/wholesale-chocolate-gift-boxescustom-magnetic-boxes-colourful-2-300x300.webp 300w, https:\/\/www.yishengpack.com\/wp-content\/uploads\/2025\/03\/wholesale-chocolate-gift-boxescustom-magnetic-boxes-colourful-2-150x150.webp 150w, https:\/\/www.yishengpack.com\/wp-content\/uploads\/2025\/03\/wholesale-chocolate-gift-boxescustom-magnetic-boxes-colourful-2-12x12.webp 12w, https:\/\/www.yishengpack.com\/wp-content\/uploads\/2025\/03\/wholesale-chocolate-gift-boxescustom-magnetic-boxes-colourful-2-600x603.webp 600w, https:\/\/www.yishengpack.com\/wp-content\/uploads\/2025\/03\/wholesale-chocolate-gift-boxescustom-magnetic-boxes-colourful-2-100x100.webp 100w\" sizes=\"(max-width: 650px) 100vw, 650px\" \/><\/figure>\n\n\n\n<div class=\"wp-block-buttons has-custom-font-size has-small-font-size is-content-justification-center is-layout-flex wp-container-core-buttons-is-layout-16018d1d wp-block-buttons-is-layout-flex\">\n<div class=\"wp-block-button has-custom-width wp-block-button__width-75\"><a class=\"wp-block-button__link has-background has-small-font-size has-custom-font-size wp-element-button\" href=\"https:\/\/www.yishengpack.com\/es\/custom-printed-box\/\" style=\"background:linear-gradient(135deg,rgb(254,205,165) 0%,rgb(254,45,45) 0%,rgb(94,15,15) 0%,rgb(94,15,15) 100%)\" target=\"_blank\" rel=\"noreferrer noopener\"><strong>Explorar las cajas impresas personalizadas<\/strong><\/a><\/div>\n<\/div>\n<\/div>\n\n\n\n<div class=\"wp-block-column is-layout-flow wp-block-column-is-layout-flow\">\n<figure class=\"wp-block-image size-full\"><img decoding=\"async\" width=\"720\" height=\"720\" src=\"https:\/\/www.yishengpack.com\/wp-content\/uploads\/2025\/03\/wholesale-chocolate-gift-boxescustom-magnetic-boxes-colourful-1.webp\" alt=\"mayorista-cajas-regalo-de-chocolate,personalizadas-cajas-magneticas-colorido-1\" class=\"wp-image-1155\" srcset=\"https:\/\/www.yishengpack.com\/wp-content\/uploads\/2025\/03\/wholesale-chocolate-gift-boxescustom-magnetic-boxes-colourful-1.webp 720w, https:\/\/www.yishengpack.com\/wp-content\/uploads\/2025\/03\/wholesale-chocolate-gift-boxescustom-magnetic-boxes-colourful-1-300x300.webp 300w, https:\/\/www.yishengpack.com\/wp-content\/uploads\/2025\/03\/wholesale-chocolate-gift-boxescustom-magnetic-boxes-colourful-1-150x150.webp 150w, https:\/\/www.yishengpack.com\/wp-content\/uploads\/2025\/03\/wholesale-chocolate-gift-boxescustom-magnetic-boxes-colourful-1-12x12.webp 12w, https:\/\/www.yishengpack.com\/wp-content\/uploads\/2025\/03\/wholesale-chocolate-gift-boxescustom-magnetic-boxes-colourful-1-600x600.webp 600w, https:\/\/www.yishengpack.com\/wp-content\/uploads\/2025\/03\/wholesale-chocolate-gift-boxescustom-magnetic-boxes-colourful-1-100x100.webp 100w\" sizes=\"(max-width: 720px) 100vw, 720px\" \/><\/figure>\n\n\n\n<div class=\"wp-block-buttons has-custom-font-size has-small-font-size is-content-justification-center is-layout-flex wp-container-core-buttons-is-layout-16018d1d wp-block-buttons-is-layout-flex\">\n<div class=\"wp-block-button has-custom-width wp-block-button__width-75\"><a class=\"wp-block-button__link has-background has-small-font-size has-custom-font-size wp-element-button\" href=\"https:\/\/www.yishengpack.com\/es\/custom-box-inserts-accessories\/\" style=\"background:linear-gradient(135deg,rgb(254,205,165) 0%,rgb(254,45,45) 0%,rgb(94,15,15) 0%,rgb(94,15,15) 100%)\" target=\"_blank\" rel=\"noreferrer noopener\"><strong>Explorar los insertos personalizados para cajas<\/strong><\/a><\/div>\n<\/div>\n<\/div>\n<\/div>","protected":false},"excerpt":{"rendered":"<p>Bienvenido a Yisheng, fabricante profesional de cajas magn\u00e9ticas personalizadas. Nuestras cajas de regalo de chocolate al por mayor est\u00e1n hechas para marcas de gama alta, combinando una construcci\u00f3n robusta y duradera con un colorido dise\u00f1o visual. Admitimos una gama completa de tama\u00f1os personalizados, colores, logotipos y m\u00e1s, a\u00f1adiendo un embalaje exquisito a sus chocolates y presentando el encanto \u00fanico de su marca a la perfecci\u00f3n.<\/p>\n<h2>Aspectos destacados de las cajas de regalo de chocolate al por mayor<\/h2>\n<ul>\n<li>Dise\u00f1o de cierre magn\u00e9tico<\/li>\n<li>Personalizaci\u00f3n de gama alta<\/li>\n<li>Materiales impermeables<\/li>\n<li>Procesos de impresi\u00f3n sofisticados<\/li>\n<li>Varios tama\u00f1os de caja<\/li>\n<li>Gran variedad de colores<\/li>\n<li>Forro interior de primera calidad<\/li>\n<li>Construcci\u00f3n robusta<\/li>\n<\/ul>","protected":false},"featured_media":1155,"comment_status":"closed","ping_status":"closed","template":"","meta":{"_acf_changed":false},"box-type":[54],"product_brand":[],"product_cat":[19,41,68],"product_tag":[],"class_list":{"0":"post-950","1":"product","2":"type-product","3":"status-publish","4":"has-post-thumbnail","6":"box-type-custom-magnetic-closure-boxes","7":"product_cat-luxury-gift-boxes-wholesale","8":"product_cat-candy-gift-boxes-wholesale","9":"product_cat-custom-dates-box","11":"first","12":"instock","13":"shipping-taxable","14":"product-type-simple"},"acf":[],"_links":{"self":[{"href":"https:\/\/www.yishengpack.com\/es\/wp-json\/wp\/v2\/product\/950","targetHints":{"allow":["GET"]}}],"collection":[{"href":"https:\/\/www.yishengpack.com\/es\/wp-json\/wp\/v2\/product"}],"about":[{"href":"https:\/\/www.yishengpack.com\/es\/wp-json\/wp\/v2\/types\/product"}],"replies":[{"embeddable":true,"href":"https:\/\/www.yishengpack.com\/es\/wp-json\/wp\/v2\/comments?post=950"}],"wp:featuredmedia":[{"embeddable":true,"href":"https:\/\/www.yishengpack.com\/es\/wp-json\/wp\/v2\/media\/1155"}],"wp:attachment":[{"href":"https:\/\/www.yishengpack.com\/es\/wp-json\/wp\/v2\/media?parent=950"}],"wp:term":[{"taxonomy":"box-type","embeddable":true,"href":"https:\/\/www.yishengpack.com\/es\/wp-json\/wp\/v2\/box-type?post=950"},{"taxonomy":"product_brand","embeddable":true,"href":"https:\/\/www.yishengpack.com\/es\/wp-json\/wp\/v2\/product_brand?post=950"},{"taxonomy":"product_cat","embeddable":true,"href":"https:\/\/www.yishengpack.com\/es\/wp-json\/wp\/v2\/product_cat?post=950"},{"taxonomy":"product_tag","embeddable":true,"href":"https:\/\/www.yishengpack.com\/es\/wp-json\/wp\/v2\/product_tag?post=950"}],"curies":[{"name":"wp","href":"https:\/\/api.w.org\/{rel}","templated":true}]}}