{"id":909,"date":"2025-01-21T02:50:12","date_gmt":"2025-01-21T02:50:12","guid":{"rendered":"https:\/\/www.yishengpack.com\/?post_type=product&#038;p=909"},"modified":"2025-12-13T07:26:19","modified_gmt":"2025-12-13T07:26:19","slug":"wholesale-rectangle-cake-box-plastic","status":"publish","type":"product","link":"https:\/\/www.yishengpack.com\/es\/producto\/wholesale-rectangle-cake-box-plastic\/","title":{"rendered":"Mayorista Caja Rectangular de Plastico para Pasteles, Bandeja Blanca con Tapa"},"content":{"rendered":"<div class=\"wp-block-columns is-layout-flex wp-container-core-columns-is-layout-9d6595d7 wp-block-columns-is-layout-flex\">\n<div class=\"wp-block-column is-layout-flow wp-block-column-is-layout-flow\">\n<h3 class=\"wp-block-heading\">Caracter\u00edsticas de la caja rectangular de pl\u00e1stico para tartas al por mayor<\/h3>\n\n\n\n<p><strong>Dise\u00f1o rectangular:<\/strong> Esta caja rectangular de pl\u00e1stico para tartas al por mayor ofrece m\u00e1s espacio para envasar todo tipo de tartas y postres.<\/p>\n\n\n\n<p><strong>Bandeja blanca: <\/strong>Esta caja rectangular al por mayor para tartas de pl\u00e1stico con bandeja blanca, tiene un aspecto sencillo y generoso, que satisface las necesidades de la mayor\u00eda de las ocasiones.<\/p>\n\n\n\n<p><strong>F\u00e1cil de exponer:<\/strong> La tapa transparente puede mostrar directamente los alimentos, mantenerlos frescos, atraer la atenci\u00f3n de los clientes y aumentar el deseo de compra.<\/p>\n\n\n\n<p><strong>Ecol\u00f3gico y seguro:<\/strong> Esta caja rectangular al por mayor de pl\u00e1stico para tartas est\u00e1 fabricada con material PET de calidad alimentaria, seguro y no t\u00f3xico para garantizar la calidad de los alimentos.<\/p>\n\n\n\n<p><strong>Opciones de personalizaci\u00f3n:<\/strong> El logotipo o los elementos adhesivos pueden personalizarse seg\u00fan los requisitos para mejorar la imagen de marca.<\/p>\n<\/div>\n\n\n\n<div class=\"wp-block-column is-layout-flow wp-block-column-is-layout-flow\">\n<figure class=\"wp-block-image size-full\"><img decoding=\"async\" width=\"800\" height=\"800\" src=\"https:\/\/www.yishengpack.com\/wp-content\/uploads\/2025\/01\/Wholesale-Rectangle-Cake-Box-Plastic-White-Tray-with-Clear-Lid-6.webp\" alt=\"Mayorista Caja rectangular para tartas Bandeja de pl\u00e1stico blanca con tapa transparente (6)\" class=\"wp-image-915\" srcset=\"https:\/\/www.yishengpack.com\/wp-content\/uploads\/2025\/01\/Wholesale-Rectangle-Cake-Box-Plastic-White-Tray-with-Clear-Lid-6.webp 800w, https:\/\/www.yishengpack.com\/wp-content\/uploads\/2025\/01\/Wholesale-Rectangle-Cake-Box-Plastic-White-Tray-with-Clear-Lid-6-300x300.webp 300w, https:\/\/www.yishengpack.com\/wp-content\/uploads\/2025\/01\/Wholesale-Rectangle-Cake-Box-Plastic-White-Tray-with-Clear-Lid-6-150x150.webp 150w, https:\/\/www.yishengpack.com\/wp-content\/uploads\/2025\/01\/Wholesale-Rectangle-Cake-Box-Plastic-White-Tray-with-Clear-Lid-6-768x768.webp 768w, https:\/\/www.yishengpack.com\/wp-content\/uploads\/2025\/01\/Wholesale-Rectangle-Cake-Box-Plastic-White-Tray-with-Clear-Lid-6-12x12.webp 12w, https:\/\/www.yishengpack.com\/wp-content\/uploads\/2025\/01\/Wholesale-Rectangle-Cake-Box-Plastic-White-Tray-with-Clear-Lid-6-600x600.webp 600w, https:\/\/www.yishengpack.com\/wp-content\/uploads\/2025\/01\/Wholesale-Rectangle-Cake-Box-Plastic-White-Tray-with-Clear-Lid-6-100x100.webp 100w\" sizes=\"(max-width: 800px) 100vw, 800px\" \/><\/figure>\n<\/div>\n<\/div>","protected":false},"excerpt":{"rendered":"<p>Esta caja rectangular para tartas al por mayor es una bandeja de pl\u00e1stico blanco y tapa transparente que facilita la exposici\u00f3n y protecci\u00f3n de los alimentos. Evita eficazmente la contaminaci\u00f3n y mantiene los alimentos frescos. Perfecta tanto para uso comercial como dom\u00e9stico, ofrece una soluci\u00f3n de envasado ideal y rentable, especialmente para el envasado y la exposici\u00f3n de postres al por mayor.<\/p>\n<h2>Mayorista Rect\u00e1ngulo Cake Caja de Pl\u00e1stico Especificaciones:<\/h2>\n<table width=\"528\">\n<tbody>\n<tr>\n<td width=\"215\">Fabricante:<\/td>\n<td colspan=\"2\" width=\"313\">Yisheng<\/td>\n<\/tr>\n<tr>\n<td>Modelo:<\/td>\n<td colspan=\"2\">H-18<\/td>\n<\/tr>\n<tr>\n<td>Material:\u00a0<\/td>\n<td colspan=\"2\">PET<\/td>\n<\/tr>\n<tr>\n<td>Color:\u00a0<\/td>\n<td colspan=\"2\">Blanco con tapa transparente<\/td>\n<\/tr>\n<tr>\n<td>Tama\u00f1o:\u00a0<\/td>\n<td colspan=\"2\" width=\"313\">17cm*11.4cm*5cm<\/td>\n<\/tr>\n<tr>\n<td>Peso:\u00a0<\/td>\n<td colspan=\"2\" width=\"313\">29,6 g\/pc<\/td>\n<\/tr>\n<tr>\n<td>Forma:\u00a0<\/td>\n<td colspan=\"2\" width=\"313\">Rect\u00e1ngulo<\/td>\n<\/tr>\n<tr>\n<td>Embalaje:\u00a0<\/td>\n<td colspan=\"2\">100 unidades\/bolsa<\/td>\n<\/tr>\n<tr>\n<td>MOQ:\u00a0<\/td>\n<td colspan=\"2\">800 unidades<\/td>\n<\/tr>\n<tr>\n<td>OEM&amp;ODM:\u00a0<\/td>\n<td colspan=\"2\">Personalizado, bienvenido OEM&amp;ODM<\/td>\n<\/tr>\n<tr>\n<td>Muestra\uff1a<\/td>\n<td colspan=\"2\">Se puede solicitar una muestra gratuita de 10 unidades<\/td>\n<\/tr>\n<\/tbody>\n<\/table>\n<p>&nbsp;<\/p>\n<p><script src=\"chrome-extension:\/\/fpelahbljekknahkcaegamhcndkfpfnc\/iFrame.js\" type=\"text\/javascript\"><\/script><\/p>","protected":false},"featured_media":913,"comment_status":"closed","ping_status":"closed","template":"","meta":{"_acf_changed":false},"box-type":[64,61],"product_brand":[],"product_cat":[21,46,30,33,45],"product_tag":[],"class_list":{"0":"post-909","1":"product","2":"type-product","3":"status-publish","4":"has-post-thumbnail","6":"box-type-custom-clear-lid-paper-boxes","7":"box-type-custom-two-piece-boxes","8":"product_cat-plastic-cake-containers-wholesale","9":"product_cat-wholesale-paper-boxes","10":"product_cat-cake-containers-wholesale","11":"product_cat-food-packaging-boxes-wholesale","12":"product_cat-bulk-disposable-food-containers","14":"first","15":"instock","16":"shipping-taxable","17":"product-type-simple"},"acf":[],"_links":{"self":[{"href":"https:\/\/www.yishengpack.com\/es\/wp-json\/wp\/v2\/product\/909","targetHints":{"allow":["GET"]}}],"collection":[{"href":"https:\/\/www.yishengpack.com\/es\/wp-json\/wp\/v2\/product"}],"about":[{"href":"https:\/\/www.yishengpack.com\/es\/wp-json\/wp\/v2\/types\/product"}],"replies":[{"embeddable":true,"href":"https:\/\/www.yishengpack.com\/es\/wp-json\/wp\/v2\/comments?post=909"}],"wp:featuredmedia":[{"embeddable":true,"href":"https:\/\/www.yishengpack.com\/es\/wp-json\/wp\/v2\/media\/913"}],"wp:attachment":[{"href":"https:\/\/www.yishengpack.com\/es\/wp-json\/wp\/v2\/media?parent=909"}],"wp:term":[{"taxonomy":"box-type","embeddable":true,"href":"https:\/\/www.yishengpack.com\/es\/wp-json\/wp\/v2\/box-type?post=909"},{"taxonomy":"product_brand","embeddable":true,"href":"https:\/\/www.yishengpack.com\/es\/wp-json\/wp\/v2\/product_brand?post=909"},{"taxonomy":"product_cat","embeddable":true,"href":"https:\/\/www.yishengpack.com\/es\/wp-json\/wp\/v2\/product_cat?post=909"},{"taxonomy":"product_tag","embeddable":true,"href":"https:\/\/www.yishengpack.com\/es\/wp-json\/wp\/v2\/product_tag?post=909"}],"curies":[{"name":"wp","href":"https:\/\/api.w.org\/{rel}","templated":true}]}}