{"id":904,"date":"2025-01-21T02:07:54","date_gmt":"2025-01-21T02:07:54","guid":{"rendered":"https:\/\/www.yishengpack.com\/?post_type=product&#038;p=904"},"modified":"2025-12-13T07:11:28","modified_gmt":"2025-12-13T07:11:28","slug":"plastic-dessert-boxes-wholesale","status":"publish","type":"product","link":"https:\/\/www.yishengpack.com\/es\/producto\/plastic-dessert-boxes-wholesale\/","title":{"rendered":"Cajas de Postre de Pl\u00e1stico al por Mayor Cajas de Embalaje Cuadradas Grandes"},"content":{"rendered":"<div class=\"wp-block-columns is-layout-flex wp-container-core-columns-is-layout-9d6595d7 wp-block-columns-is-layout-flex\">\n<div class=\"wp-block-column is-layout-flow wp-block-column-is-layout-flow\">\n<h3 class=\"wp-block-heading\">Caracter\u00edsticas de las cajas de postre de pl\u00e1stico al por mayor<\/h3>\n\n\n\n<p><strong>Dise\u00f1o de tapa transparente: <\/strong>La tapa transparente facilita la exposici\u00f3n del contenido de los alimentos y mejora el atractivo visual.<\/p>\n\n\n\n<p><strong>Material de alta calidad:<\/strong> Estas cajas de pl\u00e1stico para postres al por mayor est\u00e1n fabricadas con un material duradero y apto para alimentos que garantiza su frescura y protecci\u00f3n.<\/p>\n\n\n\n<p><strong>Adecuado para una gran variedad de escenarios:<\/strong> Estas cajas de pl\u00e1stico para postres al por mayor son adecuadas para pasteler\u00edas, restaurantes, envolver regalos, as\u00ed como para fiestas, eventos y otras ocasiones.<\/p>\n\n\n\n<p><strong>Dise\u00f1o vers\u00e1til del divisor:<\/strong> Estas cajas de pl\u00e1stico para postres al por mayor est\u00e1n divididas en cuatro zonas separadas en su interior, que pueden utilizarse c\u00f3modamente para diferentes aperitivos o postres, manteniendo los alimentos frescos y ordenados.<\/p>\n\n\n\n<p><strong>Apertura y cierre sencillos:<\/strong> Con un sencillo dise\u00f1o de apertura y cierre, es f\u00e1cil de manejar y tiene una gran estanqueidad para evitar que se derramen los alimentos.<\/p>\n<\/div>\n\n\n\n<div class=\"wp-block-column is-layout-flow wp-block-column-is-layout-flow\">\n<figure class=\"wp-block-image size-full\"><img decoding=\"async\" width=\"800\" height=\"800\" src=\"https:\/\/www.yishengpack.com\/wp-content\/uploads\/2025\/01\/4pcs-Plastic-Dessert-Boxes-Wholesale-Square-Large-Packaging-Boxes-4.webp\" alt=\"4pcs Cajas de Postre de Pl\u00e1stico al por Mayor Cuadradas Grandes Cajas de Embalaje (4)\" class=\"wp-image-908\" srcset=\"https:\/\/www.yishengpack.com\/wp-content\/uploads\/2025\/01\/4pcs-Plastic-Dessert-Boxes-Wholesale-Square-Large-Packaging-Boxes-4.webp 800w, https:\/\/www.yishengpack.com\/wp-content\/uploads\/2025\/01\/4pcs-Plastic-Dessert-Boxes-Wholesale-Square-Large-Packaging-Boxes-4-300x300.webp 300w, https:\/\/www.yishengpack.com\/wp-content\/uploads\/2025\/01\/4pcs-Plastic-Dessert-Boxes-Wholesale-Square-Large-Packaging-Boxes-4-150x150.webp 150w, https:\/\/www.yishengpack.com\/wp-content\/uploads\/2025\/01\/4pcs-Plastic-Dessert-Boxes-Wholesale-Square-Large-Packaging-Boxes-4-768x768.webp 768w, https:\/\/www.yishengpack.com\/wp-content\/uploads\/2025\/01\/4pcs-Plastic-Dessert-Boxes-Wholesale-Square-Large-Packaging-Boxes-4-12x12.webp 12w, https:\/\/www.yishengpack.com\/wp-content\/uploads\/2025\/01\/4pcs-Plastic-Dessert-Boxes-Wholesale-Square-Large-Packaging-Boxes-4-600x600.webp 600w, https:\/\/www.yishengpack.com\/wp-content\/uploads\/2025\/01\/4pcs-Plastic-Dessert-Boxes-Wholesale-Square-Large-Packaging-Boxes-4-100x100.webp 100w\" sizes=\"(max-width: 800px) 100vw, 800px\" \/><\/figure>\n<\/div>\n<\/div>","protected":false},"excerpt":{"rendered":"<p>Fabricadas con material PET de alta calidad, estas cajas cuadradas de pl\u00e1stico para postres de 4 piezas al por mayor son cajas cuadradas de gran capacidad dise\u00f1adas para postres y aperitivos, adecuadas para su uso en panader\u00edas, restaurantes, cafeter\u00edas y otros lugares. Esta caja de embalaje admite servicios personalizados para ayudar a mejorar la imagen de marca. Ideal para una gran variedad de negocios.<\/p>\n<h2>Cajas de postre de pl\u00e1stico al por mayor Especificaciones:<\/h2>\n<table width=\"528\">\n<tbody>\n<tr>\n<td width=\"215\">Fabricante:<\/td>\n<td colspan=\"2\" width=\"313\">Yisheng<\/td>\n<\/tr>\n<tr>\n<td>Modelo:<\/td>\n<td colspan=\"2\">J-138<\/td>\n<\/tr>\n<tr>\n<td>Material:\u00a0<\/td>\n<td colspan=\"2\">PET<\/td>\n<\/tr>\n<tr>\n<td>Color:\u00a0<\/td>\n<td colspan=\"2\">Transparente, Negro<\/td>\n<\/tr>\n<tr>\n<td>Tama\u00f1o:\u00a0<\/td>\n<td colspan=\"2\" width=\"313\">15,4 cm*15,4 cm*5 cm<\/td>\n<\/tr>\n<tr>\n<td>Peso:\u00a0<\/td>\n<td colspan=\"2\" width=\"313\">23,6 g\/pc<\/td>\n<\/tr>\n<tr>\n<td>Forma:\u00a0<\/td>\n<td colspan=\"2\" width=\"313\">Cuadrado<\/td>\n<\/tr>\n<tr>\n<td>Embalaje:\u00a0<\/td>\n<td colspan=\"2\">50 unidades<\/td>\n<\/tr>\n<tr>\n<td>MOQ:\u00a0<\/td>\n<td colspan=\"2\">1200 unidades<\/td>\n<\/tr>\n<tr>\n<td>OEM&amp;ODM:\u00a0<\/td>\n<td colspan=\"2\">Personalizado, bienvenido OEM&amp;ODM<\/td>\n<\/tr>\n<tr>\n<td>Muestra\uff1a<\/td>\n<td colspan=\"2\">Se puede solicitar una muestra gratuita de 10 unidades<\/td>\n<\/tr>\n<\/tbody>\n<\/table>\n<p><script src=\"chrome-extension:\/\/fpelahbljekknahkcaegamhcndkfpfnc\/iFrame.js\" type=\"text\/javascript\"><\/script><\/p>","protected":false},"featured_media":906,"comment_status":"closed","ping_status":"closed","template":"","meta":{"_acf_changed":false},"box-type":[64,61],"product_brand":[],"product_cat":[21,46,30,33,45],"product_tag":[],"class_list":{"0":"post-904","1":"product","2":"type-product","3":"status-publish","4":"has-post-thumbnail","6":"box-type-custom-clear-lid-paper-boxes","7":"box-type-custom-two-piece-boxes","8":"product_cat-plastic-cake-containers-wholesale","9":"product_cat-wholesale-paper-boxes","10":"product_cat-cake-containers-wholesale","11":"product_cat-food-packaging-boxes-wholesale","12":"product_cat-bulk-disposable-food-containers","14":"first","15":"instock","16":"shipping-taxable","17":"product-type-simple"},"acf":[],"_links":{"self":[{"href":"https:\/\/www.yishengpack.com\/es\/wp-json\/wp\/v2\/product\/904","targetHints":{"allow":["GET"]}}],"collection":[{"href":"https:\/\/www.yishengpack.com\/es\/wp-json\/wp\/v2\/product"}],"about":[{"href":"https:\/\/www.yishengpack.com\/es\/wp-json\/wp\/v2\/types\/product"}],"replies":[{"embeddable":true,"href":"https:\/\/www.yishengpack.com\/es\/wp-json\/wp\/v2\/comments?post=904"}],"wp:featuredmedia":[{"embeddable":true,"href":"https:\/\/www.yishengpack.com\/es\/wp-json\/wp\/v2\/media\/906"}],"wp:attachment":[{"href":"https:\/\/www.yishengpack.com\/es\/wp-json\/wp\/v2\/media?parent=904"}],"wp:term":[{"taxonomy":"box-type","embeddable":true,"href":"https:\/\/www.yishengpack.com\/es\/wp-json\/wp\/v2\/box-type?post=904"},{"taxonomy":"product_brand","embeddable":true,"href":"https:\/\/www.yishengpack.com\/es\/wp-json\/wp\/v2\/product_brand?post=904"},{"taxonomy":"product_cat","embeddable":true,"href":"https:\/\/www.yishengpack.com\/es\/wp-json\/wp\/v2\/product_cat?post=904"},{"taxonomy":"product_tag","embeddable":true,"href":"https:\/\/www.yishengpack.com\/es\/wp-json\/wp\/v2\/product_tag?post=904"}],"curies":[{"name":"wp","href":"https:\/\/api.w.org\/{rel}","templated":true}]}}