{"id":3897,"date":"2026-05-04T06:49:51","date_gmt":"2026-05-04T06:49:51","guid":{"rendered":"https:\/\/www.yishengpack.com\/?post_type=product&#038;p=3897"},"modified":"2026-05-04T06:49:53","modified_gmt":"2026-05-04T06:49:53","slug":"wholesale-magnetic-folding-boxes-luxury-gift-packaging-boxes-with-custom-logo","status":"publish","type":"product","link":"https:\/\/www.yishengpack.com\/es\/producto\/wholesale-magnetic-folding-boxes-luxury-gift-packaging-boxes-with-custom-logo\/","title":{"rendered":"Mayorista Cajas Magn\u00e9ticas Plegables, Cajas de Lujo para Embalaje de Regalos con Logotipo Personalizado"},"content":{"rendered":"<div class=\"wp-block-columns is-layout-flex wp-container-core-columns-is-layout-9d6595d7 wp-block-columns-is-layout-flex\">\n<div class=\"wp-block-column is-layout-flow wp-block-column-is-layout-flow\">\n<h3 class=\"wp-block-heading\">Caracter\u00edsticas de las cajas plegables al por mayor<\/h3>\n\n\n\n<p><strong>Collapsible Magnetic Gift Box Design:<\/strong> These gift boxes feature a foldable magnetic closure design, which lies flat for storage and quickly assembles into a rigid, elegant box for use.<\/p>\n\n\n\n<p><strong>Premium Folding Structure for Stability:<\/strong> Crafted with reinforced folding panels, the box locks into a sturdy shape, providing reliable protection for gifts while maintaining a sleek, high-end appearance.<\/p>\n\n\n\n<p><strong>Artistic Watercolor &amp; Foil Finishes:<\/strong> Adorned with premium watercolor marble prints and metallic gold foil accents, these boxes deliver a luxurious, artistic aesthetic perfect for premium gifting.<\/p>\n\n\n\n<p><strong>Compact Flat-Pack Shipping:<\/strong> Supplied flat-packed, these boxes minimize shipping volume and reduce logistics costs, making them ideal for bulk orders and e-commerce fulfillment.<\/p>\n\n\n\n<p><strong>Fully Customizable Branding &amp; Sizing:<\/strong> These gift boxes are fully customizable in size, color, artwork, logo placement, and interior lining to perfectly match your brand identity and gifting needs.<\/p>\n<\/div>\n\n\n\n<div class=\"wp-block-column is-layout-flow wp-block-column-is-layout-flow\">\n<figure class=\"wp-block-image size-full\"><img decoding=\"async\" width=\"3024\" height=\"3024\" src=\"https:\/\/www.yishengpack.com\/wp-content\/uploads\/2026\/04\/Wholesale-Magnetic-Folding-Boxes-Luxury-gift-Packaging-Boxes-with-Custom-Logo-2.webp\" alt=\"wholesale-magnetic-folding-boxes-luxury-gift-packaging-boxes-with-custom-logo-2\" class=\"wp-image-3899\" srcset=\"https:\/\/www.yishengpack.com\/wp-content\/uploads\/2026\/04\/Wholesale-Magnetic-Folding-Boxes-Luxury-gift-Packaging-Boxes-with-Custom-Logo-2.webp 3024w, https:\/\/www.yishengpack.com\/wp-content\/uploads\/2026\/04\/Wholesale-Magnetic-Folding-Boxes-Luxury-gift-Packaging-Boxes-with-Custom-Logo-2-300x300.webp 300w, https:\/\/www.yishengpack.com\/wp-content\/uploads\/2026\/04\/Wholesale-Magnetic-Folding-Boxes-Luxury-gift-Packaging-Boxes-with-Custom-Logo-2-150x150.webp 150w, https:\/\/www.yishengpack.com\/wp-content\/uploads\/2026\/04\/Wholesale-Magnetic-Folding-Boxes-Luxury-gift-Packaging-Boxes-with-Custom-Logo-2-768x768.webp 768w, https:\/\/www.yishengpack.com\/wp-content\/uploads\/2026\/04\/Wholesale-Magnetic-Folding-Boxes-Luxury-gift-Packaging-Boxes-with-Custom-Logo-2-12x12.webp 12w, https:\/\/www.yishengpack.com\/wp-content\/uploads\/2026\/04\/Wholesale-Magnetic-Folding-Boxes-Luxury-gift-Packaging-Boxes-with-Custom-Logo-2-1200x1200.webp 1200w, https:\/\/www.yishengpack.com\/wp-content\/uploads\/2026\/04\/Wholesale-Magnetic-Folding-Boxes-Luxury-gift-Packaging-Boxes-with-Custom-Logo-2-600x600.webp 600w, https:\/\/www.yishengpack.com\/wp-content\/uploads\/2026\/04\/Wholesale-Magnetic-Folding-Boxes-Luxury-gift-Packaging-Boxes-with-Custom-Logo-2-100x100.webp 100w\" sizes=\"(max-width: 3024px) 100vw, 3024px\" \/><\/figure>\n<\/div>\n<\/div>\n\n\n\n<p><\/p>","protected":false},"excerpt":{"rendered":"<p>Bienvenido a explorar nuestras cajas magn\u00e9ticas plegables personalizadas para regalo. Con un elegante exterior azul real con detalles dorados y un interior inspirado en el m\u00e1rmol, estas cajas plegables combinan lujo y funcionalidad. El resistente cierre magn\u00e9tico garantiza un ajuste seguro, mientras que el dise\u00f1o plegable permite un env\u00edo plano y un f\u00e1cil almacenamiento. Perfectas para regalos de calidad, cosm\u00e9ticos y ocasiones especiales, se pueden personalizar totalmente en tama\u00f1o, impresi\u00f3n y acabado para mejorar la presentaci\u00f3n de su marca.<\/p>\n<h2>Lo m\u00e1s destacado de las cajas de regalo personalizadas<\/h2>\n<ul>\n<li>Posibilidad de personalizaci\u00f3n completa<\/li>\n<li>Estructura plana de plegado r\u00e1pido<\/li>\n<li>Fuerte cierre magn\u00e9tico oculto<\/li>\n<li>Cart\u00f3n r\u00edgido premium<\/li>\n<li>Impresi\u00f3n exquisita<\/li>\n<li>M\u00faltiples opciones de tama\u00f1o para regalos<\/li>\n<li>Gran variedad de colores<\/li>\n<li>\n<div>Perfecto para regalar<\/div>\n<\/li>\n<li>Construcci\u00f3n r\u00edgida duradera<\/li>\n<\/ul>\n<p>&nbsp;<\/p>","protected":false},"featured_media":3898,"comment_status":"closed","ping_status":"closed","template":"","meta":{"_acf_changed":false},"box-type":[55,54,57],"product_brand":[],"product_cat":[19,66,65,40,39,46],"product_tag":[],"class_list":{"0":"post-3897","1":"product","2":"type-product","3":"status-publish","4":"has-post-thumbnail","6":"box-type-custom-foldable-boxes","7":"box-type-custom-magnetic-closure-boxes","8":"box-type-custom-rigid-box-with-lid","9":"product_cat-luxury-gift-boxes-wholesale","10":"product_cat-custom-apparel-boxes","11":"product_cat-custom-cosmetic-boxes","12":"product_cat-custom-jewelry-boxes","13":"product_cat-custom-perfume-boxes","14":"product_cat-wholesale-paper-boxes","16":"first","17":"instock","18":"shipping-taxable","19":"product-type-simple"},"acf":[],"_links":{"self":[{"href":"https:\/\/www.yishengpack.com\/es\/wp-json\/wp\/v2\/product\/3897","targetHints":{"allow":["GET"]}}],"collection":[{"href":"https:\/\/www.yishengpack.com\/es\/wp-json\/wp\/v2\/product"}],"about":[{"href":"https:\/\/www.yishengpack.com\/es\/wp-json\/wp\/v2\/types\/product"}],"replies":[{"embeddable":true,"href":"https:\/\/www.yishengpack.com\/es\/wp-json\/wp\/v2\/comments?post=3897"}],"wp:featuredmedia":[{"embeddable":true,"href":"https:\/\/www.yishengpack.com\/es\/wp-json\/wp\/v2\/media\/3898"}],"wp:attachment":[{"href":"https:\/\/www.yishengpack.com\/es\/wp-json\/wp\/v2\/media?parent=3897"}],"wp:term":[{"taxonomy":"box-type","embeddable":true,"href":"https:\/\/www.yishengpack.com\/es\/wp-json\/wp\/v2\/box-type?post=3897"},{"taxonomy":"product_brand","embeddable":true,"href":"https:\/\/www.yishengpack.com\/es\/wp-json\/wp\/v2\/product_brand?post=3897"},{"taxonomy":"product_cat","embeddable":true,"href":"https:\/\/www.yishengpack.com\/es\/wp-json\/wp\/v2\/product_cat?post=3897"},{"taxonomy":"product_tag","embeddable":true,"href":"https:\/\/www.yishengpack.com\/es\/wp-json\/wp\/v2\/product_tag?post=3897"}],"curies":[{"name":"wp","href":"https:\/\/api.w.org\/{rel}","templated":true}]}}