{"id":3699,"date":"2026-04-02T07:50:10","date_gmt":"2026-04-02T07:50:10","guid":{"rendered":"https:\/\/www.yishengpack.com\/?post_type=product&#038;p=3699"},"modified":"2026-04-02T07:50:11","modified_gmt":"2026-04-02T07:50:11","slug":"wholesale-rigid-magnetic-closure-gift-packing-boxes-fancy-custom-luxury-dates-chocolate-boxes-packaging","status":"publish","type":"product","link":"https:\/\/www.yishengpack.com\/es\/producto\/wholesale-rigid-magnetic-closure-gift-packing-boxes-fancy-custom-luxury-dates-chocolate-boxes-packaging\/","title":{"rendered":"Mayorista Cajas R\u00edgidas con Cierre Magn\u00e9tico para Embalaje de Regalos, Fancy Custom Cajas de Lujo para Fechas Embalaje de Chocolate"},"content":{"rendered":"<div class=\"wp-block-columns is-layout-flex wp-container-core-columns-is-layout-9d6595d7 wp-block-columns-is-layout-flex\">\n<div class=\"wp-block-column is-layout-flow wp-block-column-is-layout-flow\">\n<h3 class=\"wp-block-heading\">Caracter\u00edsticas de las cajas de regalo con cierre magn\u00e9tico al por mayor<\/h3>\n\n\n\n<p><strong>Elegante cierre magn\u00e9tico a presi\u00f3n: <\/strong>Estas cajas de regalo con cierre magn\u00e9tico est\u00e1n equipadas con un broche magn\u00e9tico seguro y de perfil bajo, que garantiza una experiencia de apertura y cierre perfecta y de primera calidad para presentaciones de citas de lujo.<\/p>\n\n\n\n<p><strong>Insertos de calidad alimentaria a medida: <\/strong>Cada caja puede personalizarse con inserciones de precisi\u00f3n aptas para uso alimentario para contener d\u00e1tiles, frutos secos o golosinas gourmet, evitando que se muevan y preservando la integridad del producto durante el transporte.<\/p>\n\n\n\n<p><strong>Cart\u00f3n r\u00edgido de lujo Construcci\u00f3n:<\/strong> Fabricadas con cart\u00f3n grueso y r\u00edgido, estas cajas mantienen una forma firme y elegante que eleva el valor percibido de sus productos, garantizando una presentaci\u00f3n duradera y de primera calidad.<\/p>\n\n\n\n<p><strong>Tama\u00f1o vers\u00e1til para surtidos: <\/strong>Disponibles en varias dimensiones, estas cajas de cierre magn\u00e9tico se adaptan a todo, desde juegos compactos de 4 compartimentos hasta surtidos m\u00e1s grandes y elaborados de d\u00e1tiles y frutos secos.<br><\/p>\n\n\n\n<p><strong>Personalizaci\u00f3n completa de la marca y el dise\u00f1o:<\/strong> Cada detalle es totalmente personalizable: desde los colores exteriores y la colocaci\u00f3n del logotipo hasta el forro interior y los detalles en l\u00e1mina, creando una soluci\u00f3n de envasado totalmente personalizada que se ajusta a su identidad de lujo.<\/p>\n<\/div>\n\n\n\n<div class=\"wp-block-column is-layout-flow wp-block-column-is-layout-flow\">\n<figure class=\"wp-block-image size-full\"><img decoding=\"async\" width=\"1000\" height=\"1000\" src=\"https:\/\/www.yishengpack.com\/wp-content\/uploads\/2026\/03\/Wholesale-Rigid-Magnetic-Closure-Gift-Packing-Boxes-Fancy-Custom-Luxury-Dates-Chocolate-Boxes-Packaging-2.webp\" alt=\"mayorista-cajas-regalo-de-cierre-rigido-magnetico-cajas-regalo-fancy-custom-luxury-dates-cajas-de-chocolate-embalaje-2\" class=\"wp-image-3701\" srcset=\"https:\/\/www.yishengpack.com\/wp-content\/uploads\/2026\/03\/Wholesale-Rigid-Magnetic-Closure-Gift-Packing-Boxes-Fancy-Custom-Luxury-Dates-Chocolate-Boxes-Packaging-2.webp 1000w, https:\/\/www.yishengpack.com\/wp-content\/uploads\/2026\/03\/Wholesale-Rigid-Magnetic-Closure-Gift-Packing-Boxes-Fancy-Custom-Luxury-Dates-Chocolate-Boxes-Packaging-2-300x300.webp 300w, https:\/\/www.yishengpack.com\/wp-content\/uploads\/2026\/03\/Wholesale-Rigid-Magnetic-Closure-Gift-Packing-Boxes-Fancy-Custom-Luxury-Dates-Chocolate-Boxes-Packaging-2-150x150.webp 150w, https:\/\/www.yishengpack.com\/wp-content\/uploads\/2026\/03\/Wholesale-Rigid-Magnetic-Closure-Gift-Packing-Boxes-Fancy-Custom-Luxury-Dates-Chocolate-Boxes-Packaging-2-768x768.webp 768w, https:\/\/www.yishengpack.com\/wp-content\/uploads\/2026\/03\/Wholesale-Rigid-Magnetic-Closure-Gift-Packing-Boxes-Fancy-Custom-Luxury-Dates-Chocolate-Boxes-Packaging-2-12x12.webp 12w, https:\/\/www.yishengpack.com\/wp-content\/uploads\/2026\/03\/Wholesale-Rigid-Magnetic-Closure-Gift-Packing-Boxes-Fancy-Custom-Luxury-Dates-Chocolate-Boxes-Packaging-2-600x600.webp 600w, https:\/\/www.yishengpack.com\/wp-content\/uploads\/2026\/03\/Wholesale-Rigid-Magnetic-Closure-Gift-Packing-Boxes-Fancy-Custom-Luxury-Dates-Chocolate-Boxes-Packaging-2-100x100.webp 100w\" sizes=\"(max-width: 1000px) 100vw, 1000px\" \/><\/figure>\n<\/div>\n<\/div>\n\n\n\n<p><\/p>","protected":false},"excerpt":{"rendered":"<p>Bienvenido a comprar nuestras cajas de chocolate para d\u00e1tiles de lujo personalizadas. Descubra nuestra opulenta colecci\u00f3n de color rojo intenso, ideal para d\u00e1tiles rellenos de primera calidad, surtidos de chocolate gourmet y regalos culturales especiales. Con una elegante estructura r\u00edgida, motivos de ramas de d\u00e1tiles en l\u00e1mina de oro e inserciones con varios compartimentos, es una combinaci\u00f3n de elegancia atemporal y organizaci\u00f3n bien pensada. Es totalmente personalizable para reflejar la exclusividad de su marca, desde el tama\u00f1o y la rica paleta de colores hasta la personalizaci\u00f3n de la marca \u00e1rabe y la distribuci\u00f3n de los compartimentos. Perm\u00edtanos ayudarle a que sus productos destaquen de forma bella y memorable.<\/p>\n<h2>Aspectos destacados de las cajas de bombones personalizadas para d\u00e1tiles de lujo<\/h2>\n<ul>\n<li>Personalizaci\u00f3n de alta calidad<\/li>\n<li>Cierre magn\u00e9tico superior abatible<\/li>\n<li>Materiales ecol\u00f3gicos<\/li>\n<li>Artesan\u00eda meticulosa<\/li>\n<li>M\u00faltiples opciones de tama\u00f1o y compartimentos<\/li>\n<li>Varias opciones de color<\/li>\n<li>Vers\u00e1til para d\u00e1tiles, frutos secos y reposter\u00eda<\/li>\n<li>Ideal para regalar<\/li>\n<\/ul>\n<p>&nbsp;<\/p>\n<p>&nbsp;<\/p>","protected":false},"featured_media":3700,"comment_status":"closed","ping_status":"closed","template":"","meta":{"_acf_changed":false},"box-type":[54,57],"product_brand":[],"product_cat":[19,41,68,46,33],"product_tag":[],"class_list":{"0":"post-3699","1":"product","2":"type-product","3":"status-publish","4":"has-post-thumbnail","6":"box-type-custom-magnetic-closure-boxes","7":"box-type-custom-rigid-box-with-lid","8":"product_cat-luxury-gift-boxes-wholesale","9":"product_cat-candy-gift-boxes-wholesale","10":"product_cat-custom-dates-box","11":"product_cat-wholesale-paper-boxes","12":"product_cat-food-packaging-boxes-wholesale","14":"first","15":"instock","16":"shipping-taxable","17":"product-type-simple"},"acf":[],"_links":{"self":[{"href":"https:\/\/www.yishengpack.com\/es\/wp-json\/wp\/v2\/product\/3699","targetHints":{"allow":["GET"]}}],"collection":[{"href":"https:\/\/www.yishengpack.com\/es\/wp-json\/wp\/v2\/product"}],"about":[{"href":"https:\/\/www.yishengpack.com\/es\/wp-json\/wp\/v2\/types\/product"}],"replies":[{"embeddable":true,"href":"https:\/\/www.yishengpack.com\/es\/wp-json\/wp\/v2\/comments?post=3699"}],"wp:featuredmedia":[{"embeddable":true,"href":"https:\/\/www.yishengpack.com\/es\/wp-json\/wp\/v2\/media\/3700"}],"wp:attachment":[{"href":"https:\/\/www.yishengpack.com\/es\/wp-json\/wp\/v2\/media?parent=3699"}],"wp:term":[{"taxonomy":"box-type","embeddable":true,"href":"https:\/\/www.yishengpack.com\/es\/wp-json\/wp\/v2\/box-type?post=3699"},{"taxonomy":"product_brand","embeddable":true,"href":"https:\/\/www.yishengpack.com\/es\/wp-json\/wp\/v2\/product_brand?post=3699"},{"taxonomy":"product_cat","embeddable":true,"href":"https:\/\/www.yishengpack.com\/es\/wp-json\/wp\/v2\/product_cat?post=3699"},{"taxonomy":"product_tag","embeddable":true,"href":"https:\/\/www.yishengpack.com\/es\/wp-json\/wp\/v2\/product_tag?post=3699"}],"curies":[{"name":"wp","href":"https:\/\/api.w.org\/{rel}","templated":true}]}}