{"id":3655,"date":"2026-02-28T09:38:38","date_gmt":"2026-02-28T09:38:38","guid":{"rendered":"https:\/\/www.yishengpack.com\/?post_type=product&#038;p=3655"},"modified":"2026-02-28T09:38:39","modified_gmt":"2026-02-28T09:38:39","slug":"custom-tuck-top-boxes","status":"publish","type":"product","link":"https:\/\/www.yishengpack.com\/es\/producto\/custom-tuck-top-boxes\/","title":{"rendered":"Custom Tuck Top Boxes, Cajas de cart\u00f3n para env\u00edos al por mayor"},"content":{"rendered":"<div class=\"wp-block-columns is-layout-flex wp-container-core-columns-is-layout-9d6595d7 wp-block-columns-is-layout-flex\">\n<div class=\"wp-block-column is-layout-flow wp-block-column-is-layout-flow\">\n<h3 class=\"wp-block-heading\">Caracter\u00edsticas de las cajas Tuck Top personalizadas<\/h3>\n\n\n\n<p><strong>Mailers plegables de montaje r\u00e1pido:<\/strong> Estas cajas plegables personalizadas presentan un dise\u00f1o plegable que se pliega al instante sin necesidad de utilizar cinta adhesiva. Las esquinas reforzadas y la estructura de plegado f\u00e1cil garantizan un montaje seguro en cuesti\u00f3n de segundos, lo que resulta perfecto para realizar pedidos de forma eficiente.<\/p>\n\n\n\n<p><strong>Dise\u00f1o de almacenamiento plano que ahorra espacio:<\/strong> Dise\u00f1adas para la eficiencia log\u00edstica, estas cajas plegables personalizadas se almacenan y env\u00edan completamente planas cuando no se utilizan. Este formato maximiza el espacio del almac\u00e9n y reduce significativamente los costes de env\u00edo para pedidos al por mayor.<\/p>\n\n\n\n<p><strong>Vibrantes colores pastel y neutros:<\/strong> Estas cajas personalizadas est\u00e1n disponibles en una amplia gama de tonos suaves y de tendencia (verde salvia, lavanda, rosa rubor, crema). Estas cajas ofrecen una est\u00e9tica limpia y de marca que destaca en el embalaje y el desembalaje.<\/p>\n\n\n\n<p><strong>Construcci\u00f3n de papel r\u00edgido reforzado:<\/strong> Fabricadas con cart\u00f3n ondulado duradero de alta calidad, estas cajas de cart\u00f3n para env\u00edos al por mayor mantienen una estructura r\u00edgida que proporciona una protecci\u00f3n superior para prendas de vestir, accesorios y productos blandos durante el transporte.<\/p>\n\n\n\n<p><strong>Personalizaci\u00f3n de amplio espectro:<\/strong> El exterior liso y listo para imprimir admite una personalizaci\u00f3n completa, desde la combinaci\u00f3n de colores y la impresi\u00f3n del logotipo hasta troquelados personalizados y configuraciones de inserciones, para crear una experiencia de env\u00edo cohesiva y de marca.<\/p>\n\n\n\n<p><strong>Precios al por mayor con MOQ flexible:<\/strong> Precios competitivos directos de f\u00e1brica para cajas de cart\u00f3n a granel. Cantidades m\u00ednimas de pedido flexibles para nuevas empresas, distribuidores y grandes minoristas.<\/p>\n<\/div>\n\n\n\n<div class=\"wp-block-column is-layout-flow wp-block-column-is-layout-flow\">\n<figure class=\"wp-block-image size-full\"><img decoding=\"async\" width=\"1328\" height=\"1328\" src=\"https:\/\/www.yishengpack.com\/wp-content\/uploads\/2026\/02\/Superior-Corrugated-Paper-Packaging-Shipping-Boxes-Wholesale-Empty-Rigid-Tuck-Top-Boxes-with-Custom-Logo-Printed-2.webp\" alt=\"cajas personalizadas de cart\u00f3n para env\u00edos al por mayor-2\" class=\"wp-image-3660\" srcset=\"https:\/\/www.yishengpack.com\/wp-content\/uploads\/2026\/02\/Superior-Corrugated-Paper-Packaging-Shipping-Boxes-Wholesale-Empty-Rigid-Tuck-Top-Boxes-with-Custom-Logo-Printed-2.webp 1328w, https:\/\/www.yishengpack.com\/wp-content\/uploads\/2026\/02\/Superior-Corrugated-Paper-Packaging-Shipping-Boxes-Wholesale-Empty-Rigid-Tuck-Top-Boxes-with-Custom-Logo-Printed-2-300x300.webp 300w, https:\/\/www.yishengpack.com\/wp-content\/uploads\/2026\/02\/Superior-Corrugated-Paper-Packaging-Shipping-Boxes-Wholesale-Empty-Rigid-Tuck-Top-Boxes-with-Custom-Logo-Printed-2-150x150.webp 150w, https:\/\/www.yishengpack.com\/wp-content\/uploads\/2026\/02\/Superior-Corrugated-Paper-Packaging-Shipping-Boxes-Wholesale-Empty-Rigid-Tuck-Top-Boxes-with-Custom-Logo-Printed-2-768x768.webp 768w, https:\/\/www.yishengpack.com\/wp-content\/uploads\/2026\/02\/Superior-Corrugated-Paper-Packaging-Shipping-Boxes-Wholesale-Empty-Rigid-Tuck-Top-Boxes-with-Custom-Logo-Printed-2-12x12.webp 12w, https:\/\/www.yishengpack.com\/wp-content\/uploads\/2026\/02\/Superior-Corrugated-Paper-Packaging-Shipping-Boxes-Wholesale-Empty-Rigid-Tuck-Top-Boxes-with-Custom-Logo-Printed-2-1200x1200.webp 1200w, https:\/\/www.yishengpack.com\/wp-content\/uploads\/2026\/02\/Superior-Corrugated-Paper-Packaging-Shipping-Boxes-Wholesale-Empty-Rigid-Tuck-Top-Boxes-with-Custom-Logo-Printed-2-600x600.webp 600w, https:\/\/www.yishengpack.com\/wp-content\/uploads\/2026\/02\/Superior-Corrugated-Paper-Packaging-Shipping-Boxes-Wholesale-Empty-Rigid-Tuck-Top-Boxes-with-Custom-Logo-Printed-2-100x100.webp 100w\" sizes=\"(max-width: 1328px) 100vw, 1328px\" \/><\/figure>\n<\/div>\n<\/div>\n\n\n\n<div class=\"wp-block-columns is-layout-flex wp-container-core-columns-is-layout-9d6595d7 wp-block-columns-is-layout-flex\">\n<div class=\"wp-block-column is-layout-flow wp-block-column-is-layout-flow\">\n<figure class=\"wp-block-image size-full\"><img decoding=\"async\" width=\"1328\" height=\"1328\" src=\"https:\/\/www.yishengpack.com\/wp-content\/uploads\/2026\/02\/Superior-Corrugated-Paper-Packaging-Shipping-Boxes-Wholesale-Empty-Rigid-Tuck-Top-Boxes-with-Custom-Logo-Printed-7.webp\" alt=\"cajas personalizadas de cart\u00f3n para env\u00edos al por mayor-7\" class=\"wp-image-3665\" srcset=\"https:\/\/www.yishengpack.com\/wp-content\/uploads\/2026\/02\/Superior-Corrugated-Paper-Packaging-Shipping-Boxes-Wholesale-Empty-Rigid-Tuck-Top-Boxes-with-Custom-Logo-Printed-7.webp 1328w, https:\/\/www.yishengpack.com\/wp-content\/uploads\/2026\/02\/Superior-Corrugated-Paper-Packaging-Shipping-Boxes-Wholesale-Empty-Rigid-Tuck-Top-Boxes-with-Custom-Logo-Printed-7-300x300.webp 300w, https:\/\/www.yishengpack.com\/wp-content\/uploads\/2026\/02\/Superior-Corrugated-Paper-Packaging-Shipping-Boxes-Wholesale-Empty-Rigid-Tuck-Top-Boxes-with-Custom-Logo-Printed-7-150x150.webp 150w, https:\/\/www.yishengpack.com\/wp-content\/uploads\/2026\/02\/Superior-Corrugated-Paper-Packaging-Shipping-Boxes-Wholesale-Empty-Rigid-Tuck-Top-Boxes-with-Custom-Logo-Printed-7-768x768.webp 768w, https:\/\/www.yishengpack.com\/wp-content\/uploads\/2026\/02\/Superior-Corrugated-Paper-Packaging-Shipping-Boxes-Wholesale-Empty-Rigid-Tuck-Top-Boxes-with-Custom-Logo-Printed-7-12x12.webp 12w, https:\/\/www.yishengpack.com\/wp-content\/uploads\/2026\/02\/Superior-Corrugated-Paper-Packaging-Shipping-Boxes-Wholesale-Empty-Rigid-Tuck-Top-Boxes-with-Custom-Logo-Printed-7-1200x1200.webp 1200w, https:\/\/www.yishengpack.com\/wp-content\/uploads\/2026\/02\/Superior-Corrugated-Paper-Packaging-Shipping-Boxes-Wholesale-Empty-Rigid-Tuck-Top-Boxes-with-Custom-Logo-Printed-7-600x600.webp 600w, https:\/\/www.yishengpack.com\/wp-content\/uploads\/2026\/02\/Superior-Corrugated-Paper-Packaging-Shipping-Boxes-Wholesale-Empty-Rigid-Tuck-Top-Boxes-with-Custom-Logo-Printed-7-100x100.webp 100w\" sizes=\"(max-width: 1328px) 100vw, 1328px\" \/><\/figure>\n\n\n\n<div class=\"wp-block-buttons has-custom-font-size has-small-font-size is-content-justification-center is-layout-flex wp-container-core-buttons-is-layout-16018d1d wp-block-buttons-is-layout-flex\">\n<div class=\"wp-block-button has-custom-width wp-block-button__width-75\"><a class=\"wp-block-button__link has-background has-small-font-size has-custom-font-size wp-element-button\" href=\"https:\/\/www.yishengpack.com\/es\/custom-printed-box\/\" style=\"background:linear-gradient(135deg,rgb(254,205,165) 0%,rgb(254,45,45) 0%,rgb(94,15,15) 0%,rgb(94,15,15) 100%)\" target=\"_blank\" rel=\"noreferrer noopener\"><strong>Explorar las cajas impresas personalizadas<\/strong><\/a><\/div>\n<\/div>\n<\/div>\n\n\n\n<div class=\"wp-block-column is-layout-flow wp-block-column-is-layout-flow\">\n<figure class=\"wp-block-image size-full\"><img decoding=\"async\" width=\"2048\" height=\"2048\" src=\"https:\/\/www.yishengpack.com\/wp-content\/uploads\/2026\/02\/Superior-Corrugated-Paper-Packaging-Shipping-Boxes-Wholesale-Empty-Rigid-Tuck-Top-Boxes-with-Custom-Logo-Printed-4.webp\" alt=\"cajas personalizadas de cart\u00f3n para env\u00edos al por mayor-4\" class=\"wp-image-3662\" srcset=\"https:\/\/www.yishengpack.com\/wp-content\/uploads\/2026\/02\/Superior-Corrugated-Paper-Packaging-Shipping-Boxes-Wholesale-Empty-Rigid-Tuck-Top-Boxes-with-Custom-Logo-Printed-4.webp 2048w, https:\/\/www.yishengpack.com\/wp-content\/uploads\/2026\/02\/Superior-Corrugated-Paper-Packaging-Shipping-Boxes-Wholesale-Empty-Rigid-Tuck-Top-Boxes-with-Custom-Logo-Printed-4-300x300.webp 300w, https:\/\/www.yishengpack.com\/wp-content\/uploads\/2026\/02\/Superior-Corrugated-Paper-Packaging-Shipping-Boxes-Wholesale-Empty-Rigid-Tuck-Top-Boxes-with-Custom-Logo-Printed-4-150x150.webp 150w, https:\/\/www.yishengpack.com\/wp-content\/uploads\/2026\/02\/Superior-Corrugated-Paper-Packaging-Shipping-Boxes-Wholesale-Empty-Rigid-Tuck-Top-Boxes-with-Custom-Logo-Printed-4-768x768.webp 768w, https:\/\/www.yishengpack.com\/wp-content\/uploads\/2026\/02\/Superior-Corrugated-Paper-Packaging-Shipping-Boxes-Wholesale-Empty-Rigid-Tuck-Top-Boxes-with-Custom-Logo-Printed-4-12x12.webp 12w, https:\/\/www.yishengpack.com\/wp-content\/uploads\/2026\/02\/Superior-Corrugated-Paper-Packaging-Shipping-Boxes-Wholesale-Empty-Rigid-Tuck-Top-Boxes-with-Custom-Logo-Printed-4-1200x1200.webp 1200w, https:\/\/www.yishengpack.com\/wp-content\/uploads\/2026\/02\/Superior-Corrugated-Paper-Packaging-Shipping-Boxes-Wholesale-Empty-Rigid-Tuck-Top-Boxes-with-Custom-Logo-Printed-4-600x600.webp 600w, https:\/\/www.yishengpack.com\/wp-content\/uploads\/2026\/02\/Superior-Corrugated-Paper-Packaging-Shipping-Boxes-Wholesale-Empty-Rigid-Tuck-Top-Boxes-with-Custom-Logo-Printed-4-100x100.webp 100w\" sizes=\"(max-width: 2048px) 100vw, 2048px\" \/><\/figure>\n\n\n\n<div class=\"wp-block-buttons has-custom-font-size has-small-font-size is-content-justification-center is-layout-flex wp-container-core-buttons-is-layout-16018d1d wp-block-buttons-is-layout-flex\">\n<div class=\"wp-block-button has-custom-width wp-block-button__width-75\"><a class=\"wp-block-button__link has-background has-small-font-size has-custom-font-size wp-element-button\" href=\"https:\/\/www.yishengpack.com\/es\/custom-box-inserts-accessories\/\" style=\"background:linear-gradient(135deg,rgb(254,205,165) 0%,rgb(254,45,45) 0%,rgb(94,15,15) 0%,rgb(94,15,15) 100%)\" target=\"_blank\" rel=\"noreferrer noopener\"><strong>Explorar los insertos personalizados para cajas<\/strong><\/a><\/div>\n<\/div>\n<\/div>\n<\/div>","protected":false},"excerpt":{"rendered":"<div>\n<div>\n<div>\n<div>\n<div>\n<div>\n<div>\n<div>\n<div>\n<div>\n<div>\n<div dir=\"ltr\">\n<div>Le damos la bienvenida a la compra de nuestras cajas personalizadas con solapa, ideales para entregas de comercio electr\u00f3nico, env\u00edo de regalos y tr\u00e1nsito de productos variados. Con una estructura de cart\u00f3n ondulado plegable y duradera, cierre de solapa y inserciones interiores personalizadas opcionales, es una combinaci\u00f3n de protecci\u00f3n s\u00f3lida y est\u00e9tica limpia. Con impresi\u00f3n OEM\/ODM, materiales respetuosos con el medio ambiente, MOQ flexible y precios directos de f\u00e1brica, nuestras cajas tuck top mailer est\u00e1n dise\u00f1adas para proteger los productos a la vez que mejoran el impacto de la marca.<\/div>\n<\/div>\n<\/div>\n<\/div>\n<\/div>\n<\/div>\n<\/div>\n<\/div>\n<\/div>\n<\/div>\n<\/div>\n<\/div>\n<\/div>\n<h2>Aspectos destacados de las cajas Tuck Top personalizadas<\/h2>\n<ul>\n<li>Posibilidad de personalizaci\u00f3n completa<\/li>\n<li>Materiales ecol\u00f3gicos<\/li>\n<li>Impresi\u00f3n exquisita<\/li>\n<li>M\u00faltiples variaciones de tama\u00f1o y profundidad<\/li>\n<li>Numerosas opciones de color<\/li>\n<li>Inserciones personalizadas extra\u00edbles<\/li>\n<li>Cierre autobloqueante seguro<\/li>\n<li>Construcci\u00f3n protectora resistente<\/li>\n<\/ul>\n<p>&nbsp;<\/p>\n<p>&nbsp;<\/p>","protected":false},"featured_media":3659,"comment_status":"closed","ping_status":"closed","template":"","meta":{"_acf_changed":false},"box-type":[59,48],"product_brand":[],"product_cat":[19,66,36,46,33,69,67,73,74],"product_tag":[],"class_list":{"0":"post-3655","1":"product","2":"type-product","3":"status-publish","4":"has-post-thumbnail","6":"box-type-custom-mailer-boxes","7":"box-type-custom-tuck-top-boxes","8":"product_cat-luxury-gift-boxes-wholesale","9":"product_cat-custom-apparel-boxes","10":"product_cat-wine-boxes-wholesale","11":"product_cat-wholesale-paper-boxes","12":"product_cat-food-packaging-boxes-wholesale","13":"product_cat-custom-retail-boxes","14":"product_cat-custom-shipping-boxes","15":"product_cat-custom-electronic-packaging","16":"product_cat-custom-auto-parts-boxes","18":"first","19":"instock","20":"shipping-taxable","21":"product-type-simple"},"acf":[],"_links":{"self":[{"href":"https:\/\/www.yishengpack.com\/es\/wp-json\/wp\/v2\/product\/3655","targetHints":{"allow":["GET"]}}],"collection":[{"href":"https:\/\/www.yishengpack.com\/es\/wp-json\/wp\/v2\/product"}],"about":[{"href":"https:\/\/www.yishengpack.com\/es\/wp-json\/wp\/v2\/types\/product"}],"replies":[{"embeddable":true,"href":"https:\/\/www.yishengpack.com\/es\/wp-json\/wp\/v2\/comments?post=3655"}],"wp:featuredmedia":[{"embeddable":true,"href":"https:\/\/www.yishengpack.com\/es\/wp-json\/wp\/v2\/media\/3659"}],"wp:attachment":[{"href":"https:\/\/www.yishengpack.com\/es\/wp-json\/wp\/v2\/media?parent=3655"}],"wp:term":[{"taxonomy":"box-type","embeddable":true,"href":"https:\/\/www.yishengpack.com\/es\/wp-json\/wp\/v2\/box-type?post=3655"},{"taxonomy":"product_brand","embeddable":true,"href":"https:\/\/www.yishengpack.com\/es\/wp-json\/wp\/v2\/product_brand?post=3655"},{"taxonomy":"product_cat","embeddable":true,"href":"https:\/\/www.yishengpack.com\/es\/wp-json\/wp\/v2\/product_cat?post=3655"},{"taxonomy":"product_tag","embeddable":true,"href":"https:\/\/www.yishengpack.com\/es\/wp-json\/wp\/v2\/product_tag?post=3655"}],"curies":[{"name":"wp","href":"https:\/\/api.w.org\/{rel}","templated":true}]}}