{"id":3640,"date":"2026-02-28T08:37:17","date_gmt":"2026-02-28T08:37:17","guid":{"rendered":"https:\/\/www.yishengpack.com\/?post_type=product&#038;p=3640"},"modified":"2026-02-28T08:37:20","modified_gmt":"2026-02-28T08:37:20","slug":"shipping-boxes-wholesale","status":"publish","type":"product","link":"https:\/\/www.yishengpack.com\/es\/producto\/shipping-boxes-wholesale\/","title":{"rendered":"Cajas de Envio Plegables al por Mayor, Cajas de Ropa Personalizadas"},"content":{"rendered":"<div class=\"wp-block-columns is-layout-flex wp-container-core-columns-is-layout-9d6595d7 wp-block-columns-is-layout-flex\">\n<div class=\"wp-block-column is-layout-flow wp-block-column-is-layout-flow\">\n<h3 class=\"wp-block-heading\">Caracter\u00edsticas de las cajas de env\u00edo al por mayor<\/h3>\n\n\n\n<p><strong>Robusta estructura de transporte plegable:<\/strong> Estas cajas plegables para env\u00edos al por mayor cuentan con una construcci\u00f3n plegable reforzada que se monta en segundos, proporcionando una carcasa r\u00edgida y protectora ideal para el env\u00edo seguro de prendas de vestir, accesorios y art\u00edculos blandos.<\/p>\n\n\n\n<p><strong>Ajuste interno personalizable:<\/strong> Estas cajas plegables para env\u00edos al por mayor admiten la personalizaci\u00f3n interna a medida, incluidas inserciones o separadores de tama\u00f1o personalizado, para asegurar art\u00edculos como chaquetas vaqueras, bufandas o sombreros y evitar que se desplacen durante el transporte.<\/p>\n\n\n\n<p><strong>Formato Flat-Pack para ahorrar espacio<\/strong>: Dise\u00f1adas para ofrecer la m\u00e1xima eficiencia log\u00edstica, estas cajas de env\u00edo al por mayor se env\u00edan y almacenan completamente planas, lo que reduce dr\u00e1sticamente el espacio de almacenamiento y los costes de transporte para env\u00edos a granel.<\/p>\n\n\n\n<p><strong>Tallaje vers\u00e1til centrado en la ropa:<\/strong> Fabricadas en m\u00faltiples dimensiones optimizadas para art\u00edculos de moda, estas cajas personalizadas para ropa lo acomodan todo, desde peque\u00f1os accesorios (calcetines, sombreros) hasta prendas m\u00e1s grandes (chaquetas, bufandas) con un ajuste perfecto.<\/p>\n\n\n\n<p><strong>Compatibilidad total de marcas:<\/strong> Las cajas de ropa personalizadas tienen superficies exteriores lisas y despejadas, preparadas para una personalizaci\u00f3n completa -incluida la impresi\u00f3n del logotipo, la combinaci\u00f3n de colores y las opciones de acabado de la superficie- para crear una experiencia de env\u00edo de marca cohesiva.<\/p>\n<\/div>\n\n\n\n<div class=\"wp-block-column is-layout-flow wp-block-column-is-layout-flow\">\n<figure class=\"wp-block-image size-full\"><img decoding=\"async\" width=\"2048\" height=\"2048\" src=\"https:\/\/www.yishengpack.com\/wp-content\/uploads\/2026\/02\/Wholesale-Folding-Mailer-Shipping-Boxes-Custom-High-Quality-Clothes-Hats-Packaging-Boxes-with-Logo-Design-2.webp\" alt=\"cajas-embalaje-plegables-cajas-mayoristas-para-ropa-2\" class=\"wp-image-3648\" srcset=\"https:\/\/www.yishengpack.com\/wp-content\/uploads\/2026\/02\/Wholesale-Folding-Mailer-Shipping-Boxes-Custom-High-Quality-Clothes-Hats-Packaging-Boxes-with-Logo-Design-2.webp 2048w, https:\/\/www.yishengpack.com\/wp-content\/uploads\/2026\/02\/Wholesale-Folding-Mailer-Shipping-Boxes-Custom-High-Quality-Clothes-Hats-Packaging-Boxes-with-Logo-Design-2-300x300.webp 300w, https:\/\/www.yishengpack.com\/wp-content\/uploads\/2026\/02\/Wholesale-Folding-Mailer-Shipping-Boxes-Custom-High-Quality-Clothes-Hats-Packaging-Boxes-with-Logo-Design-2-150x150.webp 150w, https:\/\/www.yishengpack.com\/wp-content\/uploads\/2026\/02\/Wholesale-Folding-Mailer-Shipping-Boxes-Custom-High-Quality-Clothes-Hats-Packaging-Boxes-with-Logo-Design-2-768x768.webp 768w, https:\/\/www.yishengpack.com\/wp-content\/uploads\/2026\/02\/Wholesale-Folding-Mailer-Shipping-Boxes-Custom-High-Quality-Clothes-Hats-Packaging-Boxes-with-Logo-Design-2-12x12.webp 12w, https:\/\/www.yishengpack.com\/wp-content\/uploads\/2026\/02\/Wholesale-Folding-Mailer-Shipping-Boxes-Custom-High-Quality-Clothes-Hats-Packaging-Boxes-with-Logo-Design-2-1200x1200.webp 1200w, https:\/\/www.yishengpack.com\/wp-content\/uploads\/2026\/02\/Wholesale-Folding-Mailer-Shipping-Boxes-Custom-High-Quality-Clothes-Hats-Packaging-Boxes-with-Logo-Design-2-600x600.webp 600w, https:\/\/www.yishengpack.com\/wp-content\/uploads\/2026\/02\/Wholesale-Folding-Mailer-Shipping-Boxes-Custom-High-Quality-Clothes-Hats-Packaging-Boxes-with-Logo-Design-2-100x100.webp 100w\" sizes=\"(max-width: 2048px) 100vw, 2048px\" \/><\/figure>\n<\/div>\n<\/div>\n\n\n\n<div class=\"wp-block-columns is-layout-flex wp-container-core-columns-is-layout-9d6595d7 wp-block-columns-is-layout-flex\">\n<div class=\"wp-block-column is-layout-flow wp-block-column-is-layout-flow\">\n<figure class=\"wp-block-image size-full\"><img decoding=\"async\" width=\"2048\" height=\"2048\" src=\"https:\/\/www.yishengpack.com\/wp-content\/uploads\/2026\/02\/Wholesale-Folding-Mailer-Shipping-Boxes-Custom-High-Quality-Clothes-Hats-Packaging-Boxes-with-Logo-Design-5.webp\" alt=\"cajas-embalaje-plegables-cajas-mayoristas-para-ropa-5\" class=\"wp-image-3651\" srcset=\"https:\/\/www.yishengpack.com\/wp-content\/uploads\/2026\/02\/Wholesale-Folding-Mailer-Shipping-Boxes-Custom-High-Quality-Clothes-Hats-Packaging-Boxes-with-Logo-Design-5.webp 2048w, https:\/\/www.yishengpack.com\/wp-content\/uploads\/2026\/02\/Wholesale-Folding-Mailer-Shipping-Boxes-Custom-High-Quality-Clothes-Hats-Packaging-Boxes-with-Logo-Design-5-300x300.webp 300w, https:\/\/www.yishengpack.com\/wp-content\/uploads\/2026\/02\/Wholesale-Folding-Mailer-Shipping-Boxes-Custom-High-Quality-Clothes-Hats-Packaging-Boxes-with-Logo-Design-5-150x150.webp 150w, https:\/\/www.yishengpack.com\/wp-content\/uploads\/2026\/02\/Wholesale-Folding-Mailer-Shipping-Boxes-Custom-High-Quality-Clothes-Hats-Packaging-Boxes-with-Logo-Design-5-768x768.webp 768w, https:\/\/www.yishengpack.com\/wp-content\/uploads\/2026\/02\/Wholesale-Folding-Mailer-Shipping-Boxes-Custom-High-Quality-Clothes-Hats-Packaging-Boxes-with-Logo-Design-5-12x12.webp 12w, https:\/\/www.yishengpack.com\/wp-content\/uploads\/2026\/02\/Wholesale-Folding-Mailer-Shipping-Boxes-Custom-High-Quality-Clothes-Hats-Packaging-Boxes-with-Logo-Design-5-1200x1200.webp 1200w, https:\/\/www.yishengpack.com\/wp-content\/uploads\/2026\/02\/Wholesale-Folding-Mailer-Shipping-Boxes-Custom-High-Quality-Clothes-Hats-Packaging-Boxes-with-Logo-Design-5-600x600.webp 600w, https:\/\/www.yishengpack.com\/wp-content\/uploads\/2026\/02\/Wholesale-Folding-Mailer-Shipping-Boxes-Custom-High-Quality-Clothes-Hats-Packaging-Boxes-with-Logo-Design-5-100x100.webp 100w\" sizes=\"(max-width: 2048px) 100vw, 2048px\" \/><\/figure>\n\n\n\n<div class=\"wp-block-buttons has-custom-font-size has-small-font-size is-content-justification-center is-layout-flex wp-container-core-buttons-is-layout-16018d1d wp-block-buttons-is-layout-flex\">\n<div class=\"wp-block-button has-custom-width wp-block-button__width-75\"><a class=\"wp-block-button__link has-background has-small-font-size has-custom-font-size wp-element-button\" href=\"https:\/\/www.yishengpack.com\/es\/custom-printed-box\/\" style=\"background:linear-gradient(135deg,rgb(254,205,165) 0%,rgb(254,45,45) 0%,rgb(94,15,15) 0%,rgb(94,15,15) 100%)\" target=\"_blank\" rel=\"noreferrer noopener\"><strong>Explorar las cajas impresas personalizadas<\/strong><\/a><\/div>\n<\/div>\n<\/div>\n\n\n\n<div class=\"wp-block-column is-layout-flow wp-block-column-is-layout-flow\">\n<figure class=\"wp-block-image size-full\"><img decoding=\"async\" width=\"1160\" height=\"1160\" src=\"https:\/\/www.yishengpack.com\/wp-content\/uploads\/2026\/02\/Wholesale-Folding-Mailer-Shipping-Boxes-Custom-High-Quality-Clothes-Hats-Packaging-Boxes-with-Logo-Design-7.webp\" alt=\"cajas-embalaje-plegables-cajas-mayoristas-para-ropa-7\" class=\"wp-image-3653\" srcset=\"https:\/\/www.yishengpack.com\/wp-content\/uploads\/2026\/02\/Wholesale-Folding-Mailer-Shipping-Boxes-Custom-High-Quality-Clothes-Hats-Packaging-Boxes-with-Logo-Design-7.webp 1160w, https:\/\/www.yishengpack.com\/wp-content\/uploads\/2026\/02\/Wholesale-Folding-Mailer-Shipping-Boxes-Custom-High-Quality-Clothes-Hats-Packaging-Boxes-with-Logo-Design-7-300x300.webp 300w, https:\/\/www.yishengpack.com\/wp-content\/uploads\/2026\/02\/Wholesale-Folding-Mailer-Shipping-Boxes-Custom-High-Quality-Clothes-Hats-Packaging-Boxes-with-Logo-Design-7-150x150.webp 150w, https:\/\/www.yishengpack.com\/wp-content\/uploads\/2026\/02\/Wholesale-Folding-Mailer-Shipping-Boxes-Custom-High-Quality-Clothes-Hats-Packaging-Boxes-with-Logo-Design-7-768x768.webp 768w, https:\/\/www.yishengpack.com\/wp-content\/uploads\/2026\/02\/Wholesale-Folding-Mailer-Shipping-Boxes-Custom-High-Quality-Clothes-Hats-Packaging-Boxes-with-Logo-Design-7-12x12.webp 12w, https:\/\/www.yishengpack.com\/wp-content\/uploads\/2026\/02\/Wholesale-Folding-Mailer-Shipping-Boxes-Custom-High-Quality-Clothes-Hats-Packaging-Boxes-with-Logo-Design-7-600x600.webp 600w, https:\/\/www.yishengpack.com\/wp-content\/uploads\/2026\/02\/Wholesale-Folding-Mailer-Shipping-Boxes-Custom-High-Quality-Clothes-Hats-Packaging-Boxes-with-Logo-Design-7-100x100.webp 100w\" sizes=\"(max-width: 1160px) 100vw, 1160px\" \/><\/figure>\n\n\n\n<div class=\"wp-block-buttons has-custom-font-size has-small-font-size is-content-justification-center is-layout-flex wp-container-core-buttons-is-layout-16018d1d wp-block-buttons-is-layout-flex\">\n<div class=\"wp-block-button has-custom-width wp-block-button__width-75\"><a class=\"wp-block-button__link has-background has-small-font-size has-custom-font-size wp-element-button\" href=\"https:\/\/www.yishengpack.com\/es\/custom-box-inserts-accessories\/\" style=\"background:linear-gradient(135deg,rgb(254,205,165) 0%,rgb(254,45,45) 0%,rgb(94,15,15) 0%,rgb(94,15,15) 100%)\" target=\"_blank\" rel=\"noreferrer noopener\"><strong>Explorar los insertos personalizados para cajas<\/strong><\/a><\/div>\n<\/div>\n<\/div>\n<\/div>","protected":false},"excerpt":{"rendered":"<p>Bienvenido a comprar nuestras cajas de env\u00edo al por mayor, especialmente dise\u00f1adas para prendas de vestir, gorras, bufandas, calcetines y accesorios de moda. Con una estructura corrugada resistente al aplastamiento, cierre seguro plegable y acabados de color mate liso, es una protecci\u00f3n \u00f3ptima y una presentaci\u00f3n ordenada combinada. Nuestra f\u00e1brica ofrece precios al por mayor competitivos, MOQ bajos y plazos de entrega r\u00e1pidos para marcas de moda, minoristas y vendedores de comercio electr\u00f3nico de todo el mundo.<\/p>\n<h2>Aspectos destacados de las cajas de env\u00edo al por mayor<\/h2>\n<ul>\n<li>Personalizaci\u00f3n de alta calidad<\/li>\n<li>Materiales de primera calidad<\/li>\n<li>Procesos de impresi\u00f3n sofisticados<\/li>\n<li>Tallas vers\u00e1tiles para gorros\/camisetas\/calcetines<\/li>\n<li>Selecci\u00f3n de colores s\u00f3lidos vibrantes<\/li>\n<li>Construcci\u00f3n ligera pero robusta<\/li>\n<li>Ideal para ropa y art\u00edculos de uso diario<\/li>\n<\/ul>\n<p>&nbsp;<\/p>","protected":false},"featured_media":3647,"comment_status":"closed","ping_status":"closed","template":"","meta":{"_acf_changed":false},"box-type":[55,59,48],"product_brand":[],"product_cat":[46,19,66,69,67],"product_tag":[],"class_list":{"0":"post-3640","1":"product","2":"type-product","3":"status-publish","4":"has-post-thumbnail","6":"box-type-custom-foldable-boxes","7":"box-type-custom-mailer-boxes","8":"box-type-custom-tuck-top-boxes","9":"product_cat-wholesale-paper-boxes","10":"product_cat-luxury-gift-boxes-wholesale","11":"product_cat-custom-apparel-boxes","12":"product_cat-custom-retail-boxes","13":"product_cat-custom-shipping-boxes","15":"first","16":"instock","17":"shipping-taxable","18":"product-type-simple"},"acf":[],"_links":{"self":[{"href":"https:\/\/www.yishengpack.com\/es\/wp-json\/wp\/v2\/product\/3640","targetHints":{"allow":["GET"]}}],"collection":[{"href":"https:\/\/www.yishengpack.com\/es\/wp-json\/wp\/v2\/product"}],"about":[{"href":"https:\/\/www.yishengpack.com\/es\/wp-json\/wp\/v2\/types\/product"}],"replies":[{"embeddable":true,"href":"https:\/\/www.yishengpack.com\/es\/wp-json\/wp\/v2\/comments?post=3640"}],"wp:featuredmedia":[{"embeddable":true,"href":"https:\/\/www.yishengpack.com\/es\/wp-json\/wp\/v2\/media\/3647"}],"wp:attachment":[{"href":"https:\/\/www.yishengpack.com\/es\/wp-json\/wp\/v2\/media?parent=3640"}],"wp:term":[{"taxonomy":"box-type","embeddable":true,"href":"https:\/\/www.yishengpack.com\/es\/wp-json\/wp\/v2\/box-type?post=3640"},{"taxonomy":"product_brand","embeddable":true,"href":"https:\/\/www.yishengpack.com\/es\/wp-json\/wp\/v2\/product_brand?post=3640"},{"taxonomy":"product_cat","embeddable":true,"href":"https:\/\/www.yishengpack.com\/es\/wp-json\/wp\/v2\/product_cat?post=3640"},{"taxonomy":"product_tag","embeddable":true,"href":"https:\/\/www.yishengpack.com\/es\/wp-json\/wp\/v2\/product_tag?post=3640"}],"curies":[{"name":"wp","href":"https:\/\/api.w.org\/{rel}","templated":true}]}}