{"id":3611,"date":"2026-02-25T07:34:17","date_gmt":"2026-02-25T07:34:17","guid":{"rendered":"https:\/\/www.yishengpack.com\/?post_type=product&#038;p=3611"},"modified":"2026-02-25T07:34:18","modified_gmt":"2026-02-25T07:34:18","slug":"custom-magnetic-closure-rigid-boxes","status":"publish","type":"product","link":"https:\/\/www.yishengpack.com\/es\/producto\/custom-magnetic-closure-rigid-boxes\/","title":{"rendered":"Cajas r\u00edgidas con cierre magn\u00e9tico personalizadas, Cajas de regalo para d\u00e1tiles a granel"},"content":{"rendered":"<div class=\"wp-block-columns is-layout-flex wp-container-core-columns-is-layout-9d6595d7 wp-block-columns-is-layout-flex\">\n<div class=\"wp-block-column is-layout-flow wp-block-column-is-layout-flow\">\n<h3 class=\"wp-block-heading\">Caracter\u00edsticas de las cajas r\u00edgidas con cierre magn\u00e9tico a medida<\/h3>\n\n\n\n<p><strong>Cierre magn\u00e9tico de alta calidad:<\/strong> Estas cajas r\u00edgidas personalizadas con cierre magn\u00e9tico tienen un mecanismo de encaje suave y satisfactorio, que le proporciona una experiencia de encaje suave y satisfactoria, facilitando la apertura y el cierre de sus cajas. Ser\u00eda el mejor envase para d\u00e1tiles premium, bombones y regalos dulces.<\/p>\n\n\n\n<p><strong>Bandejas interiores personalizables aptas para alimentos:<\/strong> Las cajas r\u00edgidas personalizadas con cierre magn\u00e9tico tambi\u00e9n pueden venir con una bandeja interior personalizada apta para alimentos, que se utiliza para organizar d\u00e1tiles rellenos, bombones o golosinas. Puede dise\u00f1ar el tama\u00f1o de compartimento que mejor se adapte a sus productos para mantenerlos ordenados y bien protegidos.<\/p>\n\n\n\n<p><strong>Estructura r\u00edgida para un lujo duradero:<\/strong> Fabricadas con cart\u00f3n r\u00edgido grueso, estas cajas r\u00edgidas personalizadas con cierre magn\u00e9tico son resistentes y tienen un elegante acabado que a\u00f1adir\u00e1 una sensaci\u00f3n de lujo a sus productos, haci\u00e9ndolos parecer como si pertenecieran a un spa o boutique de alta gama desde el estante hasta el destinatario.<\/p>\n\n\n\n<p><strong>Juegos de bolsas de regalo a juego:<\/strong> Cada caja de regalo para d\u00e1tiles al por mayor puede combinarse con una bolsa de regalo a juego, creando un conjunto de regalo cohesivo y de primera calidad que realza toda la presentaci\u00f3n y refuerza la identidad de la marca.<\/p>\n\n\n\n<p><strong>Personalizaci\u00f3n completa de la marca y el dise\u00f1o:<\/strong> Estas cajas de regalo para d\u00e1tiles al por mayor son totalmente personalizables: desde los colores exteriores y la colocaci\u00f3n del logotipo hasta el forro interior y los detalles en l\u00e1mina, creando una soluci\u00f3n de envasado de marca completa que se alinea con su identidad de lujo.<\/p>\n\n\n\n<p><strong>Suministro al por mayor y capacidad de producci\u00f3n estable:<\/strong> Venta al por mayor directa de f\u00e1brica con plazos de entrega estables, para satisfacer la demanda estacional de Ramad\u00e1n de gran volumen y la log\u00edstica de exportaci\u00f3n mundial.<\/p>\n<\/div>\n\n\n\n<div class=\"wp-block-column is-layout-flow wp-block-column-is-layout-flow\">\n<figure class=\"wp-block-image size-full\"><img decoding=\"async\" width=\"2560\" height=\"2560\" src=\"https:\/\/www.yishengpack.com\/wp-content\/uploads\/2026\/02\/Customized-Printed-Logo-Magnetic-Closure-Gift-Boxes-Wholesale-Rigid-Dates-Packaging-Boxes-with-Dividers-2.webp\" alt=\"custom-magnetic-closure-rigid-boxes-bulk-dates-gift-boxes-2\" class=\"wp-image-3613\" srcset=\"https:\/\/www.yishengpack.com\/wp-content\/uploads\/2026\/02\/Customized-Printed-Logo-Magnetic-Closure-Gift-Boxes-Wholesale-Rigid-Dates-Packaging-Boxes-with-Dividers-2.webp 2560w, https:\/\/www.yishengpack.com\/wp-content\/uploads\/2026\/02\/Customized-Printed-Logo-Magnetic-Closure-Gift-Boxes-Wholesale-Rigid-Dates-Packaging-Boxes-with-Dividers-2-300x300.webp 300w, https:\/\/www.yishengpack.com\/wp-content\/uploads\/2026\/02\/Customized-Printed-Logo-Magnetic-Closure-Gift-Boxes-Wholesale-Rigid-Dates-Packaging-Boxes-with-Dividers-2-150x150.webp 150w, https:\/\/www.yishengpack.com\/wp-content\/uploads\/2026\/02\/Customized-Printed-Logo-Magnetic-Closure-Gift-Boxes-Wholesale-Rigid-Dates-Packaging-Boxes-with-Dividers-2-768x768.webp 768w, https:\/\/www.yishengpack.com\/wp-content\/uploads\/2026\/02\/Customized-Printed-Logo-Magnetic-Closure-Gift-Boxes-Wholesale-Rigid-Dates-Packaging-Boxes-with-Dividers-2-12x12.webp 12w, https:\/\/www.yishengpack.com\/wp-content\/uploads\/2026\/02\/Customized-Printed-Logo-Magnetic-Closure-Gift-Boxes-Wholesale-Rigid-Dates-Packaging-Boxes-with-Dividers-2-1200x1200.webp 1200w, https:\/\/www.yishengpack.com\/wp-content\/uploads\/2026\/02\/Customized-Printed-Logo-Magnetic-Closure-Gift-Boxes-Wholesale-Rigid-Dates-Packaging-Boxes-with-Dividers-2-600x600.webp 600w, https:\/\/www.yishengpack.com\/wp-content\/uploads\/2026\/02\/Customized-Printed-Logo-Magnetic-Closure-Gift-Boxes-Wholesale-Rigid-Dates-Packaging-Boxes-with-Dividers-2-100x100.webp 100w\" sizes=\"(max-width: 2560px) 100vw, 2560px\" \/><\/figure>\n<\/div>\n<\/div>\n\n\n\n<div class=\"wp-block-columns is-layout-flex wp-container-core-columns-is-layout-9d6595d7 wp-block-columns-is-layout-flex\">\n<div class=\"wp-block-column is-layout-flow wp-block-column-is-layout-flow\">\n<figure class=\"wp-block-image size-full\"><img decoding=\"async\" width=\"2560\" height=\"2560\" src=\"https:\/\/www.yishengpack.com\/wp-content\/uploads\/2026\/02\/Customized-Printed-Logo-Magnetic-Closure-Gift-Boxes-Wholesale-Rigid-Dates-Packaging-Boxes-with-Dividers-3.webp\" alt=\"custom-magnetic-closure-rigid-boxes-bulk-dates-gift-boxes-3\" class=\"wp-image-3614\" srcset=\"https:\/\/www.yishengpack.com\/wp-content\/uploads\/2026\/02\/Customized-Printed-Logo-Magnetic-Closure-Gift-Boxes-Wholesale-Rigid-Dates-Packaging-Boxes-with-Dividers-3.webp 2560w, https:\/\/www.yishengpack.com\/wp-content\/uploads\/2026\/02\/Customized-Printed-Logo-Magnetic-Closure-Gift-Boxes-Wholesale-Rigid-Dates-Packaging-Boxes-with-Dividers-3-300x300.webp 300w, https:\/\/www.yishengpack.com\/wp-content\/uploads\/2026\/02\/Customized-Printed-Logo-Magnetic-Closure-Gift-Boxes-Wholesale-Rigid-Dates-Packaging-Boxes-with-Dividers-3-150x150.webp 150w, https:\/\/www.yishengpack.com\/wp-content\/uploads\/2026\/02\/Customized-Printed-Logo-Magnetic-Closure-Gift-Boxes-Wholesale-Rigid-Dates-Packaging-Boxes-with-Dividers-3-768x768.webp 768w, https:\/\/www.yishengpack.com\/wp-content\/uploads\/2026\/02\/Customized-Printed-Logo-Magnetic-Closure-Gift-Boxes-Wholesale-Rigid-Dates-Packaging-Boxes-with-Dividers-3-12x12.webp 12w, https:\/\/www.yishengpack.com\/wp-content\/uploads\/2026\/02\/Customized-Printed-Logo-Magnetic-Closure-Gift-Boxes-Wholesale-Rigid-Dates-Packaging-Boxes-with-Dividers-3-1200x1200.webp 1200w, https:\/\/www.yishengpack.com\/wp-content\/uploads\/2026\/02\/Customized-Printed-Logo-Magnetic-Closure-Gift-Boxes-Wholesale-Rigid-Dates-Packaging-Boxes-with-Dividers-3-600x600.webp 600w, https:\/\/www.yishengpack.com\/wp-content\/uploads\/2026\/02\/Customized-Printed-Logo-Magnetic-Closure-Gift-Boxes-Wholesale-Rigid-Dates-Packaging-Boxes-with-Dividers-3-100x100.webp 100w\" sizes=\"(max-width: 2560px) 100vw, 2560px\" \/><\/figure>\n\n\n\n<div class=\"wp-block-buttons has-custom-font-size has-small-font-size is-content-justification-center is-layout-flex wp-container-core-buttons-is-layout-16018d1d wp-block-buttons-is-layout-flex\">\n<div class=\"wp-block-button has-custom-width wp-block-button__width-75\"><a class=\"wp-block-button__link has-background has-small-font-size has-custom-font-size wp-element-button\" href=\"https:\/\/www.yishengpack.com\/es\/custom-printed-box\/\" style=\"background:linear-gradient(135deg,rgb(254,205,165) 0%,rgb(254,45,45) 0%,rgb(94,15,15) 0%,rgb(94,15,15) 100%)\" target=\"_blank\" rel=\"noreferrer noopener\"><strong>Explorar las cajas impresas personalizadas<\/strong><\/a><\/div>\n<\/div>\n<\/div>\n\n\n\n<div class=\"wp-block-column is-layout-flow wp-block-column-is-layout-flow\">\n<figure class=\"wp-block-image size-full\"><img decoding=\"async\" width=\"2560\" height=\"2560\" src=\"https:\/\/www.yishengpack.com\/wp-content\/uploads\/2026\/02\/Customized-Printed-Logo-Magnetic-Closure-Gift-Boxes-Wholesale-Rigid-Dates-Packaging-Boxes-with-Dividers-5.webp\" alt=\"cajas r\u00edgidas con cierre magn\u00e9tico a medida-cajas-regalo-fechas-a-granel-5\" class=\"wp-image-3616\" srcset=\"https:\/\/www.yishengpack.com\/wp-content\/uploads\/2026\/02\/Customized-Printed-Logo-Magnetic-Closure-Gift-Boxes-Wholesale-Rigid-Dates-Packaging-Boxes-with-Dividers-5.webp 2560w, https:\/\/www.yishengpack.com\/wp-content\/uploads\/2026\/02\/Customized-Printed-Logo-Magnetic-Closure-Gift-Boxes-Wholesale-Rigid-Dates-Packaging-Boxes-with-Dividers-5-300x300.webp 300w, https:\/\/www.yishengpack.com\/wp-content\/uploads\/2026\/02\/Customized-Printed-Logo-Magnetic-Closure-Gift-Boxes-Wholesale-Rigid-Dates-Packaging-Boxes-with-Dividers-5-150x150.webp 150w, https:\/\/www.yishengpack.com\/wp-content\/uploads\/2026\/02\/Customized-Printed-Logo-Magnetic-Closure-Gift-Boxes-Wholesale-Rigid-Dates-Packaging-Boxes-with-Dividers-5-768x768.webp 768w, https:\/\/www.yishengpack.com\/wp-content\/uploads\/2026\/02\/Customized-Printed-Logo-Magnetic-Closure-Gift-Boxes-Wholesale-Rigid-Dates-Packaging-Boxes-with-Dividers-5-12x12.webp 12w, https:\/\/www.yishengpack.com\/wp-content\/uploads\/2026\/02\/Customized-Printed-Logo-Magnetic-Closure-Gift-Boxes-Wholesale-Rigid-Dates-Packaging-Boxes-with-Dividers-5-1200x1200.webp 1200w, https:\/\/www.yishengpack.com\/wp-content\/uploads\/2026\/02\/Customized-Printed-Logo-Magnetic-Closure-Gift-Boxes-Wholesale-Rigid-Dates-Packaging-Boxes-with-Dividers-5-600x600.webp 600w, https:\/\/www.yishengpack.com\/wp-content\/uploads\/2026\/02\/Customized-Printed-Logo-Magnetic-Closure-Gift-Boxes-Wholesale-Rigid-Dates-Packaging-Boxes-with-Dividers-5-100x100.webp 100w\" sizes=\"(max-width: 2560px) 100vw, 2560px\" \/><\/figure>\n\n\n\n<div class=\"wp-block-buttons has-custom-font-size has-small-font-size is-content-justification-center is-layout-flex wp-container-core-buttons-is-layout-16018d1d wp-block-buttons-is-layout-flex\">\n<div class=\"wp-block-button has-custom-width wp-block-button__width-75\"><a class=\"wp-block-button__link has-background has-small-font-size has-custom-font-size wp-element-button\" href=\"https:\/\/www.yishengpack.com\/es\/custom-box-inserts-accessories\/\" style=\"background:linear-gradient(135deg,rgb(254,205,165) 0%,rgb(254,45,45) 0%,rgb(94,15,15) 0%,rgb(94,15,15) 100%)\" target=\"_blank\" rel=\"noreferrer noopener\"><strong>Explorar los insertos personalizados para cajas<\/strong><\/a><\/div>\n<\/div>\n<\/div>\n<\/div>","protected":false},"excerpt":{"rendered":"<p>Bienvenido a comprar nuestras cajas r\u00edgidas con cierre magn\u00e9tico personalizadas, ideales para fechas rellenas de primera calidad y combos de regalos de lujo. Con una robusta estructura de cart\u00f3n r\u00edgido, bolsas de papel coordinadas y delicados forros de papel de seda, es una presentaci\u00f3n exquisita y una protecci\u00f3n fiable combinadas. Desde las dimensiones de la caja y las combinaciones de colores degradados hasta los logotipos estampados y las tarjetas a juego, es totalmente personalizable para mostrar su marca.<\/p>\n<h2>Aspectos destacados de las cajas r\u00edgidas con cierre magn\u00e9tico a medida<\/h2>\n<ul>\n<li>Servicio completo de dise\u00f1o personalizado<\/li>\n<li>Cierre magn\u00e9tico de alta calidad<\/li>\n<li>Insertos personalizables para compartimentos<\/li>\n<li>Construcci\u00f3n duradera de cart\u00f3n r\u00edgido<\/li>\n<li>Materiales reciclables respetuosos con el medio ambiente<\/li>\n<li>Gran variedad de colores y tama\u00f1os<\/li>\n<li>Cajas y bolsas a juego<\/li>\n<li>MOQ bajo para pedidos personalizados<\/li>\n<\/ul>\n<p>&nbsp;<\/p>","protected":false},"featured_media":3612,"comment_status":"closed","ping_status":"closed","template":"","meta":{"_acf_changed":false},"box-type":[54,57],"product_brand":[],"product_cat":[19,41,68],"product_tag":[],"class_list":{"0":"post-3611","1":"product","2":"type-product","3":"status-publish","4":"has-post-thumbnail","6":"box-type-custom-magnetic-closure-boxes","7":"box-type-custom-rigid-box-with-lid","8":"product_cat-luxury-gift-boxes-wholesale","9":"product_cat-candy-gift-boxes-wholesale","10":"product_cat-custom-dates-box","12":"first","13":"instock","14":"shipping-taxable","15":"product-type-simple"},"acf":[],"_links":{"self":[{"href":"https:\/\/www.yishengpack.com\/es\/wp-json\/wp\/v2\/product\/3611","targetHints":{"allow":["GET"]}}],"collection":[{"href":"https:\/\/www.yishengpack.com\/es\/wp-json\/wp\/v2\/product"}],"about":[{"href":"https:\/\/www.yishengpack.com\/es\/wp-json\/wp\/v2\/types\/product"}],"replies":[{"embeddable":true,"href":"https:\/\/www.yishengpack.com\/es\/wp-json\/wp\/v2\/comments?post=3611"}],"wp:featuredmedia":[{"embeddable":true,"href":"https:\/\/www.yishengpack.com\/es\/wp-json\/wp\/v2\/media\/3612"}],"wp:attachment":[{"href":"https:\/\/www.yishengpack.com\/es\/wp-json\/wp\/v2\/media?parent=3611"}],"wp:term":[{"taxonomy":"box-type","embeddable":true,"href":"https:\/\/www.yishengpack.com\/es\/wp-json\/wp\/v2\/box-type?post=3611"},{"taxonomy":"product_brand","embeddable":true,"href":"https:\/\/www.yishengpack.com\/es\/wp-json\/wp\/v2\/product_brand?post=3611"},{"taxonomy":"product_cat","embeddable":true,"href":"https:\/\/www.yishengpack.com\/es\/wp-json\/wp\/v2\/product_cat?post=3611"},{"taxonomy":"product_tag","embeddable":true,"href":"https:\/\/www.yishengpack.com\/es\/wp-json\/wp\/v2\/product_tag?post=3611"}],"curies":[{"name":"wp","href":"https:\/\/api.w.org\/{rel}","templated":true}]}}