{"id":3602,"date":"2026-02-25T06:50:36","date_gmt":"2026-02-25T06:50:36","guid":{"rendered":"https:\/\/www.yishengpack.com\/?post_type=product&#038;p=3602"},"modified":"2026-02-25T06:50:37","modified_gmt":"2026-02-25T06:50:37","slug":"custom-lid-and-base-gift-box","status":"publish","type":"product","link":"https:\/\/www.yishengpack.com\/es\/producto\/custom-lid-and-base-gift-box\/","title":{"rendered":"Caja de regalo con tapa y base personalizadas, caja r\u00edgida para embalaje de fechas a granel"},"content":{"rendered":"<div class=\"wp-block-columns is-layout-flex wp-container-core-columns-is-layout-9d6595d7 wp-block-columns-is-layout-flex\">\n<div class=\"wp-block-column is-layout-flow wp-block-column-is-layout-flow\">\n<h3 class=\"wp-block-heading\">Features of Custom Lid and Base Gift Box<\/h3>\n\n\n\n<p><strong>Premium Lid-and-Base Rigid Structure:<\/strong> These custom lid and base gift boxes feature a sturdy lid-and-base construction, offering a sleek, structured silhouette that delivers a refined, high-end unboxing experience for premium dates and gourmet treats.<\/p>\n\n\n\n<p><strong>Bandejas personalizables con compartimentos aptos para alimentos:<\/strong> These custom lid and base gift boxes can be fitted with a tailored food-safe inner tray, with customizable compartment sizes to securely hold stuffed dates, chocolates, or confections while keeping them neatly organized and protected.<\/p>\n\n\n\n<p><strong>Rigid Paperboard for Durable Luxury:<\/strong> Crafted from thick, rigid paperboard, these custom lid and base gift boxes maintain a firm, elegant shape that elevates the perceived value of your products, ensuring a luxurious presentation from shelf to recipient.<\/p>\n\n\n\n<p><strong>Tama\u00f1o vers\u00e1til para surtidos:<\/strong> These rigid dates packaging boxes wholesale are available in multiple dimensions, from compact 6-piece sets to large 24-piece trays, these luxury gift boxes accommodate everything from intimate personal gifts to elaborate corporate gifting assortments.<\/p>\n\n\n\n<p><strong>Personalizaci\u00f3n completa de la marca y el dise\u00f1o:<\/strong> These rigid dates packaging boxes wholesale is fully customizable: from exterior colors and logo placement to interior lining and foil accents, creating a fully branded packaging solution that aligns with your luxury identity.<\/p>\n\n\n\n<p><strong>Flexible MOQ &amp; OEM\/ODM Service:<\/strong> Supports wholesale orders with competitive factory pricing. Professional OEM\/ODM service for brand owners and packaging distributors.<\/p>\n<\/div>\n\n\n\n<div class=\"wp-block-column is-layout-flow wp-block-column-is-layout-flow\">\n<figure class=\"wp-block-image size-full\"><img decoding=\"async\" width=\"2048\" height=\"2048\" src=\"https:\/\/www.yishengpack.com\/wp-content\/uploads\/2026\/02\/Premium-Customized-Luxury-Gift-Boxes-with-Logo-Wholesale-Rigid-Lid-and-Base-Dates-Packaging-Boxes-2.webp\" alt=\"custom-lid-and-base-gift-box-rigid-dates-packaging-box-bulk-2\" class=\"wp-image-3604\" srcset=\"https:\/\/www.yishengpack.com\/wp-content\/uploads\/2026\/02\/Premium-Customized-Luxury-Gift-Boxes-with-Logo-Wholesale-Rigid-Lid-and-Base-Dates-Packaging-Boxes-2.webp 2048w, https:\/\/www.yishengpack.com\/wp-content\/uploads\/2026\/02\/Premium-Customized-Luxury-Gift-Boxes-with-Logo-Wholesale-Rigid-Lid-and-Base-Dates-Packaging-Boxes-2-300x300.webp 300w, https:\/\/www.yishengpack.com\/wp-content\/uploads\/2026\/02\/Premium-Customized-Luxury-Gift-Boxes-with-Logo-Wholesale-Rigid-Lid-and-Base-Dates-Packaging-Boxes-2-150x150.webp 150w, https:\/\/www.yishengpack.com\/wp-content\/uploads\/2026\/02\/Premium-Customized-Luxury-Gift-Boxes-with-Logo-Wholesale-Rigid-Lid-and-Base-Dates-Packaging-Boxes-2-768x768.webp 768w, https:\/\/www.yishengpack.com\/wp-content\/uploads\/2026\/02\/Premium-Customized-Luxury-Gift-Boxes-with-Logo-Wholesale-Rigid-Lid-and-Base-Dates-Packaging-Boxes-2-12x12.webp 12w, https:\/\/www.yishengpack.com\/wp-content\/uploads\/2026\/02\/Premium-Customized-Luxury-Gift-Boxes-with-Logo-Wholesale-Rigid-Lid-and-Base-Dates-Packaging-Boxes-2-1200x1200.webp 1200w, https:\/\/www.yishengpack.com\/wp-content\/uploads\/2026\/02\/Premium-Customized-Luxury-Gift-Boxes-with-Logo-Wholesale-Rigid-Lid-and-Base-Dates-Packaging-Boxes-2-600x600.webp 600w, https:\/\/www.yishengpack.com\/wp-content\/uploads\/2026\/02\/Premium-Customized-Luxury-Gift-Boxes-with-Logo-Wholesale-Rigid-Lid-and-Base-Dates-Packaging-Boxes-2-100x100.webp 100w\" sizes=\"(max-width: 2048px) 100vw, 2048px\" \/><\/figure>\n<\/div>\n<\/div>\n\n\n\n<div class=\"wp-block-columns is-layout-flex wp-container-core-columns-is-layout-9d6595d7 wp-block-columns-is-layout-flex\">\n<div class=\"wp-block-column is-layout-flow wp-block-column-is-layout-flow\">\n<figure class=\"wp-block-image size-full\"><img decoding=\"async\" width=\"2048\" height=\"2048\" src=\"https:\/\/www.yishengpack.com\/wp-content\/uploads\/2026\/02\/Premium-Customized-Luxury-Gift-Boxes-with-Logo-Wholesale-Rigid-Lid-and-Base-Dates-Packaging-Boxes-5.webp\" alt=\"custom-lid-and-base-gift-box-rigid-dates-packaging-box-bulk-5\" class=\"wp-image-3607\" srcset=\"https:\/\/www.yishengpack.com\/wp-content\/uploads\/2026\/02\/Premium-Customized-Luxury-Gift-Boxes-with-Logo-Wholesale-Rigid-Lid-and-Base-Dates-Packaging-Boxes-5.webp 2048w, https:\/\/www.yishengpack.com\/wp-content\/uploads\/2026\/02\/Premium-Customized-Luxury-Gift-Boxes-with-Logo-Wholesale-Rigid-Lid-and-Base-Dates-Packaging-Boxes-5-300x300.webp 300w, https:\/\/www.yishengpack.com\/wp-content\/uploads\/2026\/02\/Premium-Customized-Luxury-Gift-Boxes-with-Logo-Wholesale-Rigid-Lid-and-Base-Dates-Packaging-Boxes-5-150x150.webp 150w, https:\/\/www.yishengpack.com\/wp-content\/uploads\/2026\/02\/Premium-Customized-Luxury-Gift-Boxes-with-Logo-Wholesale-Rigid-Lid-and-Base-Dates-Packaging-Boxes-5-768x768.webp 768w, https:\/\/www.yishengpack.com\/wp-content\/uploads\/2026\/02\/Premium-Customized-Luxury-Gift-Boxes-with-Logo-Wholesale-Rigid-Lid-and-Base-Dates-Packaging-Boxes-5-12x12.webp 12w, https:\/\/www.yishengpack.com\/wp-content\/uploads\/2026\/02\/Premium-Customized-Luxury-Gift-Boxes-with-Logo-Wholesale-Rigid-Lid-and-Base-Dates-Packaging-Boxes-5-1200x1200.webp 1200w, https:\/\/www.yishengpack.com\/wp-content\/uploads\/2026\/02\/Premium-Customized-Luxury-Gift-Boxes-with-Logo-Wholesale-Rigid-Lid-and-Base-Dates-Packaging-Boxes-5-600x600.webp 600w, https:\/\/www.yishengpack.com\/wp-content\/uploads\/2026\/02\/Premium-Customized-Luxury-Gift-Boxes-with-Logo-Wholesale-Rigid-Lid-and-Base-Dates-Packaging-Boxes-5-100x100.webp 100w\" sizes=\"(max-width: 2048px) 100vw, 2048px\" \/><\/figure>\n\n\n\n<div class=\"wp-block-buttons has-custom-font-size has-small-font-size is-content-justification-center is-layout-flex wp-container-core-buttons-is-layout-16018d1d wp-block-buttons-is-layout-flex\">\n<div class=\"wp-block-button has-custom-width wp-block-button__width-75\"><a class=\"wp-block-button__link has-background has-small-font-size has-custom-font-size wp-element-button\" href=\"https:\/\/www.yishengpack.com\/es\/custom-printed-box\/\" style=\"background:linear-gradient(135deg,rgb(254,205,165) 0%,rgb(254,45,45) 0%,rgb(94,15,15) 0%,rgb(94,15,15) 100%)\" target=\"_blank\" rel=\"noreferrer noopener\"><strong>Explorar las cajas impresas personalizadas<\/strong><\/a><\/div>\n<\/div>\n<\/div>\n\n\n\n<div class=\"wp-block-column is-layout-flow wp-block-column-is-layout-flow\">\n<figure class=\"wp-block-image size-full\"><img decoding=\"async\" width=\"2048\" height=\"2048\" src=\"https:\/\/www.yishengpack.com\/wp-content\/uploads\/2026\/02\/Premium-Customized-Luxury-Gift-Boxes-with-Logo-Wholesale-Rigid-Lid-and-Base-Dates-Packaging-Boxes-6.webp\" alt=\"custom-lid-and-base-gift-box-rigid-dates-packaging-box-bulk-6\" class=\"wp-image-3608\" srcset=\"https:\/\/www.yishengpack.com\/wp-content\/uploads\/2026\/02\/Premium-Customized-Luxury-Gift-Boxes-with-Logo-Wholesale-Rigid-Lid-and-Base-Dates-Packaging-Boxes-6.webp 2048w, https:\/\/www.yishengpack.com\/wp-content\/uploads\/2026\/02\/Premium-Customized-Luxury-Gift-Boxes-with-Logo-Wholesale-Rigid-Lid-and-Base-Dates-Packaging-Boxes-6-300x300.webp 300w, https:\/\/www.yishengpack.com\/wp-content\/uploads\/2026\/02\/Premium-Customized-Luxury-Gift-Boxes-with-Logo-Wholesale-Rigid-Lid-and-Base-Dates-Packaging-Boxes-6-150x150.webp 150w, https:\/\/www.yishengpack.com\/wp-content\/uploads\/2026\/02\/Premium-Customized-Luxury-Gift-Boxes-with-Logo-Wholesale-Rigid-Lid-and-Base-Dates-Packaging-Boxes-6-768x768.webp 768w, https:\/\/www.yishengpack.com\/wp-content\/uploads\/2026\/02\/Premium-Customized-Luxury-Gift-Boxes-with-Logo-Wholesale-Rigid-Lid-and-Base-Dates-Packaging-Boxes-6-12x12.webp 12w, https:\/\/www.yishengpack.com\/wp-content\/uploads\/2026\/02\/Premium-Customized-Luxury-Gift-Boxes-with-Logo-Wholesale-Rigid-Lid-and-Base-Dates-Packaging-Boxes-6-1200x1200.webp 1200w, https:\/\/www.yishengpack.com\/wp-content\/uploads\/2026\/02\/Premium-Customized-Luxury-Gift-Boxes-with-Logo-Wholesale-Rigid-Lid-and-Base-Dates-Packaging-Boxes-6-600x600.webp 600w, https:\/\/www.yishengpack.com\/wp-content\/uploads\/2026\/02\/Premium-Customized-Luxury-Gift-Boxes-with-Logo-Wholesale-Rigid-Lid-and-Base-Dates-Packaging-Boxes-6-100x100.webp 100w\" sizes=\"(max-width: 2048px) 100vw, 2048px\" \/><\/figure>\n\n\n\n<div class=\"wp-block-buttons has-custom-font-size has-small-font-size is-content-justification-center is-layout-flex wp-container-core-buttons-is-layout-16018d1d wp-block-buttons-is-layout-flex\">\n<div class=\"wp-block-button has-custom-width wp-block-button__width-75\"><a class=\"wp-block-button__link has-background has-small-font-size has-custom-font-size wp-element-button\" href=\"https:\/\/www.yishengpack.com\/es\/custom-product-boxes-types\/\" style=\"background:linear-gradient(135deg,rgb(254,205,165) 0%,rgb(254,45,45) 0%,rgb(94,15,15) 0%,rgb(94,15,15) 100%)\" target=\"_blank\" rel=\"noreferrer noopener\"><strong>Explora los tipos de cajas personalizadas<\/strong><\/a><\/div>\n<\/div>\n<\/div>\n<\/div>","protected":false},"excerpt":{"rendered":"<p>Bienvenido a comprar nuestras cajas de regalo con tapa y base personalizadas con logotipo, que son una soluci\u00f3n premium de envasado de d\u00e1tiles r\u00edgidos dise\u00f1ada para mayoristas, importadores y marcas blancas. Estas cajas de embalaje de d\u00e1tiles r\u00edgidos al por mayor, con una construcci\u00f3n duradera de dos piezas, tama\u00f1os personalizables y opciones de acabado de logotipo de gama alta, como estampaci\u00f3n y gofrado, mejoran el valor del producto y la visibilidad de la marca. Nuestro servicio de embalaje OEM garantiza precios competitivos, MOQ flexibles y una producci\u00f3n a granel fiable para la exportaci\u00f3n mundial.<\/p>\n<h2>Aspectos destacados de la caja de regalo con tapa y base personalizadas<\/h2>\n<ul>\n<li>Unboxing de lujo<\/li>\n<li>Servicio completo de dise\u00f1o personalizado<\/li>\n<li>Materiales ecol\u00f3gicos<\/li>\n<li>Artesan\u00eda exquisita<\/li>\n<li>M\u00faltiples opciones de tama\u00f1o y compartimentos<\/li>\n<li>Amplia variedad de colores<\/li>\n<li>Ideal for Ramadan &amp; Gifting Occasions<\/li>\n<\/ul>\n<p>&nbsp;<\/p>\n<p>&nbsp;<\/p>","protected":false},"featured_media":3603,"comment_status":"closed","ping_status":"closed","template":"","meta":{"_acf_changed":false},"box-type":[55,57,61],"product_brand":[],"product_cat":[19,41,68,46,33,44],"product_tag":[],"class_list":{"0":"post-3602","1":"product","2":"type-product","3":"status-publish","4":"has-post-thumbnail","6":"box-type-custom-foldable-boxes","7":"box-type-custom-rigid-box-with-lid","8":"box-type-custom-two-piece-boxes","9":"product_cat-luxury-gift-boxes-wholesale","10":"product_cat-candy-gift-boxes-wholesale","11":"product_cat-custom-dates-box","12":"product_cat-wholesale-paper-boxes","13":"product_cat-food-packaging-boxes-wholesale","14":"product_cat-custom-snack-box","16":"first","17":"instock","18":"shipping-taxable","19":"product-type-simple"},"acf":[],"_links":{"self":[{"href":"https:\/\/www.yishengpack.com\/es\/wp-json\/wp\/v2\/product\/3602","targetHints":{"allow":["GET"]}}],"collection":[{"href":"https:\/\/www.yishengpack.com\/es\/wp-json\/wp\/v2\/product"}],"about":[{"href":"https:\/\/www.yishengpack.com\/es\/wp-json\/wp\/v2\/types\/product"}],"replies":[{"embeddable":true,"href":"https:\/\/www.yishengpack.com\/es\/wp-json\/wp\/v2\/comments?post=3602"}],"wp:featuredmedia":[{"embeddable":true,"href":"https:\/\/www.yishengpack.com\/es\/wp-json\/wp\/v2\/media\/3603"}],"wp:attachment":[{"href":"https:\/\/www.yishengpack.com\/es\/wp-json\/wp\/v2\/media?parent=3602"}],"wp:term":[{"taxonomy":"box-type","embeddable":true,"href":"https:\/\/www.yishengpack.com\/es\/wp-json\/wp\/v2\/box-type?post=3602"},{"taxonomy":"product_brand","embeddable":true,"href":"https:\/\/www.yishengpack.com\/es\/wp-json\/wp\/v2\/product_brand?post=3602"},{"taxonomy":"product_cat","embeddable":true,"href":"https:\/\/www.yishengpack.com\/es\/wp-json\/wp\/v2\/product_cat?post=3602"},{"taxonomy":"product_tag","embeddable":true,"href":"https:\/\/www.yishengpack.com\/es\/wp-json\/wp\/v2\/product_tag?post=3602"}],"curies":[{"name":"wp","href":"https:\/\/api.w.org\/{rel}","templated":true}]}}