{"id":3594,"date":"2026-02-25T03:40:53","date_gmt":"2026-02-25T03:40:53","guid":{"rendered":"https:\/\/www.yishengpack.com\/?post_type=product&#038;p=3594"},"modified":"2026-02-25T03:40:55","modified_gmt":"2026-02-25T03:40:55","slug":"custom-luxury-gift-box","status":"publish","type":"product","link":"https:\/\/www.yishengpack.com\/es\/producto\/custom-luxury-gift-box\/","title":{"rendered":"Cajas de regalo de lujo personalizadas, Cajas magn\u00e9ticas para d\u00e1tiles al por mayor"},"content":{"rendered":"<div class=\"wp-block-columns is-layout-flex wp-container-core-columns-is-layout-9d6595d7 wp-block-columns-is-layout-flex\">\n<div class=\"wp-block-column is-layout-flow wp-block-column-is-layout-flow\">\n<h3 class=\"wp-block-heading\">Caracter\u00edsticas de las cajas de regalo de lujo personalizadas<\/h3>\n\n\n\n<p><strong>Cierre magn\u00e9tico de alta calidad: <\/strong>Estas cajas de regalo de lujo personalizadas cuentan con un cierre magn\u00e9tico suave, que ofrece una experiencia de apertura refinada y satisfactoria, ideal para citas de primera calidad, caprichos gourmet y ocasiones especiales para regalar.<\/p>\n\n\n\n<p><strong>Bandejas personalizables con compartimentos aptos para alimentos:<\/strong> Estas cajas de regalo de lujo personalizadas pueden equiparse con una bandeja interior a medida apta para alimentos, con compartimentos de tama\u00f1os personalizables para guardar de forma segura d\u00e1tiles rellenos, bombones o dulces y mantenerlos bien organizados.<\/p>\n\n\n\n<p><strong>Estructura r\u00edgida para una presentaci\u00f3n duradera: <\/strong>Fabricadas con cart\u00f3n grueso y r\u00edgido, estas cajas magn\u00e9ticas para d\u00e1tiles al por mayor mantienen una forma firme y elegante que eleva el valor percibido de sus productos, garantizando una presentaci\u00f3n de lujo desde la estanter\u00eda hasta el destinatario.<\/p>\n\n\n\n<p><strong>Paletas de colores atemporales para el lujo: <\/strong>Estas cajas de regalo de lujo personalizadas se ofrecen en tonos ricos y atemporales (marfil, oro, rojo oscuro, azul marino, carb\u00f3n). Estas cajas ofrecen una est\u00e9tica sofisticada y de alta gama que complementa los productos de primera calidad y las ocasiones especiales.<\/p>\n\n\n\n<p><strong>Personalizaci\u00f3n completa de la marca y el dise\u00f1o:<\/strong> Estas cajas magn\u00e9ticas para d\u00e1tiles al por mayor son totalmente personalizables, desde los colores exteriores y la colocaci\u00f3n del logotipo hasta el forro interior y los adornos de l\u00e1mina, lo que da como resultado una soluci\u00f3n de envasado totalmente personalizada que se adapta a su identidad de lujo.<\/p>\n\n\n\n<p><strong>Venta al por mayor y asistencia OEM\/ODM:<\/strong> Estas cajas de regalo de lujo personalizadas ofrecen precios directos de f\u00e1brica para pedidos al por mayor con MOQ flexibles. Los servicios completos de OEM\/ODM permiten personalizar la marca, el dise\u00f1o estructural y el desarrollo de embalajes para importadores y distribuidores de todo el mundo.<\/p>\n<\/div>\n\n\n\n<div class=\"wp-block-column is-layout-flow wp-block-column-is-layout-flow\">\n<figure class=\"wp-block-image size-full\"><img decoding=\"async\" width=\"2048\" height=\"2048\" src=\"https:\/\/www.yishengpack.com\/wp-content\/uploads\/2026\/02\/Custom-Luxury-Gift-Boxes-with-Inserts-Wholesale-Bulk-Magnetic-Dates-Cake-Packaging-Boxes-2.webp\" alt=\"cajas-regalo-de-lujo-a-la-medida-con-insertos-mayoristas-fechas-magn\u00e9ticas-cajas-para-embalaje-de-tartas-2\" class=\"wp-image-3596\" srcset=\"https:\/\/www.yishengpack.com\/wp-content\/uploads\/2026\/02\/Custom-Luxury-Gift-Boxes-with-Inserts-Wholesale-Bulk-Magnetic-Dates-Cake-Packaging-Boxes-2.webp 2048w, https:\/\/www.yishengpack.com\/wp-content\/uploads\/2026\/02\/Custom-Luxury-Gift-Boxes-with-Inserts-Wholesale-Bulk-Magnetic-Dates-Cake-Packaging-Boxes-2-300x300.webp 300w, https:\/\/www.yishengpack.com\/wp-content\/uploads\/2026\/02\/Custom-Luxury-Gift-Boxes-with-Inserts-Wholesale-Bulk-Magnetic-Dates-Cake-Packaging-Boxes-2-150x150.webp 150w, https:\/\/www.yishengpack.com\/wp-content\/uploads\/2026\/02\/Custom-Luxury-Gift-Boxes-with-Inserts-Wholesale-Bulk-Magnetic-Dates-Cake-Packaging-Boxes-2-768x768.webp 768w, https:\/\/www.yishengpack.com\/wp-content\/uploads\/2026\/02\/Custom-Luxury-Gift-Boxes-with-Inserts-Wholesale-Bulk-Magnetic-Dates-Cake-Packaging-Boxes-2-12x12.webp 12w, https:\/\/www.yishengpack.com\/wp-content\/uploads\/2026\/02\/Custom-Luxury-Gift-Boxes-with-Inserts-Wholesale-Bulk-Magnetic-Dates-Cake-Packaging-Boxes-2-1200x1200.webp 1200w, https:\/\/www.yishengpack.com\/wp-content\/uploads\/2026\/02\/Custom-Luxury-Gift-Boxes-with-Inserts-Wholesale-Bulk-Magnetic-Dates-Cake-Packaging-Boxes-2-600x600.webp 600w, https:\/\/www.yishengpack.com\/wp-content\/uploads\/2026\/02\/Custom-Luxury-Gift-Boxes-with-Inserts-Wholesale-Bulk-Magnetic-Dates-Cake-Packaging-Boxes-2-100x100.webp 100w\" sizes=\"(max-width: 2048px) 100vw, 2048px\" \/><\/figure>\n<\/div>\n<\/div>\n\n\n\n<div class=\"wp-block-columns is-layout-flex wp-container-core-columns-is-layout-9d6595d7 wp-block-columns-is-layout-flex\">\n<div class=\"wp-block-column is-layout-flow wp-block-column-is-layout-flow\">\n<figure class=\"wp-block-image size-full\"><img decoding=\"async\" width=\"2048\" height=\"2048\" src=\"https:\/\/www.yishengpack.com\/wp-content\/uploads\/2026\/02\/Custom-Luxury-Gift-Boxes-with-Inserts-Wholesale-Bulk-Magnetic-Dates-Cake-Packaging-Boxes-7.webp\" alt=\"cajas-regalo-de-lujo-mayoristas-cajas-fechas-magn\u00e9ticas-7\" class=\"wp-image-3601\" srcset=\"https:\/\/www.yishengpack.com\/wp-content\/uploads\/2026\/02\/Custom-Luxury-Gift-Boxes-with-Inserts-Wholesale-Bulk-Magnetic-Dates-Cake-Packaging-Boxes-7.webp 2048w, https:\/\/www.yishengpack.com\/wp-content\/uploads\/2026\/02\/Custom-Luxury-Gift-Boxes-with-Inserts-Wholesale-Bulk-Magnetic-Dates-Cake-Packaging-Boxes-7-300x300.webp 300w, https:\/\/www.yishengpack.com\/wp-content\/uploads\/2026\/02\/Custom-Luxury-Gift-Boxes-with-Inserts-Wholesale-Bulk-Magnetic-Dates-Cake-Packaging-Boxes-7-150x150.webp 150w, https:\/\/www.yishengpack.com\/wp-content\/uploads\/2026\/02\/Custom-Luxury-Gift-Boxes-with-Inserts-Wholesale-Bulk-Magnetic-Dates-Cake-Packaging-Boxes-7-768x768.webp 768w, https:\/\/www.yishengpack.com\/wp-content\/uploads\/2026\/02\/Custom-Luxury-Gift-Boxes-with-Inserts-Wholesale-Bulk-Magnetic-Dates-Cake-Packaging-Boxes-7-12x12.webp 12w, https:\/\/www.yishengpack.com\/wp-content\/uploads\/2026\/02\/Custom-Luxury-Gift-Boxes-with-Inserts-Wholesale-Bulk-Magnetic-Dates-Cake-Packaging-Boxes-7-1200x1200.webp 1200w, https:\/\/www.yishengpack.com\/wp-content\/uploads\/2026\/02\/Custom-Luxury-Gift-Boxes-with-Inserts-Wholesale-Bulk-Magnetic-Dates-Cake-Packaging-Boxes-7-600x600.webp 600w, https:\/\/www.yishengpack.com\/wp-content\/uploads\/2026\/02\/Custom-Luxury-Gift-Boxes-with-Inserts-Wholesale-Bulk-Magnetic-Dates-Cake-Packaging-Boxes-7-100x100.webp 100w\" sizes=\"(max-width: 2048px) 100vw, 2048px\" \/><\/figure>\n\n\n\n<div class=\"wp-block-buttons has-custom-font-size has-small-font-size is-content-justification-center is-layout-flex wp-container-core-buttons-is-layout-16018d1d wp-block-buttons-is-layout-flex\">\n<div class=\"wp-block-button has-custom-width wp-block-button__width-75\"><a class=\"wp-block-button__link has-background has-small-font-size has-custom-font-size wp-element-button\" href=\"https:\/\/www.yishengpack.com\/es\/custom-printed-box\/\" style=\"background:linear-gradient(135deg,rgb(254,205,165) 0%,rgb(254,45,45) 0%,rgb(94,15,15) 0%,rgb(94,15,15) 100%)\" target=\"_blank\" rel=\"noreferrer noopener\"><strong>Explorar las cajas impresas personalizadas<\/strong><\/a><\/div>\n<\/div>\n<\/div>\n\n\n\n<div class=\"wp-block-column is-layout-flow wp-block-column-is-layout-flow\">\n<figure class=\"wp-block-image size-full\"><img decoding=\"async\" width=\"2048\" height=\"2048\" src=\"https:\/\/www.yishengpack.com\/wp-content\/uploads\/2026\/02\/Custom-Luxury-Gift-Boxes-with-Inserts-Wholesale-Bulk-Magnetic-Dates-Cake-Packaging-Boxes-5.webp\" alt=\"cajas-regalo-de-lujo-mayoristas-cajas-fechas-magn\u00e9ticas-5\" class=\"wp-image-3599\" srcset=\"https:\/\/www.yishengpack.com\/wp-content\/uploads\/2026\/02\/Custom-Luxury-Gift-Boxes-with-Inserts-Wholesale-Bulk-Magnetic-Dates-Cake-Packaging-Boxes-5.webp 2048w, https:\/\/www.yishengpack.com\/wp-content\/uploads\/2026\/02\/Custom-Luxury-Gift-Boxes-with-Inserts-Wholesale-Bulk-Magnetic-Dates-Cake-Packaging-Boxes-5-300x300.webp 300w, https:\/\/www.yishengpack.com\/wp-content\/uploads\/2026\/02\/Custom-Luxury-Gift-Boxes-with-Inserts-Wholesale-Bulk-Magnetic-Dates-Cake-Packaging-Boxes-5-150x150.webp 150w, https:\/\/www.yishengpack.com\/wp-content\/uploads\/2026\/02\/Custom-Luxury-Gift-Boxes-with-Inserts-Wholesale-Bulk-Magnetic-Dates-Cake-Packaging-Boxes-5-768x768.webp 768w, https:\/\/www.yishengpack.com\/wp-content\/uploads\/2026\/02\/Custom-Luxury-Gift-Boxes-with-Inserts-Wholesale-Bulk-Magnetic-Dates-Cake-Packaging-Boxes-5-12x12.webp 12w, https:\/\/www.yishengpack.com\/wp-content\/uploads\/2026\/02\/Custom-Luxury-Gift-Boxes-with-Inserts-Wholesale-Bulk-Magnetic-Dates-Cake-Packaging-Boxes-5-1200x1200.webp 1200w, https:\/\/www.yishengpack.com\/wp-content\/uploads\/2026\/02\/Custom-Luxury-Gift-Boxes-with-Inserts-Wholesale-Bulk-Magnetic-Dates-Cake-Packaging-Boxes-5-600x600.webp 600w, https:\/\/www.yishengpack.com\/wp-content\/uploads\/2026\/02\/Custom-Luxury-Gift-Boxes-with-Inserts-Wholesale-Bulk-Magnetic-Dates-Cake-Packaging-Boxes-5-100x100.webp 100w\" sizes=\"(max-width: 2048px) 100vw, 2048px\" \/><\/figure>\n\n\n\n<div class=\"wp-block-buttons has-custom-font-size has-small-font-size is-content-justification-center is-layout-flex wp-container-core-buttons-is-layout-16018d1d wp-block-buttons-is-layout-flex\">\n<div class=\"wp-block-button has-custom-width wp-block-button__width-75\"><a class=\"wp-block-button__link has-background has-small-font-size has-custom-font-size wp-element-button\" href=\"https:\/\/www.yishengpack.com\/es\/custom-box-inserts-accessories\/\" style=\"background:linear-gradient(135deg,rgb(254,205,165) 0%,rgb(254,45,45) 0%,rgb(94,15,15) 0%,rgb(94,15,15) 100%)\" target=\"_blank\" rel=\"noreferrer noopener\"><strong>Explorar los insertos personalizados para cajas<\/strong><\/a><\/div>\n<\/div>\n<\/div>\n<\/div>","protected":false},"excerpt":{"rendered":"<p>Bienvenido a comprar nuestras cajas de regalo de lujo personalizadas, perfectas para fechas rellenas, confiter\u00eda premium y golosinas gourmet. Con un cierre magn\u00e9tico seguro, bandejas compartimentadas a medida y refinados motivos bot\u00e1nicos, es sofisticaci\u00f3n y practicidad combinadas. Desde el tama\u00f1o y los colores hasta los logotipos y motivos decorativos, es totalmente personalizable para adaptarse a su marca.<\/p>\n<h2>Aspectos destacados de las cajas de regalo de lujo personalizadas<\/h2>\n<ul>\n<li>Cierre magn\u00e9tico seguro<\/li>\n<li>Personalizaci\u00f3n de alta gama<\/li>\n<li>Cart\u00f3n r\u00edgido de alta calidad<\/li>\n<li>Procesos de impresi\u00f3n sofisticados<\/li>\n<li>M\u00faltiples estilos de cajas de regalo<\/li>\n<li>Impresi\u00f3n en color de alta calidad<\/li>\n<li>Insertos personalizables para compartimentos<\/li>\n<li>Vers\u00e1til para d\u00e1tiles, chocolates y confiter\u00eda<\/li>\n<\/ul>\n<p>&nbsp;<\/p>","protected":false},"featured_media":3595,"comment_status":"closed","ping_status":"closed","template":"","meta":{"_acf_changed":false},"box-type":[54,57],"product_brand":[],"product_cat":[19,41,68],"product_tag":[],"class_list":{"0":"post-3594","1":"product","2":"type-product","3":"status-publish","4":"has-post-thumbnail","6":"box-type-custom-magnetic-closure-boxes","7":"box-type-custom-rigid-box-with-lid","8":"product_cat-luxury-gift-boxes-wholesale","9":"product_cat-candy-gift-boxes-wholesale","10":"product_cat-custom-dates-box","12":"first","13":"instock","14":"shipping-taxable","15":"product-type-simple"},"acf":[],"_links":{"self":[{"href":"https:\/\/www.yishengpack.com\/es\/wp-json\/wp\/v2\/product\/3594","targetHints":{"allow":["GET"]}}],"collection":[{"href":"https:\/\/www.yishengpack.com\/es\/wp-json\/wp\/v2\/product"}],"about":[{"href":"https:\/\/www.yishengpack.com\/es\/wp-json\/wp\/v2\/types\/product"}],"replies":[{"embeddable":true,"href":"https:\/\/www.yishengpack.com\/es\/wp-json\/wp\/v2\/comments?post=3594"}],"wp:featuredmedia":[{"embeddable":true,"href":"https:\/\/www.yishengpack.com\/es\/wp-json\/wp\/v2\/media\/3595"}],"wp:attachment":[{"href":"https:\/\/www.yishengpack.com\/es\/wp-json\/wp\/v2\/media?parent=3594"}],"wp:term":[{"taxonomy":"box-type","embeddable":true,"href":"https:\/\/www.yishengpack.com\/es\/wp-json\/wp\/v2\/box-type?post=3594"},{"taxonomy":"product_brand","embeddable":true,"href":"https:\/\/www.yishengpack.com\/es\/wp-json\/wp\/v2\/product_brand?post=3594"},{"taxonomy":"product_cat","embeddable":true,"href":"https:\/\/www.yishengpack.com\/es\/wp-json\/wp\/v2\/product_cat?post=3594"},{"taxonomy":"product_tag","embeddable":true,"href":"https:\/\/www.yishengpack.com\/es\/wp-json\/wp\/v2\/product_tag?post=3594"}],"curies":[{"name":"wp","href":"https:\/\/api.w.org\/{rel}","templated":true}]}}